{"id":6018,"date":"2019-09-02T11:46:51","date_gmt":"2019-09-02T11:46:51","guid":{"rendered":"https:\/\/dynaxo.pl\/start\/"},"modified":"2024-04-15T10:44:20","modified_gmt":"2024-04-15T10:44:20","slug":"start","status":"publish","type":"page","link":"https:\/\/dynaxo.pl\/de\/","title":{"rendered":"Start"},"content":{"rendered":"","protected":false},"excerpt":{"rendered":"","protected":false},"author":1,"featured_media":0,"parent":0,"menu_order":2,"comment_status":"closed","ping_status":"closed","template":"","meta":{"_acf_changed":false,"inline_featured_image":false,"_monsterinsights_skip_tracking":false,"_monsterinsights_sitenote_active":false,"_monsterinsights_sitenote_note":"","_monsterinsights_sitenote_category":0,"footnotes":"","_links_to":"","_links_to_target":""},"class_list":["post-6018","page","type-page","status-publish","hentry"],"acf":[],"yoast_head":"<!-- This site is optimized with the Yoast SEO plugin v27.2 - https:\/\/yoast.com\/product\/yoast-seo-wordpress\/ -->\n<title>Metallbearbeitung und CNC-Bearbeitung | Poznan% - Dynaxo %<\/title>\n<meta name=\"description\" content=\"Wir \u00fcbernehmen die Metallbearbeitung sowohl im Rahmen der Realisierung von Einzelteilen als auch bei der Realisierung von gr\u00f6\u00dferen Serien und Gro\u00dfauftr\u00e4gen.\" \/>\n<meta name=\"robots\" content=\"index, follow, max-snippet:-1, max-image-preview:large, max-video-preview:-1\" \/>\n<link rel=\"canonical\" href=\"https:\/\/dynaxo.pl\/de\/\" \/>\n<meta property=\"og:locale\" content=\"de_DE\" \/>\n<meta property=\"og:type\" content=\"article\" \/>\n<meta property=\"og:title\" content=\"Metallbearbeitung und CNC-Bearbeitung | Poznan% - Dynaxo %\" \/>\n<meta property=\"og:description\" content=\"Wir \u00fcbernehmen die Metallbearbeitung sowohl im Rahmen der Realisierung von Einzelteilen als auch bei der Realisierung von gr\u00f6\u00dferen Serien und Gro\u00dfauftr\u00e4gen.\" \/>\n<meta property=\"og:url\" content=\"https:\/\/dynaxo.pl\/de\/\" \/>\n<meta property=\"og:site_name\" content=\"Dynaxo\" \/>\n<meta property=\"article:modified_time\" content=\"2024-04-15T10:44:20+00:00\" \/>\n<script type=\"application\/ld+json\" class=\"yoast-schema-graph\">{\"@context\":\"https:\/\/schema.org\",\"@graph\":[{\"@type\":\"WebPage\",\"@id\":\"https:\/\/dynaxo.pl\/de\/\",\"url\":\"https:\/\/dynaxo.pl\/de\/\",\"name\":\"Metallbearbeitung und CNC-Bearbeitung | Poznan% - Dynaxo %\",\"isPartOf\":{\"@id\":\"https:\/\/dynaxo.pl\/de\/#website\"},\"datePublished\":\"2019-09-02T11:46:51+00:00\",\"dateModified\":\"2024-04-15T10:44:20+00:00\",\"description\":\"Wir \u00fcbernehmen die Metallbearbeitung sowohl im Rahmen der Realisierung von Einzelteilen als auch bei der Realisierung von gr\u00f6\u00dferen Serien und Gro\u00dfauftr\u00e4gen.\",\"breadcrumb\":{\"@id\":\"https:\/\/dynaxo.pl\/de\/#breadcrumb\"},\"inLanguage\":\"de\",\"potentialAction\":[{\"@type\":\"ReadAction\",\"target\":[\"https:\/\/dynaxo.pl\/de\/\"]}]},{\"@type\":\"BreadcrumbList\",\"@id\":\"https:\/\/dynaxo.pl\/de\/#breadcrumb\",\"itemListElement\":[{\"@type\":\"ListItem\",\"position\":1,\"name\":\"Start\",\"item\":\"https:\/\/dynaxo.pl\/de\/\"},{\"@type\":\"ListItem\",\"position\":2,\"name\":\"Start\"}]},{\"@type\":\"WebSite\",\"@id\":\"https:\/\/dynaxo.pl\/de\/#website\",\"url\":\"https:\/\/dynaxo.pl\/de\/\",\"name\":\"Dynaxo\",\"description\":\"przestrze\u0144 kompleksowych rozwi\u0105za\u0144\",\"potentialAction\":[{\"@type\":\"SearchAction\",\"target\":{\"@type\":\"EntryPoint\",\"urlTemplate\":\"https:\/\/dynaxo.pl\/de\/?s={search_term_string}\"},\"query-input\":{\"@type\":\"PropertyValueSpecification\",\"valueRequired\":true,\"valueName\":\"search_term_string\"}}],\"inLanguage\":\"de\"}]}<\/script>\n<!-- \/ Yoast SEO plugin. -->","yoast_head_json":{"title":"Metallbearbeitung und CNC-Bearbeitung | Poznan% - Dynaxo %","description":"Wir \u00fcbernehmen die Metallbearbeitung sowohl im Rahmen der Realisierung von Einzelteilen als auch bei der Realisierung von gr\u00f6\u00dferen Serien und Gro\u00dfauftr\u00e4gen.","robots":{"index":"index","follow":"follow","max-snippet":"max-snippet:-1","max-image-preview":"max-image-preview:large","max-video-preview":"max-video-preview:-1"},"canonical":"https:\/\/dynaxo.pl\/de\/","og_locale":"de_DE","og_type":"article","og_title":"Metallbearbeitung und CNC-Bearbeitung | Poznan% - Dynaxo %","og_description":"Wir \u00fcbernehmen die Metallbearbeitung sowohl im Rahmen der Realisierung von Einzelteilen als auch bei der Realisierung von gr\u00f6\u00dferen Serien und Gro\u00dfauftr\u00e4gen.","og_url":"https:\/\/dynaxo.pl\/de\/","og_site_name":"Dynaxo","article_modified_time":"2024-04-15T10:44:20+00:00","schema":{"@context":"https:\/\/schema.org","@graph":[{"@type":"WebPage","@id":"https:\/\/dynaxo.pl\/de\/","url":"https:\/\/dynaxo.pl\/de\/","name":"Metallbearbeitung und CNC-Bearbeitung | Poznan% - Dynaxo %","isPartOf":{"@id":"https:\/\/dynaxo.pl\/de\/#website"},"datePublished":"2019-09-02T11:46:51+00:00","dateModified":"2024-04-15T10:44:20+00:00","description":"Wir \u00fcbernehmen die Metallbearbeitung sowohl im Rahmen der Realisierung von Einzelteilen als auch bei der Realisierung von gr\u00f6\u00dferen Serien und Gro\u00dfauftr\u00e4gen.","breadcrumb":{"@id":"https:\/\/dynaxo.pl\/de\/#breadcrumb"},"inLanguage":"de","potentialAction":[{"@type":"ReadAction","target":["https:\/\/dynaxo.pl\/de\/"]}]},{"@type":"BreadcrumbList","@id":"https:\/\/dynaxo.pl\/de\/#breadcrumb","itemListElement":[{"@type":"ListItem","position":1,"name":"Start","item":"https:\/\/dynaxo.pl\/de\/"},{"@type":"ListItem","position":2,"name":"Start"}]},{"@type":"WebSite","@id":"https:\/\/dynaxo.pl\/de\/#website","url":"https:\/\/dynaxo.pl\/de\/","name":"Dynaxo","description":"przestrze\u0144 kompleksowych rozwi\u0105za\u0144","potentialAction":[{"@type":"SearchAction","target":{"@type":"EntryPoint","urlTemplate":"https:\/\/dynaxo.pl\/de\/?s={search_term_string}"},"query-input":{"@type":"PropertyValueSpecification","valueRequired":true,"valueName":"search_term_string"}}],"inLanguage":"de"}]}},"_links":{"self":[{"href":"https:\/\/dynaxo.pl\/de\/wp-json\/wp\/v2\/pages\/6018","targetHints":{"allow":["GET"]}}],"collection":[{"href":"https:\/\/dynaxo.pl\/de\/wp-json\/wp\/v2\/pages"}],"about":[{"href":"https:\/\/dynaxo.pl\/de\/wp-json\/wp\/v2\/types\/page"}],"author":[{"embeddable":true,"href":"https:\/\/dynaxo.pl\/de\/wp-json\/wp\/v2\/users\/1"}],"replies":[{"embeddable":true,"href":"https:\/\/dynaxo.pl\/de\/wp-json\/wp\/v2\/comments?post=6018"}],"version-history":[{"count":4,"href":"https:\/\/dynaxo.pl\/de\/wp-json\/wp\/v2\/pages\/6018\/revisions"}],"predecessor-version":[{"id":6343,"href":"https:\/\/dynaxo.pl\/de\/wp-json\/wp\/v2\/pages\/6018\/revisions\/6343"}],"wp:attachment":[{"href":"https:\/\/dynaxo.pl\/de\/wp-json\/wp\/v2\/media?parent=6018"}],"curies":[{"name":"wp","href":"https:\/\/api.w.org\/{rel}","templated":true}]}}