{"id":6037,"date":"2015-04-10T13:08:43","date_gmt":"2015-04-10T13:08:43","guid":{"rendered":"https:\/\/dynaxo.pl\/technologia\/"},"modified":"2024-04-08T10:27:31","modified_gmt":"2024-04-08T10:27:31","slug":"technologia","status":"publish","type":"page","link":"https:\/\/dynaxo.pl\/de\/technologia\/","title":{"rendered":"Technologie"},"content":{"rendered":"","protected":false},"excerpt":{"rendered":"","protected":false},"author":1,"featured_media":0,"parent":0,"menu_order":14,"comment_status":"closed","ping_status":"closed","template":"","meta":{"_acf_changed":false,"inline_featured_image":false,"_monsterinsights_skip_tracking":false,"_monsterinsights_sitenote_active":false,"_monsterinsights_sitenote_note":"","_monsterinsights_sitenote_category":0,"footnotes":"","_links_to":"","_links_to_target":""},"class_list":["post-6037","page","type-page","status-publish","hentry"],"acf":[],"yoast_head":"<!-- This site is optimized with the Yoast SEO plugin v27.2 - https:\/\/yoast.com\/product\/yoast-seo-wordpress\/ -->\n<title>Technologie - Dynaxo<\/title>\n<meta name=\"description\" content=\"NICHTS IST F\u00dcR UNS UNM\u00d6GLICH! Indem wir uns immer gr\u00f6\u00dfere Ziele gesetzt haben, haben wir die Kunst des industriellen Designs und der Produktion fast bis zur Perfektion gemeistert. Wir besch\u00e4ftigen uns ausgiebig mit der Metallverarbeitung - hier gibt es f\u00fcr uns keine Grenzen.\" \/>\n<meta name=\"robots\" content=\"index, follow, max-snippet:-1, max-image-preview:large, max-video-preview:-1\" \/>\n<link rel=\"canonical\" href=\"https:\/\/dynaxo.pl\/de\/technologia\/\" \/>\n<meta property=\"og:locale\" content=\"de_DE\" \/>\n<meta property=\"og:type\" content=\"article\" \/>\n<meta property=\"og:title\" content=\"Technologie - Dynaxo\" \/>\n<meta property=\"og:description\" content=\"NICHTS IST F\u00dcR UNS UNM\u00d6GLICH! Indem wir uns immer gr\u00f6\u00dfere Ziele gesetzt haben, haben wir die Kunst des industriellen Designs und der Produktion fast bis zur Perfektion gemeistert. Wir besch\u00e4ftigen uns ausgiebig mit der Metallverarbeitung - hier gibt es f\u00fcr uns keine Grenzen.\" \/>\n<meta property=\"og:url\" content=\"https:\/\/dynaxo.pl\/de\/technologia\/\" \/>\n<meta property=\"og:site_name\" content=\"Dynaxo\" \/>\n<meta property=\"article:modified_time\" content=\"2024-04-08T10:27:31+00:00\" \/>\n<script type=\"application\/ld+json\" class=\"yoast-schema-graph\">{\"@context\":\"https:\/\/schema.org\",\"@graph\":[{\"@type\":\"WebPage\",\"@id\":\"https:\/\/dynaxo.pl\/de\/technologia\/\",\"url\":\"https:\/\/dynaxo.pl\/de\/technologia\/\",\"name\":\"Technologie - Dynaxo\",\"isPartOf\":{\"@id\":\"https:\/\/dynaxo.pl\/de\/#website\"},\"datePublished\":\"2015-04-10T13:08:43+00:00\",\"dateModified\":\"2024-04-08T10:27:31+00:00\",\"description\":\"NICHTS IST F\u00dcR UNS UNM\u00d6GLICH! Indem wir uns immer gr\u00f6\u00dfere Ziele gesetzt haben, haben wir die Kunst des industriellen Designs und der Produktion fast bis zur Perfektion gemeistert. Wir besch\u00e4ftigen uns ausgiebig mit der Metallverarbeitung - hier gibt es f\u00fcr uns keine Grenzen.\",\"breadcrumb\":{\"@id\":\"https:\/\/dynaxo.pl\/de\/technologia\/#breadcrumb\"},\"inLanguage\":\"de\",\"potentialAction\":[{\"@type\":\"ReadAction\",\"target\":[\"https:\/\/dynaxo.pl\/de\/technologia\/\"]}]},{\"@type\":\"BreadcrumbList\",\"@id\":\"https:\/\/dynaxo.pl\/de\/technologia\/#breadcrumb\",\"itemListElement\":[{\"@type\":\"ListItem\",\"position\":1,\"name\":\"Start\",\"item\":\"https:\/\/dynaxo.pl\/de\/\"},{\"@type\":\"ListItem\",\"position\":2,\"name\":\"Technologie\"}]},{\"@type\":\"WebSite\",\"@id\":\"https:\/\/dynaxo.pl\/de\/#website\",\"url\":\"https:\/\/dynaxo.pl\/de\/\",\"name\":\"Dynaxo\",\"description\":\"przestrze\u0144 kompleksowych rozwi\u0105za\u0144\",\"potentialAction\":[{\"@type\":\"SearchAction\",\"target\":{\"@type\":\"EntryPoint\",\"urlTemplate\":\"https:\/\/dynaxo.pl\/de\/?s={search_term_string}\"},\"query-input\":{\"@type\":\"PropertyValueSpecification\",\"valueRequired\":true,\"valueName\":\"search_term_string\"}}],\"inLanguage\":\"de\"}]}<\/script>\n<!-- \/ Yoast SEO plugin. -->","yoast_head_json":{"title":"Technologie - Dynaxo","description":"NICHTS IST F\u00dcR UNS UNM\u00d6GLICH! Indem wir uns immer gr\u00f6\u00dfere Ziele gesetzt haben, haben wir die Kunst des industriellen Designs und der Produktion fast bis zur Perfektion gemeistert. Wir besch\u00e4ftigen uns ausgiebig mit der Metallverarbeitung - hier gibt es f\u00fcr uns keine Grenzen.","robots":{"index":"index","follow":"follow","max-snippet":"max-snippet:-1","max-image-preview":"max-image-preview:large","max-video-preview":"max-video-preview:-1"},"canonical":"https:\/\/dynaxo.pl\/de\/technologia\/","og_locale":"de_DE","og_type":"article","og_title":"Technologie - Dynaxo","og_description":"NICHTS IST F\u00dcR UNS UNM\u00d6GLICH! Indem wir uns immer gr\u00f6\u00dfere Ziele gesetzt haben, haben wir die Kunst des industriellen Designs und der Produktion fast bis zur Perfektion gemeistert. Wir besch\u00e4ftigen uns ausgiebig mit der Metallverarbeitung - hier gibt es f\u00fcr uns keine Grenzen.","og_url":"https:\/\/dynaxo.pl\/de\/technologia\/","og_site_name":"Dynaxo","article_modified_time":"2024-04-08T10:27:31+00:00","schema":{"@context":"https:\/\/schema.org","@graph":[{"@type":"WebPage","@id":"https:\/\/dynaxo.pl\/de\/technologia\/","url":"https:\/\/dynaxo.pl\/de\/technologia\/","name":"Technologie - Dynaxo","isPartOf":{"@id":"https:\/\/dynaxo.pl\/de\/#website"},"datePublished":"2015-04-10T13:08:43+00:00","dateModified":"2024-04-08T10:27:31+00:00","description":"NICHTS IST F\u00dcR UNS UNM\u00d6GLICH! Indem wir uns immer gr\u00f6\u00dfere Ziele gesetzt haben, haben wir die Kunst des industriellen Designs und der Produktion fast bis zur Perfektion gemeistert. Wir besch\u00e4ftigen uns ausgiebig mit der Metallverarbeitung - hier gibt es f\u00fcr uns keine Grenzen.","breadcrumb":{"@id":"https:\/\/dynaxo.pl\/de\/technologia\/#breadcrumb"},"inLanguage":"de","potentialAction":[{"@type":"ReadAction","target":["https:\/\/dynaxo.pl\/de\/technologia\/"]}]},{"@type":"BreadcrumbList","@id":"https:\/\/dynaxo.pl\/de\/technologia\/#breadcrumb","itemListElement":[{"@type":"ListItem","position":1,"name":"Start","item":"https:\/\/dynaxo.pl\/de\/"},{"@type":"ListItem","position":2,"name":"Technologie"}]},{"@type":"WebSite","@id":"https:\/\/dynaxo.pl\/de\/#website","url":"https:\/\/dynaxo.pl\/de\/","name":"Dynaxo","description":"przestrze\u0144 kompleksowych rozwi\u0105za\u0144","potentialAction":[{"@type":"SearchAction","target":{"@type":"EntryPoint","urlTemplate":"https:\/\/dynaxo.pl\/de\/?s={search_term_string}"},"query-input":{"@type":"PropertyValueSpecification","valueRequired":true,"valueName":"search_term_string"}}],"inLanguage":"de"}]}},"_links":{"self":[{"href":"https:\/\/dynaxo.pl\/de\/wp-json\/wp\/v2\/pages\/6037","targetHints":{"allow":["GET"]}}],"collection":[{"href":"https:\/\/dynaxo.pl\/de\/wp-json\/wp\/v2\/pages"}],"about":[{"href":"https:\/\/dynaxo.pl\/de\/wp-json\/wp\/v2\/types\/page"}],"author":[{"embeddable":true,"href":"https:\/\/dynaxo.pl\/de\/wp-json\/wp\/v2\/users\/1"}],"replies":[{"embeddable":true,"href":"https:\/\/dynaxo.pl\/de\/wp-json\/wp\/v2\/comments?post=6037"}],"version-history":[{"count":2,"href":"https:\/\/dynaxo.pl\/de\/wp-json\/wp\/v2\/pages\/6037\/revisions"}],"predecessor-version":[{"id":6158,"href":"https:\/\/dynaxo.pl\/de\/wp-json\/wp\/v2\/pages\/6037\/revisions\/6158"}],"wp:attachment":[{"href":"https:\/\/dynaxo.pl\/de\/wp-json\/wp\/v2\/media?parent=6037"}],"curies":[{"name":"wp","href":"https:\/\/api.w.org\/{rel}","templated":true}]}}