{"id":6039,"date":"2019-10-24T10:40:34","date_gmt":"2019-10-24T10:40:34","guid":{"rendered":"https:\/\/dynaxo.pl\/technologia\/ciecie-laserem\/"},"modified":"2024-04-15T10:46:28","modified_gmt":"2024-04-15T10:46:28","slug":"ciecie-laserem","status":"publish","type":"page","link":"https:\/\/dynaxo.pl\/de\/technologia\/ciecie-laserem\/","title":{"rendered":"Laserschneiden"},"content":{"rendered":"\n<p>Das umfangreiche Angebot von DYNAXO umfasst professionelle Laserschneiddienste f\u00fcr Stahl-, verzinkte, Aluminium- und Edelstahlbleche. Die spezielle Konstruktion unserer Fr\u00e4ser gew\u00e4hrleistet h\u00f6chste Schnittpr\u00e4zision. Wir verf\u00fcgen \u00fcber Schneidemaschinen, die nach den modernsten Technologien arbeiten, um nach dem Schneiden eine hohe Kantenqualit\u00e4t zu erzielen. Wir reagieren auf die Bed\u00fcrfnisse unserer Kunden und setzen neue Technologien und innovative L\u00f6sungen ein, um Prozesse zu optimieren und unsere Effizienz zu steigern.<\/p>\n\n\n\n<ol class=\"wp-block-list\">\n<li>LVD Lynx 3015 Laserschneidmaschine<\/li>\n<\/ol>\n\n\n\n<ul class=\"wp-block-list\">\n<li><a><\/a>  3kW Faserlaser<\/li>\n\n\n\n<li>Schnittst\u00e4rke: Baustahl und verzinkter Stahl 12 mm; Edelstahl 8 mm, Aluminium 6 mm<\/li>\n\n\n\n<li>maximale Blattgr\u00f6\u00dfe 1500 x 3000 mm<\/li>\n<\/ul>\n\n\n\n<ol class=\"wp-block-list\" start=\"2\">\n<li>SALVAGNINI L5-30 + ADLL30 mit automatischem Ladesystem<\/li>\n<\/ol>\n\n\n\n<ul class=\"wp-block-list\">\n<li>3kW Faserlaser<\/li>\n\n\n\n<li>Schnittst\u00e4rke: Baustahl und verzinkter Stahl 20 mm; Edelstahl 12 mm, Aluminium 10 mm<\/li>\n\n\n\n<li>maximale Blattgr\u00f6\u00dfe 1500 x 3000 mm<\/li>\n<\/ul>\n\n\n\n<figure class=\"wp-block-video\"><video height=\"1080\" style=\"aspect-ratio: 1920 \/ 1080;\" width=\"1920\" autoplay loop muted src=\"https:\/\/dynaxo.pl\/wp-content\/uploads\/2024\/04\/dynaxo_short_1-de_1.mp4\" playsinline><\/video><\/figure>\n\n\n\n<h2 class=\"wp-block-heading has-medium-font-size\"><strong>LASERSCHNEIDEN &#8211; LASERSCHNEIDEN<\/strong><\/h2>\n\n\n\n<p>Wir k\u00f6nnen selbstbewusst sagen, dass wir in der Kunststoffverarbeitung aller Arten von Details un\u00fcbertroffen sind. Wir verf\u00fcgen \u00fcber eine hochmoderne 4000 W LVD Siruis Laserschneidanlage. Wir schneiden Materialien mit Abmessungen von 1500\u00d73000 mm und Dicken von bis zu 20 Millimetern f\u00fcr Stahlbleche, 15 f\u00fcr Edelstahl und 10 f\u00fcr Aluminium.<\/p>\n\n\n\n<p>Diese Maschine garantiert h\u00f6chste Pr\u00e4zision, eine hohe Arbeitsgeschwindigkeit und Wiederholbarkeit der gefertigten Teile, was sich in kurzen Durchlaufzeiten selbst f\u00fcr die komplexesten Auftr\u00e4ge niederschl\u00e4gt. Durch die Kombination dieses Verfahrens mit dem Biegen von Blechen auf Abkantpressen erreichen wir eine au\u00dferordentliche Produktivit\u00e4t bei sehr hoher Produktqualit\u00e4t.<\/p>\n\n\n\n<p>Die Funktionsweise unserer Schneidemaschine basiert auf dem sogenannten &#8222;Fliegende Optik&#8220;, die den Laserstrahl automatisch fokussiert und ihn an die jeweilige Technologie, die Stanzparameter, das Schneidgas und das Material anpasst. Mit diesem Ger\u00e4t ist das Laserschneiden \u00e4u\u00dferst pr\u00e4zise und erm\u00f6glicht die Herstellung von Teilen mit komplexen Formen. Die ausgezeichneten Eigenschaften bleiben in der gesamten Platte erhalten, auch im Verh\u00e4ltnis zu gro\u00dffl\u00e4chigen Oberfl\u00e4chen.<\/p>\n\n\n\n<h2 class=\"wp-block-heading has-medium-font-size\"><strong>LASERSCHNEIDEN VON BLECHEN UND LASERSCHNEIDEN<\/strong><\/h2>\n\n\n\n<p>Ein gro\u00dfer Vorteil des Laserschneidens ist die M\u00f6glichkeit, eine glatte Oberfl\u00e4che zu erhalten, die frei von Verunreinigungen ist.<\/p>\n\n\n\n<p>Dynaxo bietet die Bearbeitung selbst kleinster Bauteile aus Stahl, verzinktem Stahl, Edelstahl oder Aluminium an. Wir verarbeiten Bleche bis zu einer Gr\u00f6\u00dfe von 1500\u00d73000 Millimetern, was uns ein \u00e4u\u00dferst flexibles und wettbewerbsf\u00e4higes Angebot erm\u00f6glicht.<\/p>\n\n\n\n<p>Bei Dynaxo ist das Laserschneiden die perfekte Kombination aus modernster Technologie und intelligenter Benutzerfreundlichkeit. Wir bieten unseren Kunden professionelle technische Beratung, Zuverl\u00e4ssigkeit und Genauigkeit bei der Ausf\u00fchrung von Auftr\u00e4gen, Arbeit mit Materialien, die vom Kunden oder aus unserem Lager stammen, und P\u00fcnktlichkeit, was zweifellos eines der wichtigsten Elemente der Zusammenarbeit ist. Auch in den Bereichen Stanzen, Biegen oder Blechpr\u00e4gen garantieren wir attraktive Preise und einen professionellen Service.<\/p>\n\n\n\n<h2 class=\"wp-block-heading has-medium-font-size\"><strong>WO WIRD DAS LASERSCHNEIDEN EINGESETZT?<\/strong><\/h2>\n\n\n\n<p>Als eines der modernsten und pr\u00e4zisesten Verfahren zur Bearbeitung metallischer Werkstoffe ist das Laserschneiden eine Technologie, die in verschiedenen Branchen auf der ganzen Welt weit verbreitet ist. Die Vorteile des Laserschneidens werden sowohl in der Schwerindustrie als auch im Automobilsektor genutzt.<\/p>\n\n\n\n<p>Das Laserschneiden von Blechen zeichnet sich durch \u00e4hnliche Ma\u00dfparameter wie die klassische mechanische Bearbeitung aus, mit dem Unterschied, dass das Schneidmittel der Laserstrahl ist. Dadurch wird der Schnitt sauber und perfekt, erfordert keine zus\u00e4tzliche Bearbeitung und erm\u00f6glicht auch sehr ausgefallene Formen und Gestaltungen.<\/p>\n\n\n\n<h2 class=\"wp-block-heading has-medium-font-size\"><strong>POZNA\u0143: LASERSCHNEIDEN UND LASERSCHNEIDEN<\/strong><\/h2>\n\n\n\n<p>Kunden aus der Stadt Pozna\u0144, die an Dienstleistungen im Bereich des Laserschneidens von Blechen interessiert sind, sind eingeladen, sich unser Angebot n\u00e4her anzusehen. Wenn Sie Fragen oder Bedenken haben, stehen wir Ihnen jederzeit zur Verf\u00fcgung. Ein moderner Maschinenpark, ein gro\u00dfer Erfahrungsschatz und ein kompetentes Team von Mitarbeitern erm\u00f6glichen es uns, auch die gewagtesten Projekte zu realisieren. Wir f\u00fchren Laserblechschneiden und Laserschneiden f\u00fcr Privat- und Gesch\u00e4ftskunden durch.<\/p>\n","protected":false},"excerpt":{"rendered":"<p>Das umfangreiche Angebot von DYNAXO umfasst professionelle Laserschneiddienste f\u00fcr Stahl-, verzinkte, Aluminium- und Edelstahlbleche. Die spezielle Konstruktion unserer Fr\u00e4ser gew\u00e4hrleistet h\u00f6chste Schnittpr\u00e4zision. Wir verf\u00fcgen \u00fcber Schneidemaschinen, die nach den modernsten Technologien arbeiten, um nach dem Schneiden eine hohe Kantenqualit\u00e4t zu erzielen. Wir reagieren auf die Bed\u00fcrfnisse unserer Kunden und setzen neue Technologien und innovative L\u00f6sungen ein, um Prozesse zu optimieren und unsere Effizienz zu steigern.<\/p>\n","protected":false},"author":1,"featured_media":5354,"parent":6037,"menu_order":19,"comment_status":"closed","ping_status":"closed","template":"","meta":{"_acf_changed":false,"inline_featured_image":false,"_monsterinsights_skip_tracking":false,"_monsterinsights_sitenote_active":false,"_monsterinsights_sitenote_note":"","_monsterinsights_sitenote_category":0,"footnotes":"","_links_to":"","_links_to_target":""},"class_list":["post-6039","page","type-page","status-publish","has-post-thumbnail","hentry"],"acf":[],"yoast_head":"<!-- This site is optimized with the Yoast SEO plugin v27.2 - https:\/\/yoast.com\/product\/yoast-seo-wordpress\/ -->\n<title>Schneiden von Blechen mit Laser, Laserschneiden Pozna\u0144 | Dynaxo %<\/title>\n<meta name=\"description\" content=\"Kunden aus der Stadt Pozna\u0144, die an Dienstleistungen im Zusammenhang mit dem Laserschneiden von Blechen und dem Laserschneiden interessiert sind, sind herzlich eingeladen.\" \/>\n<meta name=\"robots\" content=\"index, follow, max-snippet:-1, max-image-preview:large, max-video-preview:-1\" \/>\n<link rel=\"canonical\" href=\"https:\/\/dynaxo.pl\/de\/technologia\/ciecie-laserem\/\" \/>\n<meta property=\"og:locale\" content=\"de_DE\" \/>\n<meta property=\"og:type\" content=\"article\" \/>\n<meta property=\"og:title\" content=\"Schneiden von Blechen mit Laser, Laserschneiden Pozna\u0144 | Dynaxo %\" \/>\n<meta property=\"og:description\" content=\"Kunden aus der Stadt Pozna\u0144, die an Dienstleistungen im Zusammenhang mit dem Laserschneiden von Blechen und dem Laserschneiden interessiert sind, sind herzlich eingeladen.\" \/>\n<meta property=\"og:url\" content=\"https:\/\/dynaxo.pl\/de\/technologia\/ciecie-laserem\/\" \/>\n<meta property=\"og:site_name\" content=\"Dynaxo\" \/>\n<meta property=\"article:modified_time\" content=\"2024-04-15T10:46:28+00:00\" \/>\n<meta property=\"og:image\" content=\"https:\/\/dynaxo.pl\/wp-content\/uploads\/2024\/01\/laser.jpg\" \/>\n\t<meta property=\"og:image:width\" content=\"2560\" \/>\n\t<meta property=\"og:image:height\" content=\"1920\" \/>\n\t<meta property=\"og:image:type\" content=\"image\/jpeg\" \/>\n<meta name=\"twitter:label1\" content=\"Gesch\u00e4tzte Lesezeit\" \/>\n\t<meta name=\"twitter:data1\" content=\"4\u00a0Minuten\" \/>\n<script type=\"application\/ld+json\" class=\"yoast-schema-graph\">{\"@context\":\"https:\/\/schema.org\",\"@graph\":[{\"@type\":\"WebPage\",\"@id\":\"https:\/\/dynaxo.pl\/de\/technologia\/ciecie-laserem\/\",\"url\":\"https:\/\/dynaxo.pl\/de\/technologia\/ciecie-laserem\/\",\"name\":\"Schneiden von Blechen mit Laser, Laserschneiden Pozna\u0144 | Dynaxo %\",\"isPartOf\":{\"@id\":\"https:\/\/dynaxo.pl\/de\/#website\"},\"primaryImageOfPage\":{\"@id\":\"https:\/\/dynaxo.pl\/de\/technologia\/ciecie-laserem\/#primaryimage\"},\"image\":{\"@id\":\"https:\/\/dynaxo.pl\/de\/technologia\/ciecie-laserem\/#primaryimage\"},\"thumbnailUrl\":\"https:\/\/dynaxo.pl\/wp-content\/uploads\/2024\/01\/laser.jpg\",\"datePublished\":\"2019-10-24T10:40:34+00:00\",\"dateModified\":\"2024-04-15T10:46:28+00:00\",\"description\":\"Kunden aus der Stadt Pozna\u0144, die an Dienstleistungen im Zusammenhang mit dem Laserschneiden von Blechen und dem Laserschneiden interessiert sind, sind herzlich eingeladen.\",\"breadcrumb\":{\"@id\":\"https:\/\/dynaxo.pl\/de\/technologia\/ciecie-laserem\/#breadcrumb\"},\"inLanguage\":\"de\",\"potentialAction\":[{\"@type\":\"ReadAction\",\"target\":[\"https:\/\/dynaxo.pl\/de\/technologia\/ciecie-laserem\/\"]}]},{\"@type\":\"ImageObject\",\"inLanguage\":\"de\",\"@id\":\"https:\/\/dynaxo.pl\/de\/technologia\/ciecie-laserem\/#primaryimage\",\"url\":\"https:\/\/dynaxo.pl\/wp-content\/uploads\/2024\/01\/laser.jpg\",\"contentUrl\":\"https:\/\/dynaxo.pl\/wp-content\/uploads\/2024\/01\/laser.jpg\",\"width\":2560,\"height\":1920},{\"@type\":\"BreadcrumbList\",\"@id\":\"https:\/\/dynaxo.pl\/de\/technologia\/ciecie-laserem\/#breadcrumb\",\"itemListElement\":[{\"@type\":\"ListItem\",\"position\":1,\"name\":\"Start\",\"item\":\"https:\/\/dynaxo.pl\/de\/\"},{\"@type\":\"ListItem\",\"position\":2,\"name\":\"Technologie\",\"item\":\"https:\/\/dynaxo.pl\/de\/technologia\/\"},{\"@type\":\"ListItem\",\"position\":3,\"name\":\"Laserschneiden\"}]},{\"@type\":\"WebSite\",\"@id\":\"https:\/\/dynaxo.pl\/de\/#website\",\"url\":\"https:\/\/dynaxo.pl\/de\/\",\"name\":\"Dynaxo\",\"description\":\"przestrze\u0144 kompleksowych rozwi\u0105za\u0144\",\"potentialAction\":[{\"@type\":\"SearchAction\",\"target\":{\"@type\":\"EntryPoint\",\"urlTemplate\":\"https:\/\/dynaxo.pl\/de\/?s={search_term_string}\"},\"query-input\":{\"@type\":\"PropertyValueSpecification\",\"valueRequired\":true,\"valueName\":\"search_term_string\"}}],\"inLanguage\":\"de\"}]}<\/script>\n<!-- \/ Yoast SEO plugin. -->","yoast_head_json":{"title":"Schneiden von Blechen mit Laser, Laserschneiden Pozna\u0144 | Dynaxo %","description":"Kunden aus der Stadt Pozna\u0144, die an Dienstleistungen im Zusammenhang mit dem Laserschneiden von Blechen und dem Laserschneiden interessiert sind, sind herzlich eingeladen.","robots":{"index":"index","follow":"follow","max-snippet":"max-snippet:-1","max-image-preview":"max-image-preview:large","max-video-preview":"max-video-preview:-1"},"canonical":"https:\/\/dynaxo.pl\/de\/technologia\/ciecie-laserem\/","og_locale":"de_DE","og_type":"article","og_title":"Schneiden von Blechen mit Laser, Laserschneiden Pozna\u0144 | Dynaxo %","og_description":"Kunden aus der Stadt Pozna\u0144, die an Dienstleistungen im Zusammenhang mit dem Laserschneiden von Blechen und dem Laserschneiden interessiert sind, sind herzlich eingeladen.","og_url":"https:\/\/dynaxo.pl\/de\/technologia\/ciecie-laserem\/","og_site_name":"Dynaxo","article_modified_time":"2024-04-15T10:46:28+00:00","og_image":[{"width":2560,"height":1920,"url":"https:\/\/dynaxo.pl\/wp-content\/uploads\/2024\/01\/laser.jpg","type":"image\/jpeg"}],"twitter_misc":{"Gesch\u00e4tzte Lesezeit":"4\u00a0Minuten"},"schema":{"@context":"https:\/\/schema.org","@graph":[{"@type":"WebPage","@id":"https:\/\/dynaxo.pl\/de\/technologia\/ciecie-laserem\/","url":"https:\/\/dynaxo.pl\/de\/technologia\/ciecie-laserem\/","name":"Schneiden von Blechen mit Laser, Laserschneiden Pozna\u0144 | Dynaxo %","isPartOf":{"@id":"https:\/\/dynaxo.pl\/de\/#website"},"primaryImageOfPage":{"@id":"https:\/\/dynaxo.pl\/de\/technologia\/ciecie-laserem\/#primaryimage"},"image":{"@id":"https:\/\/dynaxo.pl\/de\/technologia\/ciecie-laserem\/#primaryimage"},"thumbnailUrl":"https:\/\/dynaxo.pl\/wp-content\/uploads\/2024\/01\/laser.jpg","datePublished":"2019-10-24T10:40:34+00:00","dateModified":"2024-04-15T10:46:28+00:00","description":"Kunden aus der Stadt Pozna\u0144, die an Dienstleistungen im Zusammenhang mit dem Laserschneiden von Blechen und dem Laserschneiden interessiert sind, sind herzlich eingeladen.","breadcrumb":{"@id":"https:\/\/dynaxo.pl\/de\/technologia\/ciecie-laserem\/#breadcrumb"},"inLanguage":"de","potentialAction":[{"@type":"ReadAction","target":["https:\/\/dynaxo.pl\/de\/technologia\/ciecie-laserem\/"]}]},{"@type":"ImageObject","inLanguage":"de","@id":"https:\/\/dynaxo.pl\/de\/technologia\/ciecie-laserem\/#primaryimage","url":"https:\/\/dynaxo.pl\/wp-content\/uploads\/2024\/01\/laser.jpg","contentUrl":"https:\/\/dynaxo.pl\/wp-content\/uploads\/2024\/01\/laser.jpg","width":2560,"height":1920},{"@type":"BreadcrumbList","@id":"https:\/\/dynaxo.pl\/de\/technologia\/ciecie-laserem\/#breadcrumb","itemListElement":[{"@type":"ListItem","position":1,"name":"Start","item":"https:\/\/dynaxo.pl\/de\/"},{"@type":"ListItem","position":2,"name":"Technologie","item":"https:\/\/dynaxo.pl\/de\/technologia\/"},{"@type":"ListItem","position":3,"name":"Laserschneiden"}]},{"@type":"WebSite","@id":"https:\/\/dynaxo.pl\/de\/#website","url":"https:\/\/dynaxo.pl\/de\/","name":"Dynaxo","description":"przestrze\u0144 kompleksowych rozwi\u0105za\u0144","potentialAction":[{"@type":"SearchAction","target":{"@type":"EntryPoint","urlTemplate":"https:\/\/dynaxo.pl\/de\/?s={search_term_string}"},"query-input":{"@type":"PropertyValueSpecification","valueRequired":true,"valueName":"search_term_string"}}],"inLanguage":"de"}]}},"_links":{"self":[{"href":"https:\/\/dynaxo.pl\/de\/wp-json\/wp\/v2\/pages\/6039","targetHints":{"allow":["GET"]}}],"collection":[{"href":"https:\/\/dynaxo.pl\/de\/wp-json\/wp\/v2\/pages"}],"about":[{"href":"https:\/\/dynaxo.pl\/de\/wp-json\/wp\/v2\/types\/page"}],"author":[{"embeddable":true,"href":"https:\/\/dynaxo.pl\/de\/wp-json\/wp\/v2\/users\/1"}],"replies":[{"embeddable":true,"href":"https:\/\/dynaxo.pl\/de\/wp-json\/wp\/v2\/comments?post=6039"}],"version-history":[{"count":8,"href":"https:\/\/dynaxo.pl\/de\/wp-json\/wp\/v2\/pages\/6039\/revisions"}],"predecessor-version":[{"id":6347,"href":"https:\/\/dynaxo.pl\/de\/wp-json\/wp\/v2\/pages\/6039\/revisions\/6347"}],"up":[{"embeddable":true,"href":"https:\/\/dynaxo.pl\/de\/wp-json\/wp\/v2\/pages\/6037"}],"wp:featuredmedia":[{"embeddable":true,"href":"https:\/\/dynaxo.pl\/de\/wp-json\/wp\/v2\/media\/5354"}],"wp:attachment":[{"href":"https:\/\/dynaxo.pl\/de\/wp-json\/wp\/v2\/media?parent=6039"}],"curies":[{"name":"wp","href":"https:\/\/api.w.org\/{rel}","templated":true}]}}