{"id":6044,"date":"2019-10-24T10:39:42","date_gmt":"2019-10-24T10:39:42","guid":{"rendered":"https:\/\/dynaxo.pl\/technologia\/wykrawanie-blach\/"},"modified":"2024-04-09T12:30:32","modified_gmt":"2024-04-09T12:30:32","slug":"wykrawanie-blach","status":"publish","type":"page","link":"https:\/\/dynaxo.pl\/de\/technologia\/wykrawanie-blach\/","title":{"rendered":"Stanzen auf Revolverpressen"},"content":{"rendered":"\n<p>Unser Unternehmen bietet auch Dienstleistungen im Bereich des Blechstanzens mit modernen Revolverpressen an. Die Technologie der automatischen Drehwerkzeugstationen gew\u00e4hrleistet eine hohe Produktivit\u00e4t und bietet gro\u00dfe Flexibilit\u00e4t und die M\u00f6glichkeit, Stanz-, Umform- und Gewindeschneidprozesse zu kombinieren.<\/p>\n\n<p>Unsere technische Abteilung kann Sie bei der Wahl der optimalen L\u00f6sung, Laserschneiden oder Stanzen, je nach Komplexit\u00e4t und Form des Werkst\u00fccks sowie der Gr\u00f6\u00dfe der Serie unterst\u00fctzen.<\/p>\n\n<ol class=\"wp-block-list\">\n<li>LVD Verona 1225 Stanzmaschine<\/li>\n<\/ol>\n\n<ul class=\"wp-block-list\">\n<li>CNC-gesteuert<\/li>\n\n\n\n<li><a><\/a>  maximale Stanzdicke 6 mm<\/li>\n\n\n\n<li>maximale Blattgr\u00f6\u00dfe 1250 x 2500 mm<\/li>\n<\/ul>\n\n<ol class=\"wp-block-list\" start=\"2\">\n<li>PRIMA POWER Punch Genius PG1225 Stanzmaschine<\/li>\n<\/ol>\n\n<ul class=\"wp-block-list\">\n<li>CNC-gesteuerter, servoelektrischer St\u00f6\u00dfelantrieb mit 300kN Schubkraft<\/li>\n\n\n\n<li>maximale Stanzdicke 8 mm<\/li>\n\n\n\n<li>maximale Blattgr\u00f6\u00dfe 1250 x 2500 mm<\/li>\n<\/ul>\n","protected":false},"excerpt":{"rendered":"<p>Unser Unternehmen bietet auch Dienstleistungen im Bereich des Blechstanzens mit modernen Revolverpressen an. Die Technologie der automatischen Drehwerkzeugstationen gew\u00e4hrleistet eine hohe Produktivit\u00e4t und bietet gro\u00dfe Flexibilit\u00e4t und die M\u00f6glichkeit, Stanz-, Umform- und Gewindeschneidprozesse zu kombinieren.<\/p>\n","protected":false},"author":1,"featured_media":5514,"parent":6037,"menu_order":32,"comment_status":"closed","ping_status":"closed","template":"","meta":{"_acf_changed":false,"inline_featured_image":false,"_monsterinsights_skip_tracking":false,"_monsterinsights_sitenote_active":false,"_monsterinsights_sitenote_note":"","_monsterinsights_sitenote_category":0,"footnotes":"","_links_to":"","_links_to_target":""},"class_list":["post-6044","page","type-page","status-publish","has-post-thumbnail","hentry"],"acf":[],"yoast_head":"<!-- This site is optimized with the Yoast SEO plugin v27.2 - https:\/\/yoast.com\/product\/yoast-seo-wordpress\/ -->\n<title>Stanzen auf Revolverpressen - Dynaxo<\/title>\n<meta name=\"description\" content=\"Unser Maschinenpark umfasst auch professionelles Stanzen und Pressen von Blechen auf Exzenterpressen mit einem Druck von 16 bis 160 Tonnen. Sie erm\u00f6glichen es uns, auch sehr komplexe Operationen an kleinen Details sowie an gr\u00f6\u00dferen Bauteilen durchzuf\u00fchren. Au\u00dferdem verf\u00fcgen wir \u00fcber eine Tafelschere, die bis zu 3 m lange und bis zu 3 mm dicke Bleche stanzen kann.\" \/>\n<meta name=\"robots\" content=\"index, follow, max-snippet:-1, max-image-preview:large, max-video-preview:-1\" \/>\n<link rel=\"canonical\" href=\"https:\/\/dynaxo.pl\/de\/technologia\/wykrawanie-blach\/\" \/>\n<meta property=\"og:locale\" content=\"de_DE\" \/>\n<meta property=\"og:type\" content=\"article\" \/>\n<meta property=\"og:title\" content=\"Stanzen auf Revolverpressen - Dynaxo\" \/>\n<meta property=\"og:description\" content=\"Unser Maschinenpark umfasst auch professionelles Stanzen und Pressen von Blechen auf Exzenterpressen mit einem Druck von 16 bis 160 Tonnen. Sie erm\u00f6glichen es uns, auch sehr komplexe Operationen an kleinen Details sowie an gr\u00f6\u00dferen Bauteilen durchzuf\u00fchren. Au\u00dferdem verf\u00fcgen wir \u00fcber eine Tafelschere, die bis zu 3 m lange und bis zu 3 mm dicke Bleche stanzen kann.\" \/>\n<meta property=\"og:url\" content=\"https:\/\/dynaxo.pl\/de\/technologia\/wykrawanie-blach\/\" \/>\n<meta property=\"og:site_name\" content=\"Dynaxo\" \/>\n<meta property=\"article:modified_time\" content=\"2024-04-09T12:30:32+00:00\" \/>\n<meta property=\"og:image\" content=\"https:\/\/dynaxo.pl\/wp-content\/uploads\/2024\/01\/wykrawanie-na-prasach-scaled.jpg\" \/>\n\t<meta property=\"og:image:width\" content=\"2560\" \/>\n\t<meta property=\"og:image:height\" content=\"1920\" \/>\n\t<meta property=\"og:image:type\" content=\"image\/jpeg\" \/>\n<meta name=\"twitter:label1\" content=\"Gesch\u00e4tzte Lesezeit\" \/>\n\t<meta name=\"twitter:data1\" content=\"1\u00a0Minute\" \/>\n<script type=\"application\/ld+json\" class=\"yoast-schema-graph\">{\"@context\":\"https:\/\/schema.org\",\"@graph\":[{\"@type\":\"WebPage\",\"@id\":\"https:\/\/dynaxo.pl\/de\/technologia\/wykrawanie-blach\/\",\"url\":\"https:\/\/dynaxo.pl\/de\/technologia\/wykrawanie-blach\/\",\"name\":\"Stanzen auf Revolverpressen - Dynaxo\",\"isPartOf\":{\"@id\":\"https:\/\/dynaxo.pl\/de\/#website\"},\"primaryImageOfPage\":{\"@id\":\"https:\/\/dynaxo.pl\/de\/technologia\/wykrawanie-blach\/#primaryimage\"},\"image\":{\"@id\":\"https:\/\/dynaxo.pl\/de\/technologia\/wykrawanie-blach\/#primaryimage\"},\"thumbnailUrl\":\"https:\/\/dynaxo.pl\/wp-content\/uploads\/2024\/01\/wykrawanie-na-prasach-scaled.jpg\",\"datePublished\":\"2019-10-24T10:39:42+00:00\",\"dateModified\":\"2024-04-09T12:30:32+00:00\",\"description\":\"Unser Maschinenpark umfasst auch professionelles Stanzen und Pressen von Blechen auf Exzenterpressen mit einem Druck von 16 bis 160 Tonnen. Sie erm\u00f6glichen es uns, auch sehr komplexe Operationen an kleinen Details sowie an gr\u00f6\u00dferen Bauteilen durchzuf\u00fchren. Au\u00dferdem verf\u00fcgen wir \u00fcber eine Tafelschere, die bis zu 3 m lange und bis zu 3 mm dicke Bleche stanzen kann.\",\"breadcrumb\":{\"@id\":\"https:\/\/dynaxo.pl\/de\/technologia\/wykrawanie-blach\/#breadcrumb\"},\"inLanguage\":\"de\",\"potentialAction\":[{\"@type\":\"ReadAction\",\"target\":[\"https:\/\/dynaxo.pl\/de\/technologia\/wykrawanie-blach\/\"]}]},{\"@type\":\"ImageObject\",\"inLanguage\":\"de\",\"@id\":\"https:\/\/dynaxo.pl\/de\/technologia\/wykrawanie-blach\/#primaryimage\",\"url\":\"https:\/\/dynaxo.pl\/wp-content\/uploads\/2024\/01\/wykrawanie-na-prasach-scaled.jpg\",\"contentUrl\":\"https:\/\/dynaxo.pl\/wp-content\/uploads\/2024\/01\/wykrawanie-na-prasach-scaled.jpg\",\"width\":2560,\"height\":1920},{\"@type\":\"BreadcrumbList\",\"@id\":\"https:\/\/dynaxo.pl\/de\/technologia\/wykrawanie-blach\/#breadcrumb\",\"itemListElement\":[{\"@type\":\"ListItem\",\"position\":1,\"name\":\"Start\",\"item\":\"https:\/\/dynaxo.pl\/de\/\"},{\"@type\":\"ListItem\",\"position\":2,\"name\":\"Technologie\",\"item\":\"https:\/\/dynaxo.pl\/de\/technologia\/\"},{\"@type\":\"ListItem\",\"position\":3,\"name\":\"Stanzen auf Revolverpressen\"}]},{\"@type\":\"WebSite\",\"@id\":\"https:\/\/dynaxo.pl\/de\/#website\",\"url\":\"https:\/\/dynaxo.pl\/de\/\",\"name\":\"Dynaxo\",\"description\":\"przestrze\u0144 kompleksowych rozwi\u0105za\u0144\",\"potentialAction\":[{\"@type\":\"SearchAction\",\"target\":{\"@type\":\"EntryPoint\",\"urlTemplate\":\"https:\/\/dynaxo.pl\/de\/?s={search_term_string}\"},\"query-input\":{\"@type\":\"PropertyValueSpecification\",\"valueRequired\":true,\"valueName\":\"search_term_string\"}}],\"inLanguage\":\"de\"}]}<\/script>\n<!-- \/ Yoast SEO plugin. -->","yoast_head_json":{"title":"Stanzen auf Revolverpressen - Dynaxo","description":"Unser Maschinenpark umfasst auch professionelles Stanzen und Pressen von Blechen auf Exzenterpressen mit einem Druck von 16 bis 160 Tonnen. Sie erm\u00f6glichen es uns, auch sehr komplexe Operationen an kleinen Details sowie an gr\u00f6\u00dferen Bauteilen durchzuf\u00fchren. Au\u00dferdem verf\u00fcgen wir \u00fcber eine Tafelschere, die bis zu 3 m lange und bis zu 3 mm dicke Bleche stanzen kann.","robots":{"index":"index","follow":"follow","max-snippet":"max-snippet:-1","max-image-preview":"max-image-preview:large","max-video-preview":"max-video-preview:-1"},"canonical":"https:\/\/dynaxo.pl\/de\/technologia\/wykrawanie-blach\/","og_locale":"de_DE","og_type":"article","og_title":"Stanzen auf Revolverpressen - Dynaxo","og_description":"Unser Maschinenpark umfasst auch professionelles Stanzen und Pressen von Blechen auf Exzenterpressen mit einem Druck von 16 bis 160 Tonnen. Sie erm\u00f6glichen es uns, auch sehr komplexe Operationen an kleinen Details sowie an gr\u00f6\u00dferen Bauteilen durchzuf\u00fchren. Au\u00dferdem verf\u00fcgen wir \u00fcber eine Tafelschere, die bis zu 3 m lange und bis zu 3 mm dicke Bleche stanzen kann.","og_url":"https:\/\/dynaxo.pl\/de\/technologia\/wykrawanie-blach\/","og_site_name":"Dynaxo","article_modified_time":"2024-04-09T12:30:32+00:00","og_image":[{"width":2560,"height":1920,"url":"https:\/\/dynaxo.pl\/wp-content\/uploads\/2024\/01\/wykrawanie-na-prasach-scaled.jpg","type":"image\/jpeg"}],"twitter_misc":{"Gesch\u00e4tzte Lesezeit":"1\u00a0Minute"},"schema":{"@context":"https:\/\/schema.org","@graph":[{"@type":"WebPage","@id":"https:\/\/dynaxo.pl\/de\/technologia\/wykrawanie-blach\/","url":"https:\/\/dynaxo.pl\/de\/technologia\/wykrawanie-blach\/","name":"Stanzen auf Revolverpressen - Dynaxo","isPartOf":{"@id":"https:\/\/dynaxo.pl\/de\/#website"},"primaryImageOfPage":{"@id":"https:\/\/dynaxo.pl\/de\/technologia\/wykrawanie-blach\/#primaryimage"},"image":{"@id":"https:\/\/dynaxo.pl\/de\/technologia\/wykrawanie-blach\/#primaryimage"},"thumbnailUrl":"https:\/\/dynaxo.pl\/wp-content\/uploads\/2024\/01\/wykrawanie-na-prasach-scaled.jpg","datePublished":"2019-10-24T10:39:42+00:00","dateModified":"2024-04-09T12:30:32+00:00","description":"Unser Maschinenpark umfasst auch professionelles Stanzen und Pressen von Blechen auf Exzenterpressen mit einem Druck von 16 bis 160 Tonnen. Sie erm\u00f6glichen es uns, auch sehr komplexe Operationen an kleinen Details sowie an gr\u00f6\u00dferen Bauteilen durchzuf\u00fchren. Au\u00dferdem verf\u00fcgen wir \u00fcber eine Tafelschere, die bis zu 3 m lange und bis zu 3 mm dicke Bleche stanzen kann.","breadcrumb":{"@id":"https:\/\/dynaxo.pl\/de\/technologia\/wykrawanie-blach\/#breadcrumb"},"inLanguage":"de","potentialAction":[{"@type":"ReadAction","target":["https:\/\/dynaxo.pl\/de\/technologia\/wykrawanie-blach\/"]}]},{"@type":"ImageObject","inLanguage":"de","@id":"https:\/\/dynaxo.pl\/de\/technologia\/wykrawanie-blach\/#primaryimage","url":"https:\/\/dynaxo.pl\/wp-content\/uploads\/2024\/01\/wykrawanie-na-prasach-scaled.jpg","contentUrl":"https:\/\/dynaxo.pl\/wp-content\/uploads\/2024\/01\/wykrawanie-na-prasach-scaled.jpg","width":2560,"height":1920},{"@type":"BreadcrumbList","@id":"https:\/\/dynaxo.pl\/de\/technologia\/wykrawanie-blach\/#breadcrumb","itemListElement":[{"@type":"ListItem","position":1,"name":"Start","item":"https:\/\/dynaxo.pl\/de\/"},{"@type":"ListItem","position":2,"name":"Technologie","item":"https:\/\/dynaxo.pl\/de\/technologia\/"},{"@type":"ListItem","position":3,"name":"Stanzen auf Revolverpressen"}]},{"@type":"WebSite","@id":"https:\/\/dynaxo.pl\/de\/#website","url":"https:\/\/dynaxo.pl\/de\/","name":"Dynaxo","description":"przestrze\u0144 kompleksowych rozwi\u0105za\u0144","potentialAction":[{"@type":"SearchAction","target":{"@type":"EntryPoint","urlTemplate":"https:\/\/dynaxo.pl\/de\/?s={search_term_string}"},"query-input":{"@type":"PropertyValueSpecification","valueRequired":true,"valueName":"search_term_string"}}],"inLanguage":"de"}]}},"_links":{"self":[{"href":"https:\/\/dynaxo.pl\/de\/wp-json\/wp\/v2\/pages\/6044","targetHints":{"allow":["GET"]}}],"collection":[{"href":"https:\/\/dynaxo.pl\/de\/wp-json\/wp\/v2\/pages"}],"about":[{"href":"https:\/\/dynaxo.pl\/de\/wp-json\/wp\/v2\/types\/page"}],"author":[{"embeddable":true,"href":"https:\/\/dynaxo.pl\/de\/wp-json\/wp\/v2\/users\/1"}],"replies":[{"embeddable":true,"href":"https:\/\/dynaxo.pl\/de\/wp-json\/wp\/v2\/comments?post=6044"}],"version-history":[{"count":3,"href":"https:\/\/dynaxo.pl\/de\/wp-json\/wp\/v2\/pages\/6044\/revisions"}],"predecessor-version":[{"id":6247,"href":"https:\/\/dynaxo.pl\/de\/wp-json\/wp\/v2\/pages\/6044\/revisions\/6247"}],"up":[{"embeddable":true,"href":"https:\/\/dynaxo.pl\/de\/wp-json\/wp\/v2\/pages\/6037"}],"wp:featuredmedia":[{"embeddable":true,"href":"https:\/\/dynaxo.pl\/de\/wp-json\/wp\/v2\/media\/5514"}],"wp:attachment":[{"href":"https:\/\/dynaxo.pl\/de\/wp-json\/wp\/v2\/media?parent=6044"}],"curies":[{"name":"wp","href":"https:\/\/api.w.org\/{rel}","templated":true}]}}