{"id":6047,"date":"2019-10-24T10:45:19","date_gmt":"2019-10-24T10:45:19","guid":{"rendered":"https:\/\/dynaxo.pl\/technologia\/giecie-na-prasach-krawedziowych-oraz-automacie-gnacym\/"},"modified":"2024-04-15T10:48:55","modified_gmt":"2024-04-15T10:48:55","slug":"giecie-na-prasach-krawedziowych-oraz-automacie-gnacym","status":"publish","type":"page","link":"https:\/\/dynaxo.pl\/de\/technologia\/giecie-na-prasach-krawedziowych-oraz-automacie-gnacym\/","title":{"rendered":"Biegen auf Abkantpressen und automatischen Biegemaschinen"},"content":{"rendered":"\n<p>Im Bereich der Blechumformung bieten wir auch Pr\u00e4zisionsbiegen mit modernen CNC-Kantenbiegemaschinen an, mit denen Bleche unterschiedlicher L\u00e4nge mit h\u00f6chster Genauigkeit gebogen werden k\u00f6nnen.<\/p>\n\n\n\n<p>Dank unseres Blechbearbeitungsverfahrens bieten wir unseren Kunden die M\u00f6glichkeit, verschiedene Arten von Geh\u00e4usen f\u00fcr eine breite Palette von Ger\u00e4ten herzustellen.<\/p>\n\n\n\n<p>Abkantpressen:<\/p>\n\n\n\n<ol class=\"wp-block-list\">\n<li>DYNA PRESS 24\/12 PLUS &#8211; Presskraft 24 Tonnen \/ Biegel\u00e4nge 1250 mm<\/li>\n\n\n\n<li>ITALTEC ISB 40\/20 &#8211; Presskraft 40 Tonnen \/ Biegel\u00e4nge 2000 mm<\/li>\n\n\n\n<li>LVD PPEB 170\/30 &#8211; Presskraft 170 Tonnen \/ Biegel\u00e4nge 3300 mm<\/li>\n\n\n\n<li><a><\/a>  LVD PPEC-7 110\/30 &#8211; Presskraft 110 Tonnen \/ Biegel\u00e4nge 3300 mm<\/li>\n<\/ol>\n\n\n\n<p>Au\u00dferdem ist unsere Neuheit ein automatisches und robotisiertes Biegezentrum, das es uns erm\u00f6glicht, eine hohe Qualit\u00e4t, Pr\u00e4zision und Wiederholbarkeit der Biegungen zu erreichen. Dank dieser Technologie sind wir in der Lage, unseren Kunden eine hohe Leistung und Effizienz zu bieten. Der Einsatz eines Biegeautomaten bietet vor allem bei komplexen Werkst\u00fccken (Geh\u00e4usen) und gro\u00dfen Serien handfeste Vorteile.<\/p>\n\n\n\n<p>Automatische Biegemaschine SALVAGNINI P4lean-2120<\/p>\n\n\n\n<ul class=\"wp-block-list\">\n<li>maximale Biegel\u00e4nge 2180 mm<\/li>\n\n\n\n<li>maximale Dicke der gebogenen Bleche: Stahl 2,5 mm; Edelstahl 2 mm; Aluminium 3 mm<\/li>\n<\/ul>\n\n\n\n<figure class=\"wp-block-video\"><video height=\"1080\" style=\"aspect-ratio: 1920 \/ 1080;\" width=\"1920\" autoplay loop muted src=\"https:\/\/dynaxo.pl\/wp-content\/uploads\/2024\/04\/dynaxo_short_3-de_1.mp4\" playsinline><\/video><\/figure>\n","protected":false},"excerpt":{"rendered":"<p>Im Bereich der Blechumformung bieten wir auch Pr\u00e4zisionsbiegen mit modernen CNC-Kantenbiegemaschinen an, mit denen Bleche unterschiedlicher L\u00e4nge mit h\u00f6chster Genauigkeit gebogen werden k\u00f6nnen. Dank unseres Blechbearbeitungsverfahrens bieten wir unseren Kunden die M\u00f6glichkeit, verschiedene Arten von Geh\u00e4usen f\u00fcr eine breite Palette von Ger\u00e4ten herzustellen.<\/p>\n","protected":false},"author":1,"featured_media":5362,"parent":6037,"menu_order":34,"comment_status":"closed","ping_status":"closed","template":"","meta":{"_acf_changed":false,"inline_featured_image":false,"_monsterinsights_skip_tracking":false,"_monsterinsights_sitenote_active":false,"_monsterinsights_sitenote_note":"","_monsterinsights_sitenote_category":0,"footnotes":"","_links_to":"","_links_to_target":""},"class_list":["post-6047","page","type-page","status-publish","has-post-thumbnail","hentry"],"acf":[],"yoast_head":"<!-- This site is optimized with the Yoast SEO plugin v27.2 - https:\/\/yoast.com\/product\/yoast-seo-wordpress\/ -->\n<title>Biegen auf Abkantpressen und automatischen Biegemaschinen - Pozna\u0144 - Metallstanzen %<\/title>\n<meta name=\"description\" content=\"Wir bieten Dienstleistungen im Bereich Stanzen und Biegen von Blechen in der Stadt Pozna\u0144 an. Wir arbeiten mit Privat- und Gesch\u00e4ftskunden in diesem Bereich.\" \/>\n<meta name=\"robots\" content=\"index, follow, max-snippet:-1, max-image-preview:large, max-video-preview:-1\" \/>\n<link rel=\"canonical\" href=\"https:\/\/dynaxo.pl\/de\/technologia\/giecie-na-prasach-krawedziowych-oraz-automacie-gnacym\/\" \/>\n<meta property=\"og:locale\" content=\"de_DE\" \/>\n<meta property=\"og:type\" content=\"article\" \/>\n<meta property=\"og:title\" content=\"Biegen auf Abkantpressen und automatischen Biegemaschinen - Pozna\u0144 - Metallstanzen %\" \/>\n<meta property=\"og:description\" content=\"Wir bieten Dienstleistungen im Bereich Stanzen und Biegen von Blechen in der Stadt Pozna\u0144 an. Wir arbeiten mit Privat- und Gesch\u00e4ftskunden in diesem Bereich.\" \/>\n<meta property=\"og:url\" content=\"https:\/\/dynaxo.pl\/de\/technologia\/giecie-na-prasach-krawedziowych-oraz-automacie-gnacym\/\" \/>\n<meta property=\"og:site_name\" content=\"Dynaxo\" \/>\n<meta property=\"article:modified_time\" content=\"2024-04-15T10:48:55+00:00\" \/>\n<meta property=\"og:image\" content=\"https:\/\/dynaxo.pl\/wp-content\/uploads\/2024\/01\/giecie-blach-e1707312105572.jpg\" \/>\n\t<meta property=\"og:image:width\" content=\"2560\" \/>\n\t<meta property=\"og:image:height\" content=\"1617\" \/>\n\t<meta property=\"og:image:type\" content=\"image\/jpeg\" \/>\n<meta name=\"twitter:label1\" content=\"Gesch\u00e4tzte Lesezeit\" \/>\n\t<meta name=\"twitter:data1\" content=\"2\u00a0Minuten\" \/>\n<script type=\"application\/ld+json\" class=\"yoast-schema-graph\">{\"@context\":\"https:\/\/schema.org\",\"@graph\":[{\"@type\":\"WebPage\",\"@id\":\"https:\/\/dynaxo.pl\/de\/technologia\/giecie-na-prasach-krawedziowych-oraz-automacie-gnacym\/\",\"url\":\"https:\/\/dynaxo.pl\/de\/technologia\/giecie-na-prasach-krawedziowych-oraz-automacie-gnacym\/\",\"name\":\"Biegen auf Abkantpressen und automatischen Biegemaschinen - Pozna\u0144 - Metallstanzen %\",\"isPartOf\":{\"@id\":\"https:\/\/dynaxo.pl\/de\/#website\"},\"primaryImageOfPage\":{\"@id\":\"https:\/\/dynaxo.pl\/de\/technologia\/giecie-na-prasach-krawedziowych-oraz-automacie-gnacym\/#primaryimage\"},\"image\":{\"@id\":\"https:\/\/dynaxo.pl\/de\/technologia\/giecie-na-prasach-krawedziowych-oraz-automacie-gnacym\/#primaryimage\"},\"thumbnailUrl\":\"https:\/\/dynaxo.pl\/wp-content\/uploads\/2024\/01\/giecie-blach-e1707312105572.jpg\",\"datePublished\":\"2019-10-24T10:45:19+00:00\",\"dateModified\":\"2024-04-15T10:48:55+00:00\",\"description\":\"Wir bieten Dienstleistungen im Bereich Stanzen und Biegen von Blechen in der Stadt Pozna\u0144 an. Wir arbeiten mit Privat- und Gesch\u00e4ftskunden in diesem Bereich.\",\"breadcrumb\":{\"@id\":\"https:\/\/dynaxo.pl\/de\/technologia\/giecie-na-prasach-krawedziowych-oraz-automacie-gnacym\/#breadcrumb\"},\"inLanguage\":\"de\",\"potentialAction\":[{\"@type\":\"ReadAction\",\"target\":[\"https:\/\/dynaxo.pl\/de\/technologia\/giecie-na-prasach-krawedziowych-oraz-automacie-gnacym\/\"]}]},{\"@type\":\"ImageObject\",\"inLanguage\":\"de\",\"@id\":\"https:\/\/dynaxo.pl\/de\/technologia\/giecie-na-prasach-krawedziowych-oraz-automacie-gnacym\/#primaryimage\",\"url\":\"https:\/\/dynaxo.pl\/wp-content\/uploads\/2024\/01\/giecie-blach-e1707312105572.jpg\",\"contentUrl\":\"https:\/\/dynaxo.pl\/wp-content\/uploads\/2024\/01\/giecie-blach-e1707312105572.jpg\",\"width\":2560,\"height\":1617},{\"@type\":\"BreadcrumbList\",\"@id\":\"https:\/\/dynaxo.pl\/de\/technologia\/giecie-na-prasach-krawedziowych-oraz-automacie-gnacym\/#breadcrumb\",\"itemListElement\":[{\"@type\":\"ListItem\",\"position\":1,\"name\":\"Start\",\"item\":\"https:\/\/dynaxo.pl\/de\/\"},{\"@type\":\"ListItem\",\"position\":2,\"name\":\"Technologie\",\"item\":\"https:\/\/dynaxo.pl\/de\/technologia\/\"},{\"@type\":\"ListItem\",\"position\":3,\"name\":\"Biegen auf Abkantpressen und automatischen Biegemaschinen\"}]},{\"@type\":\"WebSite\",\"@id\":\"https:\/\/dynaxo.pl\/de\/#website\",\"url\":\"https:\/\/dynaxo.pl\/de\/\",\"name\":\"Dynaxo\",\"description\":\"przestrze\u0144 kompleksowych rozwi\u0105za\u0144\",\"potentialAction\":[{\"@type\":\"SearchAction\",\"target\":{\"@type\":\"EntryPoint\",\"urlTemplate\":\"https:\/\/dynaxo.pl\/de\/?s={search_term_string}\"},\"query-input\":{\"@type\":\"PropertyValueSpecification\",\"valueRequired\":true,\"valueName\":\"search_term_string\"}}],\"inLanguage\":\"de\"}]}<\/script>\n<!-- \/ Yoast SEO plugin. -->","yoast_head_json":{"title":"Biegen auf Abkantpressen und automatischen Biegemaschinen - Pozna\u0144 - Metallstanzen %","description":"Wir bieten Dienstleistungen im Bereich Stanzen und Biegen von Blechen in der Stadt Pozna\u0144 an. Wir arbeiten mit Privat- und Gesch\u00e4ftskunden in diesem Bereich.","robots":{"index":"index","follow":"follow","max-snippet":"max-snippet:-1","max-image-preview":"max-image-preview:large","max-video-preview":"max-video-preview:-1"},"canonical":"https:\/\/dynaxo.pl\/de\/technologia\/giecie-na-prasach-krawedziowych-oraz-automacie-gnacym\/","og_locale":"de_DE","og_type":"article","og_title":"Biegen auf Abkantpressen und automatischen Biegemaschinen - Pozna\u0144 - Metallstanzen %","og_description":"Wir bieten Dienstleistungen im Bereich Stanzen und Biegen von Blechen in der Stadt Pozna\u0144 an. Wir arbeiten mit Privat- und Gesch\u00e4ftskunden in diesem Bereich.","og_url":"https:\/\/dynaxo.pl\/de\/technologia\/giecie-na-prasach-krawedziowych-oraz-automacie-gnacym\/","og_site_name":"Dynaxo","article_modified_time":"2024-04-15T10:48:55+00:00","og_image":[{"width":2560,"height":1617,"url":"https:\/\/dynaxo.pl\/wp-content\/uploads\/2024\/01\/giecie-blach-e1707312105572.jpg","type":"image\/jpeg"}],"twitter_misc":{"Gesch\u00e4tzte Lesezeit":"2\u00a0Minuten"},"schema":{"@context":"https:\/\/schema.org","@graph":[{"@type":"WebPage","@id":"https:\/\/dynaxo.pl\/de\/technologia\/giecie-na-prasach-krawedziowych-oraz-automacie-gnacym\/","url":"https:\/\/dynaxo.pl\/de\/technologia\/giecie-na-prasach-krawedziowych-oraz-automacie-gnacym\/","name":"Biegen auf Abkantpressen und automatischen Biegemaschinen - Pozna\u0144 - Metallstanzen %","isPartOf":{"@id":"https:\/\/dynaxo.pl\/de\/#website"},"primaryImageOfPage":{"@id":"https:\/\/dynaxo.pl\/de\/technologia\/giecie-na-prasach-krawedziowych-oraz-automacie-gnacym\/#primaryimage"},"image":{"@id":"https:\/\/dynaxo.pl\/de\/technologia\/giecie-na-prasach-krawedziowych-oraz-automacie-gnacym\/#primaryimage"},"thumbnailUrl":"https:\/\/dynaxo.pl\/wp-content\/uploads\/2024\/01\/giecie-blach-e1707312105572.jpg","datePublished":"2019-10-24T10:45:19+00:00","dateModified":"2024-04-15T10:48:55+00:00","description":"Wir bieten Dienstleistungen im Bereich Stanzen und Biegen von Blechen in der Stadt Pozna\u0144 an. Wir arbeiten mit Privat- und Gesch\u00e4ftskunden in diesem Bereich.","breadcrumb":{"@id":"https:\/\/dynaxo.pl\/de\/technologia\/giecie-na-prasach-krawedziowych-oraz-automacie-gnacym\/#breadcrumb"},"inLanguage":"de","potentialAction":[{"@type":"ReadAction","target":["https:\/\/dynaxo.pl\/de\/technologia\/giecie-na-prasach-krawedziowych-oraz-automacie-gnacym\/"]}]},{"@type":"ImageObject","inLanguage":"de","@id":"https:\/\/dynaxo.pl\/de\/technologia\/giecie-na-prasach-krawedziowych-oraz-automacie-gnacym\/#primaryimage","url":"https:\/\/dynaxo.pl\/wp-content\/uploads\/2024\/01\/giecie-blach-e1707312105572.jpg","contentUrl":"https:\/\/dynaxo.pl\/wp-content\/uploads\/2024\/01\/giecie-blach-e1707312105572.jpg","width":2560,"height":1617},{"@type":"BreadcrumbList","@id":"https:\/\/dynaxo.pl\/de\/technologia\/giecie-na-prasach-krawedziowych-oraz-automacie-gnacym\/#breadcrumb","itemListElement":[{"@type":"ListItem","position":1,"name":"Start","item":"https:\/\/dynaxo.pl\/de\/"},{"@type":"ListItem","position":2,"name":"Technologie","item":"https:\/\/dynaxo.pl\/de\/technologia\/"},{"@type":"ListItem","position":3,"name":"Biegen auf Abkantpressen und automatischen Biegemaschinen"}]},{"@type":"WebSite","@id":"https:\/\/dynaxo.pl\/de\/#website","url":"https:\/\/dynaxo.pl\/de\/","name":"Dynaxo","description":"przestrze\u0144 kompleksowych rozwi\u0105za\u0144","potentialAction":[{"@type":"SearchAction","target":{"@type":"EntryPoint","urlTemplate":"https:\/\/dynaxo.pl\/de\/?s={search_term_string}"},"query-input":{"@type":"PropertyValueSpecification","valueRequired":true,"valueName":"search_term_string"}}],"inLanguage":"de"}]}},"_links":{"self":[{"href":"https:\/\/dynaxo.pl\/de\/wp-json\/wp\/v2\/pages\/6047","targetHints":{"allow":["GET"]}}],"collection":[{"href":"https:\/\/dynaxo.pl\/de\/wp-json\/wp\/v2\/pages"}],"about":[{"href":"https:\/\/dynaxo.pl\/de\/wp-json\/wp\/v2\/types\/page"}],"author":[{"embeddable":true,"href":"https:\/\/dynaxo.pl\/de\/wp-json\/wp\/v2\/users\/1"}],"replies":[{"embeddable":true,"href":"https:\/\/dynaxo.pl\/de\/wp-json\/wp\/v2\/comments?post=6047"}],"version-history":[{"count":5,"href":"https:\/\/dynaxo.pl\/de\/wp-json\/wp\/v2\/pages\/6047\/revisions"}],"predecessor-version":[{"id":6363,"href":"https:\/\/dynaxo.pl\/de\/wp-json\/wp\/v2\/pages\/6047\/revisions\/6363"}],"up":[{"embeddable":true,"href":"https:\/\/dynaxo.pl\/de\/wp-json\/wp\/v2\/pages\/6037"}],"wp:featuredmedia":[{"embeddable":true,"href":"https:\/\/dynaxo.pl\/de\/wp-json\/wp\/v2\/media\/5362"}],"wp:attachment":[{"href":"https:\/\/dynaxo.pl\/de\/wp-json\/wp\/v2\/media?parent=6047"}],"curies":[{"name":"wp","href":"https:\/\/api.w.org\/{rel}","templated":true}]}}