{"id":6050,"date":"2021-12-02T08:24:00","date_gmt":"2021-12-02T08:24:00","guid":{"rendered":"https:\/\/dynaxo.pl\/technologia\/wykrawanie-tloczenie-i-giecie-na-prasach-mimosrodowych-i-hydraulicznych\/"},"modified":"2024-04-09T12:32:30","modified_gmt":"2024-04-09T12:32:30","slug":"wykrawanie-tloczenie-i-giecie-na-prasach-mimosrodowych-i-hydraulicznych","status":"publish","type":"page","link":"https:\/\/dynaxo.pl\/de\/technologia\/wykrawanie-tloczenie-i-giecie-na-prasach-mimosrodowych-i-hydraulicznych\/","title":{"rendered":"Stanzen, Stanzen und Biegen auf Exzenter- und Hydraulikpressen"},"content":{"rendered":"\n<p>Dar\u00fcber hinaus stanzen und stanzen wir Bleche mit Exzenter- und Hydraulikpressen, die es uns erm\u00f6glichen, selbst komplexeste Bearbeitungen an kleinen und gr\u00f6\u00dferen Elementen mit hoher Serienproduktion durchzuf\u00fchren. Das Herzst\u00fcck dieser Technologie sind spezielle Werkzeuge, die es Ihnen erm\u00f6glichen, dem Detail die erforderliche Form zu geben und dabei die in der Kundendokumentation angegebenen Abmessungen und Toleranzen einzuhalten. Unsere technische Abteilung unterst\u00fctzt und \u00fcberwacht diesen Prozess von der Werkzeugkonstruktion bis zum Serienanlauf.<\/p>\n\n\n\n<p>Wir haben folgende Pressen:<\/p>\n\n\n\n<ol class=\"wp-block-list\">\n<li>HYDROLIKSAN-Hydraulikpresse<\/li>\n<\/ol>\n\n\n\n<ul class=\"wp-block-list\">\n<li>Druck 100 Tonnen<\/li>\n\n\n\n<li>Arbeitsma\u00df 800&#215;750 mm<\/li>\n<\/ul>\n\n\n\n<ol class=\"wp-block-list\" start=\"2\">\n<li>Exzenterpressen<\/li>\n<\/ol>\n\n\n\n<ul class=\"wp-block-list\">\n<li>Druck von 40 bis 100 Tonnen<\/li>\n\n\n\n<li>Tischabmessungen von 350&#215;500 mm bis 640&#215;100 mm<\/li>\n\n\n\n<li>Wir haben 4 Positionen<\/li>\n<\/ul>\n","protected":false},"excerpt":{"rendered":"<p>Ponadto, zajmujemy si\u0119 t\u0142oczeniem i wykrawaniem blach na prasach mimo\u015brodowych i hydraulicznej, kt\u00f3re pozwalaj\u0105 na wykonywanie nawet najbardziej skomplikowanych operacji na ma\u0142ych i wi\u0119kszych elementach cechuj\u0105cych si\u0119 wysok\u0105 seryjno\u015bci\u0105. Sercem tej technologii jest dedykowanie oprzyrz\u0105dowanie, kt\u00f3re pozwala nada\u0107 wymagany kszta\u0142t detalu przy zachowaniu wymiar\u00f3w i tolerancji wynikaj\u0105cych z dokumentacji klienta.<\/p>\n","protected":false},"author":6,"featured_media":5374,"parent":6037,"menu_order":38,"comment_status":"closed","ping_status":"closed","template":"","meta":{"_acf_changed":false,"inline_featured_image":false,"_monsterinsights_skip_tracking":false,"_monsterinsights_sitenote_active":false,"_monsterinsights_sitenote_note":"","_monsterinsights_sitenote_category":0,"footnotes":"","_links_to":"","_links_to_target":""},"class_list":["post-6050","page","type-page","status-publish","has-post-thumbnail","hentry"],"acf":[],"yoast_head":"<!-- This site is optimized with the Yoast SEO plugin v27.2 - https:\/\/yoast.com\/product\/yoast-seo-wordpress\/ -->\n<title>Stanzen, Stanzen und Biegen auf Exzenter- und Hydraulikpressen - Pozna\u0144 Dynaxo<\/title>\n<meta name=\"description\" content=\"W zale\u017cno\u015bci od indywidualnych potrzeb i oczekiwa\u0144 inwestora mo\u017cemy podda\u0107 obr\u00f3bce zar\u00f3wno pojedyncze profile, jak i zrealizowa\u0107 zam\u00f3wienie wysokonak\u0142adowe.\" \/>\n<meta name=\"robots\" content=\"index, follow, max-snippet:-1, max-image-preview:large, max-video-preview:-1\" \/>\n<link rel=\"canonical\" href=\"https:\/\/dynaxo.pl\/de\/technologia\/wykrawanie-tloczenie-i-giecie-na-prasach-mimosrodowych-i-hydraulicznych\/\" \/>\n<meta property=\"og:locale\" content=\"de_DE\" \/>\n<meta property=\"og:type\" content=\"article\" \/>\n<meta property=\"og:title\" content=\"Stanzen, Stanzen und Biegen auf Exzenter- und Hydraulikpressen - Pozna\u0144 Dynaxo\" \/>\n<meta property=\"og:description\" content=\"W zale\u017cno\u015bci od indywidualnych potrzeb i oczekiwa\u0144 inwestora mo\u017cemy podda\u0107 obr\u00f3bce zar\u00f3wno pojedyncze profile, jak i zrealizowa\u0107 zam\u00f3wienie wysokonak\u0142adowe.\" \/>\n<meta property=\"og:url\" content=\"https:\/\/dynaxo.pl\/de\/technologia\/wykrawanie-tloczenie-i-giecie-na-prasach-mimosrodowych-i-hydraulicznych\/\" \/>\n<meta property=\"og:site_name\" content=\"Dynaxo\" \/>\n<meta property=\"article:modified_time\" content=\"2024-04-09T12:32:30+00:00\" \/>\n<meta property=\"og:image\" content=\"https:\/\/dynaxo.pl\/wp-content\/uploads\/2024\/01\/pozostale-uslugi.jpg\" \/>\n\t<meta property=\"og:image:width\" content=\"2560\" \/>\n\t<meta property=\"og:image:height\" content=\"1920\" \/>\n\t<meta property=\"og:image:type\" content=\"image\/jpeg\" \/>\n<meta name=\"twitter:label1\" content=\"Gesch\u00e4tzte Lesezeit\" \/>\n\t<meta name=\"twitter:data1\" content=\"1\u00a0Minute\" \/>\n<script type=\"application\/ld+json\" class=\"yoast-schema-graph\">{\"@context\":\"https:\/\/schema.org\",\"@graph\":[{\"@type\":\"WebPage\",\"@id\":\"https:\/\/dynaxo.pl\/de\/technologia\/wykrawanie-tloczenie-i-giecie-na-prasach-mimosrodowych-i-hydraulicznych\/\",\"url\":\"https:\/\/dynaxo.pl\/de\/technologia\/wykrawanie-tloczenie-i-giecie-na-prasach-mimosrodowych-i-hydraulicznych\/\",\"name\":\"Stanzen, Stanzen und Biegen auf Exzenter- und Hydraulikpressen - Pozna\u0144 Dynaxo\",\"isPartOf\":{\"@id\":\"https:\/\/dynaxo.pl\/de\/#website\"},\"primaryImageOfPage\":{\"@id\":\"https:\/\/dynaxo.pl\/de\/technologia\/wykrawanie-tloczenie-i-giecie-na-prasach-mimosrodowych-i-hydraulicznych\/#primaryimage\"},\"image\":{\"@id\":\"https:\/\/dynaxo.pl\/de\/technologia\/wykrawanie-tloczenie-i-giecie-na-prasach-mimosrodowych-i-hydraulicznych\/#primaryimage\"},\"thumbnailUrl\":\"https:\/\/dynaxo.pl\/wp-content\/uploads\/2024\/01\/pozostale-uslugi.jpg\",\"datePublished\":\"2021-12-02T08:24:00+00:00\",\"dateModified\":\"2024-04-09T12:32:30+00:00\",\"description\":\"W zale\u017cno\u015bci od indywidualnych potrzeb i oczekiwa\u0144 inwestora mo\u017cemy podda\u0107 obr\u00f3bce zar\u00f3wno pojedyncze profile, jak i zrealizowa\u0107 zam\u00f3wienie wysokonak\u0142adowe.\",\"breadcrumb\":{\"@id\":\"https:\/\/dynaxo.pl\/de\/technologia\/wykrawanie-tloczenie-i-giecie-na-prasach-mimosrodowych-i-hydraulicznych\/#breadcrumb\"},\"inLanguage\":\"de\",\"potentialAction\":[{\"@type\":\"ReadAction\",\"target\":[\"https:\/\/dynaxo.pl\/de\/technologia\/wykrawanie-tloczenie-i-giecie-na-prasach-mimosrodowych-i-hydraulicznych\/\"]}]},{\"@type\":\"ImageObject\",\"inLanguage\":\"de\",\"@id\":\"https:\/\/dynaxo.pl\/de\/technologia\/wykrawanie-tloczenie-i-giecie-na-prasach-mimosrodowych-i-hydraulicznych\/#primaryimage\",\"url\":\"https:\/\/dynaxo.pl\/wp-content\/uploads\/2024\/01\/pozostale-uslugi.jpg\",\"contentUrl\":\"https:\/\/dynaxo.pl\/wp-content\/uploads\/2024\/01\/pozostale-uslugi.jpg\",\"width\":2560,\"height\":1920},{\"@type\":\"BreadcrumbList\",\"@id\":\"https:\/\/dynaxo.pl\/de\/technologia\/wykrawanie-tloczenie-i-giecie-na-prasach-mimosrodowych-i-hydraulicznych\/#breadcrumb\",\"itemListElement\":[{\"@type\":\"ListItem\",\"position\":1,\"name\":\"Start\",\"item\":\"https:\/\/dynaxo.pl\/de\/\"},{\"@type\":\"ListItem\",\"position\":2,\"name\":\"Technologie\",\"item\":\"https:\/\/dynaxo.pl\/de\/technologia\/\"},{\"@type\":\"ListItem\",\"position\":3,\"name\":\"Stanzen, Stanzen und Biegen auf Exzenter- und Hydraulikpressen\"}]},{\"@type\":\"WebSite\",\"@id\":\"https:\/\/dynaxo.pl\/de\/#website\",\"url\":\"https:\/\/dynaxo.pl\/de\/\",\"name\":\"Dynaxo\",\"description\":\"przestrze\u0144 kompleksowych rozwi\u0105za\u0144\",\"potentialAction\":[{\"@type\":\"SearchAction\",\"target\":{\"@type\":\"EntryPoint\",\"urlTemplate\":\"https:\/\/dynaxo.pl\/de\/?s={search_term_string}\"},\"query-input\":{\"@type\":\"PropertyValueSpecification\",\"valueRequired\":true,\"valueName\":\"search_term_string\"}}],\"inLanguage\":\"de\"}]}<\/script>\n<!-- \/ Yoast SEO plugin. -->","yoast_head_json":{"title":"Stanzen, Stanzen und Biegen auf Exzenter- und Hydraulikpressen - Pozna\u0144 Dynaxo","description":"W zale\u017cno\u015bci od indywidualnych potrzeb i oczekiwa\u0144 inwestora mo\u017cemy podda\u0107 obr\u00f3bce zar\u00f3wno pojedyncze profile, jak i zrealizowa\u0107 zam\u00f3wienie wysokonak\u0142adowe.","robots":{"index":"index","follow":"follow","max-snippet":"max-snippet:-1","max-image-preview":"max-image-preview:large","max-video-preview":"max-video-preview:-1"},"canonical":"https:\/\/dynaxo.pl\/de\/technologia\/wykrawanie-tloczenie-i-giecie-na-prasach-mimosrodowych-i-hydraulicznych\/","og_locale":"de_DE","og_type":"article","og_title":"Stanzen, Stanzen und Biegen auf Exzenter- und Hydraulikpressen - Pozna\u0144 Dynaxo","og_description":"W zale\u017cno\u015bci od indywidualnych potrzeb i oczekiwa\u0144 inwestora mo\u017cemy podda\u0107 obr\u00f3bce zar\u00f3wno pojedyncze profile, jak i zrealizowa\u0107 zam\u00f3wienie wysokonak\u0142adowe.","og_url":"https:\/\/dynaxo.pl\/de\/technologia\/wykrawanie-tloczenie-i-giecie-na-prasach-mimosrodowych-i-hydraulicznych\/","og_site_name":"Dynaxo","article_modified_time":"2024-04-09T12:32:30+00:00","og_image":[{"width":2560,"height":1920,"url":"https:\/\/dynaxo.pl\/wp-content\/uploads\/2024\/01\/pozostale-uslugi.jpg","type":"image\/jpeg"}],"twitter_misc":{"Gesch\u00e4tzte Lesezeit":"1\u00a0Minute"},"schema":{"@context":"https:\/\/schema.org","@graph":[{"@type":"WebPage","@id":"https:\/\/dynaxo.pl\/de\/technologia\/wykrawanie-tloczenie-i-giecie-na-prasach-mimosrodowych-i-hydraulicznych\/","url":"https:\/\/dynaxo.pl\/de\/technologia\/wykrawanie-tloczenie-i-giecie-na-prasach-mimosrodowych-i-hydraulicznych\/","name":"Stanzen, Stanzen und Biegen auf Exzenter- und Hydraulikpressen - Pozna\u0144 Dynaxo","isPartOf":{"@id":"https:\/\/dynaxo.pl\/de\/#website"},"primaryImageOfPage":{"@id":"https:\/\/dynaxo.pl\/de\/technologia\/wykrawanie-tloczenie-i-giecie-na-prasach-mimosrodowych-i-hydraulicznych\/#primaryimage"},"image":{"@id":"https:\/\/dynaxo.pl\/de\/technologia\/wykrawanie-tloczenie-i-giecie-na-prasach-mimosrodowych-i-hydraulicznych\/#primaryimage"},"thumbnailUrl":"https:\/\/dynaxo.pl\/wp-content\/uploads\/2024\/01\/pozostale-uslugi.jpg","datePublished":"2021-12-02T08:24:00+00:00","dateModified":"2024-04-09T12:32:30+00:00","description":"W zale\u017cno\u015bci od indywidualnych potrzeb i oczekiwa\u0144 inwestora mo\u017cemy podda\u0107 obr\u00f3bce zar\u00f3wno pojedyncze profile, jak i zrealizowa\u0107 zam\u00f3wienie wysokonak\u0142adowe.","breadcrumb":{"@id":"https:\/\/dynaxo.pl\/de\/technologia\/wykrawanie-tloczenie-i-giecie-na-prasach-mimosrodowych-i-hydraulicznych\/#breadcrumb"},"inLanguage":"de","potentialAction":[{"@type":"ReadAction","target":["https:\/\/dynaxo.pl\/de\/technologia\/wykrawanie-tloczenie-i-giecie-na-prasach-mimosrodowych-i-hydraulicznych\/"]}]},{"@type":"ImageObject","inLanguage":"de","@id":"https:\/\/dynaxo.pl\/de\/technologia\/wykrawanie-tloczenie-i-giecie-na-prasach-mimosrodowych-i-hydraulicznych\/#primaryimage","url":"https:\/\/dynaxo.pl\/wp-content\/uploads\/2024\/01\/pozostale-uslugi.jpg","contentUrl":"https:\/\/dynaxo.pl\/wp-content\/uploads\/2024\/01\/pozostale-uslugi.jpg","width":2560,"height":1920},{"@type":"BreadcrumbList","@id":"https:\/\/dynaxo.pl\/de\/technologia\/wykrawanie-tloczenie-i-giecie-na-prasach-mimosrodowych-i-hydraulicznych\/#breadcrumb","itemListElement":[{"@type":"ListItem","position":1,"name":"Start","item":"https:\/\/dynaxo.pl\/de\/"},{"@type":"ListItem","position":2,"name":"Technologie","item":"https:\/\/dynaxo.pl\/de\/technologia\/"},{"@type":"ListItem","position":3,"name":"Stanzen, Stanzen und Biegen auf Exzenter- und Hydraulikpressen"}]},{"@type":"WebSite","@id":"https:\/\/dynaxo.pl\/de\/#website","url":"https:\/\/dynaxo.pl\/de\/","name":"Dynaxo","description":"przestrze\u0144 kompleksowych rozwi\u0105za\u0144","potentialAction":[{"@type":"SearchAction","target":{"@type":"EntryPoint","urlTemplate":"https:\/\/dynaxo.pl\/de\/?s={search_term_string}"},"query-input":{"@type":"PropertyValueSpecification","valueRequired":true,"valueName":"search_term_string"}}],"inLanguage":"de"}]}},"_links":{"self":[{"href":"https:\/\/dynaxo.pl\/de\/wp-json\/wp\/v2\/pages\/6050","targetHints":{"allow":["GET"]}}],"collection":[{"href":"https:\/\/dynaxo.pl\/de\/wp-json\/wp\/v2\/pages"}],"about":[{"href":"https:\/\/dynaxo.pl\/de\/wp-json\/wp\/v2\/types\/page"}],"author":[{"embeddable":true,"href":"https:\/\/dynaxo.pl\/de\/wp-json\/wp\/v2\/users\/6"}],"replies":[{"embeddable":true,"href":"https:\/\/dynaxo.pl\/de\/wp-json\/wp\/v2\/comments?post=6050"}],"version-history":[{"count":1,"href":"https:\/\/dynaxo.pl\/de\/wp-json\/wp\/v2\/pages\/6050\/revisions"}],"predecessor-version":[{"id":6253,"href":"https:\/\/dynaxo.pl\/de\/wp-json\/wp\/v2\/pages\/6050\/revisions\/6253"}],"up":[{"embeddable":true,"href":"https:\/\/dynaxo.pl\/de\/wp-json\/wp\/v2\/pages\/6037"}],"wp:featuredmedia":[{"embeddable":true,"href":"https:\/\/dynaxo.pl\/de\/wp-json\/wp\/v2\/media\/5374"}],"wp:attachment":[{"href":"https:\/\/dynaxo.pl\/de\/wp-json\/wp\/v2\/media?parent=6050"}],"curies":[{"name":"wp","href":"https:\/\/api.w.org\/{rel}","templated":true}]}}