{"id":6051,"date":"2019-10-24T10:46:59","date_gmt":"2019-10-24T10:46:59","guid":{"rendered":"https:\/\/dynaxo.pl\/technologia\/spawanie-szlifowanie-i-obrobka\/"},"modified":"2024-04-15T10:48:41","modified_gmt":"2024-04-15T10:48:41","slug":"spawanie-szlifowanie-i-obrobka","status":"publish","type":"page","link":"https:\/\/dynaxo.pl\/de\/technologia\/spawanie-szlifowanie-i-obrobka\/","title":{"rendered":"Schwei\u00dfen und Punktschwei\u00dfen"},"content":{"rendered":"\n<p>Durch die st\u00e4ndige Verbesserung unserer Metallbearbeitungsverfahren haben wir uns auch auf das WIG-, MIG- und MAG-Schwei\u00dfen spezialisiert. Ersteres f\u00fchrt zu Schwei\u00dfn\u00e4hten h\u00f6chster Qualit\u00e4t in d\u00fcnnen un- und niedriglegierten St\u00e4hlen, rostfreien St\u00e4hlen und anderen hochlegierten St\u00e4hlen sowie in Aluminiumblechen. MIG- und MAG-Verfahren sind f\u00fcr das Schwei\u00dfen von dickeren Materialien wie Blechen, Profilen, Stangen, Rohren und anderen Konstruktionswerkstoffen vorgesehen.<\/p>\n\n\n\n<p>Wir haben derzeit:<\/p>\n\n\n\n<ul class=\"wp-block-list\">\n<li>3 MIG\/MAG-Schwei\u00dfpl\u00e4tze<\/li>\n\n\n\n<li>2 WIG-Schwei\u00dfpl\u00e4tze<\/li>\n\n\n\n<li>2 Punktschwei\u00dfstationen<\/li>\n<\/ul>\n\n\n\n<p>Im Rahmen unserer kontinuierlichen Entwicklung kam Anfang 2023 die erste Roboterschwei\u00dfstation zu uns.<\/p>\n\n\n\n<ul class=\"wp-block-list\">\n<li>Fanuc ARC MATE 120iD\/12L<\/li>\n<\/ul>\n\n\n\n<p>Wir laden daher alle Unternehmen, die auf der Suche nach qualitativ hochwertigen Schwei\u00dfn\u00e4hten und Wiederholbarkeit des Schwei\u00dfprozesses sind, zur Zusammenarbeit mit uns ein. Dank der neuen Technologie k\u00f6nnen wir hohe Standards bei optimierten Produktionskosten anbieten.<\/p>\n\n\n\n<figure class=\"wp-block-video\"><video height=\"1080\" style=\"aspect-ratio: 1920 \/ 1080;\" width=\"1920\" autoplay loop muted src=\"https:\/\/dynaxo.pl\/wp-content\/uploads\/2024\/04\/dynaxo_short_2-de_1.mp4\" playsinline><\/video><\/figure>\n","protected":false},"excerpt":{"rendered":"<p>Durch die st\u00e4ndige Verbesserung unserer Metallbearbeitungsverfahren haben wir uns auch auf das WIG-, MIG- und MAG-Schwei\u00dfen spezialisiert. Ersteres f\u00fchrt zu Schwei\u00dfn\u00e4hten h\u00f6chster Qualit\u00e4t in d\u00fcnnen un- und niedriglegierten St\u00e4hlen, rostfreien St\u00e4hlen und anderen hochlegierten St\u00e4hlen sowie in Aluminiumblechen. MIG- und MAG-Verfahren sind f\u00fcr das Schwei\u00dfen von dickeren Materialien wie Blechen, Profilen, Stangen, Rohren und anderen Konstruktionswerkstoffen vorgesehen.<\/p>\n","protected":false},"author":1,"featured_media":5453,"parent":6037,"menu_order":40,"comment_status":"closed","ping_status":"closed","template":"","meta":{"_acf_changed":false,"inline_featured_image":false,"_monsterinsights_skip_tracking":false,"_monsterinsights_sitenote_active":false,"_monsterinsights_sitenote_note":"","_monsterinsights_sitenote_category":0,"footnotes":"","_links_to":"","_links_to_target":""},"class_list":["post-6051","page","type-page","status-publish","has-post-thumbnail","hentry"],"acf":[],"yoast_head":"<!-- This site is optimized with the Yoast SEO plugin v27.2 - https:\/\/yoast.com\/product\/yoast-seo-wordpress\/ -->\n<title>Schwei\u00dfen von Aluminium und rostfreiem Stahl, TIG, MIG, MAG Pozna\u0144<\/title>\n<meta name=\"description\" content=\"Wir bieten Aluminium- und Edelstahlschwei\u00dfen an und setzen alles daran, dass die Schwei\u00dfn\u00e4hte stabil und \u00e4sthetisch ansprechend sind. Sie sind herzlich eingeladen!\" \/>\n<meta name=\"robots\" content=\"index, follow, max-snippet:-1, max-image-preview:large, max-video-preview:-1\" \/>\n<link rel=\"canonical\" href=\"https:\/\/dynaxo.pl\/de\/technologia\/spawanie-szlifowanie-i-obrobka\/\" \/>\n<meta property=\"og:locale\" content=\"de_DE\" \/>\n<meta property=\"og:type\" content=\"article\" \/>\n<meta property=\"og:title\" content=\"Schwei\u00dfen von Aluminium und rostfreiem Stahl, TIG, MIG, MAG Pozna\u0144\" \/>\n<meta property=\"og:description\" content=\"Wir bieten Aluminium- und Edelstahlschwei\u00dfen an und setzen alles daran, dass die Schwei\u00dfn\u00e4hte stabil und \u00e4sthetisch ansprechend sind. Sie sind herzlich eingeladen!\" \/>\n<meta property=\"og:url\" content=\"https:\/\/dynaxo.pl\/de\/technologia\/spawanie-szlifowanie-i-obrobka\/\" \/>\n<meta property=\"og:site_name\" content=\"Dynaxo\" \/>\n<meta property=\"article:modified_time\" content=\"2024-04-15T10:48:41+00:00\" \/>\n<meta property=\"og:image\" content=\"https:\/\/dynaxo.pl\/wp-content\/uploads\/2024\/01\/spawanie-i-zgrzewanie.jpg\" \/>\n\t<meta property=\"og:image:width\" content=\"2560\" \/>\n\t<meta property=\"og:image:height\" content=\"1920\" \/>\n\t<meta property=\"og:image:type\" content=\"image\/jpeg\" \/>\n<meta name=\"twitter:label1\" content=\"Gesch\u00e4tzte Lesezeit\" \/>\n\t<meta name=\"twitter:data1\" content=\"1\u00a0Minute\" \/>\n<script type=\"application\/ld+json\" class=\"yoast-schema-graph\">{\"@context\":\"https:\/\/schema.org\",\"@graph\":[{\"@type\":\"WebPage\",\"@id\":\"https:\/\/dynaxo.pl\/de\/technologia\/spawanie-szlifowanie-i-obrobka\/\",\"url\":\"https:\/\/dynaxo.pl\/de\/technologia\/spawanie-szlifowanie-i-obrobka\/\",\"name\":\"Schwei\u00dfen von Aluminium und rostfreiem Stahl, TIG, MIG, MAG Pozna\u0144\",\"isPartOf\":{\"@id\":\"https:\/\/dynaxo.pl\/de\/#website\"},\"primaryImageOfPage\":{\"@id\":\"https:\/\/dynaxo.pl\/de\/technologia\/spawanie-szlifowanie-i-obrobka\/#primaryimage\"},\"image\":{\"@id\":\"https:\/\/dynaxo.pl\/de\/technologia\/spawanie-szlifowanie-i-obrobka\/#primaryimage\"},\"thumbnailUrl\":\"https:\/\/dynaxo.pl\/wp-content\/uploads\/2024\/01\/spawanie-i-zgrzewanie.jpg\",\"datePublished\":\"2019-10-24T10:46:59+00:00\",\"dateModified\":\"2024-04-15T10:48:41+00:00\",\"description\":\"Wir bieten Aluminium- und Edelstahlschwei\u00dfen an und setzen alles daran, dass die Schwei\u00dfn\u00e4hte stabil und \u00e4sthetisch ansprechend sind. Sie sind herzlich eingeladen!\",\"breadcrumb\":{\"@id\":\"https:\/\/dynaxo.pl\/de\/technologia\/spawanie-szlifowanie-i-obrobka\/#breadcrumb\"},\"inLanguage\":\"de\",\"potentialAction\":[{\"@type\":\"ReadAction\",\"target\":[\"https:\/\/dynaxo.pl\/de\/technologia\/spawanie-szlifowanie-i-obrobka\/\"]}]},{\"@type\":\"ImageObject\",\"inLanguage\":\"de\",\"@id\":\"https:\/\/dynaxo.pl\/de\/technologia\/spawanie-szlifowanie-i-obrobka\/#primaryimage\",\"url\":\"https:\/\/dynaxo.pl\/wp-content\/uploads\/2024\/01\/spawanie-i-zgrzewanie.jpg\",\"contentUrl\":\"https:\/\/dynaxo.pl\/wp-content\/uploads\/2024\/01\/spawanie-i-zgrzewanie.jpg\",\"width\":2560,\"height\":1920},{\"@type\":\"BreadcrumbList\",\"@id\":\"https:\/\/dynaxo.pl\/de\/technologia\/spawanie-szlifowanie-i-obrobka\/#breadcrumb\",\"itemListElement\":[{\"@type\":\"ListItem\",\"position\":1,\"name\":\"Start\",\"item\":\"https:\/\/dynaxo.pl\/de\/\"},{\"@type\":\"ListItem\",\"position\":2,\"name\":\"Technologie\",\"item\":\"https:\/\/dynaxo.pl\/de\/technologia\/\"},{\"@type\":\"ListItem\",\"position\":3,\"name\":\"Schwei\u00dfen und Punktschwei\u00dfen\"}]},{\"@type\":\"WebSite\",\"@id\":\"https:\/\/dynaxo.pl\/de\/#website\",\"url\":\"https:\/\/dynaxo.pl\/de\/\",\"name\":\"Dynaxo\",\"description\":\"przestrze\u0144 kompleksowych rozwi\u0105za\u0144\",\"potentialAction\":[{\"@type\":\"SearchAction\",\"target\":{\"@type\":\"EntryPoint\",\"urlTemplate\":\"https:\/\/dynaxo.pl\/de\/?s={search_term_string}\"},\"query-input\":{\"@type\":\"PropertyValueSpecification\",\"valueRequired\":true,\"valueName\":\"search_term_string\"}}],\"inLanguage\":\"de\"}]}<\/script>\n<!-- \/ Yoast SEO plugin. -->","yoast_head_json":{"title":"Schwei\u00dfen von Aluminium und rostfreiem Stahl, TIG, MIG, MAG Pozna\u0144","description":"Wir bieten Aluminium- und Edelstahlschwei\u00dfen an und setzen alles daran, dass die Schwei\u00dfn\u00e4hte stabil und \u00e4sthetisch ansprechend sind. Sie sind herzlich eingeladen!","robots":{"index":"index","follow":"follow","max-snippet":"max-snippet:-1","max-image-preview":"max-image-preview:large","max-video-preview":"max-video-preview:-1"},"canonical":"https:\/\/dynaxo.pl\/de\/technologia\/spawanie-szlifowanie-i-obrobka\/","og_locale":"de_DE","og_type":"article","og_title":"Schwei\u00dfen von Aluminium und rostfreiem Stahl, TIG, MIG, MAG Pozna\u0144","og_description":"Wir bieten Aluminium- und Edelstahlschwei\u00dfen an und setzen alles daran, dass die Schwei\u00dfn\u00e4hte stabil und \u00e4sthetisch ansprechend sind. Sie sind herzlich eingeladen!","og_url":"https:\/\/dynaxo.pl\/de\/technologia\/spawanie-szlifowanie-i-obrobka\/","og_site_name":"Dynaxo","article_modified_time":"2024-04-15T10:48:41+00:00","og_image":[{"width":2560,"height":1920,"url":"https:\/\/dynaxo.pl\/wp-content\/uploads\/2024\/01\/spawanie-i-zgrzewanie.jpg","type":"image\/jpeg"}],"twitter_misc":{"Gesch\u00e4tzte Lesezeit":"1\u00a0Minute"},"schema":{"@context":"https:\/\/schema.org","@graph":[{"@type":"WebPage","@id":"https:\/\/dynaxo.pl\/de\/technologia\/spawanie-szlifowanie-i-obrobka\/","url":"https:\/\/dynaxo.pl\/de\/technologia\/spawanie-szlifowanie-i-obrobka\/","name":"Schwei\u00dfen von Aluminium und rostfreiem Stahl, TIG, MIG, MAG Pozna\u0144","isPartOf":{"@id":"https:\/\/dynaxo.pl\/de\/#website"},"primaryImageOfPage":{"@id":"https:\/\/dynaxo.pl\/de\/technologia\/spawanie-szlifowanie-i-obrobka\/#primaryimage"},"image":{"@id":"https:\/\/dynaxo.pl\/de\/technologia\/spawanie-szlifowanie-i-obrobka\/#primaryimage"},"thumbnailUrl":"https:\/\/dynaxo.pl\/wp-content\/uploads\/2024\/01\/spawanie-i-zgrzewanie.jpg","datePublished":"2019-10-24T10:46:59+00:00","dateModified":"2024-04-15T10:48:41+00:00","description":"Wir bieten Aluminium- und Edelstahlschwei\u00dfen an und setzen alles daran, dass die Schwei\u00dfn\u00e4hte stabil und \u00e4sthetisch ansprechend sind. Sie sind herzlich eingeladen!","breadcrumb":{"@id":"https:\/\/dynaxo.pl\/de\/technologia\/spawanie-szlifowanie-i-obrobka\/#breadcrumb"},"inLanguage":"de","potentialAction":[{"@type":"ReadAction","target":["https:\/\/dynaxo.pl\/de\/technologia\/spawanie-szlifowanie-i-obrobka\/"]}]},{"@type":"ImageObject","inLanguage":"de","@id":"https:\/\/dynaxo.pl\/de\/technologia\/spawanie-szlifowanie-i-obrobka\/#primaryimage","url":"https:\/\/dynaxo.pl\/wp-content\/uploads\/2024\/01\/spawanie-i-zgrzewanie.jpg","contentUrl":"https:\/\/dynaxo.pl\/wp-content\/uploads\/2024\/01\/spawanie-i-zgrzewanie.jpg","width":2560,"height":1920},{"@type":"BreadcrumbList","@id":"https:\/\/dynaxo.pl\/de\/technologia\/spawanie-szlifowanie-i-obrobka\/#breadcrumb","itemListElement":[{"@type":"ListItem","position":1,"name":"Start","item":"https:\/\/dynaxo.pl\/de\/"},{"@type":"ListItem","position":2,"name":"Technologie","item":"https:\/\/dynaxo.pl\/de\/technologia\/"},{"@type":"ListItem","position":3,"name":"Schwei\u00dfen und Punktschwei\u00dfen"}]},{"@type":"WebSite","@id":"https:\/\/dynaxo.pl\/de\/#website","url":"https:\/\/dynaxo.pl\/de\/","name":"Dynaxo","description":"przestrze\u0144 kompleksowych rozwi\u0105za\u0144","potentialAction":[{"@type":"SearchAction","target":{"@type":"EntryPoint","urlTemplate":"https:\/\/dynaxo.pl\/de\/?s={search_term_string}"},"query-input":{"@type":"PropertyValueSpecification","valueRequired":true,"valueName":"search_term_string"}}],"inLanguage":"de"}]}},"_links":{"self":[{"href":"https:\/\/dynaxo.pl\/de\/wp-json\/wp\/v2\/pages\/6051","targetHints":{"allow":["GET"]}}],"collection":[{"href":"https:\/\/dynaxo.pl\/de\/wp-json\/wp\/v2\/pages"}],"about":[{"href":"https:\/\/dynaxo.pl\/de\/wp-json\/wp\/v2\/types\/page"}],"author":[{"embeddable":true,"href":"https:\/\/dynaxo.pl\/de\/wp-json\/wp\/v2\/users\/1"}],"replies":[{"embeddable":true,"href":"https:\/\/dynaxo.pl\/de\/wp-json\/wp\/v2\/comments?post=6051"}],"version-history":[{"count":5,"href":"https:\/\/dynaxo.pl\/de\/wp-json\/wp\/v2\/pages\/6051\/revisions"}],"predecessor-version":[{"id":6354,"href":"https:\/\/dynaxo.pl\/de\/wp-json\/wp\/v2\/pages\/6051\/revisions\/6354"}],"up":[{"embeddable":true,"href":"https:\/\/dynaxo.pl\/de\/wp-json\/wp\/v2\/pages\/6037"}],"wp:featuredmedia":[{"embeddable":true,"href":"https:\/\/dynaxo.pl\/de\/wp-json\/wp\/v2\/media\/5453"}],"wp:attachment":[{"href":"https:\/\/dynaxo.pl\/de\/wp-json\/wp\/v2\/media?parent=6051"}],"curies":[{"name":"wp","href":"https:\/\/api.w.org\/{rel}","templated":true}]}}