{"id":6054,"date":"2019-10-24T10:37:56","date_gmt":"2019-10-24T10:37:56","guid":{"rendered":"https:\/\/dynaxo.pl\/technologia\/malowanie-proszkowe\/"},"modified":"2024-04-15T10:48:45","modified_gmt":"2024-04-15T10:48:45","slug":"malowanie-proszkowe","status":"publish","type":"page","link":"https:\/\/dynaxo.pl\/de\/technologia\/malowanie-proszkowe\/","title":{"rendered":"Pulverbeschichtung"},"content":{"rendered":"\n<p>Eine eigene Pulverbeschichtungsanlage rundet unser Leistungsspektrum ab. Die moderne Ausstattung und die gro\u00dfe Erfahrung unserer Spezialisten erm\u00f6glichen es uns, in diesem Bereich ein H\u00f6chstma\u00df an Service zu bieten.<\/p>\n\n\n\n<ul class=\"wp-block-list\">\n<li>wir lackieren nach der elektrostatischen Methode mit Polyester-, Epoxid- und Polyester-Epoxid-Farben aus der RAL-Palette oder nach Angaben des Kunden<\/li>\n\n\n\n<li>eine moderne Lackieranlage erm\u00f6glicht die Lackierung von Werkst\u00fccken unterschiedlicher Gr\u00f6\u00dfe: 2000x1000x500 mm<\/li>\n\n\n\n<li>die Anlage arbeitet in einem Zyklus mit vollautomatischer Steuerung der Lackierparameter<\/li>\n\n\n\n<li>die chemische Oberfl\u00e4chenvorbereitung erm\u00f6glicht eine Korrosionsbest\u00e4ndigkeit von bis zu 500 Stunden im Salzspr\u00fchtest<\/li>\n\n\n\n<li>die Ger\u00e4te und die Technologie erf\u00fcllen strenge Umweltanforderungen<\/li>\n<\/ul>\n\n\n\n<p>Die Kombination von Blechumformungstechnologie und Pulverbeschichtung an einem einzigen Standort bietet unseren Kunden handfeste Vorteile in Form von Zeitersparnis und geringeren Produktionskosten. Au\u00dferdem erm\u00f6glicht es eine effiziente und umfassende Projektdurchf\u00fchrung.<\/p>\n\n\n\n<p>Unser Ziel ist es nat\u00fcrlich, die hohe Qualit\u00e4t und Haltbarkeit der Beschichtung zu gew\u00e4hrleisten. Wir sind jedoch auch sehr empfindlich gegen\u00fcber dem visuellen und \u00e4sthetischen Aspekt der lackierten Komponenten. Wir wissen, wie wichtig dies f\u00fcr unsere Kunden ist.<\/p>\n\n\n\n<figure class=\"wp-block-video\"><video height=\"1080\" style=\"aspect-ratio: 1920 \/ 1080;\" width=\"1920\" autoplay loop muted src=\"https:\/\/dynaxo.pl\/wp-content\/uploads\/2024\/04\/dynaxo_short_4-de_1.mp4\" playsinline><\/video><\/figure>\n","protected":false},"excerpt":{"rendered":"<p>Eine eigene Pulverbeschichtungsanlage rundet unser Leistungsspektrum ab. Die moderne Ausstattung und die gro\u00dfe Erfahrung unserer Spezialisten erm\u00f6glichen es uns, in diesem Bereich ein H\u00f6chstma\u00df an Service zu bieten.<\/p>\n","protected":false},"author":1,"featured_media":5370,"parent":6037,"menu_order":44,"comment_status":"closed","ping_status":"closed","template":"","meta":{"_acf_changed":false,"inline_featured_image":false,"_monsterinsights_skip_tracking":false,"_monsterinsights_sitenote_active":false,"_monsterinsights_sitenote_note":"","_monsterinsights_sitenote_category":0,"footnotes":"","_links_to":"","_links_to_target":""},"class_list":["post-6054","page","type-page","status-publish","has-post-thumbnail","hentry"],"acf":[],"yoast_head":"<!-- This site is optimized with the Yoast SEO plugin v27.2 - https:\/\/yoast.com\/product\/yoast-seo-wordpress\/ -->\n<title>. Pulverbeschichtungsanlage in Pozna\u0144 - Preisliste<\/title>\n<meta name=\"description\" content=\"Wenn Sie einen Auftrag erteilen m\u00f6chten, aber Fragen oder Bedenken zum Pulverbeschichtungsservice haben, wenden Sie sich bitte an unser Verkaufspersonal.\" \/>\n<meta name=\"robots\" content=\"index, follow, max-snippet:-1, max-image-preview:large, max-video-preview:-1\" \/>\n<link rel=\"canonical\" href=\"https:\/\/dynaxo.pl\/de\/technologia\/malowanie-proszkowe\/\" \/>\n<meta property=\"og:locale\" content=\"de_DE\" \/>\n<meta property=\"og:type\" content=\"article\" \/>\n<meta property=\"og:title\" content=\". Pulverbeschichtungsanlage in Pozna\u0144 - Preisliste\" \/>\n<meta property=\"og:description\" content=\"Wenn Sie einen Auftrag erteilen m\u00f6chten, aber Fragen oder Bedenken zum Pulverbeschichtungsservice haben, wenden Sie sich bitte an unser Verkaufspersonal.\" \/>\n<meta property=\"og:url\" content=\"https:\/\/dynaxo.pl\/de\/technologia\/malowanie-proszkowe\/\" \/>\n<meta property=\"og:site_name\" content=\"Dynaxo\" \/>\n<meta property=\"article:modified_time\" content=\"2024-04-15T10:48:45+00:00\" \/>\n<meta property=\"og:image\" content=\"https:\/\/dynaxo.pl\/wp-content\/uploads\/2024\/01\/malowanie-proszkowe2.jpg\" \/>\n\t<meta property=\"og:image:width\" content=\"1920\" \/>\n\t<meta property=\"og:image:height\" content=\"1675\" \/>\n\t<meta property=\"og:image:type\" content=\"image\/jpeg\" \/>\n<meta name=\"twitter:label1\" content=\"Gesch\u00e4tzte Lesezeit\" \/>\n\t<meta name=\"twitter:data1\" content=\"2\u00a0Minuten\" \/>\n<script type=\"application\/ld+json\" class=\"yoast-schema-graph\">{\"@context\":\"https:\/\/schema.org\",\"@graph\":[{\"@type\":\"WebPage\",\"@id\":\"https:\/\/dynaxo.pl\/de\/technologia\/malowanie-proszkowe\/\",\"url\":\"https:\/\/dynaxo.pl\/de\/technologia\/malowanie-proszkowe\/\",\"name\":\". Pulverbeschichtungsanlage in Pozna\u0144 - Preisliste\",\"isPartOf\":{\"@id\":\"https:\/\/dynaxo.pl\/de\/#website\"},\"primaryImageOfPage\":{\"@id\":\"https:\/\/dynaxo.pl\/de\/technologia\/malowanie-proszkowe\/#primaryimage\"},\"image\":{\"@id\":\"https:\/\/dynaxo.pl\/de\/technologia\/malowanie-proszkowe\/#primaryimage\"},\"thumbnailUrl\":\"https:\/\/dynaxo.pl\/wp-content\/uploads\/2024\/01\/malowanie-proszkowe2.jpg\",\"datePublished\":\"2019-10-24T10:37:56+00:00\",\"dateModified\":\"2024-04-15T10:48:45+00:00\",\"description\":\"Wenn Sie einen Auftrag erteilen m\u00f6chten, aber Fragen oder Bedenken zum Pulverbeschichtungsservice haben, wenden Sie sich bitte an unser Verkaufspersonal.\",\"breadcrumb\":{\"@id\":\"https:\/\/dynaxo.pl\/de\/technologia\/malowanie-proszkowe\/#breadcrumb\"},\"inLanguage\":\"de\",\"potentialAction\":[{\"@type\":\"ReadAction\",\"target\":[\"https:\/\/dynaxo.pl\/de\/technologia\/malowanie-proszkowe\/\"]}]},{\"@type\":\"ImageObject\",\"inLanguage\":\"de\",\"@id\":\"https:\/\/dynaxo.pl\/de\/technologia\/malowanie-proszkowe\/#primaryimage\",\"url\":\"https:\/\/dynaxo.pl\/wp-content\/uploads\/2024\/01\/malowanie-proszkowe2.jpg\",\"contentUrl\":\"https:\/\/dynaxo.pl\/wp-content\/uploads\/2024\/01\/malowanie-proszkowe2.jpg\",\"width\":1920,\"height\":1675},{\"@type\":\"BreadcrumbList\",\"@id\":\"https:\/\/dynaxo.pl\/de\/technologia\/malowanie-proszkowe\/#breadcrumb\",\"itemListElement\":[{\"@type\":\"ListItem\",\"position\":1,\"name\":\"Start\",\"item\":\"https:\/\/dynaxo.pl\/de\/\"},{\"@type\":\"ListItem\",\"position\":2,\"name\":\"Technologie\",\"item\":\"https:\/\/dynaxo.pl\/de\/technologia\/\"},{\"@type\":\"ListItem\",\"position\":3,\"name\":\"Pulverbeschichtung\"}]},{\"@type\":\"WebSite\",\"@id\":\"https:\/\/dynaxo.pl\/de\/#website\",\"url\":\"https:\/\/dynaxo.pl\/de\/\",\"name\":\"Dynaxo\",\"description\":\"przestrze\u0144 kompleksowych rozwi\u0105za\u0144\",\"potentialAction\":[{\"@type\":\"SearchAction\",\"target\":{\"@type\":\"EntryPoint\",\"urlTemplate\":\"https:\/\/dynaxo.pl\/de\/?s={search_term_string}\"},\"query-input\":{\"@type\":\"PropertyValueSpecification\",\"valueRequired\":true,\"valueName\":\"search_term_string\"}}],\"inLanguage\":\"de\"}]}<\/script>\n<!-- \/ Yoast SEO plugin. -->","yoast_head_json":{"title":". Pulverbeschichtungsanlage in Pozna\u0144 - Preisliste","description":"Wenn Sie einen Auftrag erteilen m\u00f6chten, aber Fragen oder Bedenken zum Pulverbeschichtungsservice haben, wenden Sie sich bitte an unser Verkaufspersonal.","robots":{"index":"index","follow":"follow","max-snippet":"max-snippet:-1","max-image-preview":"max-image-preview:large","max-video-preview":"max-video-preview:-1"},"canonical":"https:\/\/dynaxo.pl\/de\/technologia\/malowanie-proszkowe\/","og_locale":"de_DE","og_type":"article","og_title":". Pulverbeschichtungsanlage in Pozna\u0144 - Preisliste","og_description":"Wenn Sie einen Auftrag erteilen m\u00f6chten, aber Fragen oder Bedenken zum Pulverbeschichtungsservice haben, wenden Sie sich bitte an unser Verkaufspersonal.","og_url":"https:\/\/dynaxo.pl\/de\/technologia\/malowanie-proszkowe\/","og_site_name":"Dynaxo","article_modified_time":"2024-04-15T10:48:45+00:00","og_image":[{"width":1920,"height":1675,"url":"https:\/\/dynaxo.pl\/wp-content\/uploads\/2024\/01\/malowanie-proszkowe2.jpg","type":"image\/jpeg"}],"twitter_misc":{"Gesch\u00e4tzte Lesezeit":"2\u00a0Minuten"},"schema":{"@context":"https:\/\/schema.org","@graph":[{"@type":"WebPage","@id":"https:\/\/dynaxo.pl\/de\/technologia\/malowanie-proszkowe\/","url":"https:\/\/dynaxo.pl\/de\/technologia\/malowanie-proszkowe\/","name":". Pulverbeschichtungsanlage in Pozna\u0144 - Preisliste","isPartOf":{"@id":"https:\/\/dynaxo.pl\/de\/#website"},"primaryImageOfPage":{"@id":"https:\/\/dynaxo.pl\/de\/technologia\/malowanie-proszkowe\/#primaryimage"},"image":{"@id":"https:\/\/dynaxo.pl\/de\/technologia\/malowanie-proszkowe\/#primaryimage"},"thumbnailUrl":"https:\/\/dynaxo.pl\/wp-content\/uploads\/2024\/01\/malowanie-proszkowe2.jpg","datePublished":"2019-10-24T10:37:56+00:00","dateModified":"2024-04-15T10:48:45+00:00","description":"Wenn Sie einen Auftrag erteilen m\u00f6chten, aber Fragen oder Bedenken zum Pulverbeschichtungsservice haben, wenden Sie sich bitte an unser Verkaufspersonal.","breadcrumb":{"@id":"https:\/\/dynaxo.pl\/de\/technologia\/malowanie-proszkowe\/#breadcrumb"},"inLanguage":"de","potentialAction":[{"@type":"ReadAction","target":["https:\/\/dynaxo.pl\/de\/technologia\/malowanie-proszkowe\/"]}]},{"@type":"ImageObject","inLanguage":"de","@id":"https:\/\/dynaxo.pl\/de\/technologia\/malowanie-proszkowe\/#primaryimage","url":"https:\/\/dynaxo.pl\/wp-content\/uploads\/2024\/01\/malowanie-proszkowe2.jpg","contentUrl":"https:\/\/dynaxo.pl\/wp-content\/uploads\/2024\/01\/malowanie-proszkowe2.jpg","width":1920,"height":1675},{"@type":"BreadcrumbList","@id":"https:\/\/dynaxo.pl\/de\/technologia\/malowanie-proszkowe\/#breadcrumb","itemListElement":[{"@type":"ListItem","position":1,"name":"Start","item":"https:\/\/dynaxo.pl\/de\/"},{"@type":"ListItem","position":2,"name":"Technologie","item":"https:\/\/dynaxo.pl\/de\/technologia\/"},{"@type":"ListItem","position":3,"name":"Pulverbeschichtung"}]},{"@type":"WebSite","@id":"https:\/\/dynaxo.pl\/de\/#website","url":"https:\/\/dynaxo.pl\/de\/","name":"Dynaxo","description":"przestrze\u0144 kompleksowych rozwi\u0105za\u0144","potentialAction":[{"@type":"SearchAction","target":{"@type":"EntryPoint","urlTemplate":"https:\/\/dynaxo.pl\/de\/?s={search_term_string}"},"query-input":{"@type":"PropertyValueSpecification","valueRequired":true,"valueName":"search_term_string"}}],"inLanguage":"de"}]}},"_links":{"self":[{"href":"https:\/\/dynaxo.pl\/de\/wp-json\/wp\/v2\/pages\/6054","targetHints":{"allow":["GET"]}}],"collection":[{"href":"https:\/\/dynaxo.pl\/de\/wp-json\/wp\/v2\/pages"}],"about":[{"href":"https:\/\/dynaxo.pl\/de\/wp-json\/wp\/v2\/types\/page"}],"author":[{"embeddable":true,"href":"https:\/\/dynaxo.pl\/de\/wp-json\/wp\/v2\/users\/1"}],"replies":[{"embeddable":true,"href":"https:\/\/dynaxo.pl\/de\/wp-json\/wp\/v2\/comments?post=6054"}],"version-history":[{"count":5,"href":"https:\/\/dynaxo.pl\/de\/wp-json\/wp\/v2\/pages\/6054\/revisions"}],"predecessor-version":[{"id":6358,"href":"https:\/\/dynaxo.pl\/de\/wp-json\/wp\/v2\/pages\/6054\/revisions\/6358"}],"up":[{"embeddable":true,"href":"https:\/\/dynaxo.pl\/de\/wp-json\/wp\/v2\/pages\/6037"}],"wp:featuredmedia":[{"embeddable":true,"href":"https:\/\/dynaxo.pl\/de\/wp-json\/wp\/v2\/media\/5370"}],"wp:attachment":[{"href":"https:\/\/dynaxo.pl\/de\/wp-json\/wp\/v2\/media?parent=6054"}],"curies":[{"name":"wp","href":"https:\/\/api.w.org\/{rel}","templated":true}]}}