{"id":6057,"date":"2019-10-24T10:42:11","date_gmt":"2019-10-24T10:42:11","guid":{"rendered":"https:\/\/dynaxo.pl\/technologia\/pozostale-uslugi\/"},"modified":"2024-04-09T12:30:55","modified_gmt":"2024-04-09T12:30:55","slug":"pozostale-uslugi","status":"publish","type":"page","link":"https:\/\/dynaxo.pl\/de\/technologia\/pozostale-uslugi\/","title":{"rendered":"Sonstige Dienstleistungen"},"content":{"rendered":"\n<p>Als Teil unseres umfassenden Angebots und zur Absicherung aller Kundenbed\u00fcrfnisse bieten wir auch zus\u00e4tzliche Verfahren wie z.B.:<\/p>\n\n<ul class=\"wp-block-list\">\n<li>Endbearbeitung, Schleifen auf der COSTA MD4-CV 1150 Breitbandentgratungsmaschine<\/li>\n\n\n\n<li>Fr\u00e4sen auf einer 4,6 kW AXYZ 4000 CNC Oberfr\u00e4se, Arbeitsbereich 1520x1220x250 mm<\/li>\n\n\n\n<li>Profilschneiden auf der Ergonomic Automatic Bands\u00e4ge<\/li>\n\n\n\n<li>Zusammenbau (Nieten, Muttern, Bolzen, andere Verbindungselemente) und Vormontage zu fertigen Baugruppen<\/li>\n\n\n\n<li>Externe Dienstleistungen: Galvanisieren und Feuerverzinken, Eloxieren, Chromatieren, Siebdrucken<\/li>\n<\/ul>\n\n<p>Unser Ziel ist es, die Bed\u00fcrfnisse der Kunden zu verstehen und ihnen fertige L\u00f6sungen anzubieten. Deshalb bereichern wir unseren Maschinenpark und unsere Technologie mit zus\u00e4tzlichen L\u00f6sungen, die eine umfassende Umsetzung erm\u00f6glichen. Wir geben auch unser langj\u00e4hriges Wissen und unsere Erfahrung weiter, indem wir unsere Unterst\u00fctzung anbieten und nach den optimalsten L\u00f6sungen suchen.<\/p>\n","protected":false},"excerpt":{"rendered":"<p>Als Teil unseres umfassenden Angebots und zur Sicherstellung aller Bed\u00fcrfnisse unserer Kunden bieten wir auch zus\u00e4tzliche Verfahren an.<\/p>\n","protected":false},"author":1,"featured_media":5629,"parent":6037,"menu_order":53,"comment_status":"closed","ping_status":"closed","template":"","meta":{"_acf_changed":false,"inline_featured_image":false,"_monsterinsights_skip_tracking":false,"_monsterinsights_sitenote_active":false,"_monsterinsights_sitenote_note":"","_monsterinsights_sitenote_category":0,"footnotes":"","_links_to":"","_links_to_target":""},"class_list":["post-6057","page","type-page","status-publish","has-post-thumbnail","hentry"],"acf":[],"yoast_head":"<!-- This site is optimized with the Yoast SEO plugin v27.2 - https:\/\/yoast.com\/product\/yoast-seo-wordpress\/ -->\n<title>Sonstige Dienstleistungen - Dynaxo<\/title>\n<meta name=\"description\" content=\"Dank unserer fortschrittlichen technischen Ausstattung k\u00f6nnen wir Profile bearbeiten. Mit der Bands\u00e4ge f\u00fchren wir gro\u00dffl\u00e4chige Schnitte sowohl in Profilen als auch in Vollmaterial mit einem maximalen Durchmesser von 250 mm durch. Wir verwenden eine dornlose Rohr- und Profilbiegemaschine, bei der das Rohr um eine Schablone gewickelt wird. Auf diese Weise sind wir in der Lage, Biegungen mit einem Mindestradius von 2 \u03a6 und einer maximalen Wandst\u00e4rke von 3 mm bei einem gebogenen Rohrdurchmesser von 42 mm durchzuf\u00fchren. Wir sind auch auf die pr\u00e4zise, fast unsichtbare Verbindung von Bauteilen spezialisiert.\" \/>\n<meta name=\"robots\" content=\"index, follow, max-snippet:-1, max-image-preview:large, max-video-preview:-1\" \/>\n<link rel=\"canonical\" href=\"https:\/\/dynaxo.pl\/de\/technologia\/pozostale-uslugi\/\" \/>\n<meta property=\"og:locale\" content=\"de_DE\" \/>\n<meta property=\"og:type\" content=\"article\" \/>\n<meta property=\"og:title\" content=\"Sonstige Dienstleistungen - Dynaxo\" \/>\n<meta property=\"og:description\" content=\"Dank unserer fortschrittlichen technischen Ausstattung k\u00f6nnen wir Profile bearbeiten. Mit der Bands\u00e4ge f\u00fchren wir gro\u00dffl\u00e4chige Schnitte sowohl in Profilen als auch in Vollmaterial mit einem maximalen Durchmesser von 250 mm durch. Wir verwenden eine dornlose Rohr- und Profilbiegemaschine, bei der das Rohr um eine Schablone gewickelt wird. Auf diese Weise sind wir in der Lage, Biegungen mit einem Mindestradius von 2 \u03a6 und einer maximalen Wandst\u00e4rke von 3 mm bei einem gebogenen Rohrdurchmesser von 42 mm durchzuf\u00fchren. Wir sind auch auf die pr\u00e4zise, fast unsichtbare Verbindung von Bauteilen spezialisiert.\" \/>\n<meta property=\"og:url\" content=\"https:\/\/dynaxo.pl\/de\/technologia\/pozostale-uslugi\/\" \/>\n<meta property=\"og:site_name\" content=\"Dynaxo\" \/>\n<meta property=\"article:modified_time\" content=\"2024-04-09T12:30:55+00:00\" \/>\n<meta property=\"og:image\" content=\"https:\/\/dynaxo.pl\/wp-content\/uploads\/2024\/02\/dsf8782-2-scaled.jpg\" \/>\n\t<meta property=\"og:image:width\" content=\"1920\" \/>\n\t<meta property=\"og:image:height\" content=\"2560\" \/>\n\t<meta property=\"og:image:type\" content=\"image\/jpeg\" \/>\n<meta name=\"twitter:label1\" content=\"Gesch\u00e4tzte Lesezeit\" \/>\n\t<meta name=\"twitter:data1\" content=\"1\u00a0Minute\" \/>\n<script type=\"application\/ld+json\" class=\"yoast-schema-graph\">{\"@context\":\"https:\/\/schema.org\",\"@graph\":[{\"@type\":\"WebPage\",\"@id\":\"https:\/\/dynaxo.pl\/de\/technologia\/pozostale-uslugi\/\",\"url\":\"https:\/\/dynaxo.pl\/de\/technologia\/pozostale-uslugi\/\",\"name\":\"Sonstige Dienstleistungen - Dynaxo\",\"isPartOf\":{\"@id\":\"https:\/\/dynaxo.pl\/de\/#website\"},\"primaryImageOfPage\":{\"@id\":\"https:\/\/dynaxo.pl\/de\/technologia\/pozostale-uslugi\/#primaryimage\"},\"image\":{\"@id\":\"https:\/\/dynaxo.pl\/de\/technologia\/pozostale-uslugi\/#primaryimage\"},\"thumbnailUrl\":\"https:\/\/dynaxo.pl\/wp-content\/uploads\/2024\/02\/dsf8782-2-scaled.jpg\",\"datePublished\":\"2019-10-24T10:42:11+00:00\",\"dateModified\":\"2024-04-09T12:30:55+00:00\",\"description\":\"Dank unserer fortschrittlichen technischen Ausstattung k\u00f6nnen wir Profile bearbeiten. Mit der Bands\u00e4ge f\u00fchren wir gro\u00dffl\u00e4chige Schnitte sowohl in Profilen als auch in Vollmaterial mit einem maximalen Durchmesser von 250 mm durch. Wir verwenden eine dornlose Rohr- und Profilbiegemaschine, bei der das Rohr um eine Schablone gewickelt wird. Auf diese Weise sind wir in der Lage, Biegungen mit einem Mindestradius von 2 \u03a6 und einer maximalen Wandst\u00e4rke von 3 mm bei einem gebogenen Rohrdurchmesser von 42 mm durchzuf\u00fchren. Wir sind auch auf die pr\u00e4zise, fast unsichtbare Verbindung von Bauteilen spezialisiert.\",\"breadcrumb\":{\"@id\":\"https:\/\/dynaxo.pl\/de\/technologia\/pozostale-uslugi\/#breadcrumb\"},\"inLanguage\":\"de\",\"potentialAction\":[{\"@type\":\"ReadAction\",\"target\":[\"https:\/\/dynaxo.pl\/de\/technologia\/pozostale-uslugi\/\"]}]},{\"@type\":\"ImageObject\",\"inLanguage\":\"de\",\"@id\":\"https:\/\/dynaxo.pl\/de\/technologia\/pozostale-uslugi\/#primaryimage\",\"url\":\"https:\/\/dynaxo.pl\/wp-content\/uploads\/2024\/02\/dsf8782-2-scaled.jpg\",\"contentUrl\":\"https:\/\/dynaxo.pl\/wp-content\/uploads\/2024\/02\/dsf8782-2-scaled.jpg\",\"width\":1920,\"height\":2560},{\"@type\":\"BreadcrumbList\",\"@id\":\"https:\/\/dynaxo.pl\/de\/technologia\/pozostale-uslugi\/#breadcrumb\",\"itemListElement\":[{\"@type\":\"ListItem\",\"position\":1,\"name\":\"Start\",\"item\":\"https:\/\/dynaxo.pl\/de\/\"},{\"@type\":\"ListItem\",\"position\":2,\"name\":\"Technologie\",\"item\":\"https:\/\/dynaxo.pl\/de\/technologia\/\"},{\"@type\":\"ListItem\",\"position\":3,\"name\":\"Sonstige Dienstleistungen\"}]},{\"@type\":\"WebSite\",\"@id\":\"https:\/\/dynaxo.pl\/de\/#website\",\"url\":\"https:\/\/dynaxo.pl\/de\/\",\"name\":\"Dynaxo\",\"description\":\"przestrze\u0144 kompleksowych rozwi\u0105za\u0144\",\"potentialAction\":[{\"@type\":\"SearchAction\",\"target\":{\"@type\":\"EntryPoint\",\"urlTemplate\":\"https:\/\/dynaxo.pl\/de\/?s={search_term_string}\"},\"query-input\":{\"@type\":\"PropertyValueSpecification\",\"valueRequired\":true,\"valueName\":\"search_term_string\"}}],\"inLanguage\":\"de\"}]}<\/script>\n<!-- \/ Yoast SEO plugin. -->","yoast_head_json":{"title":"Sonstige Dienstleistungen - Dynaxo","description":"Dank unserer fortschrittlichen technischen Ausstattung k\u00f6nnen wir Profile bearbeiten. Mit der Bands\u00e4ge f\u00fchren wir gro\u00dffl\u00e4chige Schnitte sowohl in Profilen als auch in Vollmaterial mit einem maximalen Durchmesser von 250 mm durch. Wir verwenden eine dornlose Rohr- und Profilbiegemaschine, bei der das Rohr um eine Schablone gewickelt wird. Auf diese Weise sind wir in der Lage, Biegungen mit einem Mindestradius von 2 \u03a6 und einer maximalen Wandst\u00e4rke von 3 mm bei einem gebogenen Rohrdurchmesser von 42 mm durchzuf\u00fchren. Wir sind auch auf die pr\u00e4zise, fast unsichtbare Verbindung von Bauteilen spezialisiert.","robots":{"index":"index","follow":"follow","max-snippet":"max-snippet:-1","max-image-preview":"max-image-preview:large","max-video-preview":"max-video-preview:-1"},"canonical":"https:\/\/dynaxo.pl\/de\/technologia\/pozostale-uslugi\/","og_locale":"de_DE","og_type":"article","og_title":"Sonstige Dienstleistungen - Dynaxo","og_description":"Dank unserer fortschrittlichen technischen Ausstattung k\u00f6nnen wir Profile bearbeiten. Mit der Bands\u00e4ge f\u00fchren wir gro\u00dffl\u00e4chige Schnitte sowohl in Profilen als auch in Vollmaterial mit einem maximalen Durchmesser von 250 mm durch. Wir verwenden eine dornlose Rohr- und Profilbiegemaschine, bei der das Rohr um eine Schablone gewickelt wird. Auf diese Weise sind wir in der Lage, Biegungen mit einem Mindestradius von 2 \u03a6 und einer maximalen Wandst\u00e4rke von 3 mm bei einem gebogenen Rohrdurchmesser von 42 mm durchzuf\u00fchren. Wir sind auch auf die pr\u00e4zise, fast unsichtbare Verbindung von Bauteilen spezialisiert.","og_url":"https:\/\/dynaxo.pl\/de\/technologia\/pozostale-uslugi\/","og_site_name":"Dynaxo","article_modified_time":"2024-04-09T12:30:55+00:00","og_image":[{"width":1920,"height":2560,"url":"https:\/\/dynaxo.pl\/wp-content\/uploads\/2024\/02\/dsf8782-2-scaled.jpg","type":"image\/jpeg"}],"twitter_misc":{"Gesch\u00e4tzte Lesezeit":"1\u00a0Minute"},"schema":{"@context":"https:\/\/schema.org","@graph":[{"@type":"WebPage","@id":"https:\/\/dynaxo.pl\/de\/technologia\/pozostale-uslugi\/","url":"https:\/\/dynaxo.pl\/de\/technologia\/pozostale-uslugi\/","name":"Sonstige Dienstleistungen - Dynaxo","isPartOf":{"@id":"https:\/\/dynaxo.pl\/de\/#website"},"primaryImageOfPage":{"@id":"https:\/\/dynaxo.pl\/de\/technologia\/pozostale-uslugi\/#primaryimage"},"image":{"@id":"https:\/\/dynaxo.pl\/de\/technologia\/pozostale-uslugi\/#primaryimage"},"thumbnailUrl":"https:\/\/dynaxo.pl\/wp-content\/uploads\/2024\/02\/dsf8782-2-scaled.jpg","datePublished":"2019-10-24T10:42:11+00:00","dateModified":"2024-04-09T12:30:55+00:00","description":"Dank unserer fortschrittlichen technischen Ausstattung k\u00f6nnen wir Profile bearbeiten. Mit der Bands\u00e4ge f\u00fchren wir gro\u00dffl\u00e4chige Schnitte sowohl in Profilen als auch in Vollmaterial mit einem maximalen Durchmesser von 250 mm durch. Wir verwenden eine dornlose Rohr- und Profilbiegemaschine, bei der das Rohr um eine Schablone gewickelt wird. Auf diese Weise sind wir in der Lage, Biegungen mit einem Mindestradius von 2 \u03a6 und einer maximalen Wandst\u00e4rke von 3 mm bei einem gebogenen Rohrdurchmesser von 42 mm durchzuf\u00fchren. Wir sind auch auf die pr\u00e4zise, fast unsichtbare Verbindung von Bauteilen spezialisiert.","breadcrumb":{"@id":"https:\/\/dynaxo.pl\/de\/technologia\/pozostale-uslugi\/#breadcrumb"},"inLanguage":"de","potentialAction":[{"@type":"ReadAction","target":["https:\/\/dynaxo.pl\/de\/technologia\/pozostale-uslugi\/"]}]},{"@type":"ImageObject","inLanguage":"de","@id":"https:\/\/dynaxo.pl\/de\/technologia\/pozostale-uslugi\/#primaryimage","url":"https:\/\/dynaxo.pl\/wp-content\/uploads\/2024\/02\/dsf8782-2-scaled.jpg","contentUrl":"https:\/\/dynaxo.pl\/wp-content\/uploads\/2024\/02\/dsf8782-2-scaled.jpg","width":1920,"height":2560},{"@type":"BreadcrumbList","@id":"https:\/\/dynaxo.pl\/de\/technologia\/pozostale-uslugi\/#breadcrumb","itemListElement":[{"@type":"ListItem","position":1,"name":"Start","item":"https:\/\/dynaxo.pl\/de\/"},{"@type":"ListItem","position":2,"name":"Technologie","item":"https:\/\/dynaxo.pl\/de\/technologia\/"},{"@type":"ListItem","position":3,"name":"Sonstige Dienstleistungen"}]},{"@type":"WebSite","@id":"https:\/\/dynaxo.pl\/de\/#website","url":"https:\/\/dynaxo.pl\/de\/","name":"Dynaxo","description":"przestrze\u0144 kompleksowych rozwi\u0105za\u0144","potentialAction":[{"@type":"SearchAction","target":{"@type":"EntryPoint","urlTemplate":"https:\/\/dynaxo.pl\/de\/?s={search_term_string}"},"query-input":{"@type":"PropertyValueSpecification","valueRequired":true,"valueName":"search_term_string"}}],"inLanguage":"de"}]}},"_links":{"self":[{"href":"https:\/\/dynaxo.pl\/de\/wp-json\/wp\/v2\/pages\/6057","targetHints":{"allow":["GET"]}}],"collection":[{"href":"https:\/\/dynaxo.pl\/de\/wp-json\/wp\/v2\/pages"}],"about":[{"href":"https:\/\/dynaxo.pl\/de\/wp-json\/wp\/v2\/types\/page"}],"author":[{"embeddable":true,"href":"https:\/\/dynaxo.pl\/de\/wp-json\/wp\/v2\/users\/1"}],"replies":[{"embeddable":true,"href":"https:\/\/dynaxo.pl\/de\/wp-json\/wp\/v2\/comments?post=6057"}],"version-history":[{"count":3,"href":"https:\/\/dynaxo.pl\/de\/wp-json\/wp\/v2\/pages\/6057\/revisions"}],"predecessor-version":[{"id":6251,"href":"https:\/\/dynaxo.pl\/de\/wp-json\/wp\/v2\/pages\/6057\/revisions\/6251"}],"up":[{"embeddable":true,"href":"https:\/\/dynaxo.pl\/de\/wp-json\/wp\/v2\/pages\/6037"}],"wp:featuredmedia":[{"embeddable":true,"href":"https:\/\/dynaxo.pl\/de\/wp-json\/wp\/v2\/media\/5629"}],"wp:attachment":[{"href":"https:\/\/dynaxo.pl\/de\/wp-json\/wp\/v2\/media?parent=6057"}],"curies":[{"name":"wp","href":"https:\/\/api.w.org\/{rel}","templated":true}]}}