{"id":6062,"date":"2015-04-24T14:00:16","date_gmt":"2015-04-24T14:00:16","guid":{"rendered":"https:\/\/dynaxo.pl\/o-nas\/certyfikaty-i-patenty\/"},"modified":"2024-04-08T10:20:05","modified_gmt":"2024-04-08T10:20:05","slug":"certyfikaty-i-patenty","status":"publish","type":"page","link":"https:\/\/dynaxo.pl\/de\/o-nas\/certyfikaty-i-patenty\/","title":{"rendered":"Bescheinigungen und Patente"},"content":{"rendered":"","protected":false},"excerpt":{"rendered":"","protected":false},"author":1,"featured_media":0,"parent":6060,"menu_order":49,"comment_status":"closed","ping_status":"closed","template":"","meta":{"_acf_changed":false,"inline_featured_image":false,"_monsterinsights_skip_tracking":false,"_monsterinsights_sitenote_active":false,"_monsterinsights_sitenote_note":"","_monsterinsights_sitenote_category":0,"footnotes":"","_links_to":"","_links_to_target":""},"class_list":["post-6062","page","type-page","status-publish","hentry"],"acf":[],"yoast_head":"<!-- This site is optimized with the Yoast SEO plugin v27.2 - https:\/\/yoast.com\/product\/yoast-seo-wordpress\/ -->\n<title>Bescheinigungen und Patente - Dynaxo<\/title>\n<meta name=\"description\" content=\"KONSTRUKTION UND HERSTELLUNG VON METALLPRODUKTEN - UMFASSEND UND PERFEKT. Wir besch\u00e4ftigen uns ausgiebig mit der Metallverarbeitung - hier gibt es f\u00fcr uns keine Grenzen.\" \/>\n<meta name=\"robots\" content=\"index, follow, max-snippet:-1, max-image-preview:large, max-video-preview:-1\" \/>\n<link rel=\"canonical\" href=\"https:\/\/dynaxo.pl\/de\/o-nas\/certyfikaty-i-patenty\/\" \/>\n<meta property=\"og:locale\" content=\"de_DE\" \/>\n<meta property=\"og:type\" content=\"article\" \/>\n<meta property=\"og:title\" content=\"Bescheinigungen und Patente - Dynaxo\" \/>\n<meta property=\"og:description\" content=\"KONSTRUKTION UND HERSTELLUNG VON METALLPRODUKTEN - UMFASSEND UND PERFEKT. Wir besch\u00e4ftigen uns ausgiebig mit der Metallverarbeitung - hier gibt es f\u00fcr uns keine Grenzen.\" \/>\n<meta property=\"og:url\" content=\"https:\/\/dynaxo.pl\/de\/o-nas\/certyfikaty-i-patenty\/\" \/>\n<meta property=\"og:site_name\" content=\"Dynaxo\" \/>\n<meta property=\"article:modified_time\" content=\"2024-04-08T10:20:05+00:00\" \/>\n<script type=\"application\/ld+json\" class=\"yoast-schema-graph\">{\"@context\":\"https:\/\/schema.org\",\"@graph\":[{\"@type\":\"WebPage\",\"@id\":\"https:\/\/dynaxo.pl\/de\/o-nas\/certyfikaty-i-patenty\/\",\"url\":\"https:\/\/dynaxo.pl\/de\/o-nas\/certyfikaty-i-patenty\/\",\"name\":\"Bescheinigungen und Patente - Dynaxo\",\"isPartOf\":{\"@id\":\"https:\/\/dynaxo.pl\/de\/#website\"},\"datePublished\":\"2015-04-24T14:00:16+00:00\",\"dateModified\":\"2024-04-08T10:20:05+00:00\",\"description\":\"KONSTRUKTION UND HERSTELLUNG VON METALLPRODUKTEN - UMFASSEND UND PERFEKT. Wir besch\u00e4ftigen uns ausgiebig mit der Metallverarbeitung - hier gibt es f\u00fcr uns keine Grenzen.\",\"breadcrumb\":{\"@id\":\"https:\/\/dynaxo.pl\/de\/o-nas\/certyfikaty-i-patenty\/#breadcrumb\"},\"inLanguage\":\"de\",\"potentialAction\":[{\"@type\":\"ReadAction\",\"target\":[\"https:\/\/dynaxo.pl\/de\/o-nas\/certyfikaty-i-patenty\/\"]}]},{\"@type\":\"BreadcrumbList\",\"@id\":\"https:\/\/dynaxo.pl\/de\/o-nas\/certyfikaty-i-patenty\/#breadcrumb\",\"itemListElement\":[{\"@type\":\"ListItem\",\"position\":1,\"name\":\"Start\",\"item\":\"https:\/\/dynaxo.pl\/de\/\"},{\"@type\":\"ListItem\",\"position\":2,\"name\":\"\u00dcber uns\",\"item\":\"\/o-nas\/o-firmie\/\"},{\"@type\":\"ListItem\",\"position\":3,\"name\":\"Bescheinigungen und Patente\"}]},{\"@type\":\"WebSite\",\"@id\":\"https:\/\/dynaxo.pl\/de\/#website\",\"url\":\"https:\/\/dynaxo.pl\/de\/\",\"name\":\"Dynaxo\",\"description\":\"przestrze\u0144 kompleksowych rozwi\u0105za\u0144\",\"potentialAction\":[{\"@type\":\"SearchAction\",\"target\":{\"@type\":\"EntryPoint\",\"urlTemplate\":\"https:\/\/dynaxo.pl\/de\/?s={search_term_string}\"},\"query-input\":{\"@type\":\"PropertyValueSpecification\",\"valueRequired\":true,\"valueName\":\"search_term_string\"}}],\"inLanguage\":\"de\"}]}<\/script>\n<!-- \/ Yoast SEO plugin. -->","yoast_head_json":{"title":"Bescheinigungen und Patente - Dynaxo","description":"KONSTRUKTION UND HERSTELLUNG VON METALLPRODUKTEN - UMFASSEND UND PERFEKT. Wir besch\u00e4ftigen uns ausgiebig mit der Metallverarbeitung - hier gibt es f\u00fcr uns keine Grenzen.","robots":{"index":"index","follow":"follow","max-snippet":"max-snippet:-1","max-image-preview":"max-image-preview:large","max-video-preview":"max-video-preview:-1"},"canonical":"https:\/\/dynaxo.pl\/de\/o-nas\/certyfikaty-i-patenty\/","og_locale":"de_DE","og_type":"article","og_title":"Bescheinigungen und Patente - Dynaxo","og_description":"KONSTRUKTION UND HERSTELLUNG VON METALLPRODUKTEN - UMFASSEND UND PERFEKT. Wir besch\u00e4ftigen uns ausgiebig mit der Metallverarbeitung - hier gibt es f\u00fcr uns keine Grenzen.","og_url":"https:\/\/dynaxo.pl\/de\/o-nas\/certyfikaty-i-patenty\/","og_site_name":"Dynaxo","article_modified_time":"2024-04-08T10:20:05+00:00","schema":{"@context":"https:\/\/schema.org","@graph":[{"@type":"WebPage","@id":"https:\/\/dynaxo.pl\/de\/o-nas\/certyfikaty-i-patenty\/","url":"https:\/\/dynaxo.pl\/de\/o-nas\/certyfikaty-i-patenty\/","name":"Bescheinigungen und Patente - Dynaxo","isPartOf":{"@id":"https:\/\/dynaxo.pl\/de\/#website"},"datePublished":"2015-04-24T14:00:16+00:00","dateModified":"2024-04-08T10:20:05+00:00","description":"KONSTRUKTION UND HERSTELLUNG VON METALLPRODUKTEN - UMFASSEND UND PERFEKT. Wir besch\u00e4ftigen uns ausgiebig mit der Metallverarbeitung - hier gibt es f\u00fcr uns keine Grenzen.","breadcrumb":{"@id":"https:\/\/dynaxo.pl\/de\/o-nas\/certyfikaty-i-patenty\/#breadcrumb"},"inLanguage":"de","potentialAction":[{"@type":"ReadAction","target":["https:\/\/dynaxo.pl\/de\/o-nas\/certyfikaty-i-patenty\/"]}]},{"@type":"BreadcrumbList","@id":"https:\/\/dynaxo.pl\/de\/o-nas\/certyfikaty-i-patenty\/#breadcrumb","itemListElement":[{"@type":"ListItem","position":1,"name":"Start","item":"https:\/\/dynaxo.pl\/de\/"},{"@type":"ListItem","position":2,"name":"\u00dcber uns","item":"\/o-nas\/o-firmie\/"},{"@type":"ListItem","position":3,"name":"Bescheinigungen und Patente"}]},{"@type":"WebSite","@id":"https:\/\/dynaxo.pl\/de\/#website","url":"https:\/\/dynaxo.pl\/de\/","name":"Dynaxo","description":"przestrze\u0144 kompleksowych rozwi\u0105za\u0144","potentialAction":[{"@type":"SearchAction","target":{"@type":"EntryPoint","urlTemplate":"https:\/\/dynaxo.pl\/de\/?s={search_term_string}"},"query-input":{"@type":"PropertyValueSpecification","valueRequired":true,"valueName":"search_term_string"}}],"inLanguage":"de"}]}},"_links":{"self":[{"href":"https:\/\/dynaxo.pl\/de\/wp-json\/wp\/v2\/pages\/6062","targetHints":{"allow":["GET"]}}],"collection":[{"href":"https:\/\/dynaxo.pl\/de\/wp-json\/wp\/v2\/pages"}],"about":[{"href":"https:\/\/dynaxo.pl\/de\/wp-json\/wp\/v2\/types\/page"}],"author":[{"embeddable":true,"href":"https:\/\/dynaxo.pl\/de\/wp-json\/wp\/v2\/users\/1"}],"replies":[{"embeddable":true,"href":"https:\/\/dynaxo.pl\/de\/wp-json\/wp\/v2\/comments?post=6062"}],"version-history":[{"count":2,"href":"https:\/\/dynaxo.pl\/de\/wp-json\/wp\/v2\/pages\/6062\/revisions"}],"predecessor-version":[{"id":6150,"href":"https:\/\/dynaxo.pl\/de\/wp-json\/wp\/v2\/pages\/6062\/revisions\/6150"}],"up":[{"embeddable":true,"href":"https:\/\/dynaxo.pl\/de\/wp-json\/wp\/v2\/pages\/6060"}],"wp:attachment":[{"href":"https:\/\/dynaxo.pl\/de\/wp-json\/wp\/v2\/media?parent=6062"}],"curies":[{"name":"wp","href":"https:\/\/api.w.org\/{rel}","templated":true}]}}