{"id":6064,"date":"2015-05-27T17:05:10","date_gmt":"2015-05-27T17:05:10","guid":{"rendered":"https:\/\/dynaxo.pl\/o-nas\/informacje-prawne\/"},"modified":"2024-04-08T10:21:43","modified_gmt":"2024-04-08T10:21:43","slug":"informacje-prawne","status":"publish","type":"page","link":"https:\/\/dynaxo.pl\/de\/o-nas\/informacje-prawne\/","title":{"rendered":"Rechtliche Informationen"},"content":{"rendered":"<p><strong>DYNAXO Sp. z o.o. | Popowo 2a, 64-510 Wronki<\/strong><br \/>\nBezirksgericht Pozna\u0144 &#8211; Nowe Miasto und Wilda in Pozna\u0144<br \/>\nIX Handelsabteilung des Gerichtsregisters<br \/>\nGrundkapital 1 650 000 PLN (voll eingezahlt)<\/p>\n<p>KRS 0000163601 | REGON 570037527 | NIP: 763-001-64-20<\/p>\n<p><strong>Kontonummer:<\/strong><br \/>\nING Bank \u015al\u0105ski S.A.<br \/>\nPLN-Konto: 39 1050 1520 1000 0090 3098 0552<br \/>\nDevisenkonto: 17 1050 1520 1000 0090 3098 0560<\/p>\n<p>Alle pers\u00f6nlichen und gesch\u00fctzten Urheberrechte an den Elementen der Website (Texte, Grafiken, Seitenlayout usw.) sind vorbehalten.<\/p>\n","protected":false},"excerpt":{"rendered":"<p>DYNAXO Sp. z o.o. | Popowo 2a, 64-510 Wronki Bezirksgericht Pozna\u0144 &#8211; Nowe Miasto und Wilda in Pozna\u0144 IX Handelsabteilung des Gerichtsregisters Grundkapital 1 650 000 PLN (voll eingezahlt) KRS 0000163601 | REGON 570037527 | NIP: 763-001-64-20 Kontonummer: ING Bank \u015al\u0105ski S.A. PLN-Konto: 39 1050 1520 1000 0090 3098 0552 Devisenkonto: 17 1050 1520 1000 0090 3098 0560 Alle pers\u00f6nlichen und gesch\u00fctzten Urheberrechte an den [&hellip;]<\/p>\n","protected":false},"author":3,"featured_media":0,"parent":6060,"menu_order":66,"comment_status":"closed","ping_status":"closed","template":"","meta":{"_acf_changed":false,"inline_featured_image":false,"_monsterinsights_skip_tracking":false,"_monsterinsights_sitenote_active":false,"_monsterinsights_sitenote_note":"","_monsterinsights_sitenote_category":0,"footnotes":"","_links_to":"","_links_to_target":""},"class_list":["post-6064","page","type-page","status-publish","hentry"],"acf":[],"yoast_head":"<!-- This site is optimized with the Yoast SEO plugin v27.2 - https:\/\/yoast.com\/product\/yoast-seo-wordpress\/ -->\n<title>Rechtliche Informationen - Dynaxo<\/title>\n<meta name=\"description\" content=\"Erfahrung, Leidenschaft und Innovation - willkommen in der Welt von DYNAXO, einem Full-Service-Anbieter von Technologiel\u00f6sungen aus Wielkopolska, der seit fast 40 Jahren erfolgreich in den Bereichen Design und Produktion von Metallprodukten t\u00e4tig ist und den Markt f\u00fcr wei\u00dfe Ware erfolgreich erobert hat.\" \/>\n<meta name=\"robots\" content=\"index, follow, max-snippet:-1, max-image-preview:large, max-video-preview:-1\" \/>\n<link rel=\"canonical\" href=\"https:\/\/dynaxo.pl\/de\/o-nas\/informacje-prawne\/\" \/>\n<meta property=\"og:locale\" content=\"de_DE\" \/>\n<meta property=\"og:type\" content=\"article\" \/>\n<meta property=\"og:title\" content=\"Rechtliche Informationen - Dynaxo\" \/>\n<meta property=\"og:description\" content=\"Erfahrung, Leidenschaft und Innovation - willkommen in der Welt von DYNAXO, einem Full-Service-Anbieter von Technologiel\u00f6sungen aus Wielkopolska, der seit fast 40 Jahren erfolgreich in den Bereichen Design und Produktion von Metallprodukten t\u00e4tig ist und den Markt f\u00fcr wei\u00dfe Ware erfolgreich erobert hat.\" \/>\n<meta property=\"og:url\" content=\"https:\/\/dynaxo.pl\/de\/o-nas\/informacje-prawne\/\" \/>\n<meta property=\"og:site_name\" content=\"Dynaxo\" \/>\n<meta property=\"article:modified_time\" content=\"2024-04-08T10:21:43+00:00\" \/>\n<meta name=\"twitter:label1\" content=\"Gesch\u00e4tzte Lesezeit\" \/>\n\t<meta name=\"twitter:data1\" content=\"1\u00a0Minute\" \/>\n<script type=\"application\/ld+json\" class=\"yoast-schema-graph\">{\"@context\":\"https:\/\/schema.org\",\"@graph\":[{\"@type\":\"WebPage\",\"@id\":\"https:\/\/dynaxo.pl\/de\/o-nas\/informacje-prawne\/\",\"url\":\"https:\/\/dynaxo.pl\/de\/o-nas\/informacje-prawne\/\",\"name\":\"Rechtliche Informationen - Dynaxo\",\"isPartOf\":{\"@id\":\"https:\/\/dynaxo.pl\/de\/#website\"},\"datePublished\":\"2015-05-27T17:05:10+00:00\",\"dateModified\":\"2024-04-08T10:21:43+00:00\",\"description\":\"Erfahrung, Leidenschaft und Innovation - willkommen in der Welt von DYNAXO, einem Full-Service-Anbieter von Technologiel\u00f6sungen aus Wielkopolska, der seit fast 40 Jahren erfolgreich in den Bereichen Design und Produktion von Metallprodukten t\u00e4tig ist und den Markt f\u00fcr wei\u00dfe Ware erfolgreich erobert hat.\",\"breadcrumb\":{\"@id\":\"https:\/\/dynaxo.pl\/de\/o-nas\/informacje-prawne\/#breadcrumb\"},\"inLanguage\":\"de\",\"potentialAction\":[{\"@type\":\"ReadAction\",\"target\":[\"https:\/\/dynaxo.pl\/de\/o-nas\/informacje-prawne\/\"]}]},{\"@type\":\"BreadcrumbList\",\"@id\":\"https:\/\/dynaxo.pl\/de\/o-nas\/informacje-prawne\/#breadcrumb\",\"itemListElement\":[{\"@type\":\"ListItem\",\"position\":1,\"name\":\"Start\",\"item\":\"https:\/\/dynaxo.pl\/de\/\"},{\"@type\":\"ListItem\",\"position\":2,\"name\":\"\u00dcber uns\",\"item\":\"\/o-nas\/o-firmie\/\"},{\"@type\":\"ListItem\",\"position\":3,\"name\":\"Rechtliche Informationen\"}]},{\"@type\":\"WebSite\",\"@id\":\"https:\/\/dynaxo.pl\/de\/#website\",\"url\":\"https:\/\/dynaxo.pl\/de\/\",\"name\":\"Dynaxo\",\"description\":\"przestrze\u0144 kompleksowych rozwi\u0105za\u0144\",\"potentialAction\":[{\"@type\":\"SearchAction\",\"target\":{\"@type\":\"EntryPoint\",\"urlTemplate\":\"https:\/\/dynaxo.pl\/de\/?s={search_term_string}\"},\"query-input\":{\"@type\":\"PropertyValueSpecification\",\"valueRequired\":true,\"valueName\":\"search_term_string\"}}],\"inLanguage\":\"de\"}]}<\/script>\n<!-- \/ Yoast SEO plugin. -->","yoast_head_json":{"title":"Rechtliche Informationen - Dynaxo","description":"Erfahrung, Leidenschaft und Innovation - willkommen in der Welt von DYNAXO, einem Full-Service-Anbieter von Technologiel\u00f6sungen aus Wielkopolska, der seit fast 40 Jahren erfolgreich in den Bereichen Design und Produktion von Metallprodukten t\u00e4tig ist und den Markt f\u00fcr wei\u00dfe Ware erfolgreich erobert hat.","robots":{"index":"index","follow":"follow","max-snippet":"max-snippet:-1","max-image-preview":"max-image-preview:large","max-video-preview":"max-video-preview:-1"},"canonical":"https:\/\/dynaxo.pl\/de\/o-nas\/informacje-prawne\/","og_locale":"de_DE","og_type":"article","og_title":"Rechtliche Informationen - Dynaxo","og_description":"Erfahrung, Leidenschaft und Innovation - willkommen in der Welt von DYNAXO, einem Full-Service-Anbieter von Technologiel\u00f6sungen aus Wielkopolska, der seit fast 40 Jahren erfolgreich in den Bereichen Design und Produktion von Metallprodukten t\u00e4tig ist und den Markt f\u00fcr wei\u00dfe Ware erfolgreich erobert hat.","og_url":"https:\/\/dynaxo.pl\/de\/o-nas\/informacje-prawne\/","og_site_name":"Dynaxo","article_modified_time":"2024-04-08T10:21:43+00:00","twitter_misc":{"Gesch\u00e4tzte Lesezeit":"1\u00a0Minute"},"schema":{"@context":"https:\/\/schema.org","@graph":[{"@type":"WebPage","@id":"https:\/\/dynaxo.pl\/de\/o-nas\/informacje-prawne\/","url":"https:\/\/dynaxo.pl\/de\/o-nas\/informacje-prawne\/","name":"Rechtliche Informationen - Dynaxo","isPartOf":{"@id":"https:\/\/dynaxo.pl\/de\/#website"},"datePublished":"2015-05-27T17:05:10+00:00","dateModified":"2024-04-08T10:21:43+00:00","description":"Erfahrung, Leidenschaft und Innovation - willkommen in der Welt von DYNAXO, einem Full-Service-Anbieter von Technologiel\u00f6sungen aus Wielkopolska, der seit fast 40 Jahren erfolgreich in den Bereichen Design und Produktion von Metallprodukten t\u00e4tig ist und den Markt f\u00fcr wei\u00dfe Ware erfolgreich erobert hat.","breadcrumb":{"@id":"https:\/\/dynaxo.pl\/de\/o-nas\/informacje-prawne\/#breadcrumb"},"inLanguage":"de","potentialAction":[{"@type":"ReadAction","target":["https:\/\/dynaxo.pl\/de\/o-nas\/informacje-prawne\/"]}]},{"@type":"BreadcrumbList","@id":"https:\/\/dynaxo.pl\/de\/o-nas\/informacje-prawne\/#breadcrumb","itemListElement":[{"@type":"ListItem","position":1,"name":"Start","item":"https:\/\/dynaxo.pl\/de\/"},{"@type":"ListItem","position":2,"name":"\u00dcber uns","item":"\/o-nas\/o-firmie\/"},{"@type":"ListItem","position":3,"name":"Rechtliche Informationen"}]},{"@type":"WebSite","@id":"https:\/\/dynaxo.pl\/de\/#website","url":"https:\/\/dynaxo.pl\/de\/","name":"Dynaxo","description":"przestrze\u0144 kompleksowych rozwi\u0105za\u0144","potentialAction":[{"@type":"SearchAction","target":{"@type":"EntryPoint","urlTemplate":"https:\/\/dynaxo.pl\/de\/?s={search_term_string}"},"query-input":{"@type":"PropertyValueSpecification","valueRequired":true,"valueName":"search_term_string"}}],"inLanguage":"de"}]}},"_links":{"self":[{"href":"https:\/\/dynaxo.pl\/de\/wp-json\/wp\/v2\/pages\/6064","targetHints":{"allow":["GET"]}}],"collection":[{"href":"https:\/\/dynaxo.pl\/de\/wp-json\/wp\/v2\/pages"}],"about":[{"href":"https:\/\/dynaxo.pl\/de\/wp-json\/wp\/v2\/types\/page"}],"author":[{"embeddable":true,"href":"https:\/\/dynaxo.pl\/de\/wp-json\/wp\/v2\/users\/3"}],"replies":[{"embeddable":true,"href":"https:\/\/dynaxo.pl\/de\/wp-json\/wp\/v2\/comments?post=6064"}],"version-history":[{"count":2,"href":"https:\/\/dynaxo.pl\/de\/wp-json\/wp\/v2\/pages\/6064\/revisions"}],"predecessor-version":[{"id":6152,"href":"https:\/\/dynaxo.pl\/de\/wp-json\/wp\/v2\/pages\/6064\/revisions\/6152"}],"up":[{"embeddable":true,"href":"https:\/\/dynaxo.pl\/de\/wp-json\/wp\/v2\/pages\/6060"}],"wp:attachment":[{"href":"https:\/\/dynaxo.pl\/de\/wp-json\/wp\/v2\/media?parent=6064"}],"curies":[{"name":"wp","href":"https:\/\/api.w.org\/{rel}","templated":true}]}}