{"id":6068,"date":"2018-07-13T15:05:45","date_gmt":"2018-07-13T15:05:45","guid":{"rendered":"https:\/\/dynaxo.pl\/o-nas\/rodo\/sprzedaz-i-naprawy-gwarancyjne-produktow-dynaxo\/"},"modified":"2024-04-08T09:54:43","modified_gmt":"2024-04-08T09:54:43","slug":"sprzedaz-i-naprawy-gwarancyjne-produktow-dynaxo","status":"publish","type":"page","link":"https:\/\/dynaxo.pl\/de\/o-nas\/rodo\/sprzedaz-i-naprawy-gwarancyjne-produktow-dynaxo\/","title":{"rendered":"Verkauf und Garantiereparaturen von Dynaxo-Produkten"},"content":{"rendered":"\n<h1 class=\"wp-block-heading has-text-align-center\">Verkauf und Garantiereparaturen von Dynaxo-Produkten<\/h1>\n\n<p><\/p>\n<p>Sehr geehrte Damen und Herren,<\/p>\n<p>Stand: 25. Mai 2018. traten die Bestimmungen der Verordnung (EU) 2016\/679 des Europ\u00e4ischen Parlaments und des Rates vom 27. April 2016 in Kraft. zum Schutz nat\u00fcrlicher Personen bei der Verarbeitung personenbezogener Daten und zum freien Datenverkehr und zur Aufhebung der Richtlinie 95\/46\/EG (Datenschutz-Grundverordnung) (ABl. EU. L. 2016 Nr. 119, S. 1), allgemein als<strong>&#8222;RODO&#8220;<\/strong> bezeichnet. Zweck der RODO ist in erster Linie die Gew\u00e4hrleistung eines einheitlichen und hohen Schutzniveaus f\u00fcr personenbezogene Daten im gesamten Europ\u00e4ischen Wirtschaftsraum. Da die Verarbeitung personenbezogener Daten allgegenw\u00e4rtig ist, wird die Gesetzes\u00e4nderung erhebliche Auswirkungen auf die Arbeitsweise aller Unternehmen haben.<\/p>\n<p>Als Ihr Gesch\u00e4ftspartner, der Hersteller, m\u00f6chten wir Sie dar\u00fcber informieren, dass wir auf die genannten \u00c4nderungen vorbereitet sind. Ihre personenbezogenen Daten werden verarbeitet von  <strong>Dynaxo Sp. z o.o.<\/strong>  mit Sitz in Popowo in einer Weise, die den Anforderungen des RODO entspricht, und insbesondere in einer Weise, die ihre Sicherheit und Vertraulichkeit gew\u00e4hrleistet.<\/p>\n<p>Um Ihnen eine Vorstellung davon zu vermitteln, worum es bei RODO geht, geben wir Ihnen im Folgenden einen kurzen \u00dcberblick \u00fcber die wichtigsten Begriffe, wie sie in den RODO-Rechtsvorschriften definiert sind und im Folgenden verwendet werden.<\/p>\n<p><strong>Pers\u00f6nliche Daten<\/strong>  &#8211; sind Informationen \u00fcber eine bestimmte oder bestimmbare nat\u00fcrliche Person, die direkt oder indirekt identifiziert werden kann, insbesondere durch Angabe des Namens, einer pers\u00f6nlichen Identifikationsnummer, von Standortdaten, einer Online-Kennung oder eines oder mehrerer spezifischer Merkmale, die Ausdruck der physischen, genetischen, psychischen, wirtschaftlichen, kulturellen oder sozialen Identit\u00e4t dieser nat\u00fcrlichen Person sind.<\/p>\n<p><strong>F\u00fcr die Verarbeitung Verantwortlicher<\/strong> (ADO) &#8211; ist die nat\u00fcrliche oder juristische Person, Beh\u00f6rde, Einrichtung oder andere Stelle, die allein oder gemeinsam mit anderen \u00fcber die Zwecke und Mittel der Verarbeitung von personenbezogenen Daten entscheidet  <em>(Sie trifft daher wichtige Entscheidungen im Zusammenhang mit der Verarbeitung von Daten und ergreift geeignete technische und organisatorische Ma\u00dfnahmen, damit die Verarbeitung personenbezogener Daten im Einklang mit der BSB erfolgt).<\/em><\/p>\n<p>Zugleich wird in Anbetracht von Art. 13 RODO, die dem f\u00fcr die Verarbeitung personenbezogener Daten Verantwortlichen eine besondere Informationspflicht gegen\u00fcber den Personen auferlegt, deren Daten von der ADO verarbeitet werden, legen wir im Folgenden die Grunds\u00e4tze f\u00fcr die Verarbeitung der von Ihnen bereitgestellten personenbezogenen Daten dar:<\/p>\n<ol>\n<li>Der f\u00fcr die Verarbeitung der personenbezogenen Daten Verantwortliche ist:<br \/>\n<strong>Dynaxo Sp. z o.o. <\/strong>mit Sitz in Popowo<em>(adres:<\/em> 64-510 Wronki, Popowo 2a,<em> KRS: <\/em>0000163601,<em>&nbsp; e-mail:<\/em><a href=\"mailto:dane.osobowe@dynaxo.pl\">dane.osobowe@dynaxo.pl<\/a><em>)<\/em><\/li>\n<li>Die personenbezogenen Daten werden f\u00fcr folgende Zwecke verarbeitet:\n<ol>\n<li>die Erf\u00fcllung verschiedener Vertr\u00e4ge, insbesondere: Zusammenarbeit, Verkauf, Service, Arbeiten, Bestellungen, Rechnungsstellung usw., an denen Sie beteiligt sind;<\/li>\n<li>um kommerzielle Angebote, Newsletter und andere kommerzielle Informationen im Sinne von Art. 10 Abs. 1 des Gesetzes vom 8. Juli 2002. \u00fcber die Erbringung von elektronischen Dienstleistungen;<\/li>\n<li>Organisation von Wettbewerben und Werbeaktionen;<\/li>\n<li>Abwicklung von Garantiereparaturen an Dynaxo-Produkten;<\/li>\n<li>zur Verfolgung der berechtigten Interessen des f\u00fcr die Verarbeitung personenbezogener Daten Verantwortlichen, in Bezug auf:\n<ol>\n<li>personenbezogene Daten, die zum Zwecke der Geltendmachung und Abwehr von Anspr\u00fcchen Dritter verarbeitet werden, weil die Interessen des f\u00fcr die Verarbeitung Verantwortlichen angemessen gewahrt werden sollen,<\/li>\n<li>personenbezogene Daten, die im Zusammenhang mit der vom f\u00fcr die Verarbeitung Verantwortlichen betriebenen Video\u00fcberwachung (CCTV) verarbeitet werden, um das Eigentum des f\u00fcr die Verarbeitung Verantwortlichen vor Diebstahl, Zerst\u00f6rung oder Besch\u00e4digung zu sch\u00fctzen,<\/li>\n<\/ol>\n<\/li>\n<\/ol>\n<\/li>\n<li>Die Rechtsgrundlage f\u00fcr die Verarbeitung personenbezogener Daten sind:\n<ol>\n<li>&nbsp;zur Erf\u00fcllung verschiedener Vertr\u00e4ge, insbesondere: Zusammenarbeit, Verkauf, Service, Arbeiten, Bestellungen, Ausstellung von Rechnungen, Abwicklung von Garantiereparaturen von Dynaxo-Produkten usw. Die Rechtsgrundlage f\u00fcr die Verarbeitung ist Art. 6 Abs. 1(b) RODO, d.h. die Notwendigkeit der Verarbeitung der Daten zur Erf\u00fcllung eines Vertrages oder zur Durchf\u00fchrung von Ma\u00dfnahmen auf Ihren Wunsch hin vor Abschluss eines Vertrages,<\/li>\n<li>f\u00fcr die Verarbeitung von Daten zum Zwecke der Zusendung von kommerziellen Angeboten, Newslettern und anderen kommerziellen Mitteilungen im Sinne von Art. 10 Abs. 1 des Gesetzes vom 8. Juli 2002. \u00fcber die Erbringung elektronischer Dienstleistungen, ist die Rechtsgrundlage f\u00fcr die Verarbeitung Art. 6 Abs. 1(a) RODO, d.h. ist Ihre freie und informierte Zustimmung zu deren Verarbeitung,<\/li>\n<li>f\u00fcr personenbezogene Daten, die im Rahmen der Teilnahme an von dem f\u00fcr die Verarbeitung Verantwortlichen veranstalteten Wettbewerben und Werbeaktionen verarbeitet werden &#8211; Art. 6 Abs. 1(a) RODO, d.h. ist Ihre freie und informierte Zustimmung zu deren Verarbeitung;<\/li>\n<li>im Falle personenbezogener Daten, die von dem f\u00fcr die Verarbeitung Verantwortlichen zu Rechtsbehelfszwecken verarbeitet werden, sowie im Falle personenbezogener Daten, die aus der Video\u00fcberwachung stammen, Art. 6 Abs. 1(f) RODO, d.h. die Verarbeitung ist zur Wahrung der berechtigten Interessen der betroffenen Person erforderlich.<\/li>\n<\/ol>\n<\/li>\n<li>Die Empf\u00e4nger der personenbezogenen Daten sind: Finanz\u00e4mter, bevollm\u00e4chtigte Mitarbeiter und Partner des Verwalters sowie Einrichtungen, die technische, organisatorische und beratende Dienstleistungen f\u00fcr den Verwalter erbringen, insbesondere Anbieter von IT-Systemen und -Dienstleistungen, die vom Verwalter genutzt werden, Rechtsberater und Einrichtungen, die f\u00fcr den Verwalter Personal-, Lohn- und Buchhaltungsdienstleistungen erbringen;<\/li>\n<li>Personenbezogene Daten werden so lange aufbewahrt, wie es die einschl\u00e4gigen gesetzlichen Bestimmungen f\u00fcr die Aufbewahrung von Buchhaltungs- und Steuerunterlagen sowie f\u00fcr die Verj\u00e4hrung von Anspr\u00fcchen aus dem geschlossenen Vertrag vorsehen.  <em>(Vertr\u00e4ge)<\/em> im Zusammenhang mit der Gesch\u00e4ftst\u00e4tigkeit; im Falle von Daten, die auf der Grundlage einer Einwilligung verarbeitet werden, f\u00fcr den Zeitraum, der zur Erf\u00fcllung des Zwecks, f\u00fcr den die Einwilligung erteilt wurde, erforderlich ist, l\u00e4ngstens jedoch bis zu ihrem Widerruf; und in Bezug auf personenbezogene Daten, die im Rahmen der berechtigten Interessen des f\u00fcr die Verarbeitung Verantwortlichen verarbeitet werden, f\u00fcr die Dauer der Verj\u00e4hrungsfrist f\u00fcr Anspr\u00fcche;<\/li>\n<li>In Bezug auf die Verarbeitung der \u00fcbermittelten personenbezogenen Daten haben Sie das Recht auf:\n<ol>\n<li>das Recht auf Zugang zu Ihren Daten gem\u00e4\u00df Art. 15 RODO;<\/li>\n<li>das Recht auf Berichtigung Ihrer Daten gem\u00e4\u00df Art. 16 RODO;<\/li>\n<li>das Recht auf L\u00f6schung Ihrer Daten (das sogenannte Recht auf Vergessenwerden) gem\u00e4\u00df Art. 17 RODO bei Vorliegen der in dieser Bestimmung genannten Umst\u00e4nde;<\/li>\n<li>das Recht, die Verarbeitung Ihrer Daten auf der Grundlage von Art. 18 RODO f\u00fcr den Fall, dass die in dieser Bestimmung genannten Umst\u00e4nde eintreten;<\/li>\n<li>das Recht auf Widerspruch gegen die Verarbeitung Ihrer Daten gem\u00e4\u00df Art. 21 RODO in F\u00e4llen, in denen die Verarbeitung auf der Grundlage von Art. 6 Abs. 1 Lit. (e) oder (f) RODO, einschlie\u00dflich Profiling nach diesen Bestimmungen;<\/li>\n<li>das Recht auf Daten\u00fcbertragbarkeit gem\u00e4\u00df Art. 20 RODO, wenn die Verarbeitung auf der Grundlage einer Einwilligung oder auf der Grundlage eines Vertrags und mit Hilfe automatisierter Verfahren erfolgt;<\/li>\n<li>das Recht, bei der Aufsichtsbeh\u00f6rde &#8211; dem obersten Datenschutzbeauftragten &#8211; eine Beschwerde einzureichen, wenn Sie der Ansicht sind, dass die Verarbeitung Ihrer personenbezogenen Daten gegen die Bestimmungen der RODO verst\u00f6\u00dft;<\/li>\n<li>wenn die Verarbeitung Ihrer personenbezogenen Daten auf der Grundlage von Art. 6 Abs. 1(a) RODO, d.h. Wenn Sie in die Verarbeitung personenbezogener Daten eingewilligt haben, haben Sie das Recht, diese Einwilligung jederzeit zu widerrufen, ohne dass die Rechtm\u00e4\u00dfigkeit der auf der Grundlage der vor dem Widerruf erteilten Einwilligung erfolgten Verarbeitung ber\u00fchrt wird;<\/li>\n<\/ol>\n<\/li>\n<li>Die Bereitstellung Ihrer personenbezogenen Daten ist eine vertragliche Voraussetzung und eine Bedingung f\u00fcr den Abschluss und die Ausf\u00fchrung des Vertrags, w\u00e4hrend die Bereitstellung nicht obligatorisch ist. Die Nichtbereitstellung der Daten hat jedoch zur Folge, dass Vertr\u00e4ge nicht abgeschlossen und ausgef\u00fchrt werden k\u00f6nnen, dass keine kommerziellen Angebote, Newsletter und andere kommerzielle Informationen versandt werden k\u00f6nnen und dass Ihre Teilnahme an Wettbewerben und Werbeaktionen, die vom Verwalter organisiert werden, nicht gew\u00e4hrleistet werden kann,<\/li>\n<li>Die von Ihnen \u00fcbermittelten personenbezogenen Daten werden nicht automatisiert verarbeitet.<\/li>\n<li>Die von Ihnen bereitgestellten personenbezogenen Daten werden nicht an ein Drittland\/eine internationale Organisation weitergegeben.<\/li>\n<\/ol>\n<p>Wenn Sie Fragen haben, stehen wir Ihnen unter der folgenden E-Mail-Adresse zur Verf\u00fcgung: <a href=\"mailto:dane.osobowe@dynaxo.pl\">dane.osobowe@dynaxo.pl<\/a><\/p>\n","protected":false},"excerpt":{"rendered":"<p>Verkauf und Garantiereparaturen von Dynaxo-Produkten Sehr geehrte Damen und Herren, Stand: 25. Mai 2018. traten die Bestimmungen der Verordnung (EU) 2016\/679 des Europ\u00e4ischen Parlaments und des Rates vom 27. April 2016 in Kraft. zum Schutz nat\u00fcrlicher Personen bei der Verarbeitung personenbezogener Daten und zum freien Datenverkehr und zur Aufhebung der Richtlinie 95\/46\/EG (Datenschutz-Grundverordnung) (ABl. EU. L. 2016 Nr. 119, S. 1), allgemein als&#8222;RODO&#8220; bezeichnet. Zweck [&hellip;]<\/p>\n","protected":false},"author":1,"featured_media":0,"parent":6066,"menu_order":79,"comment_status":"closed","ping_status":"closed","template":"","meta":{"_acf_changed":false,"inline_featured_image":false,"_monsterinsights_skip_tracking":false,"_monsterinsights_sitenote_active":false,"_monsterinsights_sitenote_note":"","_monsterinsights_sitenote_category":0,"footnotes":"","_links_to":"","_links_to_target":""},"class_list":["post-6068","page","type-page","status-publish","hentry"],"acf":[],"yoast_head":"<!-- This site is optimized with the Yoast SEO plugin v27.2 - https:\/\/yoast.com\/product\/yoast-seo-wordpress\/ -->\n<title>Verkauf und Garantiereparaturen von Dynaxo-Produkten - Dynaxo<\/title>\n<meta name=\"description\" content=\"Verkauf und Garantiereparaturen von Dynaxo-Produkten.\" \/>\n<meta name=\"robots\" content=\"index, follow, max-snippet:-1, max-image-preview:large, max-video-preview:-1\" \/>\n<link rel=\"canonical\" href=\"https:\/\/dynaxo.pl\/de\/o-nas\/rodo\/sprzedaz-i-naprawy-gwarancyjne-produktow-dynaxo\/\" \/>\n<meta property=\"og:locale\" content=\"de_DE\" \/>\n<meta property=\"og:type\" content=\"article\" \/>\n<meta property=\"og:title\" content=\"Verkauf und Garantiereparaturen von Dynaxo-Produkten - Dynaxo\" \/>\n<meta property=\"og:description\" content=\"Verkauf und Garantiereparaturen von Dynaxo-Produkten.\" \/>\n<meta property=\"og:url\" content=\"https:\/\/dynaxo.pl\/de\/o-nas\/rodo\/sprzedaz-i-naprawy-gwarancyjne-produktow-dynaxo\/\" \/>\n<meta property=\"og:site_name\" content=\"Dynaxo\" \/>\n<meta property=\"article:modified_time\" content=\"2024-04-08T09:54:43+00:00\" \/>\n<meta name=\"twitter:label1\" content=\"Gesch\u00e4tzte Lesezeit\" \/>\n\t<meta name=\"twitter:data1\" content=\"7\u00a0Minuten\" \/>\n<script type=\"application\/ld+json\" class=\"yoast-schema-graph\">{\"@context\":\"https:\/\/schema.org\",\"@graph\":[{\"@type\":\"WebPage\",\"@id\":\"https:\/\/dynaxo.pl\/de\/o-nas\/rodo\/sprzedaz-i-naprawy-gwarancyjne-produktow-dynaxo\/\",\"url\":\"https:\/\/dynaxo.pl\/de\/o-nas\/rodo\/sprzedaz-i-naprawy-gwarancyjne-produktow-dynaxo\/\",\"name\":\"Verkauf und Garantiereparaturen von Dynaxo-Produkten - Dynaxo\",\"isPartOf\":{\"@id\":\"https:\/\/dynaxo.pl\/de\/#website\"},\"datePublished\":\"2018-07-13T15:05:45+00:00\",\"dateModified\":\"2024-04-08T09:54:43+00:00\",\"description\":\"Verkauf und Garantiereparaturen von Dynaxo-Produkten.\",\"breadcrumb\":{\"@id\":\"https:\/\/dynaxo.pl\/de\/o-nas\/rodo\/sprzedaz-i-naprawy-gwarancyjne-produktow-dynaxo\/#breadcrumb\"},\"inLanguage\":\"de\",\"potentialAction\":[{\"@type\":\"ReadAction\",\"target\":[\"https:\/\/dynaxo.pl\/de\/o-nas\/rodo\/sprzedaz-i-naprawy-gwarancyjne-produktow-dynaxo\/\"]}]},{\"@type\":\"BreadcrumbList\",\"@id\":\"https:\/\/dynaxo.pl\/de\/o-nas\/rodo\/sprzedaz-i-naprawy-gwarancyjne-produktow-dynaxo\/#breadcrumb\",\"itemListElement\":[{\"@type\":\"ListItem\",\"position\":1,\"name\":\"Start\",\"item\":\"https:\/\/dynaxo.pl\/de\/\"},{\"@type\":\"ListItem\",\"position\":2,\"name\":\"\u00dcber uns\",\"item\":\"\/o-nas\/o-firmie\/\"},{\"@type\":\"ListItem\",\"position\":3,\"name\":\"Rodo\",\"item\":\"https:\/\/dynaxo.pl\/de\/o-nas\/rodo\/\"},{\"@type\":\"ListItem\",\"position\":4,\"name\":\"Verkauf und Garantiereparaturen von Dynaxo-Produkten\"}]},{\"@type\":\"WebSite\",\"@id\":\"https:\/\/dynaxo.pl\/de\/#website\",\"url\":\"https:\/\/dynaxo.pl\/de\/\",\"name\":\"Dynaxo\",\"description\":\"przestrze\u0144 kompleksowych rozwi\u0105za\u0144\",\"potentialAction\":[{\"@type\":\"SearchAction\",\"target\":{\"@type\":\"EntryPoint\",\"urlTemplate\":\"https:\/\/dynaxo.pl\/de\/?s={search_term_string}\"},\"query-input\":{\"@type\":\"PropertyValueSpecification\",\"valueRequired\":true,\"valueName\":\"search_term_string\"}}],\"inLanguage\":\"de\"}]}<\/script>\n<!-- \/ Yoast SEO plugin. -->","yoast_head_json":{"title":"Verkauf und Garantiereparaturen von Dynaxo-Produkten - Dynaxo","description":"Verkauf und Garantiereparaturen von Dynaxo-Produkten.","robots":{"index":"index","follow":"follow","max-snippet":"max-snippet:-1","max-image-preview":"max-image-preview:large","max-video-preview":"max-video-preview:-1"},"canonical":"https:\/\/dynaxo.pl\/de\/o-nas\/rodo\/sprzedaz-i-naprawy-gwarancyjne-produktow-dynaxo\/","og_locale":"de_DE","og_type":"article","og_title":"Verkauf und Garantiereparaturen von Dynaxo-Produkten - Dynaxo","og_description":"Verkauf und Garantiereparaturen von Dynaxo-Produkten.","og_url":"https:\/\/dynaxo.pl\/de\/o-nas\/rodo\/sprzedaz-i-naprawy-gwarancyjne-produktow-dynaxo\/","og_site_name":"Dynaxo","article_modified_time":"2024-04-08T09:54:43+00:00","twitter_misc":{"Gesch\u00e4tzte Lesezeit":"7\u00a0Minuten"},"schema":{"@context":"https:\/\/schema.org","@graph":[{"@type":"WebPage","@id":"https:\/\/dynaxo.pl\/de\/o-nas\/rodo\/sprzedaz-i-naprawy-gwarancyjne-produktow-dynaxo\/","url":"https:\/\/dynaxo.pl\/de\/o-nas\/rodo\/sprzedaz-i-naprawy-gwarancyjne-produktow-dynaxo\/","name":"Verkauf und Garantiereparaturen von Dynaxo-Produkten - Dynaxo","isPartOf":{"@id":"https:\/\/dynaxo.pl\/de\/#website"},"datePublished":"2018-07-13T15:05:45+00:00","dateModified":"2024-04-08T09:54:43+00:00","description":"Verkauf und Garantiereparaturen von Dynaxo-Produkten.","breadcrumb":{"@id":"https:\/\/dynaxo.pl\/de\/o-nas\/rodo\/sprzedaz-i-naprawy-gwarancyjne-produktow-dynaxo\/#breadcrumb"},"inLanguage":"de","potentialAction":[{"@type":"ReadAction","target":["https:\/\/dynaxo.pl\/de\/o-nas\/rodo\/sprzedaz-i-naprawy-gwarancyjne-produktow-dynaxo\/"]}]},{"@type":"BreadcrumbList","@id":"https:\/\/dynaxo.pl\/de\/o-nas\/rodo\/sprzedaz-i-naprawy-gwarancyjne-produktow-dynaxo\/#breadcrumb","itemListElement":[{"@type":"ListItem","position":1,"name":"Start","item":"https:\/\/dynaxo.pl\/de\/"},{"@type":"ListItem","position":2,"name":"\u00dcber uns","item":"\/o-nas\/o-firmie\/"},{"@type":"ListItem","position":3,"name":"Rodo","item":"https:\/\/dynaxo.pl\/de\/o-nas\/rodo\/"},{"@type":"ListItem","position":4,"name":"Verkauf und Garantiereparaturen von Dynaxo-Produkten"}]},{"@type":"WebSite","@id":"https:\/\/dynaxo.pl\/de\/#website","url":"https:\/\/dynaxo.pl\/de\/","name":"Dynaxo","description":"przestrze\u0144 kompleksowych rozwi\u0105za\u0144","potentialAction":[{"@type":"SearchAction","target":{"@type":"EntryPoint","urlTemplate":"https:\/\/dynaxo.pl\/de\/?s={search_term_string}"},"query-input":{"@type":"PropertyValueSpecification","valueRequired":true,"valueName":"search_term_string"}}],"inLanguage":"de"}]}},"_links":{"self":[{"href":"https:\/\/dynaxo.pl\/de\/wp-json\/wp\/v2\/pages\/6068","targetHints":{"allow":["GET"]}}],"collection":[{"href":"https:\/\/dynaxo.pl\/de\/wp-json\/wp\/v2\/pages"}],"about":[{"href":"https:\/\/dynaxo.pl\/de\/wp-json\/wp\/v2\/types\/page"}],"author":[{"embeddable":true,"href":"https:\/\/dynaxo.pl\/de\/wp-json\/wp\/v2\/users\/1"}],"replies":[{"embeddable":true,"href":"https:\/\/dynaxo.pl\/de\/wp-json\/wp\/v2\/comments?post=6068"}],"version-history":[{"count":2,"href":"https:\/\/dynaxo.pl\/de\/wp-json\/wp\/v2\/pages\/6068\/revisions"}],"predecessor-version":[{"id":6070,"href":"https:\/\/dynaxo.pl\/de\/wp-json\/wp\/v2\/pages\/6068\/revisions\/6070"}],"up":[{"embeddable":true,"href":"https:\/\/dynaxo.pl\/de\/wp-json\/wp\/v2\/pages\/6066"}],"wp:attachment":[{"href":"https:\/\/dynaxo.pl\/de\/wp-json\/wp\/v2\/media?parent=6068"}],"curies":[{"name":"wp","href":"https:\/\/api.w.org\/{rel}","templated":true}]}}