{"id":6071,"date":"2018-07-13T14:55:02","date_gmt":"2018-07-13T14:55:02","guid":{"rendered":"https:\/\/dynaxo.pl\/o-nas\/rodo\/business-cooperation\/"},"modified":"2024-04-08T09:55:57","modified_gmt":"2024-04-08T09:55:57","slug":"geschaftliche-zusammenarbeit","status":"publish","type":"page","link":"https:\/\/dynaxo.pl\/de\/o-nas\/rodo\/geschaftliche-zusammenarbeit\/","title":{"rendered":"GESCH\u00c4FTLICHE ZUSAMMENARBEIT"},"content":{"rendered":"\n<h1 class=\"wp-block-heading has-text-align-center\">GESCH\u00c4FTLICHE ZUSAMMENARBEIT<\/h1>\n\n\n\n<p><\/p>\n\n\n<p>Sehr geehrte Herrschaften!<\/p>\n<p>Am 25. Mai 2016 traten die Vorschriften der Verordnung (EU) 2016\/679 des Europ\u00e4ischen Parlaments und des Rates vom 27. April 2016 zum Schutz nat\u00fcrlicher Personen bei der Verarbeitung personenbezogener Daten, zum freien Datenverkehr und zur Aufhebung der Richtlinie 95\/46\/EG (Datenschutz-Grundverordnung) (Amtsblatt der EU L aus dem Jahre 2016, Nr. 119, Seite 1), weiter auch \u201e<strong>DSGVO<\/strong>\u201c genannt, in Kraft. Hauptziel der DSGVO ist vor allem die Gew\u00e4hrleistung eines einheitlichen und hohen Niveaus des Schutzes personenbezogener Daten im gesamten Europ\u00e4ischen Wirtschaftsraum. Aufgrund der allgemeinen Anwendung der Verarbeitung personenbezogener Daten wird die Gesetzes\u00e4nderung erhebliche Auswirkungen auf die Arbeitsweise aller Wirtschaftsakteure haben.<br \/>Als Ihr Gesch\u00e4ftspartner und Hersteller der Produkte m\u00f6chten wir Ihnen mitteilen, dass wir auf die angegebenen \u00c4nderungen vorbereitet sind. Ihre personenbezogenen Daten werden von der Gesellschaft <strong>Dynaxo Sp. z o.o.<\/strong> mit Sitz in Popowo in \u00dcbereinstimmung mit den Anforderungen der Datenschutz-Grundverordnung (DSGVO) und insbesondere auf eine Art und Weise verarbeitet, die deren Sicherheit und Vertraulichkeit gew\u00e4hrleistet.<br \/>Um Ihnen einen \u00dcberblick \u00fcber die Themen im Zusammenhang mit der DSGVO zu geben, stellen wir im Folgenden eine kurze Beschreibung der wichtigsten Begriffe vor, die in den Bestimmungen der DSGVO definiert und verwendet werden.<br \/><strong>Personenbezogene Daten <\/strong>\u2013 sind alle Informationen, die sich auf eine identifizierte oder identifizierbare nat\u00fcrliche Person (im Folgenden \u201ebetroffene Person\u201c) beziehen; als identifizierbar wird eine nat\u00fcrliche Person angesehen, die direkt oder indirekt, insbesondere durch Vor- und Nachnamen, einer Kennnummer, Standortdaten, einer Online-Kennung oder einem oder mehreren besonderen Merkmalen, die Ausdruck der physischen, physiologischen, genetischen, psychischen, wirtschaftlichen, kulturellen oder sozialen Identit\u00e4t dieser nat\u00fcrlichen Person sind, identifiziert werden kann;<br \/><strong>Verantwortlicher <\/strong>\u2013 ist eine nat\u00fcrliche oder juristische Person, Beh\u00f6rde, Einzelperson oder sonstige Stelle, die entweder allein oder gemeinsam mit anderen \u00fcber die Zwecke und Mittel der Verarbeitung personenbezogener Daten entscheidet\u00a0<em>(und somit wesentliche Entscheidungen \u00fcber die Verarbeitung trifft und geeignete technische und organisatorische Ma\u00dfnahmen ergreift, um sicherzustellen, dass die Verarbeitung personenbezogener Daten im Einklang mit dem ODB erfolgt)<\/em>.<br \/>Gleichzeitig stellen wir im Hinblick auf den Inhalt von Artikel 13 DSGVO, der eine spezifische Informationspflicht des f\u00fcr die Verarbeitung der personenbezogenen Daten Verantwortlichen gegen\u00fcber den Personen vorsieht, deren Daten durch den Verantwortlichen verarbeitet werden, im Folgenden die Regeln f\u00fcr die Verarbeitung der von Ihnen bereitgestellten personenbezogenen Daten vor:<\/p>\n<ol start=\"1\" type=\"1\">\n<li>Verantwortlicher der personenbezogenen Daten ist die Gesellschaft <strong>Dynaxo Sp. z o.o\u00a0<\/strong>. mit Sitz in Popowo\u00a0<em>(Adresse:<\/em>\u00a064-510 Wronki, Popowo 2a,<em>\u00a0Nummer im Landesgerichtsregister (KRS):\u00a0<\/em>0000163601,<em>\u00a0 E-Mail-Adresse:\u00a0dane.osobowe@dynaxo.pl)<\/em><\/li>\n<li>Ihre personenbezogenen Daten werden zu folgenden Zielen verarbeitet:\n<ol start=\"1\" type=\"a\">\n<li>Erf\u00fcllung verschiedener Vertr\u00e4ge, insbesondere Kooperations-, Verkaufs-, Service-, Werk- und\/oder Dienstvertr\u00e4ge usw., deren Partei Sie sind, Rechnungslegung usw.;<\/li>\n<li>\u00dcbersendung von kommerziellen Angeboten, Newslettern und anderen kommerziellen Informationen im Sinne von Artikel 10 Absatz 1 des Gesetzes vom 8. Juli 2002 \u00fcber die Erbringung von Dienstleistungen auf elektronischem Wege;<\/li>\n<li>Organisation von Preisausschreiben und Sonderangeboten;<\/li>\n<li>Abwicklung von Garantiereparaturen f\u00fcr Produkte von Dynaxo;<\/li>\n<li>Realisierung der legitimen Interessen des f\u00fcr die Verarbeitung personenbezogener Daten Verantwortlichen in Bezug auf:\n<ol start=\"1\" type=\"i\">\n<li>personenbezogene Daten, die zum Zwecke der Geltendmachung und Abwehr von Anspr\u00fcchen Dritter im Interesse der ordnungsgem\u00e4\u00dfen Wahrung der Interessen des Verantwortlichen verarbeitet werden,<\/li>\n<li>personenbezogene Daten, die im Zusammenhang mit der beim Verantwortlichen funktionierenden Video\u00fcberwachung (CCTV) verarbeitet werden, um das Verm\u00f6gen des Verantwortlichen vor Diebstahl, Zerst\u00f6rung oder Besch\u00e4digung zu sch\u00fctzen,<\/li>\n<\/ol>\n<\/li>\n<\/ol>\n<\/li>\n<li>Rechtsgrundlage der Verarbeitung der Personaldaten sind:\n<ol start=\"1\" type=\"a\">\n<li>\u00a0Rechtsgrundlage f\u00fcr die Verarbeitung in Bezug auf die Erf\u00fcllung verschiedener Vertr\u00e4ge, insbesondere Kooperations-, Verkaufs-, Service-, Werk- und\/oder Dienstvertr\u00e4ge, die Rechnungslegung und die Garantiereparaturen ist Artikel 6 Absatz 1 Buchstabe b) DSGVO, d.h. die Notwendigkeit der Verarbeitung personenbezogener Daten zur Erf\u00fcllung eines Vertrages oder zur Aufnahme von Handlungen auf Ihre Forderung vor Vertragsabschluss,<\/li>\n<li>Rechtsgrundlage im Falle der Verarbeitung personenbezogener Daten zum Zwecke der Zusendung von kommerziellen Angeboten, Newslettern und anderen kommerziellen Informationen im Sinne von Artikel 10 Absatz 1 des Gesetzes vom 8. Juli 2002 \u00fcber die Erbringung von Dienstleistungen auf elektronischem Wege ist Artikel 6 Absatz 1 Buchstabe a) DSGVO, d.h. Ihre freiwillige und bewusste Einwilligung zu dieser Verarbeitung,<\/li>\n<li>bei personenbezogenen Daten, die im Rahmen der Teilnahme an vom Verantwortlichen organisierten Preisausschreiben und Werbeaktionen verarbeitet werden \u2013 Artikel 6 Absatz 1 Buchstabe a) DSGVO, d.h. Ihre freiwillige und bewusste Einwilligung zu dieser Verarbeitung;<\/li>\n<li>bei personenbezogenen Daten, die zum Zwecke der Verfolgung von Anspr\u00fcchen des Verantwortlichen verarbeitet werden, sowie bei personenbezogenen Daten aus der Video\u00fcberwachung &#8211; Artikel 6 Absatz 1 Buchstabe f) DSGVO, d.h. die Verarbeitung ist f\u00fcr die Zwecke erforderlich, die sich aus den berechtigten Interessen der betroffenen Person ergeben.<\/li>\n<\/ol>\n<\/li>\n<li>Empf\u00e4nger der personenbezogenen Daten sind Finanz\u00e4mter, erm\u00e4chtigte Arbeitnehmer und Mitarbeiter des Verantwortlichen sowie K\u00f6rperschaften, die technische, organisatorische und beratende Dienstleistungen f\u00fcr den Verantwortlichen erbringen, insbesondere Lieferanten von IT-Systemen und IT-Dienstleistungen, die vom Verantwortlichen genutzt werden, Rechtsberater und K\u00f6rperschaften, die Personal- und Lohnbuchhaltungsdienstleistungen erbringen, Buchhalter des Verantwortlichen;<\/li>\n<li>Die personenbezogenen Daten werden \u00fcber einen Zeitraum gespeichert, wie er von den einschl\u00e4gigen Rechtsvorschriften \u00fcber die Aufbewahrung von Buchhaltungs- und Steuerunterlagen vorgesehen ist, sowie bis zur Verj\u00e4hrung der Anspr\u00fcche aus\u00a0dem\/den im Zusammenhang mit der Gesch\u00e4ftst\u00e4tigkeit abgeschlossenen Vertrag\u00a0\/ Vertr\u00e4gen; bei Daten, die aufgrund einer Einwilligung verarbeitet werden \u2013 \u00fcber den Zeitraum, der zur Erreichung des Zwecks, f\u00fcr den die Daten \u00fcbermittelt wurden, erforderlich ist, h\u00f6chstens jedoch bis zum Widerruf der Einwilligung; sowie bei personenbezogenen Daten, die im Rahmen der berechtigten Interessen des Verantwortlichen verarbeitet werden \u2013 bis zur Verj\u00e4hrung der entsprechenden Anspr\u00fcche;<\/li>\n<li>Im Zusammenhang mit der Verarbeitung der zur Verf\u00fcgung gestellten personenbezogenen Daten stehen Ihnen folgende Rechte zu:\n<ol start=\"1\" type=\"a\">\n<li>das Recht auf Zugang zu Ihren personenbezogenen Daten auf der Grundlage von Artikel 15 DSGVO;<\/li>\n<li>das Recht zur Berichtigung der personenbezogenen Daten nach Artikel 16 DSGVO,<\/li>\n<li>das Recht auf L\u00f6schung der eigenen Daten (das so genannte Recht auf Vergessenwerden) nach Artikel 17 der DSGVO bei Vorliegen der in dieser Vorschrift genannten Umst\u00e4nde;<\/li>\n<li>das Recht auf Beschr\u00e4nkung der Verarbeitung ihrer personenbezogenen Daten gem\u00e4\u00df Artikel 18 der DSGVO bei Vorliegen der in dieser Vorschrift genannten Umst\u00e4nde;<\/li>\n<li>das Recht auf Einspruch gegen die Verarbeitung ihrer personenbezogenen Daten auf Grundlage von Artikel 21 DSGVO, wenn die Verarbeitung auf Artikel 6 Absatz 1 Buchstabe e) oder f) DSGVO beruht, darunter gegen die Profilierung gem\u00e4\u00df diesen Bestimmungen;<\/li>\n<li>das Recht auf Daten\u00fcbertragbarkeit auf Grundlage von Artikel 20 DSGVO, wenn die Verarbeitung auf Grundlage einer Einwilligung oder vertraglich und automatisiert erfolgt;<\/li>\n<li>das Recht auf Einbringung einer Beschwerde beim Hauptinspektor zum Schutz personenbezogener Daten, wenn Sie anerkennen, dass die Verarbeitung Ihrer personenbezogenen Daten die Vorschriften der DSGVO verletzt;<\/li>\n<li>in F\u00e4llen, in denen Ihre personenbezogenen Daten auf Grundlage von Artikel 6 Absatz 1 Buchstabe a DSGVO, d.h. auf Grundlage Ihrer Einwilligung in die Verarbeitung personenbezogener Daten, verarbeitet werden, haben Sie das Recht, Ihre Einwilligung jederzeit zu widerrufen, ohne dass dadurch die Rechtm\u00e4\u00dfigkeit der Verarbeitung, die aufgrund Ihrer Einwilligung vor dem Widerruf erfolgte, beeintr\u00e4chtigt wird;<\/li>\n<\/ol>\n<\/li>\n<li>Die Bereitstellung von personenbezogenen Daten durch Sie ist eine vertragliche Anforderung und Bedingung f\u00fcr den Abschluss und die Ausf\u00fchrung des Vertrags, wobei die Angabe dieser Daten nicht obligatorisch ist, bei Nichtangabe jedoch kein Vertrag abgeschlossen und realisiert werden kann, Ihnen keine kommerziellen Angebote, Newsletter und anderen kommerziellen Informationen zugesandt werden k\u00f6nnen und Ihre Teilnahme an Preisausschreiben und Werbeaktionen, die vom Verantwortlichen organisiert werden, unm\u00f6glich gemacht wird,<\/li>\n<li>Die von Ihnen angegebenen personenbezogenen Daten werden nicht automatisch verarbeitet.<\/li>\n<li>Die von Ihnen angegebenen personenbezogenen Daten werden nicht an ein Drittland \/ eine internationale Organisation \u00fcbermittelt.<\/li>\n<\/ol>\n<p>Im Falle jeglicher Fragen stehen wir Ihnen jederzeit unter der E-Mail-Adresse <a href=\"mailto:dane.osobowe@dynaxo.pl\">dane.osobowe@dynaxo.pl<\/a> zur Verf\u00fcgung.<\/p>\n\n<p>&nbsp;<\/p>\n","protected":false},"excerpt":{"rendered":"<p>GESCH\u00c4FTLICHE ZUSAMMENARBEIT Sehr geehrte Herrschaften! Am 25. Mai 2016 traten die Vorschriften der Verordnung (EU) 2016\/679 des Europ\u00e4ischen Parlaments und des Rates vom 27. April 2016 zum Schutz nat\u00fcrlicher Personen bei der Verarbeitung personenbezogener Daten, zum freien Datenverkehr und zur Aufhebung der Richtlinie 95\/46\/EG (Datenschutz-Grundverordnung) (Amtsblatt der EU L aus dem Jahre 2016, Nr. 119, Seite 1), weiter auch \u201eDSGVO\u201c genannt, in Kraft. Hauptziel der [&hellip;]<\/p>\n","protected":false},"author":1,"featured_media":0,"parent":6066,"menu_order":84,"comment_status":"closed","ping_status":"closed","template":"","meta":{"_acf_changed":false,"inline_featured_image":false,"_monsterinsights_skip_tracking":false,"_monsterinsights_sitenote_active":false,"_monsterinsights_sitenote_note":"","_monsterinsights_sitenote_category":0,"footnotes":"","_links_to":"","_links_to_target":""},"class_list":["post-6071","page","type-page","status-publish","hentry"],"acf":[],"yoast_head":"<!-- This site is optimized with the Yoast SEO plugin v27.2 - https:\/\/yoast.com\/product\/yoast-seo-wordpress\/ -->\n<title>GESCH\u00c4FTLICHE ZUSAMMENARBEIT - Dynaxo<\/title>\n<meta name=\"description\" content=\"Celem RODO jest przede wszystkim zapewnienie jednolitej i wysokiej ochrony danych osobowych na terenie ca\u0142ego Europejskiego Obszaru Gospodarczego.\" \/>\n<meta name=\"robots\" content=\"index, follow, max-snippet:-1, max-image-preview:large, max-video-preview:-1\" \/>\n<link rel=\"canonical\" href=\"https:\/\/dynaxo.pl\/de\/o-nas\/rodo\/geschaftliche-zusammenarbeit\/\" \/>\n<meta property=\"og:locale\" content=\"de_DE\" \/>\n<meta property=\"og:type\" content=\"article\" \/>\n<meta property=\"og:title\" content=\"GESCH\u00c4FTLICHE ZUSAMMENARBEIT - Dynaxo\" \/>\n<meta property=\"og:description\" content=\"Celem RODO jest przede wszystkim zapewnienie jednolitej i wysokiej ochrony danych osobowych na terenie ca\u0142ego Europejskiego Obszaru Gospodarczego.\" \/>\n<meta property=\"og:url\" content=\"https:\/\/dynaxo.pl\/de\/o-nas\/rodo\/geschaftliche-zusammenarbeit\/\" \/>\n<meta property=\"og:site_name\" content=\"Dynaxo\" \/>\n<meta property=\"article:modified_time\" content=\"2024-04-08T09:55:57+00:00\" \/>\n<meta name=\"twitter:label1\" content=\"Gesch\u00e4tzte Lesezeit\" \/>\n\t<meta name=\"twitter:data1\" content=\"7\u00a0Minuten\" \/>\n<script type=\"application\/ld+json\" class=\"yoast-schema-graph\">{\"@context\":\"https:\/\/schema.org\",\"@graph\":[{\"@type\":\"WebPage\",\"@id\":\"https:\/\/dynaxo.pl\/de\/o-nas\/rodo\/geschaftliche-zusammenarbeit\/\",\"url\":\"https:\/\/dynaxo.pl\/de\/o-nas\/rodo\/geschaftliche-zusammenarbeit\/\",\"name\":\"GESCH\u00c4FTLICHE ZUSAMMENARBEIT - Dynaxo\",\"isPartOf\":{\"@id\":\"https:\/\/dynaxo.pl\/de\/#website\"},\"datePublished\":\"2018-07-13T14:55:02+00:00\",\"dateModified\":\"2024-04-08T09:55:57+00:00\",\"description\":\"Celem RODO jest przede wszystkim zapewnienie jednolitej i wysokiej ochrony danych osobowych na terenie ca\u0142ego Europejskiego Obszaru Gospodarczego.\",\"breadcrumb\":{\"@id\":\"https:\/\/dynaxo.pl\/de\/o-nas\/rodo\/geschaftliche-zusammenarbeit\/#breadcrumb\"},\"inLanguage\":\"de\",\"potentialAction\":[{\"@type\":\"ReadAction\",\"target\":[\"https:\/\/dynaxo.pl\/de\/o-nas\/rodo\/geschaftliche-zusammenarbeit\/\"]}]},{\"@type\":\"BreadcrumbList\",\"@id\":\"https:\/\/dynaxo.pl\/de\/o-nas\/rodo\/geschaftliche-zusammenarbeit\/#breadcrumb\",\"itemListElement\":[{\"@type\":\"ListItem\",\"position\":1,\"name\":\"Start\",\"item\":\"https:\/\/dynaxo.pl\/de\/\"},{\"@type\":\"ListItem\",\"position\":2,\"name\":\"\u00dcber uns\",\"item\":\"\/o-nas\/o-firmie\/\"},{\"@type\":\"ListItem\",\"position\":3,\"name\":\"Rodo\",\"item\":\"https:\/\/dynaxo.pl\/de\/o-nas\/rodo\/\"},{\"@type\":\"ListItem\",\"position\":4,\"name\":\"GESCH\u00c4FTLICHE ZUSAMMENARBEIT\"}]},{\"@type\":\"WebSite\",\"@id\":\"https:\/\/dynaxo.pl\/de\/#website\",\"url\":\"https:\/\/dynaxo.pl\/de\/\",\"name\":\"Dynaxo\",\"description\":\"przestrze\u0144 kompleksowych rozwi\u0105za\u0144\",\"potentialAction\":[{\"@type\":\"SearchAction\",\"target\":{\"@type\":\"EntryPoint\",\"urlTemplate\":\"https:\/\/dynaxo.pl\/de\/?s={search_term_string}\"},\"query-input\":{\"@type\":\"PropertyValueSpecification\",\"valueRequired\":true,\"valueName\":\"search_term_string\"}}],\"inLanguage\":\"de\"}]}<\/script>\n<!-- \/ Yoast SEO plugin. -->","yoast_head_json":{"title":"GESCH\u00c4FTLICHE ZUSAMMENARBEIT - Dynaxo","description":"Celem RODO jest przede wszystkim zapewnienie jednolitej i wysokiej ochrony danych osobowych na terenie ca\u0142ego Europejskiego Obszaru Gospodarczego.","robots":{"index":"index","follow":"follow","max-snippet":"max-snippet:-1","max-image-preview":"max-image-preview:large","max-video-preview":"max-video-preview:-1"},"canonical":"https:\/\/dynaxo.pl\/de\/o-nas\/rodo\/geschaftliche-zusammenarbeit\/","og_locale":"de_DE","og_type":"article","og_title":"GESCH\u00c4FTLICHE ZUSAMMENARBEIT - Dynaxo","og_description":"Celem RODO jest przede wszystkim zapewnienie jednolitej i wysokiej ochrony danych osobowych na terenie ca\u0142ego Europejskiego Obszaru Gospodarczego.","og_url":"https:\/\/dynaxo.pl\/de\/o-nas\/rodo\/geschaftliche-zusammenarbeit\/","og_site_name":"Dynaxo","article_modified_time":"2024-04-08T09:55:57+00:00","twitter_misc":{"Gesch\u00e4tzte Lesezeit":"7\u00a0Minuten"},"schema":{"@context":"https:\/\/schema.org","@graph":[{"@type":"WebPage","@id":"https:\/\/dynaxo.pl\/de\/o-nas\/rodo\/geschaftliche-zusammenarbeit\/","url":"https:\/\/dynaxo.pl\/de\/o-nas\/rodo\/geschaftliche-zusammenarbeit\/","name":"GESCH\u00c4FTLICHE ZUSAMMENARBEIT - Dynaxo","isPartOf":{"@id":"https:\/\/dynaxo.pl\/de\/#website"},"datePublished":"2018-07-13T14:55:02+00:00","dateModified":"2024-04-08T09:55:57+00:00","description":"Celem RODO jest przede wszystkim zapewnienie jednolitej i wysokiej ochrony danych osobowych na terenie ca\u0142ego Europejskiego Obszaru Gospodarczego.","breadcrumb":{"@id":"https:\/\/dynaxo.pl\/de\/o-nas\/rodo\/geschaftliche-zusammenarbeit\/#breadcrumb"},"inLanguage":"de","potentialAction":[{"@type":"ReadAction","target":["https:\/\/dynaxo.pl\/de\/o-nas\/rodo\/geschaftliche-zusammenarbeit\/"]}]},{"@type":"BreadcrumbList","@id":"https:\/\/dynaxo.pl\/de\/o-nas\/rodo\/geschaftliche-zusammenarbeit\/#breadcrumb","itemListElement":[{"@type":"ListItem","position":1,"name":"Start","item":"https:\/\/dynaxo.pl\/de\/"},{"@type":"ListItem","position":2,"name":"\u00dcber uns","item":"\/o-nas\/o-firmie\/"},{"@type":"ListItem","position":3,"name":"Rodo","item":"https:\/\/dynaxo.pl\/de\/o-nas\/rodo\/"},{"@type":"ListItem","position":4,"name":"GESCH\u00c4FTLICHE ZUSAMMENARBEIT"}]},{"@type":"WebSite","@id":"https:\/\/dynaxo.pl\/de\/#website","url":"https:\/\/dynaxo.pl\/de\/","name":"Dynaxo","description":"przestrze\u0144 kompleksowych rozwi\u0105za\u0144","potentialAction":[{"@type":"SearchAction","target":{"@type":"EntryPoint","urlTemplate":"https:\/\/dynaxo.pl\/de\/?s={search_term_string}"},"query-input":{"@type":"PropertyValueSpecification","valueRequired":true,"valueName":"search_term_string"}}],"inLanguage":"de"}]}},"_links":{"self":[{"href":"https:\/\/dynaxo.pl\/de\/wp-json\/wp\/v2\/pages\/6071","targetHints":{"allow":["GET"]}}],"collection":[{"href":"https:\/\/dynaxo.pl\/de\/wp-json\/wp\/v2\/pages"}],"about":[{"href":"https:\/\/dynaxo.pl\/de\/wp-json\/wp\/v2\/types\/page"}],"author":[{"embeddable":true,"href":"https:\/\/dynaxo.pl\/de\/wp-json\/wp\/v2\/users\/1"}],"replies":[{"embeddable":true,"href":"https:\/\/dynaxo.pl\/de\/wp-json\/wp\/v2\/comments?post=6071"}],"version-history":[{"count":2,"href":"https:\/\/dynaxo.pl\/de\/wp-json\/wp\/v2\/pages\/6071\/revisions"}],"predecessor-version":[{"id":6073,"href":"https:\/\/dynaxo.pl\/de\/wp-json\/wp\/v2\/pages\/6071\/revisions\/6073"}],"up":[{"embeddable":true,"href":"https:\/\/dynaxo.pl\/de\/wp-json\/wp\/v2\/pages\/6066"}],"wp:attachment":[{"href":"https:\/\/dynaxo.pl\/de\/wp-json\/wp\/v2\/media?parent=6071"}],"curies":[{"name":"wp","href":"https:\/\/api.w.org\/{rel}","templated":true}]}}