{"id":6074,"date":"2015-04-09T12:25:52","date_gmt":"2015-04-09T12:25:52","guid":{"rendered":"https:\/\/dynaxo.pl\/o-firmie\/"},"modified":"2024-04-08T10:18:09","modified_gmt":"2024-04-08T10:18:09","slug":"o-firmie","status":"publish","type":"page","link":"https:\/\/dynaxo.pl\/de\/o-firmie\/","title":{"rendered":"\u00dcber das Unternehmen"},"content":{"rendered":"","protected":false},"excerpt":{"rendered":"","protected":false},"author":1,"featured_media":0,"parent":0,"menu_order":71,"comment_status":"closed","ping_status":"closed","template":"","meta":{"_acf_changed":false,"inline_featured_image":false,"_monsterinsights_skip_tracking":false,"_monsterinsights_sitenote_active":false,"_monsterinsights_sitenote_note":"","_monsterinsights_sitenote_category":0,"footnotes":"","_links_to":"","_links_to_target":""},"class_list":["post-6074","page","type-page","status-publish","hentry"],"acf":[],"yoast_head":"<!-- This site is optimized with the Yoast SEO plugin v27.2 - https:\/\/yoast.com\/product\/yoast-seo-wordpress\/ -->\n<title>\u00dcber das Unternehmen - Dynaxo<\/title>\n<meta name=\"description\" content=\"Wir wissen alles \u00fcber Metall. Bei DYNAXO trifft Leidenschaft auf Pr\u00e4zision und Entwicklung auf Best\u00e4ndigkeit. Hier werden Ideen geboren und nehmen konkrete Formen an. Die wichtigsten T\u00e4tigkeitsbereiche sind: Wei\u00dfe Ware und die Elektromaschinenindustrie.\" \/>\n<meta name=\"robots\" content=\"index, follow, max-snippet:-1, max-image-preview:large, max-video-preview:-1\" \/>\n<link rel=\"canonical\" href=\"https:\/\/dynaxo.pl\/de\/o-firmie\/\" \/>\n<meta property=\"og:locale\" content=\"de_DE\" \/>\n<meta property=\"og:type\" content=\"article\" \/>\n<meta property=\"og:title\" content=\"\u00dcber das Unternehmen - Dynaxo\" \/>\n<meta property=\"og:description\" content=\"Wir wissen alles \u00fcber Metall. Bei DYNAXO trifft Leidenschaft auf Pr\u00e4zision und Entwicklung auf Best\u00e4ndigkeit. Hier werden Ideen geboren und nehmen konkrete Formen an. Die wichtigsten T\u00e4tigkeitsbereiche sind: Wei\u00dfe Ware und die Elektromaschinenindustrie.\" \/>\n<meta property=\"og:url\" content=\"https:\/\/dynaxo.pl\/de\/o-firmie\/\" \/>\n<meta property=\"og:site_name\" content=\"Dynaxo\" \/>\n<meta property=\"article:modified_time\" content=\"2024-04-08T10:18:09+00:00\" \/>\n<script type=\"application\/ld+json\" class=\"yoast-schema-graph\">{\"@context\":\"https:\/\/schema.org\",\"@graph\":[{\"@type\":\"WebPage\",\"@id\":\"https:\/\/dynaxo.pl\/de\/o-firmie\/\",\"url\":\"https:\/\/dynaxo.pl\/de\/o-firmie\/\",\"name\":\"\u00dcber das Unternehmen - Dynaxo\",\"isPartOf\":{\"@id\":\"https:\/\/dynaxo.pl\/de\/#website\"},\"datePublished\":\"2015-04-09T12:25:52+00:00\",\"dateModified\":\"2024-04-08T10:18:09+00:00\",\"description\":\"Wir wissen alles \u00fcber Metall. Bei DYNAXO trifft Leidenschaft auf Pr\u00e4zision und Entwicklung auf Best\u00e4ndigkeit. Hier werden Ideen geboren und nehmen konkrete Formen an. Die wichtigsten T\u00e4tigkeitsbereiche sind: Wei\u00dfe Ware und die Elektromaschinenindustrie.\",\"breadcrumb\":{\"@id\":\"https:\/\/dynaxo.pl\/de\/o-firmie\/#breadcrumb\"},\"inLanguage\":\"de\",\"potentialAction\":[{\"@type\":\"ReadAction\",\"target\":[\"https:\/\/dynaxo.pl\/de\/o-firmie\/\"]}]},{\"@type\":\"BreadcrumbList\",\"@id\":\"https:\/\/dynaxo.pl\/de\/o-firmie\/#breadcrumb\",\"itemListElement\":[{\"@type\":\"ListItem\",\"position\":1,\"name\":\"Start\",\"item\":\"https:\/\/dynaxo.pl\/de\/\"},{\"@type\":\"ListItem\",\"position\":2,\"name\":\"\u00dcber das Unternehmen\"}]},{\"@type\":\"WebSite\",\"@id\":\"https:\/\/dynaxo.pl\/de\/#website\",\"url\":\"https:\/\/dynaxo.pl\/de\/\",\"name\":\"Dynaxo\",\"description\":\"przestrze\u0144 kompleksowych rozwi\u0105za\u0144\",\"potentialAction\":[{\"@type\":\"SearchAction\",\"target\":{\"@type\":\"EntryPoint\",\"urlTemplate\":\"https:\/\/dynaxo.pl\/de\/?s={search_term_string}\"},\"query-input\":{\"@type\":\"PropertyValueSpecification\",\"valueRequired\":true,\"valueName\":\"search_term_string\"}}],\"inLanguage\":\"de\"}]}<\/script>\n<!-- \/ Yoast SEO plugin. -->","yoast_head_json":{"title":"\u00dcber das Unternehmen - Dynaxo","description":"Wir wissen alles \u00fcber Metall. Bei DYNAXO trifft Leidenschaft auf Pr\u00e4zision und Entwicklung auf Best\u00e4ndigkeit. Hier werden Ideen geboren und nehmen konkrete Formen an. Die wichtigsten T\u00e4tigkeitsbereiche sind: Wei\u00dfe Ware und die Elektromaschinenindustrie.","robots":{"index":"index","follow":"follow","max-snippet":"max-snippet:-1","max-image-preview":"max-image-preview:large","max-video-preview":"max-video-preview:-1"},"canonical":"https:\/\/dynaxo.pl\/de\/o-firmie\/","og_locale":"de_DE","og_type":"article","og_title":"\u00dcber das Unternehmen - Dynaxo","og_description":"Wir wissen alles \u00fcber Metall. Bei DYNAXO trifft Leidenschaft auf Pr\u00e4zision und Entwicklung auf Best\u00e4ndigkeit. Hier werden Ideen geboren und nehmen konkrete Formen an. Die wichtigsten T\u00e4tigkeitsbereiche sind: Wei\u00dfe Ware und die Elektromaschinenindustrie.","og_url":"https:\/\/dynaxo.pl\/de\/o-firmie\/","og_site_name":"Dynaxo","article_modified_time":"2024-04-08T10:18:09+00:00","schema":{"@context":"https:\/\/schema.org","@graph":[{"@type":"WebPage","@id":"https:\/\/dynaxo.pl\/de\/o-firmie\/","url":"https:\/\/dynaxo.pl\/de\/o-firmie\/","name":"\u00dcber das Unternehmen - Dynaxo","isPartOf":{"@id":"https:\/\/dynaxo.pl\/de\/#website"},"datePublished":"2015-04-09T12:25:52+00:00","dateModified":"2024-04-08T10:18:09+00:00","description":"Wir wissen alles \u00fcber Metall. Bei DYNAXO trifft Leidenschaft auf Pr\u00e4zision und Entwicklung auf Best\u00e4ndigkeit. Hier werden Ideen geboren und nehmen konkrete Formen an. Die wichtigsten T\u00e4tigkeitsbereiche sind: Wei\u00dfe Ware und die Elektromaschinenindustrie.","breadcrumb":{"@id":"https:\/\/dynaxo.pl\/de\/o-firmie\/#breadcrumb"},"inLanguage":"de","potentialAction":[{"@type":"ReadAction","target":["https:\/\/dynaxo.pl\/de\/o-firmie\/"]}]},{"@type":"BreadcrumbList","@id":"https:\/\/dynaxo.pl\/de\/o-firmie\/#breadcrumb","itemListElement":[{"@type":"ListItem","position":1,"name":"Start","item":"https:\/\/dynaxo.pl\/de\/"},{"@type":"ListItem","position":2,"name":"\u00dcber das Unternehmen"}]},{"@type":"WebSite","@id":"https:\/\/dynaxo.pl\/de\/#website","url":"https:\/\/dynaxo.pl\/de\/","name":"Dynaxo","description":"przestrze\u0144 kompleksowych rozwi\u0105za\u0144","potentialAction":[{"@type":"SearchAction","target":{"@type":"EntryPoint","urlTemplate":"https:\/\/dynaxo.pl\/de\/?s={search_term_string}"},"query-input":{"@type":"PropertyValueSpecification","valueRequired":true,"valueName":"search_term_string"}}],"inLanguage":"de"}]}},"_links":{"self":[{"href":"https:\/\/dynaxo.pl\/de\/wp-json\/wp\/v2\/pages\/6074","targetHints":{"allow":["GET"]}}],"collection":[{"href":"https:\/\/dynaxo.pl\/de\/wp-json\/wp\/v2\/pages"}],"about":[{"href":"https:\/\/dynaxo.pl\/de\/wp-json\/wp\/v2\/types\/page"}],"author":[{"embeddable":true,"href":"https:\/\/dynaxo.pl\/de\/wp-json\/wp\/v2\/users\/1"}],"replies":[{"embeddable":true,"href":"https:\/\/dynaxo.pl\/de\/wp-json\/wp\/v2\/comments?post=6074"}],"version-history":[{"count":2,"href":"https:\/\/dynaxo.pl\/de\/wp-json\/wp\/v2\/pages\/6074\/revisions"}],"predecessor-version":[{"id":6146,"href":"https:\/\/dynaxo.pl\/de\/wp-json\/wp\/v2\/pages\/6074\/revisions\/6146"}],"wp:attachment":[{"href":"https:\/\/dynaxo.pl\/de\/wp-json\/wp\/v2\/media?parent=6074"}],"curies":[{"name":"wp","href":"https:\/\/api.w.org\/{rel}","templated":true}]}}