{"id":6076,"date":"2015-04-14T08:32:00","date_gmt":"2015-04-14T08:32:00","guid":{"rendered":"https:\/\/dynaxo.pl\/our-mission-and-the-values\/"},"modified":"2024-04-08T10:19:36","modified_gmt":"2024-04-08T10:19:36","slug":"our-mission-and-the-values","status":"publish","type":"page","link":"https:\/\/dynaxo.pl\/de\/our-mission-and-the-values\/","title":{"rendered":"Auftrag und Werte"},"content":{"rendered":"","protected":false},"excerpt":{"rendered":"","protected":false},"author":1,"featured_media":0,"parent":0,"menu_order":69,"comment_status":"closed","ping_status":"closed","template":"","meta":{"_acf_changed":false,"inline_featured_image":false,"_monsterinsights_skip_tracking":false,"_monsterinsights_sitenote_active":false,"_monsterinsights_sitenote_note":"","_monsterinsights_sitenote_category":0,"footnotes":"","_links_to":"","_links_to_target":""},"class_list":["post-6076","page","type-page","status-publish","hentry"],"acf":[],"yoast_head":"<!-- This site is optimized with the Yoast SEO plugin v27.2 - https:\/\/yoast.com\/product\/yoast-seo-wordpress\/ -->\n<title>Auftrag und Werte - Dynaxo<\/title>\n<meta name=\"description\" content=\"F\u00fcr uns sind die Mission und die Werte, die uns bei allen Unternehmungen des Unternehmens leiten, das Fundament von DYNAXO. Sie inspirieren uns in unserer t\u00e4glichen Arbeit und erm\u00f6glichen es uns, die Qualit\u00e4t unserer Dienstleistungen und Produkte sowie die von uns getroffenen Entscheidungen zu beeinflussen.\" \/>\n<meta name=\"robots\" content=\"index, follow, max-snippet:-1, max-image-preview:large, max-video-preview:-1\" \/>\n<link rel=\"canonical\" href=\"https:\/\/dynaxo.pl\/de\/our-mission-and-the-values\/\" \/>\n<meta property=\"og:locale\" content=\"de_DE\" \/>\n<meta property=\"og:type\" content=\"article\" \/>\n<meta property=\"og:title\" content=\"Auftrag und Werte - Dynaxo\" \/>\n<meta property=\"og:description\" content=\"F\u00fcr uns sind die Mission und die Werte, die uns bei allen Unternehmungen des Unternehmens leiten, das Fundament von DYNAXO. Sie inspirieren uns in unserer t\u00e4glichen Arbeit und erm\u00f6glichen es uns, die Qualit\u00e4t unserer Dienstleistungen und Produkte sowie die von uns getroffenen Entscheidungen zu beeinflussen.\" \/>\n<meta property=\"og:url\" content=\"https:\/\/dynaxo.pl\/de\/our-mission-and-the-values\/\" \/>\n<meta property=\"og:site_name\" content=\"Dynaxo\" \/>\n<meta property=\"article:modified_time\" content=\"2024-04-08T10:19:36+00:00\" \/>\n<script type=\"application\/ld+json\" class=\"yoast-schema-graph\">{\"@context\":\"https:\/\/schema.org\",\"@graph\":[{\"@type\":\"WebPage\",\"@id\":\"https:\/\/dynaxo.pl\/de\/our-mission-and-the-values\/\",\"url\":\"https:\/\/dynaxo.pl\/de\/our-mission-and-the-values\/\",\"name\":\"Auftrag und Werte - Dynaxo\",\"isPartOf\":{\"@id\":\"https:\/\/dynaxo.pl\/de\/#website\"},\"datePublished\":\"2015-04-14T08:32:00+00:00\",\"dateModified\":\"2024-04-08T10:19:36+00:00\",\"description\":\"F\u00fcr uns sind die Mission und die Werte, die uns bei allen Unternehmungen des Unternehmens leiten, das Fundament von DYNAXO. Sie inspirieren uns in unserer t\u00e4glichen Arbeit und erm\u00f6glichen es uns, die Qualit\u00e4t unserer Dienstleistungen und Produkte sowie die von uns getroffenen Entscheidungen zu beeinflussen.\",\"breadcrumb\":{\"@id\":\"https:\/\/dynaxo.pl\/de\/our-mission-and-the-values\/#breadcrumb\"},\"inLanguage\":\"de\",\"potentialAction\":[{\"@type\":\"ReadAction\",\"target\":[\"https:\/\/dynaxo.pl\/de\/our-mission-and-the-values\/\"]}]},{\"@type\":\"BreadcrumbList\",\"@id\":\"https:\/\/dynaxo.pl\/de\/our-mission-and-the-values\/#breadcrumb\",\"itemListElement\":[{\"@type\":\"ListItem\",\"position\":1,\"name\":\"Start\",\"item\":\"https:\/\/dynaxo.pl\/de\/\"},{\"@type\":\"ListItem\",\"position\":2,\"name\":\"Auftrag und Werte\"}]},{\"@type\":\"WebSite\",\"@id\":\"https:\/\/dynaxo.pl\/de\/#website\",\"url\":\"https:\/\/dynaxo.pl\/de\/\",\"name\":\"Dynaxo\",\"description\":\"przestrze\u0144 kompleksowych rozwi\u0105za\u0144\",\"potentialAction\":[{\"@type\":\"SearchAction\",\"target\":{\"@type\":\"EntryPoint\",\"urlTemplate\":\"https:\/\/dynaxo.pl\/de\/?s={search_term_string}\"},\"query-input\":{\"@type\":\"PropertyValueSpecification\",\"valueRequired\":true,\"valueName\":\"search_term_string\"}}],\"inLanguage\":\"de\"}]}<\/script>\n<!-- \/ Yoast SEO plugin. -->","yoast_head_json":{"title":"Auftrag und Werte - Dynaxo","description":"F\u00fcr uns sind die Mission und die Werte, die uns bei allen Unternehmungen des Unternehmens leiten, das Fundament von DYNAXO. Sie inspirieren uns in unserer t\u00e4glichen Arbeit und erm\u00f6glichen es uns, die Qualit\u00e4t unserer Dienstleistungen und Produkte sowie die von uns getroffenen Entscheidungen zu beeinflussen.","robots":{"index":"index","follow":"follow","max-snippet":"max-snippet:-1","max-image-preview":"max-image-preview:large","max-video-preview":"max-video-preview:-1"},"canonical":"https:\/\/dynaxo.pl\/de\/our-mission-and-the-values\/","og_locale":"de_DE","og_type":"article","og_title":"Auftrag und Werte - Dynaxo","og_description":"F\u00fcr uns sind die Mission und die Werte, die uns bei allen Unternehmungen des Unternehmens leiten, das Fundament von DYNAXO. Sie inspirieren uns in unserer t\u00e4glichen Arbeit und erm\u00f6glichen es uns, die Qualit\u00e4t unserer Dienstleistungen und Produkte sowie die von uns getroffenen Entscheidungen zu beeinflussen.","og_url":"https:\/\/dynaxo.pl\/de\/our-mission-and-the-values\/","og_site_name":"Dynaxo","article_modified_time":"2024-04-08T10:19:36+00:00","schema":{"@context":"https:\/\/schema.org","@graph":[{"@type":"WebPage","@id":"https:\/\/dynaxo.pl\/de\/our-mission-and-the-values\/","url":"https:\/\/dynaxo.pl\/de\/our-mission-and-the-values\/","name":"Auftrag und Werte - Dynaxo","isPartOf":{"@id":"https:\/\/dynaxo.pl\/de\/#website"},"datePublished":"2015-04-14T08:32:00+00:00","dateModified":"2024-04-08T10:19:36+00:00","description":"F\u00fcr uns sind die Mission und die Werte, die uns bei allen Unternehmungen des Unternehmens leiten, das Fundament von DYNAXO. Sie inspirieren uns in unserer t\u00e4glichen Arbeit und erm\u00f6glichen es uns, die Qualit\u00e4t unserer Dienstleistungen und Produkte sowie die von uns getroffenen Entscheidungen zu beeinflussen.","breadcrumb":{"@id":"https:\/\/dynaxo.pl\/de\/our-mission-and-the-values\/#breadcrumb"},"inLanguage":"de","potentialAction":[{"@type":"ReadAction","target":["https:\/\/dynaxo.pl\/de\/our-mission-and-the-values\/"]}]},{"@type":"BreadcrumbList","@id":"https:\/\/dynaxo.pl\/de\/our-mission-and-the-values\/#breadcrumb","itemListElement":[{"@type":"ListItem","position":1,"name":"Start","item":"https:\/\/dynaxo.pl\/de\/"},{"@type":"ListItem","position":2,"name":"Auftrag und Werte"}]},{"@type":"WebSite","@id":"https:\/\/dynaxo.pl\/de\/#website","url":"https:\/\/dynaxo.pl\/de\/","name":"Dynaxo","description":"przestrze\u0144 kompleksowych rozwi\u0105za\u0144","potentialAction":[{"@type":"SearchAction","target":{"@type":"EntryPoint","urlTemplate":"https:\/\/dynaxo.pl\/de\/?s={search_term_string}"},"query-input":{"@type":"PropertyValueSpecification","valueRequired":true,"valueName":"search_term_string"}}],"inLanguage":"de"}]}},"_links":{"self":[{"href":"https:\/\/dynaxo.pl\/de\/wp-json\/wp\/v2\/pages\/6076","targetHints":{"allow":["GET"]}}],"collection":[{"href":"https:\/\/dynaxo.pl\/de\/wp-json\/wp\/v2\/pages"}],"about":[{"href":"https:\/\/dynaxo.pl\/de\/wp-json\/wp\/v2\/types\/page"}],"author":[{"embeddable":true,"href":"https:\/\/dynaxo.pl\/de\/wp-json\/wp\/v2\/users\/1"}],"replies":[{"embeddable":true,"href":"https:\/\/dynaxo.pl\/de\/wp-json\/wp\/v2\/comments?post=6076"}],"version-history":[{"count":2,"href":"https:\/\/dynaxo.pl\/de\/wp-json\/wp\/v2\/pages\/6076\/revisions"}],"predecessor-version":[{"id":6149,"href":"https:\/\/dynaxo.pl\/de\/wp-json\/wp\/v2\/pages\/6076\/revisions\/6149"}],"wp:attachment":[{"href":"https:\/\/dynaxo.pl\/de\/wp-json\/wp\/v2\/media?parent=6076"}],"curies":[{"name":"wp","href":"https:\/\/api.w.org\/{rel}","templated":true}]}}