{"id":6078,"date":"2015-04-24T14:09:06","date_gmt":"2015-04-24T14:09:06","guid":{"rendered":"https:\/\/dynaxo.pl\/odpowiedzialnosc-spoleczna\/"},"modified":"2024-04-08T10:20:32","modified_gmt":"2024-04-08T10:20:32","slug":"gesellschaftliche-verantwortung","status":"publish","type":"page","link":"https:\/\/dynaxo.pl\/de\/gesellschaftliche-verantwortung\/","title":{"rendered":"Gesellschaftliche Verantwortung"},"content":{"rendered":"\n<p><strong>In ihrer Gesch\u00e4ftst\u00e4tigkeit entschied die Firma DYNAXO sich f\u00fcr den Weg der gesellschaftlichen Verantwortung in Bezug auf alle ihre Handlungen.<\/strong><\/p>\n\n\n\n<p>Unter Ber\u00fccksichtigung aller \u00f6konomischen, gesellschaftlichen und \u00f6kologischen Faktoren bem\u00fchen wir uns, unsere t\u00e4gliche Arbeit mit Professionalismus, Achtung und Ehrlichkeit zu erledigen. In unserer Gesch\u00e4ftst\u00e4tigkeit konzentrieren wir uns vor allem auf die Bed\u00fcrfnisse und die Zufriedenheit der Kunden, die f\u00fcr uns den wichtigsten Ma\u00dfstab unseres Handelns darstellen. Wir setzen bei DYNAXO vor allem auf Offenheit \u2013 deshalb st\u00fctzen sich alle im Bereich Corporate Social Responsibility eingeleiteten Ma\u00dfnahmen auf den Dialog mit Mitarbeitern, Kunden, Lieferanten und der Gesellschaft. Wir garantieren zudem, dass in unseren Handlungen zur Realisierung unserer strategischen Ziele der Umweltschutz eine ganz wichtige Rolle spielt. Wir regen unsere Mitarbeiter an, Sport zu treiben, einen gesunden Lebensstil zu f\u00fchren und nach den Regeln des Fair Play zu handeln.<\/p>\n","protected":false},"excerpt":{"rendered":"<p>In ihrer Gesch\u00e4ftst\u00e4tigkeit entschied die Firma DYNAXO sich f\u00fcr den Weg der gesellschaftlichen Verantwortung in Bezug auf alle ihre Handlungen. Unter Ber\u00fccksichtigung aller \u00f6konomischen, gesellschaftlichen und \u00f6kologischen Faktoren bem\u00fchen wir uns, unsere t\u00e4gliche Arbeit mit Professionalismus, Achtung und Ehrlichkeit zu erledigen. In unserer Gesch\u00e4ftst\u00e4tigkeit konzentrieren wir uns vor allem auf die Bed\u00fcrfnisse und die Zufriedenheit der Kunden, die f\u00fcr uns den wichtigsten Ma\u00dfstab unseres Handelns [&hellip;]<\/p>\n","protected":false},"author":1,"featured_media":0,"parent":0,"menu_order":85,"comment_status":"closed","ping_status":"closed","template":"","meta":{"_acf_changed":false,"inline_featured_image":false,"_monsterinsights_skip_tracking":false,"_monsterinsights_sitenote_active":false,"_monsterinsights_sitenote_note":"","_monsterinsights_sitenote_category":0,"footnotes":"","_links_to":"","_links_to_target":""},"class_list":["post-6078","page","type-page","status-publish","hentry"],"acf":[],"yoast_head":"<!-- This site is optimized with the Yoast SEO plugin v27.2 - https:\/\/yoast.com\/product\/yoast-seo-wordpress\/ -->\n<title>Gesellschaftliche Verantwortung - Dynaxo<\/title>\n<meta name=\"description\" content=\"W \u00a0swojej dzia\u0142alno\u015bci firma DYNAXO wyznaczy\u0142a sobie drog\u0119 odpowiedzialno\u015bci spo\u0142ecznej biznesu w kontek\u015bcie prowadzonych przez siebie dzia\u0142a\u0144.\" \/>\n<meta name=\"robots\" content=\"index, follow, max-snippet:-1, max-image-preview:large, max-video-preview:-1\" \/>\n<link rel=\"canonical\" href=\"https:\/\/dynaxo.pl\/de\/gesellschaftliche-verantwortung\/\" \/>\n<meta property=\"og:locale\" content=\"de_DE\" \/>\n<meta property=\"og:type\" content=\"article\" \/>\n<meta property=\"og:title\" content=\"Gesellschaftliche Verantwortung - Dynaxo\" \/>\n<meta property=\"og:description\" content=\"W \u00a0swojej dzia\u0142alno\u015bci firma DYNAXO wyznaczy\u0142a sobie drog\u0119 odpowiedzialno\u015bci spo\u0142ecznej biznesu w kontek\u015bcie prowadzonych przez siebie dzia\u0142a\u0144.\" \/>\n<meta property=\"og:url\" content=\"https:\/\/dynaxo.pl\/de\/gesellschaftliche-verantwortung\/\" \/>\n<meta property=\"og:site_name\" content=\"Dynaxo\" \/>\n<meta property=\"article:modified_time\" content=\"2024-04-08T10:20:32+00:00\" \/>\n<meta name=\"twitter:label1\" content=\"Gesch\u00e4tzte Lesezeit\" \/>\n\t<meta name=\"twitter:data1\" content=\"1\u00a0Minute\" \/>\n<script type=\"application\/ld+json\" class=\"yoast-schema-graph\">{\"@context\":\"https:\/\/schema.org\",\"@graph\":[{\"@type\":\"WebPage\",\"@id\":\"https:\/\/dynaxo.pl\/de\/gesellschaftliche-verantwortung\/\",\"url\":\"https:\/\/dynaxo.pl\/de\/gesellschaftliche-verantwortung\/\",\"name\":\"Gesellschaftliche Verantwortung - Dynaxo\",\"isPartOf\":{\"@id\":\"https:\/\/dynaxo.pl\/de\/#website\"},\"datePublished\":\"2015-04-24T14:09:06+00:00\",\"dateModified\":\"2024-04-08T10:20:32+00:00\",\"description\":\"W \u00a0swojej dzia\u0142alno\u015bci firma DYNAXO wyznaczy\u0142a sobie drog\u0119 odpowiedzialno\u015bci spo\u0142ecznej biznesu w kontek\u015bcie prowadzonych przez siebie dzia\u0142a\u0144.\",\"breadcrumb\":{\"@id\":\"https:\/\/dynaxo.pl\/de\/gesellschaftliche-verantwortung\/#breadcrumb\"},\"inLanguage\":\"de\",\"potentialAction\":[{\"@type\":\"ReadAction\",\"target\":[\"https:\/\/dynaxo.pl\/de\/gesellschaftliche-verantwortung\/\"]}]},{\"@type\":\"BreadcrumbList\",\"@id\":\"https:\/\/dynaxo.pl\/de\/gesellschaftliche-verantwortung\/#breadcrumb\",\"itemListElement\":[{\"@type\":\"ListItem\",\"position\":1,\"name\":\"Start\",\"item\":\"https:\/\/dynaxo.pl\/de\/\"},{\"@type\":\"ListItem\",\"position\":2,\"name\":\"Gesellschaftliche Verantwortung\"}]},{\"@type\":\"WebSite\",\"@id\":\"https:\/\/dynaxo.pl\/de\/#website\",\"url\":\"https:\/\/dynaxo.pl\/de\/\",\"name\":\"Dynaxo\",\"description\":\"przestrze\u0144 kompleksowych rozwi\u0105za\u0144\",\"potentialAction\":[{\"@type\":\"SearchAction\",\"target\":{\"@type\":\"EntryPoint\",\"urlTemplate\":\"https:\/\/dynaxo.pl\/de\/?s={search_term_string}\"},\"query-input\":{\"@type\":\"PropertyValueSpecification\",\"valueRequired\":true,\"valueName\":\"search_term_string\"}}],\"inLanguage\":\"de\"}]}<\/script>\n<!-- \/ Yoast SEO plugin. -->","yoast_head_json":{"title":"Gesellschaftliche Verantwortung - Dynaxo","description":"W \u00a0swojej dzia\u0142alno\u015bci firma DYNAXO wyznaczy\u0142a sobie drog\u0119 odpowiedzialno\u015bci spo\u0142ecznej biznesu w kontek\u015bcie prowadzonych przez siebie dzia\u0142a\u0144.","robots":{"index":"index","follow":"follow","max-snippet":"max-snippet:-1","max-image-preview":"max-image-preview:large","max-video-preview":"max-video-preview:-1"},"canonical":"https:\/\/dynaxo.pl\/de\/gesellschaftliche-verantwortung\/","og_locale":"de_DE","og_type":"article","og_title":"Gesellschaftliche Verantwortung - Dynaxo","og_description":"W \u00a0swojej dzia\u0142alno\u015bci firma DYNAXO wyznaczy\u0142a sobie drog\u0119 odpowiedzialno\u015bci spo\u0142ecznej biznesu w kontek\u015bcie prowadzonych przez siebie dzia\u0142a\u0144.","og_url":"https:\/\/dynaxo.pl\/de\/gesellschaftliche-verantwortung\/","og_site_name":"Dynaxo","article_modified_time":"2024-04-08T10:20:32+00:00","twitter_misc":{"Gesch\u00e4tzte Lesezeit":"1\u00a0Minute"},"schema":{"@context":"https:\/\/schema.org","@graph":[{"@type":"WebPage","@id":"https:\/\/dynaxo.pl\/de\/gesellschaftliche-verantwortung\/","url":"https:\/\/dynaxo.pl\/de\/gesellschaftliche-verantwortung\/","name":"Gesellschaftliche Verantwortung - Dynaxo","isPartOf":{"@id":"https:\/\/dynaxo.pl\/de\/#website"},"datePublished":"2015-04-24T14:09:06+00:00","dateModified":"2024-04-08T10:20:32+00:00","description":"W \u00a0swojej dzia\u0142alno\u015bci firma DYNAXO wyznaczy\u0142a sobie drog\u0119 odpowiedzialno\u015bci spo\u0142ecznej biznesu w kontek\u015bcie prowadzonych przez siebie dzia\u0142a\u0144.","breadcrumb":{"@id":"https:\/\/dynaxo.pl\/de\/gesellschaftliche-verantwortung\/#breadcrumb"},"inLanguage":"de","potentialAction":[{"@type":"ReadAction","target":["https:\/\/dynaxo.pl\/de\/gesellschaftliche-verantwortung\/"]}]},{"@type":"BreadcrumbList","@id":"https:\/\/dynaxo.pl\/de\/gesellschaftliche-verantwortung\/#breadcrumb","itemListElement":[{"@type":"ListItem","position":1,"name":"Start","item":"https:\/\/dynaxo.pl\/de\/"},{"@type":"ListItem","position":2,"name":"Gesellschaftliche Verantwortung"}]},{"@type":"WebSite","@id":"https:\/\/dynaxo.pl\/de\/#website","url":"https:\/\/dynaxo.pl\/de\/","name":"Dynaxo","description":"przestrze\u0144 kompleksowych rozwi\u0105za\u0144","potentialAction":[{"@type":"SearchAction","target":{"@type":"EntryPoint","urlTemplate":"https:\/\/dynaxo.pl\/de\/?s={search_term_string}"},"query-input":{"@type":"PropertyValueSpecification","valueRequired":true,"valueName":"search_term_string"}}],"inLanguage":"de"}]}},"_links":{"self":[{"href":"https:\/\/dynaxo.pl\/de\/wp-json\/wp\/v2\/pages\/6078","targetHints":{"allow":["GET"]}}],"collection":[{"href":"https:\/\/dynaxo.pl\/de\/wp-json\/wp\/v2\/pages"}],"about":[{"href":"https:\/\/dynaxo.pl\/de\/wp-json\/wp\/v2\/types\/page"}],"author":[{"embeddable":true,"href":"https:\/\/dynaxo.pl\/de\/wp-json\/wp\/v2\/users\/1"}],"replies":[{"embeddable":true,"href":"https:\/\/dynaxo.pl\/de\/wp-json\/wp\/v2\/comments?post=6078"}],"version-history":[{"count":2,"href":"https:\/\/dynaxo.pl\/de\/wp-json\/wp\/v2\/pages\/6078\/revisions"}],"predecessor-version":[{"id":6151,"href":"https:\/\/dynaxo.pl\/de\/wp-json\/wp\/v2\/pages\/6078\/revisions\/6151"}],"wp:attachment":[{"href":"https:\/\/dynaxo.pl\/de\/wp-json\/wp\/v2\/media?parent=6078"}],"curies":[{"name":"wp","href":"https:\/\/api.w.org\/{rel}","templated":true}]}}