{"id":6083,"date":"2015-05-27T19:40:42","date_gmt":"2015-05-27T19:40:42","guid":{"rendered":"https:\/\/dynaxo.pl\/ogloszenia\/"},"modified":"2024-04-11T08:52:29","modified_gmt":"2024-04-11T08:52:29","slug":"bekanntmachungen","status":"publish","type":"page","link":"https:\/\/dynaxo.pl\/de\/bekanntmachungen\/","title":{"rendered":"Bekanntmachungen"},"content":{"rendered":"\n<figure class=\"wp-block-image size-full is-resized\"><a href=\"https:\/\/dynaxo.pl\/wp-content\/uploads\/2024\/04\/pl-dotacje.svg\"><img decoding=\"async\" src=\"https:\/\/dynaxo.pl\/wp-content\/uploads\/2024\/04\/pl-dotacje.svg\" alt=\"\" class=\"wp-image-6301\" style=\"width:458px;height:auto\"\/><\/a><\/figure>\n\n\n\n<div style=\"height:31px\" aria-hidden=\"true\" class=\"wp-block-spacer\"><\/div>\n\n\n\n<p><strong>DYNAXO Sp. z o.o. <\/strong>f\u00fchrt ein vom Ministerium f\u00fcr Entwicklung und Technologie kofinanziertes Projekt im Rahmen der &#8222;Realisierung von Industrief\u00f6rderprojekten zur Unterst\u00fctzung des Exports&#8220; durch.<\/p>\n\n\n\n<p><strong>Kurze Beschreibung des Projekts:<\/strong><br>Mit der Teilnahme an der internationalen Fachmesse &#8218;Intertraffic 2024&#8216; wollen wir den Bekanntheitsgrad unserer Produktmarke im Metallsegment f\u00fcr den mobilen Bereich steigern. Die Messe Intertraffic in Amsterdam ist die ideale Veranstaltung, um f\u00fcr unser Angebot zu werben. So k\u00f6nnen wir Kontakte zu potenziellen Kunden kn\u00fcpfen, die die Veranstaltung besuchen, und uns als Bindeglied zu diesem sehr dynamischen Markt etablieren.<\/p>\n\n\n\n<p><strong>Geplante Projektergebnisse:<\/strong><br>Dank seiner Beteiligung an der Intertraffic kann das Unternehmen:<\/p>\n\n\n\n<ul class=\"wp-block-list\">\n<li>neue potenzielle Kunden\/Auftraggeber zu gewinnen,<\/li>\n\n\n\n<li>wird seine Basis an Gesch\u00e4ftskontakten erweitern,<\/li>\n\n\n\n<li>wird in den sich rasch entwickelnden Mobilit\u00e4tsmarkt eintreten,<\/li>\n\n\n\n<li>wird seine Wettbewerbsf\u00e4higkeit erh\u00f6hen und seine Position auf den in- und ausl\u00e4ndischen M\u00e4rkten st\u00e4rken.<\/li>\n<\/ul>\n\n\n\n<div style=\"height:100px\" aria-hidden=\"true\" class=\"wp-block-spacer\"><\/div>\n\n\n\n<figure class=\"wp-block-image size-full\"><img loading=\"lazy\" decoding=\"async\" width=\"204\" height=\"100\" src=\"https:\/\/dynaxo.pl\/wp-content\/uploads\/2024\/02\/pl.png\" alt=\"\" class=\"wp-image-5577\" srcset=\"https:\/\/dynaxo.pl\/wp-content\/uploads\/2024\/02\/pl.png 204w, https:\/\/dynaxo.pl\/wp-content\/uploads\/2024\/02\/pl-40x20.png 40w\" sizes=\"auto, (max-width: 204px) 100vw, 204px\" \/><\/figure>\n\n\n\n<div style=\"height:31px\" aria-hidden=\"true\" class=\"wp-block-spacer\"><\/div>\n\n\n\n<p><strong>DYNAXO Sp. z o.o.<\/strong>  f\u00fchrt ein Projekt durch, das vom Sozialversicherungsfonds bezuschusst wird<\/p>\n\n\n\n<p><strong>Art der Regelung:<br><\/strong>Zuschuss zur Unfallverh\u00fctung f\u00fcr Beitragszahler<\/p>\n\n\n\n<p><strong>Name des Vorhabens:<br><\/strong> VERBESSERUNG DER GESUNDHEIT UND SICHERHEIT AM ARBEITSPLATZ IM UNTERNEHMEN DURCH DEN KAUF EINES GEB\u00c4UDESYSTEMS UND EINER ROLLENWAGENWAGEN<\/p>\n\n\n\n<p><strong>Wert des Zuschusses: 124.824,54 PLN<br><\/strong><strong>Gesamtwert des Projekts: 200.041,18 PLN<\/strong><\/p>\n\n\n\n<p><strong>Kurze Projektbeschreibung:<br><\/strong>Ziel des Projekts ist die Verbesserung der Sicherheit und des Gesundheitsschutzes von Arbeitnehmern durch Investitionen in folgende Bereiche:<\/p>\n\n\n\n<ul class=\"wp-block-list\">\n<li>die Anschaffung eines elektrischen Gabelstaplers, der die manuelle Handhabung von Lasten, die den Bewegungsapparat, einschlie\u00dflich der Wirbels\u00e4ule, belasten, deutlich reduziert, wenn nicht sogar ganz \u00fcberfl\u00fcssig macht, und somit die Arbeitsbedingungen bei Hebe- und Traget\u00e4tigkeiten verbessert.<\/li>\n\n\n\n<li>die Anschaffung von Staubabsauganlagen f\u00fcr den Schleiftisch und den Fr\u00e4splotter, die die Arbeitsbedingungen f\u00fcr die Besch\u00e4ftigten verbessern, indem sie die Staubemissionen, die beim Schleifen von Metallen und beim Fr\u00e4sen von Isoliermaterial entstehen, erheblich reduzieren.<\/li>\n<\/ul>\n\n\n\n<p><strong>Datum der Vertragsunterzeichnung:<\/strong><br>Januar 2024<\/p>\n\n\n\n<div style=\"height:100px\" aria-hidden=\"true\" class=\"wp-block-spacer\"><\/div>\n\n\n\n<figure class=\"wp-block-image\"><img loading=\"lazy\" decoding=\"async\" width=\"459\" height=\"100\" src=\"https:\/\/dynaxo.pl\/wp-content\/uploads\/2015\/05\/logo.png\" alt=\"\" class=\"wp-image-1328\" srcset=\"https:\/\/dynaxo.pl\/wp-content\/uploads\/2015\/05\/logo.png 459w, https:\/\/dynaxo.pl\/wp-content\/uploads\/2015\/05\/logo-300x65.png 300w, https:\/\/dynaxo.pl\/wp-content\/uploads\/2015\/05\/logo-40x9.png 40w, https:\/\/dynaxo.pl\/wp-content\/uploads\/2015\/05\/logo-230x50.png 230w\" sizes=\"auto, (max-width: 459px) 100vw, 459px\" \/><\/figure>\n\n\n\n<p><strong>DYNAXO Sp. z o.o.<\/strong>  f\u00fchrt ein von den Europ\u00e4ischen Fonds kofinanziertes Projekt &#8222;Einf\u00fchrung der Technologie und Produktionsstart einer neuen Produktlinie innovativer Gas-Keramik-Kochfelder der 2. Generation&#8220; durch, das von den Europ\u00e4ischen Fonds im Rahmen des Operationellen Programms Intelligente Entwicklung 2014 -2020, Unterma\u00dfnahme 3.2.2 Kredit f\u00fcr technologische Innovation, kofinanziert wird.<\/p>\n\n\n\n<p><strong> <\/strong><strong>Ziele des Projekts<\/strong>:<\/p>\n\n\n\n<p>Ziel des Projekts ist es, das Innovationsniveau und die technologische Entwicklung von DYNAXO zu steigern und damit die Wettbewerbsf\u00e4higkeit des Unternehmens auf dem Markt zu erh\u00f6hen, und zwar nicht nur auf dem heimischen Markt, sondern auch weltweit, was die Chancen des Unternehmens auf eine St\u00e4rkung seiner Position und den Aufbau eines nachhaltigen Wettbewerbsvorteils erh\u00f6ht.<\/p>\n\n\n\n<p><strong>Geplante Projektergebnisse<\/strong>:<br>Mit der Fertigstellung des Projekts wird das Unternehmen:<\/p>\n\n\n\n<ul class=\"wp-block-list\">\n<li>sein Innovationsniveau und das der polnischen Wirtschaft zu erh\u00f6hen<\/li>\n\n\n\n<li>eine bedeutende technologische Entwicklung durch die Einf\u00fchrung einer weltweit innovativen Produktionstechnologie zu erreichen<\/li>\n\n\n\n<li>Steigerung der Wettbewerbsf\u00e4higkeit auf dem in- und ausl\u00e4ndischen Markt<\/li>\n\n\n\n<li>nachhaltige Wettbewerbsvorteile erzielen<\/li>\n\n\n\n<li>Entwicklung von Forschungs- und Entwicklungsmethoden und -kapazit\u00e4ten<\/li>\n\n\n\n<li>wird neue Arbeitspl\u00e4tze schaffen<\/li>\n<\/ul>\n\n\n\n<p><strong>Gesamtwert des Projekts: 4.973.500,00 PLN<\/strong><br><strong>Beitrag der Europ\u00e4ischen Fonds: 1.740.725,00 PLN<\/strong><\/p>\n","protected":false},"excerpt":{"rendered":"<p>DYNAXO Sp. z o.o. f\u00fchrt ein vom Ministerium f\u00fcr Entwicklung und Technologie kofinanziertes Projekt im Rahmen der &#8222;Realisierung von Industrief\u00f6rderprojekten zur Unterst\u00fctzung des Exports&#8220; durch. Kurze Beschreibung des Projekts:Mit der Teilnahme an der internationalen Fachmesse &#8218;Intertraffic 2024&#8216; wollen wir den Bekanntheitsgrad unserer Produktmarke im Metallsegment f\u00fcr den mobilen Bereich steigern. Die Messe Intertraffic in Amsterdam ist die ideale Veranstaltung, um f\u00fcr unser Angebot zu werben. [&hellip;]<\/p>\n","protected":false},"author":3,"featured_media":0,"parent":0,"menu_order":94,"comment_status":"closed","ping_status":"closed","template":"","meta":{"_acf_changed":false,"inline_featured_image":false,"_monsterinsights_skip_tracking":false,"_monsterinsights_sitenote_active":false,"_monsterinsights_sitenote_note":"","_monsterinsights_sitenote_category":0,"footnotes":"","_links_to":"","_links_to_target":""},"class_list":["post-6083","page","type-page","status-publish","hentry"],"acf":[],"yoast_head":"<!-- This site is optimized with the Yoast SEO plugin v27.2 - https:\/\/yoast.com\/product\/yoast-seo-wordpress\/ -->\n<title>Bekanntmachungen - Dynaxo<\/title>\n<meta name=\"description\" content=\"Wir laden Sie ein, einen Blick auf die von unserem Unternehmen ver\u00f6ffentlichten Bekanntmachungen zu werfen.\" \/>\n<meta name=\"robots\" content=\"index, follow, max-snippet:-1, max-image-preview:large, max-video-preview:-1\" \/>\n<link rel=\"canonical\" href=\"https:\/\/dynaxo.pl\/de\/bekanntmachungen\/\" \/>\n<meta property=\"og:locale\" content=\"de_DE\" \/>\n<meta property=\"og:type\" content=\"article\" \/>\n<meta property=\"og:title\" content=\"Bekanntmachungen - Dynaxo\" \/>\n<meta property=\"og:description\" content=\"Wir laden Sie ein, einen Blick auf die von unserem Unternehmen ver\u00f6ffentlichten Bekanntmachungen zu werfen.\" \/>\n<meta property=\"og:url\" content=\"https:\/\/dynaxo.pl\/de\/bekanntmachungen\/\" \/>\n<meta property=\"og:site_name\" content=\"Dynaxo\" \/>\n<meta property=\"article:modified_time\" content=\"2024-04-11T08:52:29+00:00\" \/>\n<meta property=\"og:image\" content=\"https:\/\/dynaxo.pl\/wp-content\/uploads\/2024\/04\/pl-dotacje.svg\" \/>\n<meta name=\"twitter:label1\" content=\"Gesch\u00e4tzte Lesezeit\" \/>\n\t<meta name=\"twitter:data1\" content=\"4\u00a0Minuten\" \/>\n<script type=\"application\/ld+json\" class=\"yoast-schema-graph\">{\"@context\":\"https:\/\/schema.org\",\"@graph\":[{\"@type\":\"WebPage\",\"@id\":\"https:\/\/dynaxo.pl\/de\/bekanntmachungen\/\",\"url\":\"https:\/\/dynaxo.pl\/de\/bekanntmachungen\/\",\"name\":\"Bekanntmachungen - Dynaxo\",\"isPartOf\":{\"@id\":\"https:\/\/dynaxo.pl\/de\/#website\"},\"primaryImageOfPage\":{\"@id\":\"https:\/\/dynaxo.pl\/de\/bekanntmachungen\/#primaryimage\"},\"image\":{\"@id\":\"https:\/\/dynaxo.pl\/de\/bekanntmachungen\/#primaryimage\"},\"thumbnailUrl\":\"https:\/\/dynaxo.pl\/wp-content\/uploads\/2024\/04\/pl-dotacje.svg\",\"datePublished\":\"2015-05-27T19:40:42+00:00\",\"dateModified\":\"2024-04-11T08:52:29+00:00\",\"description\":\"Wir laden Sie ein, einen Blick auf die von unserem Unternehmen ver\u00f6ffentlichten Bekanntmachungen zu werfen.\",\"breadcrumb\":{\"@id\":\"https:\/\/dynaxo.pl\/de\/bekanntmachungen\/#breadcrumb\"},\"inLanguage\":\"de\",\"potentialAction\":[{\"@type\":\"ReadAction\",\"target\":[\"https:\/\/dynaxo.pl\/de\/bekanntmachungen\/\"]}]},{\"@type\":\"ImageObject\",\"inLanguage\":\"de\",\"@id\":\"https:\/\/dynaxo.pl\/de\/bekanntmachungen\/#primaryimage\",\"url\":\"https:\/\/dynaxo.pl\/wp-content\/uploads\/2024\/04\/pl-dotacje.svg\",\"contentUrl\":\"https:\/\/dynaxo.pl\/wp-content\/uploads\/2024\/04\/pl-dotacje.svg\"},{\"@type\":\"BreadcrumbList\",\"@id\":\"https:\/\/dynaxo.pl\/de\/bekanntmachungen\/#breadcrumb\",\"itemListElement\":[{\"@type\":\"ListItem\",\"position\":1,\"name\":\"Start\",\"item\":\"https:\/\/dynaxo.pl\/de\/\"},{\"@type\":\"ListItem\",\"position\":2,\"name\":\"Bekanntmachungen\"}]},{\"@type\":\"WebSite\",\"@id\":\"https:\/\/dynaxo.pl\/de\/#website\",\"url\":\"https:\/\/dynaxo.pl\/de\/\",\"name\":\"Dynaxo\",\"description\":\"przestrze\u0144 kompleksowych rozwi\u0105za\u0144\",\"potentialAction\":[{\"@type\":\"SearchAction\",\"target\":{\"@type\":\"EntryPoint\",\"urlTemplate\":\"https:\/\/dynaxo.pl\/de\/?s={search_term_string}\"},\"query-input\":{\"@type\":\"PropertyValueSpecification\",\"valueRequired\":true,\"valueName\":\"search_term_string\"}}],\"inLanguage\":\"de\"}]}<\/script>\n<!-- \/ Yoast SEO plugin. -->","yoast_head_json":{"title":"Bekanntmachungen - Dynaxo","description":"Wir laden Sie ein, einen Blick auf die von unserem Unternehmen ver\u00f6ffentlichten Bekanntmachungen zu werfen.","robots":{"index":"index","follow":"follow","max-snippet":"max-snippet:-1","max-image-preview":"max-image-preview:large","max-video-preview":"max-video-preview:-1"},"canonical":"https:\/\/dynaxo.pl\/de\/bekanntmachungen\/","og_locale":"de_DE","og_type":"article","og_title":"Bekanntmachungen - Dynaxo","og_description":"Wir laden Sie ein, einen Blick auf die von unserem Unternehmen ver\u00f6ffentlichten Bekanntmachungen zu werfen.","og_url":"https:\/\/dynaxo.pl\/de\/bekanntmachungen\/","og_site_name":"Dynaxo","article_modified_time":"2024-04-11T08:52:29+00:00","og_image":[{"url":"https:\/\/dynaxo.pl\/wp-content\/uploads\/2024\/04\/pl-dotacje.svg","type":"","width":"","height":""}],"twitter_misc":{"Gesch\u00e4tzte Lesezeit":"4\u00a0Minuten"},"schema":{"@context":"https:\/\/schema.org","@graph":[{"@type":"WebPage","@id":"https:\/\/dynaxo.pl\/de\/bekanntmachungen\/","url":"https:\/\/dynaxo.pl\/de\/bekanntmachungen\/","name":"Bekanntmachungen - Dynaxo","isPartOf":{"@id":"https:\/\/dynaxo.pl\/de\/#website"},"primaryImageOfPage":{"@id":"https:\/\/dynaxo.pl\/de\/bekanntmachungen\/#primaryimage"},"image":{"@id":"https:\/\/dynaxo.pl\/de\/bekanntmachungen\/#primaryimage"},"thumbnailUrl":"https:\/\/dynaxo.pl\/wp-content\/uploads\/2024\/04\/pl-dotacje.svg","datePublished":"2015-05-27T19:40:42+00:00","dateModified":"2024-04-11T08:52:29+00:00","description":"Wir laden Sie ein, einen Blick auf die von unserem Unternehmen ver\u00f6ffentlichten Bekanntmachungen zu werfen.","breadcrumb":{"@id":"https:\/\/dynaxo.pl\/de\/bekanntmachungen\/#breadcrumb"},"inLanguage":"de","potentialAction":[{"@type":"ReadAction","target":["https:\/\/dynaxo.pl\/de\/bekanntmachungen\/"]}]},{"@type":"ImageObject","inLanguage":"de","@id":"https:\/\/dynaxo.pl\/de\/bekanntmachungen\/#primaryimage","url":"https:\/\/dynaxo.pl\/wp-content\/uploads\/2024\/04\/pl-dotacje.svg","contentUrl":"https:\/\/dynaxo.pl\/wp-content\/uploads\/2024\/04\/pl-dotacje.svg"},{"@type":"BreadcrumbList","@id":"https:\/\/dynaxo.pl\/de\/bekanntmachungen\/#breadcrumb","itemListElement":[{"@type":"ListItem","position":1,"name":"Start","item":"https:\/\/dynaxo.pl\/de\/"},{"@type":"ListItem","position":2,"name":"Bekanntmachungen"}]},{"@type":"WebSite","@id":"https:\/\/dynaxo.pl\/de\/#website","url":"https:\/\/dynaxo.pl\/de\/","name":"Dynaxo","description":"przestrze\u0144 kompleksowych rozwi\u0105za\u0144","potentialAction":[{"@type":"SearchAction","target":{"@type":"EntryPoint","urlTemplate":"https:\/\/dynaxo.pl\/de\/?s={search_term_string}"},"query-input":{"@type":"PropertyValueSpecification","valueRequired":true,"valueName":"search_term_string"}}],"inLanguage":"de"}]}},"_links":{"self":[{"href":"https:\/\/dynaxo.pl\/de\/wp-json\/wp\/v2\/pages\/6083","targetHints":{"allow":["GET"]}}],"collection":[{"href":"https:\/\/dynaxo.pl\/de\/wp-json\/wp\/v2\/pages"}],"about":[{"href":"https:\/\/dynaxo.pl\/de\/wp-json\/wp\/v2\/types\/page"}],"author":[{"embeddable":true,"href":"https:\/\/dynaxo.pl\/de\/wp-json\/wp\/v2\/users\/3"}],"replies":[{"embeddable":true,"href":"https:\/\/dynaxo.pl\/de\/wp-json\/wp\/v2\/comments?post=6083"}],"version-history":[{"count":8,"href":"https:\/\/dynaxo.pl\/de\/wp-json\/wp\/v2\/pages\/6083\/revisions"}],"predecessor-version":[{"id":6319,"href":"https:\/\/dynaxo.pl\/de\/wp-json\/wp\/v2\/pages\/6083\/revisions\/6319"}],"wp:attachment":[{"href":"https:\/\/dynaxo.pl\/de\/wp-json\/wp\/v2\/media?parent=6083"}],"curies":[{"name":"wp","href":"https:\/\/api.w.org\/{rel}","templated":true}]}}