{"id":6086,"date":"2023-09-18T09:02:21","date_gmt":"2023-09-18T09:02:21","guid":{"rendered":"https:\/\/dynaxo.pl\/badania-i-rozwoj\/"},"modified":"2024-04-09T12:17:23","modified_gmt":"2024-04-09T12:17:23","slug":"forschung-und-entwicklung","status":"publish","type":"page","link":"https:\/\/dynaxo.pl\/de\/forschung-und-entwicklung\/","title":{"rendered":"Forschung und Entwicklung"},"content":{"rendered":"","protected":false},"excerpt":{"rendered":"","protected":false},"author":1,"featured_media":0,"parent":0,"menu_order":93,"comment_status":"closed","ping_status":"closed","template":"","meta":{"_acf_changed":false,"inline_featured_image":false,"_monsterinsights_skip_tracking":false,"_monsterinsights_sitenote_active":false,"_monsterinsights_sitenote_note":"","_monsterinsights_sitenote_category":0,"footnotes":"","_links_to":"","_links_to_target":""},"class_list":["post-6086","page","type-page","status-publish","hentry"],"acf":[],"yoast_head":"<!-- This site is optimized with the Yoast SEO plugin v27.2 - https:\/\/yoast.com\/product\/yoast-seo-wordpress\/ -->\n<title>Forschung und Entwicklung - Dynaxo<\/title>\n<meta name=\"description\" content=\"W Dynaxo stawiamy na dzia\u0142alno\u015b\u0107 badawczo-rozwojow\u0105. Nasz zesp\u00f3\u0142 tworzy wyspecjalizowana kadra projektant\u00f3w i technolog\u00f3w.\" \/>\n<meta name=\"robots\" content=\"index, follow, max-snippet:-1, max-image-preview:large, max-video-preview:-1\" \/>\n<link rel=\"canonical\" href=\"https:\/\/dynaxo.pl\/de\/forschung-und-entwicklung\/\" \/>\n<meta property=\"og:locale\" content=\"de_DE\" \/>\n<meta property=\"og:type\" content=\"article\" \/>\n<meta property=\"og:title\" content=\"Forschung und Entwicklung - Dynaxo\" \/>\n<meta property=\"og:description\" content=\"W Dynaxo stawiamy na dzia\u0142alno\u015b\u0107 badawczo-rozwojow\u0105. Nasz zesp\u00f3\u0142 tworzy wyspecjalizowana kadra projektant\u00f3w i technolog\u00f3w.\" \/>\n<meta property=\"og:url\" content=\"https:\/\/dynaxo.pl\/de\/forschung-und-entwicklung\/\" \/>\n<meta property=\"og:site_name\" content=\"Dynaxo\" \/>\n<meta property=\"article:modified_time\" content=\"2024-04-09T12:17:23+00:00\" \/>\n<script type=\"application\/ld+json\" class=\"yoast-schema-graph\">{\"@context\":\"https:\/\/schema.org\",\"@graph\":[{\"@type\":\"WebPage\",\"@id\":\"https:\/\/dynaxo.pl\/de\/forschung-und-entwicklung\/\",\"url\":\"https:\/\/dynaxo.pl\/de\/forschung-und-entwicklung\/\",\"name\":\"Forschung und Entwicklung - Dynaxo\",\"isPartOf\":{\"@id\":\"https:\/\/dynaxo.pl\/de\/#website\"},\"datePublished\":\"2023-09-18T09:02:21+00:00\",\"dateModified\":\"2024-04-09T12:17:23+00:00\",\"description\":\"W Dynaxo stawiamy na dzia\u0142alno\u015b\u0107 badawczo-rozwojow\u0105. Nasz zesp\u00f3\u0142 tworzy wyspecjalizowana kadra projektant\u00f3w i technolog\u00f3w.\",\"breadcrumb\":{\"@id\":\"https:\/\/dynaxo.pl\/de\/forschung-und-entwicklung\/#breadcrumb\"},\"inLanguage\":\"de\",\"potentialAction\":[{\"@type\":\"ReadAction\",\"target\":[\"https:\/\/dynaxo.pl\/de\/forschung-und-entwicklung\/\"]}]},{\"@type\":\"BreadcrumbList\",\"@id\":\"https:\/\/dynaxo.pl\/de\/forschung-und-entwicklung\/#breadcrumb\",\"itemListElement\":[{\"@type\":\"ListItem\",\"position\":1,\"name\":\"Start\",\"item\":\"https:\/\/dynaxo.pl\/de\/\"},{\"@type\":\"ListItem\",\"position\":2,\"name\":\"Forschung und Entwicklung\"}]},{\"@type\":\"WebSite\",\"@id\":\"https:\/\/dynaxo.pl\/de\/#website\",\"url\":\"https:\/\/dynaxo.pl\/de\/\",\"name\":\"Dynaxo\",\"description\":\"przestrze\u0144 kompleksowych rozwi\u0105za\u0144\",\"potentialAction\":[{\"@type\":\"SearchAction\",\"target\":{\"@type\":\"EntryPoint\",\"urlTemplate\":\"https:\/\/dynaxo.pl\/de\/?s={search_term_string}\"},\"query-input\":{\"@type\":\"PropertyValueSpecification\",\"valueRequired\":true,\"valueName\":\"search_term_string\"}}],\"inLanguage\":\"de\"}]}<\/script>\n<!-- \/ Yoast SEO plugin. -->","yoast_head_json":{"title":"Forschung und Entwicklung - Dynaxo","description":"W Dynaxo stawiamy na dzia\u0142alno\u015b\u0107 badawczo-rozwojow\u0105. Nasz zesp\u00f3\u0142 tworzy wyspecjalizowana kadra projektant\u00f3w i technolog\u00f3w.","robots":{"index":"index","follow":"follow","max-snippet":"max-snippet:-1","max-image-preview":"max-image-preview:large","max-video-preview":"max-video-preview:-1"},"canonical":"https:\/\/dynaxo.pl\/de\/forschung-und-entwicklung\/","og_locale":"de_DE","og_type":"article","og_title":"Forschung und Entwicklung - Dynaxo","og_description":"W Dynaxo stawiamy na dzia\u0142alno\u015b\u0107 badawczo-rozwojow\u0105. Nasz zesp\u00f3\u0142 tworzy wyspecjalizowana kadra projektant\u00f3w i technolog\u00f3w.","og_url":"https:\/\/dynaxo.pl\/de\/forschung-und-entwicklung\/","og_site_name":"Dynaxo","article_modified_time":"2024-04-09T12:17:23+00:00","schema":{"@context":"https:\/\/schema.org","@graph":[{"@type":"WebPage","@id":"https:\/\/dynaxo.pl\/de\/forschung-und-entwicklung\/","url":"https:\/\/dynaxo.pl\/de\/forschung-und-entwicklung\/","name":"Forschung und Entwicklung - Dynaxo","isPartOf":{"@id":"https:\/\/dynaxo.pl\/de\/#website"},"datePublished":"2023-09-18T09:02:21+00:00","dateModified":"2024-04-09T12:17:23+00:00","description":"W Dynaxo stawiamy na dzia\u0142alno\u015b\u0107 badawczo-rozwojow\u0105. Nasz zesp\u00f3\u0142 tworzy wyspecjalizowana kadra projektant\u00f3w i technolog\u00f3w.","breadcrumb":{"@id":"https:\/\/dynaxo.pl\/de\/forschung-und-entwicklung\/#breadcrumb"},"inLanguage":"de","potentialAction":[{"@type":"ReadAction","target":["https:\/\/dynaxo.pl\/de\/forschung-und-entwicklung\/"]}]},{"@type":"BreadcrumbList","@id":"https:\/\/dynaxo.pl\/de\/forschung-und-entwicklung\/#breadcrumb","itemListElement":[{"@type":"ListItem","position":1,"name":"Start","item":"https:\/\/dynaxo.pl\/de\/"},{"@type":"ListItem","position":2,"name":"Forschung und Entwicklung"}]},{"@type":"WebSite","@id":"https:\/\/dynaxo.pl\/de\/#website","url":"https:\/\/dynaxo.pl\/de\/","name":"Dynaxo","description":"przestrze\u0144 kompleksowych rozwi\u0105za\u0144","potentialAction":[{"@type":"SearchAction","target":{"@type":"EntryPoint","urlTemplate":"https:\/\/dynaxo.pl\/de\/?s={search_term_string}"},"query-input":{"@type":"PropertyValueSpecification","valueRequired":true,"valueName":"search_term_string"}}],"inLanguage":"de"}]}},"_links":{"self":[{"href":"https:\/\/dynaxo.pl\/de\/wp-json\/wp\/v2\/pages\/6086","targetHints":{"allow":["GET"]}}],"collection":[{"href":"https:\/\/dynaxo.pl\/de\/wp-json\/wp\/v2\/pages"}],"about":[{"href":"https:\/\/dynaxo.pl\/de\/wp-json\/wp\/v2\/types\/page"}],"author":[{"embeddable":true,"href":"https:\/\/dynaxo.pl\/de\/wp-json\/wp\/v2\/users\/1"}],"replies":[{"embeddable":true,"href":"https:\/\/dynaxo.pl\/de\/wp-json\/wp\/v2\/comments?post=6086"}],"version-history":[{"count":2,"href":"https:\/\/dynaxo.pl\/de\/wp-json\/wp\/v2\/pages\/6086\/revisions"}],"predecessor-version":[{"id":6243,"href":"https:\/\/dynaxo.pl\/de\/wp-json\/wp\/v2\/pages\/6086\/revisions\/6243"}],"wp:attachment":[{"href":"https:\/\/dynaxo.pl\/de\/wp-json\/wp\/v2\/media?parent=6086"}],"curies":[{"name":"wp","href":"https:\/\/api.w.org\/{rel}","templated":true}]}}