{"id":6329,"date":"2015-04-14T08:32:43","date_gmt":"2015-04-14T08:32:43","guid":{"rendered":"https:\/\/dynaxo.pl\/polityka-jakosci\/"},"modified":"2024-04-11T17:49:27","modified_gmt":"2024-04-11T17:49:27","slug":"qualitatsrichtlinie","status":"publish","type":"page","link":"https:\/\/dynaxo.pl\/de\/qualitatsrichtlinie\/","title":{"rendered":"Qualit\u00e4tsrichtlinie"},"content":{"rendered":"<p><strong>Von der Vision zur Mission<\/strong><\/p>\n<p>Die Verbindung von wahrer Leidenschaft mit pr\u00e4zise definierten Annahmen f\u00fcr die aufgenommene Gesch\u00e4ftst\u00e4tigkeit f\u00fchrt zweifellos zur Erschaffung einer au\u00dfergew\u00f6hnlichen Vision. Deren Grundlage ist im Falle von Dynaxo die St\u00e4rkung etablierte Position eines bew\u00e4hrten Anbieters von umfassenden technischen L\u00f6sungen f\u00fcr renommierte Marken sowie der Ausbau der Position eines zuverl\u00e4ssigen Herstellers von Gaskeramikplatten. Die konsequente Umsetzung einer solchen Aufgabe erfordert Verantwortungsbewusstsein, eine hohe Unternehmenskultur sowie einen mutigen Blick in die Zukunft. Diese drei Eigenschaften erm\u00f6glichen es uns, unseren Kunden Produkte und Dienstleistungen von h\u00f6chster Qualit\u00e4t anzubieten.<\/p>\n<p><strong>Von der Mission zur Strategie<\/strong><\/p>\n<ul>\n<li>Durch die Erweiterung und st\u00e4ndige Diversifizierung des Produktportfolios unserer Kunden entwickeln wir unsere Erfahrung und unser Wissen st\u00e4ndig weiter, um ein umfassendes Angebot zu gew\u00e4hrleisten.<\/li>\n<li>Durch die Zusammenarbeit mit zuverl\u00e4ssigen und qualifizierten Lieferanten gew\u00e4hrleisten wir eine professionelle Vorgehensweise in jeder Phase der eingeleiteten Aktivit\u00e4ten.<\/li>\n<li>Durch st\u00e4ndige \u00dcberwachung des Zufriedenheitsgrades unserer Kunden streben wir nach Perfektion, um auch die anspruchsvollsten Erwartungen zu erf\u00fcllen.<\/li>\n<li>Indem wir die Qualifikationen unserer Mitarbeiter verbessern, werden wir zu einem vollst\u00e4ndig kompetenten und vertrauensw\u00fcrdigen Partner im Gesch\u00e4ft.<\/li>\n<\/ul>\n<p><strong>Unser Wert \u2013 Kundenzufriedenheit<\/strong><\/p>\n<ul>\n<li>Unsere Verantwortung gegen\u00fcber unseren Kunden verpflichtet uns, h\u00f6chstm\u00f6gliche Qualit\u00e4t, eine termingem\u00e4\u00dfe Ausf\u00fchrung der Auftr\u00e4ge und eine Senkung der Herstellungskosten f\u00fcr eine maximale preisliche Wettbewerbsf\u00e4higkeit zu gew\u00e4hrleisten.<\/li>\n<li>Wir wollen, dass unsere Produkte und Dienstleistungen nicht nur die Antwort auf die sich \u00e4ndernden Erwartungen und Anforderungen sind. Wir sind bestrebt, Bed\u00fcrfnisse zu antizipieren, einzigartige Werte zu schaffen und eine hohe Position als Experte f\u00fcr die Konstruktion und Herstellung von Metallerzeugnissen zu erlangen und zu erhalten.<\/li>\n<\/ul>\n<p><strong>Unsere St\u00e4rke \u2013 die Anerkennung unserer Mitarbeiter<\/strong><\/p>\n<ul>\n<li>Unsere Verantwortung gegen\u00fcber unseren Mitarbeitern verpflichtet uns zu einem individuellen und w\u00fcrdigen Ansatz, der eine faire Entlohnung, gleiche Besch\u00e4ftigungschancen f\u00fcr alle, Weiterbildung und Bef\u00f6rderung sowie absolute Sicherheit und Komfort bei der Arbeit einschlie\u00dft.<\/li>\n<li>Ethisches Management basiert auf Partnerschaft, der Schaffung eines demokratischen Arbeitsumfelds, in welchem die Entscheidungen auf Grundlage von Konsens und Dialog mit unseren Mitarbeitern getroffen werden, sowie auf einer Verg\u00fctung, die den Kenntnissen und F\u00e4higkeiten der von uns besch\u00e4ftigten Fachleute angemessen ist.<\/li>\n<\/ul>\n<p><strong>Unsere Zukunft \u2013 nachhaltige Entwicklung\u00a0<\/strong><\/p>\n<ul>\n<li>Die Verantwortung f\u00fcr die Aufrechterhaltung unserer Gesch\u00e4ftst\u00e4tigkeit auf einem hohen Niveau motiviert uns dazu, insbesondere auf die Umwelt und den Schutz der Arbeitsumgebung zu achten.<\/li>\n<li>Unser Engagement schmieden wir in das Streben nach innovativen L\u00f6sungen und technologischen Experimenten um, die uns lehren, sowohl Erfolge rational zu bewerten, wie auch f\u00fcr unsere Fehler zu bezahlen.<\/li>\n<li>Wir glauben an die Kraft von Investitionen, weshalb wir unsere Werkstatt st\u00e4ndig um neue Maschinen, Ausr\u00fcstungen und Anlagen erweitern, die sowohl eine Garantie f\u00fcr den gegenw\u00e4rtigen Gewinn, wie auch eine Garantie f\u00fcr die Zukunft darstellen.<\/li>\n<li>Wir f\u00f6rdern unter unseren Mitarbeitern Sport, einen gesunden Lebensstil die Regeln des Fair Play.<\/li>\n<\/ul>\n","protected":false},"excerpt":{"rendered":"<p>Von der Vision zur Mission Die Verbindung von wahrer Leidenschaft mit pr\u00e4zise definierten Annahmen f\u00fcr die aufgenommene Gesch\u00e4ftst\u00e4tigkeit f\u00fchrt zweifellos zur Erschaffung einer au\u00dfergew\u00f6hnlichen Vision. Deren Grundlage ist im Falle von Dynaxo die St\u00e4rkung etablierte Position eines bew\u00e4hrten Anbieters von umfassenden technischen L\u00f6sungen f\u00fcr renommierte Marken sowie der Ausbau der Position eines zuverl\u00e4ssigen Herstellers von Gaskeramikplatten. Die konsequente Umsetzung einer solchen Aufgabe erfordert Verantwortungsbewusstsein, eine [&hellip;]<\/p>\n","protected":false},"author":1,"featured_media":0,"parent":0,"menu_order":90,"comment_status":"closed","ping_status":"closed","template":"","meta":{"_acf_changed":false,"inline_featured_image":false,"_monsterinsights_skip_tracking":false,"_monsterinsights_sitenote_active":false,"_monsterinsights_sitenote_note":"","_monsterinsights_sitenote_category":0,"footnotes":"","_links_to":"","_links_to_target":""},"class_list":["post-6329","page","type-page","status-publish","hentry"],"acf":[],"yoast_head":"<!-- This site is optimized with the Yoast SEO plugin v27.2 - https:\/\/yoast.com\/product\/yoast-seo-wordpress\/ -->\n<title>Qualit\u00e4tsrichtlinie - Dynaxo<\/title>\n<meta name=\"robots\" content=\"index, follow, max-snippet:-1, max-image-preview:large, max-video-preview:-1\" \/>\n<link rel=\"canonical\" href=\"https:\/\/dynaxo.pl\/de\/qualitatsrichtlinie\/\" \/>\n<meta property=\"og:locale\" content=\"de_DE\" \/>\n<meta property=\"og:type\" content=\"article\" \/>\n<meta property=\"og:title\" content=\"Qualit\u00e4tsrichtlinie - Dynaxo\" \/>\n<meta property=\"og:description\" content=\"Von der Vision zur Mission Die Verbindung von wahrer Leidenschaft mit pr\u00e4zise definierten Annahmen f\u00fcr die aufgenommene Gesch\u00e4ftst\u00e4tigkeit f\u00fchrt zweifellos zur Erschaffung einer au\u00dfergew\u00f6hnlichen Vision. Deren Grundlage ist im Falle von Dynaxo die St\u00e4rkung etablierte Position eines bew\u00e4hrten Anbieters von umfassenden technischen L\u00f6sungen f\u00fcr renommierte Marken sowie der Ausbau der Position eines zuverl\u00e4ssigen Herstellers von Gaskeramikplatten. Die konsequente Umsetzung einer solchen Aufgabe erfordert Verantwortungsbewusstsein, eine [&hellip;]\" \/>\n<meta property=\"og:url\" content=\"https:\/\/dynaxo.pl\/de\/qualitatsrichtlinie\/\" \/>\n<meta property=\"og:site_name\" content=\"Dynaxo\" \/>\n<meta property=\"article:modified_time\" content=\"2024-04-11T17:49:27+00:00\" \/>\n<meta name=\"twitter:label1\" content=\"Gesch\u00e4tzte Lesezeit\" \/>\n\t<meta name=\"twitter:data1\" content=\"3\u00a0Minuten\" \/>\n<script type=\"application\/ld+json\" class=\"yoast-schema-graph\">{\"@context\":\"https:\/\/schema.org\",\"@graph\":[{\"@type\":\"WebPage\",\"@id\":\"https:\/\/dynaxo.pl\/de\/qualitatsrichtlinie\/\",\"url\":\"https:\/\/dynaxo.pl\/de\/qualitatsrichtlinie\/\",\"name\":\"Qualit\u00e4tsrichtlinie - Dynaxo\",\"isPartOf\":{\"@id\":\"https:\/\/dynaxo.pl\/de\/#website\"},\"datePublished\":\"2015-04-14T08:32:43+00:00\",\"dateModified\":\"2024-04-11T17:49:27+00:00\",\"breadcrumb\":{\"@id\":\"https:\/\/dynaxo.pl\/de\/qualitatsrichtlinie\/#breadcrumb\"},\"inLanguage\":\"de\",\"potentialAction\":[{\"@type\":\"ReadAction\",\"target\":[\"https:\/\/dynaxo.pl\/de\/qualitatsrichtlinie\/\"]}]},{\"@type\":\"BreadcrumbList\",\"@id\":\"https:\/\/dynaxo.pl\/de\/qualitatsrichtlinie\/#breadcrumb\",\"itemListElement\":[{\"@type\":\"ListItem\",\"position\":1,\"name\":\"Start\",\"item\":\"https:\/\/dynaxo.pl\/de\/\"},{\"@type\":\"ListItem\",\"position\":2,\"name\":\"Qualit\u00e4tsrichtlinie\"}]},{\"@type\":\"WebSite\",\"@id\":\"https:\/\/dynaxo.pl\/de\/#website\",\"url\":\"https:\/\/dynaxo.pl\/de\/\",\"name\":\"Dynaxo\",\"description\":\"przestrze\u0144 kompleksowych rozwi\u0105za\u0144\",\"potentialAction\":[{\"@type\":\"SearchAction\",\"target\":{\"@type\":\"EntryPoint\",\"urlTemplate\":\"https:\/\/dynaxo.pl\/de\/?s={search_term_string}\"},\"query-input\":{\"@type\":\"PropertyValueSpecification\",\"valueRequired\":true,\"valueName\":\"search_term_string\"}}],\"inLanguage\":\"de\"}]}<\/script>\n<!-- \/ Yoast SEO plugin. -->","yoast_head_json":{"title":"Qualit\u00e4tsrichtlinie - Dynaxo","robots":{"index":"index","follow":"follow","max-snippet":"max-snippet:-1","max-image-preview":"max-image-preview:large","max-video-preview":"max-video-preview:-1"},"canonical":"https:\/\/dynaxo.pl\/de\/qualitatsrichtlinie\/","og_locale":"de_DE","og_type":"article","og_title":"Qualit\u00e4tsrichtlinie - Dynaxo","og_description":"Von der Vision zur Mission Die Verbindung von wahrer Leidenschaft mit pr\u00e4zise definierten Annahmen f\u00fcr die aufgenommene Gesch\u00e4ftst\u00e4tigkeit f\u00fchrt zweifellos zur Erschaffung einer au\u00dfergew\u00f6hnlichen Vision. Deren Grundlage ist im Falle von Dynaxo die St\u00e4rkung etablierte Position eines bew\u00e4hrten Anbieters von umfassenden technischen L\u00f6sungen f\u00fcr renommierte Marken sowie der Ausbau der Position eines zuverl\u00e4ssigen Herstellers von Gaskeramikplatten. Die konsequente Umsetzung einer solchen Aufgabe erfordert Verantwortungsbewusstsein, eine [&hellip;]","og_url":"https:\/\/dynaxo.pl\/de\/qualitatsrichtlinie\/","og_site_name":"Dynaxo","article_modified_time":"2024-04-11T17:49:27+00:00","twitter_misc":{"Gesch\u00e4tzte Lesezeit":"3\u00a0Minuten"},"schema":{"@context":"https:\/\/schema.org","@graph":[{"@type":"WebPage","@id":"https:\/\/dynaxo.pl\/de\/qualitatsrichtlinie\/","url":"https:\/\/dynaxo.pl\/de\/qualitatsrichtlinie\/","name":"Qualit\u00e4tsrichtlinie - Dynaxo","isPartOf":{"@id":"https:\/\/dynaxo.pl\/de\/#website"},"datePublished":"2015-04-14T08:32:43+00:00","dateModified":"2024-04-11T17:49:27+00:00","breadcrumb":{"@id":"https:\/\/dynaxo.pl\/de\/qualitatsrichtlinie\/#breadcrumb"},"inLanguage":"de","potentialAction":[{"@type":"ReadAction","target":["https:\/\/dynaxo.pl\/de\/qualitatsrichtlinie\/"]}]},{"@type":"BreadcrumbList","@id":"https:\/\/dynaxo.pl\/de\/qualitatsrichtlinie\/#breadcrumb","itemListElement":[{"@type":"ListItem","position":1,"name":"Start","item":"https:\/\/dynaxo.pl\/de\/"},{"@type":"ListItem","position":2,"name":"Qualit\u00e4tsrichtlinie"}]},{"@type":"WebSite","@id":"https:\/\/dynaxo.pl\/de\/#website","url":"https:\/\/dynaxo.pl\/de\/","name":"Dynaxo","description":"przestrze\u0144 kompleksowych rozwi\u0105za\u0144","potentialAction":[{"@type":"SearchAction","target":{"@type":"EntryPoint","urlTemplate":"https:\/\/dynaxo.pl\/de\/?s={search_term_string}"},"query-input":{"@type":"PropertyValueSpecification","valueRequired":true,"valueName":"search_term_string"}}],"inLanguage":"de"}]}},"_links":{"self":[{"href":"https:\/\/dynaxo.pl\/de\/wp-json\/wp\/v2\/pages\/6329","targetHints":{"allow":["GET"]}}],"collection":[{"href":"https:\/\/dynaxo.pl\/de\/wp-json\/wp\/v2\/pages"}],"about":[{"href":"https:\/\/dynaxo.pl\/de\/wp-json\/wp\/v2\/types\/page"}],"author":[{"embeddable":true,"href":"https:\/\/dynaxo.pl\/de\/wp-json\/wp\/v2\/users\/1"}],"replies":[{"embeddable":true,"href":"https:\/\/dynaxo.pl\/de\/wp-json\/wp\/v2\/comments?post=6329"}],"version-history":[{"count":2,"href":"https:\/\/dynaxo.pl\/de\/wp-json\/wp\/v2\/pages\/6329\/revisions"}],"predecessor-version":[{"id":6331,"href":"https:\/\/dynaxo.pl\/de\/wp-json\/wp\/v2\/pages\/6329\/revisions\/6331"}],"wp:attachment":[{"href":"https:\/\/dynaxo.pl\/de\/wp-json\/wp\/v2\/media?parent=6329"}],"curies":[{"name":"wp","href":"https:\/\/api.w.org\/{rel}","templated":true}]}}