{"id":5684,"date":"2015-04-09T12:25:52","date_gmt":"2015-04-09T12:25:52","guid":{"rendered":"https:\/\/dynaxo.pl\/o-firmie\/"},"modified":"2024-04-08T10:18:32","modified_gmt":"2024-04-08T10:18:32","slug":"about-us-2","status":"publish","type":"page","link":"https:\/\/dynaxo.pl\/en\/about-us-2\/","title":{"rendered":"About us"},"content":{"rendered":"","protected":false},"excerpt":{"rendered":"","protected":false},"author":1,"featured_media":0,"parent":0,"menu_order":72,"comment_status":"closed","ping_status":"closed","template":"","meta":{"_acf_changed":false,"inline_featured_image":false,"_monsterinsights_skip_tracking":false,"_monsterinsights_sitenote_active":false,"_monsterinsights_sitenote_note":"","_monsterinsights_sitenote_category":0,"footnotes":"","_links_to":"","_links_to_target":""},"class_list":["post-5684","page","type-page","status-publish","hentry"],"acf":[],"yoast_head":"<!-- This site is optimized with the Yoast SEO plugin v27.2 - https:\/\/yoast.com\/product\/yoast-seo-wordpress\/ -->\n<title>About us - Dynaxo<\/title>\n<meta name=\"description\" content=\"O metalu wiemy wszystko. DYNAXO to miejsce, w kt\u00f3rym pasja spotyka si\u0119 z precyzj\u0105, a rozw\u00f3j z konsekwencj\u0105 dzia\u0142ania. To tutaj rodz\u0105 si\u0119 pomys\u0142y, kt\u00f3re przybieraj\u0105 realny kszta\u0142t. G\u0142\u00f3wnymi obszarami dzia\u0142ania s\u0105: AGD i przemys\u0142 elektromaszynowy.\" \/>\n<meta name=\"robots\" content=\"index, follow, max-snippet:-1, max-image-preview:large, max-video-preview:-1\" \/>\n<link rel=\"canonical\" href=\"https:\/\/dynaxo.pl\/en\/about-us-2\/\" \/>\n<meta property=\"og:locale\" content=\"en_US\" \/>\n<meta property=\"og:type\" content=\"article\" \/>\n<meta property=\"og:title\" content=\"About us - Dynaxo\" \/>\n<meta property=\"og:description\" content=\"O metalu wiemy wszystko. DYNAXO to miejsce, w kt\u00f3rym pasja spotyka si\u0119 z precyzj\u0105, a rozw\u00f3j z konsekwencj\u0105 dzia\u0142ania. To tutaj rodz\u0105 si\u0119 pomys\u0142y, kt\u00f3re przybieraj\u0105 realny kszta\u0142t. G\u0142\u00f3wnymi obszarami dzia\u0142ania s\u0105: AGD i przemys\u0142 elektromaszynowy.\" \/>\n<meta property=\"og:url\" content=\"https:\/\/dynaxo.pl\/en\/about-us-2\/\" \/>\n<meta property=\"og:site_name\" content=\"Dynaxo\" \/>\n<meta property=\"article:modified_time\" content=\"2024-04-08T10:18:32+00:00\" \/>\n<script type=\"application\/ld+json\" class=\"yoast-schema-graph\">{\"@context\":\"https:\/\/schema.org\",\"@graph\":[{\"@type\":\"WebPage\",\"@id\":\"https:\/\/dynaxo.pl\/en\/about-us-2\/\",\"url\":\"https:\/\/dynaxo.pl\/en\/about-us-2\/\",\"name\":\"About us - Dynaxo\",\"isPartOf\":{\"@id\":\"https:\/\/dynaxo.pl\/en\/#website\"},\"datePublished\":\"2015-04-09T12:25:52+00:00\",\"dateModified\":\"2024-04-08T10:18:32+00:00\",\"description\":\"O metalu wiemy wszystko. DYNAXO to miejsce, w kt\u00f3rym pasja spotyka si\u0119 z precyzj\u0105, a rozw\u00f3j z konsekwencj\u0105 dzia\u0142ania. To tutaj rodz\u0105 si\u0119 pomys\u0142y, kt\u00f3re przybieraj\u0105 realny kszta\u0142t. G\u0142\u00f3wnymi obszarami dzia\u0142ania s\u0105: AGD i przemys\u0142 elektromaszynowy.\",\"breadcrumb\":{\"@id\":\"https:\/\/dynaxo.pl\/en\/about-us-2\/#breadcrumb\"},\"inLanguage\":\"en-US\",\"potentialAction\":[{\"@type\":\"ReadAction\",\"target\":[\"https:\/\/dynaxo.pl\/en\/about-us-2\/\"]}]},{\"@type\":\"BreadcrumbList\",\"@id\":\"https:\/\/dynaxo.pl\/en\/about-us-2\/#breadcrumb\",\"itemListElement\":[{\"@type\":\"ListItem\",\"position\":1,\"name\":\"Start\",\"item\":\"https:\/\/dynaxo.pl\/en\/\"},{\"@type\":\"ListItem\",\"position\":2,\"name\":\"About us\"}]},{\"@type\":\"WebSite\",\"@id\":\"https:\/\/dynaxo.pl\/en\/#website\",\"url\":\"https:\/\/dynaxo.pl\/en\/\",\"name\":\"Dynaxo\",\"description\":\"przestrze\u0144 kompleksowych rozwi\u0105za\u0144\",\"potentialAction\":[{\"@type\":\"SearchAction\",\"target\":{\"@type\":\"EntryPoint\",\"urlTemplate\":\"https:\/\/dynaxo.pl\/en\/?s={search_term_string}\"},\"query-input\":{\"@type\":\"PropertyValueSpecification\",\"valueRequired\":true,\"valueName\":\"search_term_string\"}}],\"inLanguage\":\"en-US\"}]}<\/script>\n<!-- \/ Yoast SEO plugin. -->","yoast_head_json":{"title":"About us - Dynaxo","description":"O metalu wiemy wszystko. DYNAXO to miejsce, w kt\u00f3rym pasja spotyka si\u0119 z precyzj\u0105, a rozw\u00f3j z konsekwencj\u0105 dzia\u0142ania. To tutaj rodz\u0105 si\u0119 pomys\u0142y, kt\u00f3re przybieraj\u0105 realny kszta\u0142t. G\u0142\u00f3wnymi obszarami dzia\u0142ania s\u0105: AGD i przemys\u0142 elektromaszynowy.","robots":{"index":"index","follow":"follow","max-snippet":"max-snippet:-1","max-image-preview":"max-image-preview:large","max-video-preview":"max-video-preview:-1"},"canonical":"https:\/\/dynaxo.pl\/en\/about-us-2\/","og_locale":"en_US","og_type":"article","og_title":"About us - Dynaxo","og_description":"O metalu wiemy wszystko. DYNAXO to miejsce, w kt\u00f3rym pasja spotyka si\u0119 z precyzj\u0105, a rozw\u00f3j z konsekwencj\u0105 dzia\u0142ania. To tutaj rodz\u0105 si\u0119 pomys\u0142y, kt\u00f3re przybieraj\u0105 realny kszta\u0142t. G\u0142\u00f3wnymi obszarami dzia\u0142ania s\u0105: AGD i przemys\u0142 elektromaszynowy.","og_url":"https:\/\/dynaxo.pl\/en\/about-us-2\/","og_site_name":"Dynaxo","article_modified_time":"2024-04-08T10:18:32+00:00","schema":{"@context":"https:\/\/schema.org","@graph":[{"@type":"WebPage","@id":"https:\/\/dynaxo.pl\/en\/about-us-2\/","url":"https:\/\/dynaxo.pl\/en\/about-us-2\/","name":"About us - Dynaxo","isPartOf":{"@id":"https:\/\/dynaxo.pl\/en\/#website"},"datePublished":"2015-04-09T12:25:52+00:00","dateModified":"2024-04-08T10:18:32+00:00","description":"O metalu wiemy wszystko. DYNAXO to miejsce, w kt\u00f3rym pasja spotyka si\u0119 z precyzj\u0105, a rozw\u00f3j z konsekwencj\u0105 dzia\u0142ania. To tutaj rodz\u0105 si\u0119 pomys\u0142y, kt\u00f3re przybieraj\u0105 realny kszta\u0142t. G\u0142\u00f3wnymi obszarami dzia\u0142ania s\u0105: AGD i przemys\u0142 elektromaszynowy.","breadcrumb":{"@id":"https:\/\/dynaxo.pl\/en\/about-us-2\/#breadcrumb"},"inLanguage":"en-US","potentialAction":[{"@type":"ReadAction","target":["https:\/\/dynaxo.pl\/en\/about-us-2\/"]}]},{"@type":"BreadcrumbList","@id":"https:\/\/dynaxo.pl\/en\/about-us-2\/#breadcrumb","itemListElement":[{"@type":"ListItem","position":1,"name":"Start","item":"https:\/\/dynaxo.pl\/en\/"},{"@type":"ListItem","position":2,"name":"About us"}]},{"@type":"WebSite","@id":"https:\/\/dynaxo.pl\/en\/#website","url":"https:\/\/dynaxo.pl\/en\/","name":"Dynaxo","description":"przestrze\u0144 kompleksowych rozwi\u0105za\u0144","potentialAction":[{"@type":"SearchAction","target":{"@type":"EntryPoint","urlTemplate":"https:\/\/dynaxo.pl\/en\/?s={search_term_string}"},"query-input":{"@type":"PropertyValueSpecification","valueRequired":true,"valueName":"search_term_string"}}],"inLanguage":"en-US"}]}},"_links":{"self":[{"href":"https:\/\/dynaxo.pl\/en\/wp-json\/wp\/v2\/pages\/5684","targetHints":{"allow":["GET"]}}],"collection":[{"href":"https:\/\/dynaxo.pl\/en\/wp-json\/wp\/v2\/pages"}],"about":[{"href":"https:\/\/dynaxo.pl\/en\/wp-json\/wp\/v2\/types\/page"}],"author":[{"embeddable":true,"href":"https:\/\/dynaxo.pl\/en\/wp-json\/wp\/v2\/users\/1"}],"replies":[{"embeddable":true,"href":"https:\/\/dynaxo.pl\/en\/wp-json\/wp\/v2\/comments?post=5684"}],"version-history":[{"count":8,"href":"https:\/\/dynaxo.pl\/en\/wp-json\/wp\/v2\/pages\/5684\/revisions"}],"predecessor-version":[{"id":6147,"href":"https:\/\/dynaxo.pl\/en\/wp-json\/wp\/v2\/pages\/5684\/revisions\/6147"}],"wp:attachment":[{"href":"https:\/\/dynaxo.pl\/en\/wp-json\/wp\/v2\/media?parent=5684"}],"curies":[{"name":"wp","href":"https:\/\/api.w.org\/{rel}","templated":true}]}}