{"id":5690,"date":"2015-04-24T14:09:06","date_gmt":"2015-04-24T14:09:06","guid":{"rendered":"https:\/\/dynaxo.pl\/odpowiedzialnosc-spoleczna\/"},"modified":"2024-03-27T13:37:18","modified_gmt":"2024-03-27T13:37:18","slug":"social-responsibility","status":"publish","type":"page","link":"https:\/\/dynaxo.pl\/en\/social-responsibility\/","title":{"rendered":"Social responsibility"},"content":{"rendered":"\n<h4 class=\"wp-block-heading\">DYNAXO\u2019s operations follow the path of corporate social responsibility.<\/h4>\n\n\n\n<p><\/p>\n\n\n\n<p>With consideration of all economic, social, and environmental factors, we do what we can to perform in a professional, respectful, and honest manner every day. Our business operations focus mostly on the needs and content of our Clients, whose satisfaction level is the greatest measure of our efforts. DYNAXO is transparent, which is why any CSR operations involve dialogue with employees, Clients, Suppliers, and the community. When it comes to operations in scope of our strategic objectives, we recognise their impact on the natural environment in order to keep it from degrading any further. We promote athletics, healthy lifestyles, and fair play among our employees.<\/p>\n","protected":false},"excerpt":{"rendered":"<p>DYNAXO\u2019s operations follow the path of corporate social responsibility. With consideration of all economic, social, and environmental factors, we do what we can to perform in a professional, respectful, and honest manner every day. Our business operations focus mostly on the needs and content of our Clients, whose satisfaction level is the greatest measure of our efforts. DYNAXO is transparent, which is why any CSR [&hellip;]<\/p>\n","protected":false},"author":1,"featured_media":0,"parent":0,"menu_order":87,"comment_status":"closed","ping_status":"closed","template":"","meta":{"_acf_changed":false,"inline_featured_image":false,"_monsterinsights_skip_tracking":false,"_monsterinsights_sitenote_active":false,"_monsterinsights_sitenote_note":"","_monsterinsights_sitenote_category":0,"footnotes":"","_links_to":"","_links_to_target":""},"class_list":["post-5690","page","type-page","status-publish","hentry"],"acf":[],"yoast_head":"<!-- This site is optimized with the Yoast SEO plugin v27.2 - https:\/\/yoast.com\/product\/yoast-seo-wordpress\/ -->\n<title>Social responsibility - Dynaxo<\/title>\n<meta name=\"description\" content=\"W \u00a0swojej dzia\u0142alno\u015bci firma DYNAXO wyznaczy\u0142a sobie drog\u0119 odpowiedzialno\u015bci spo\u0142ecznej biznesu w kontek\u015bcie prowadzonych przez siebie dzia\u0142a\u0144.\" \/>\n<meta name=\"robots\" content=\"index, follow, max-snippet:-1, max-image-preview:large, max-video-preview:-1\" \/>\n<link rel=\"canonical\" href=\"https:\/\/dynaxo.pl\/en\/social-responsibility\/\" \/>\n<meta property=\"og:locale\" content=\"en_US\" \/>\n<meta property=\"og:type\" content=\"article\" \/>\n<meta property=\"og:title\" content=\"Social responsibility - Dynaxo\" \/>\n<meta property=\"og:description\" content=\"W \u00a0swojej dzia\u0142alno\u015bci firma DYNAXO wyznaczy\u0142a sobie drog\u0119 odpowiedzialno\u015bci spo\u0142ecznej biznesu w kontek\u015bcie prowadzonych przez siebie dzia\u0142a\u0144.\" \/>\n<meta property=\"og:url\" content=\"https:\/\/dynaxo.pl\/en\/social-responsibility\/\" \/>\n<meta property=\"og:site_name\" content=\"Dynaxo\" \/>\n<meta property=\"article:modified_time\" content=\"2024-03-27T13:37:18+00:00\" \/>\n<meta name=\"twitter:label1\" content=\"Est. reading time\" \/>\n\t<meta name=\"twitter:data1\" content=\"1 minute\" \/>\n<script type=\"application\/ld+json\" class=\"yoast-schema-graph\">{\"@context\":\"https:\/\/schema.org\",\"@graph\":[{\"@type\":\"WebPage\",\"@id\":\"https:\/\/dynaxo.pl\/en\/social-responsibility\/\",\"url\":\"https:\/\/dynaxo.pl\/en\/social-responsibility\/\",\"name\":\"Social responsibility - Dynaxo\",\"isPartOf\":{\"@id\":\"https:\/\/dynaxo.pl\/en\/#website\"},\"datePublished\":\"2015-04-24T14:09:06+00:00\",\"dateModified\":\"2024-03-27T13:37:18+00:00\",\"description\":\"W \u00a0swojej dzia\u0142alno\u015bci firma DYNAXO wyznaczy\u0142a sobie drog\u0119 odpowiedzialno\u015bci spo\u0142ecznej biznesu w kontek\u015bcie prowadzonych przez siebie dzia\u0142a\u0144.\",\"breadcrumb\":{\"@id\":\"https:\/\/dynaxo.pl\/en\/social-responsibility\/#breadcrumb\"},\"inLanguage\":\"en-US\",\"potentialAction\":[{\"@type\":\"ReadAction\",\"target\":[\"https:\/\/dynaxo.pl\/en\/social-responsibility\/\"]}]},{\"@type\":\"BreadcrumbList\",\"@id\":\"https:\/\/dynaxo.pl\/en\/social-responsibility\/#breadcrumb\",\"itemListElement\":[{\"@type\":\"ListItem\",\"position\":1,\"name\":\"Start\",\"item\":\"https:\/\/dynaxo.pl\/en\/\"},{\"@type\":\"ListItem\",\"position\":2,\"name\":\"About us\",\"item\":\"https:\/\/dynaxo.pl\/en\/about-us\/\"},{\"@type\":\"ListItem\",\"position\":3,\"name\":\"Social responsibility\"}]},{\"@type\":\"WebSite\",\"@id\":\"https:\/\/dynaxo.pl\/en\/#website\",\"url\":\"https:\/\/dynaxo.pl\/en\/\",\"name\":\"Dynaxo\",\"description\":\"przestrze\u0144 kompleksowych rozwi\u0105za\u0144\",\"potentialAction\":[{\"@type\":\"SearchAction\",\"target\":{\"@type\":\"EntryPoint\",\"urlTemplate\":\"https:\/\/dynaxo.pl\/en\/?s={search_term_string}\"},\"query-input\":{\"@type\":\"PropertyValueSpecification\",\"valueRequired\":true,\"valueName\":\"search_term_string\"}}],\"inLanguage\":\"en-US\"}]}<\/script>\n<!-- \/ Yoast SEO plugin. -->","yoast_head_json":{"title":"Social responsibility - Dynaxo","description":"W \u00a0swojej dzia\u0142alno\u015bci firma DYNAXO wyznaczy\u0142a sobie drog\u0119 odpowiedzialno\u015bci spo\u0142ecznej biznesu w kontek\u015bcie prowadzonych przez siebie dzia\u0142a\u0144.","robots":{"index":"index","follow":"follow","max-snippet":"max-snippet:-1","max-image-preview":"max-image-preview:large","max-video-preview":"max-video-preview:-1"},"canonical":"https:\/\/dynaxo.pl\/en\/social-responsibility\/","og_locale":"en_US","og_type":"article","og_title":"Social responsibility - Dynaxo","og_description":"W \u00a0swojej dzia\u0142alno\u015bci firma DYNAXO wyznaczy\u0142a sobie drog\u0119 odpowiedzialno\u015bci spo\u0142ecznej biznesu w kontek\u015bcie prowadzonych przez siebie dzia\u0142a\u0144.","og_url":"https:\/\/dynaxo.pl\/en\/social-responsibility\/","og_site_name":"Dynaxo","article_modified_time":"2024-03-27T13:37:18+00:00","twitter_misc":{"Est. reading time":"1 minute"},"schema":{"@context":"https:\/\/schema.org","@graph":[{"@type":"WebPage","@id":"https:\/\/dynaxo.pl\/en\/social-responsibility\/","url":"https:\/\/dynaxo.pl\/en\/social-responsibility\/","name":"Social responsibility - Dynaxo","isPartOf":{"@id":"https:\/\/dynaxo.pl\/en\/#website"},"datePublished":"2015-04-24T14:09:06+00:00","dateModified":"2024-03-27T13:37:18+00:00","description":"W \u00a0swojej dzia\u0142alno\u015bci firma DYNAXO wyznaczy\u0142a sobie drog\u0119 odpowiedzialno\u015bci spo\u0142ecznej biznesu w kontek\u015bcie prowadzonych przez siebie dzia\u0142a\u0144.","breadcrumb":{"@id":"https:\/\/dynaxo.pl\/en\/social-responsibility\/#breadcrumb"},"inLanguage":"en-US","potentialAction":[{"@type":"ReadAction","target":["https:\/\/dynaxo.pl\/en\/social-responsibility\/"]}]},{"@type":"BreadcrumbList","@id":"https:\/\/dynaxo.pl\/en\/social-responsibility\/#breadcrumb","itemListElement":[{"@type":"ListItem","position":1,"name":"Start","item":"https:\/\/dynaxo.pl\/en\/"},{"@type":"ListItem","position":2,"name":"About us","item":"https:\/\/dynaxo.pl\/en\/about-us\/"},{"@type":"ListItem","position":3,"name":"Social responsibility"}]},{"@type":"WebSite","@id":"https:\/\/dynaxo.pl\/en\/#website","url":"https:\/\/dynaxo.pl\/en\/","name":"Dynaxo","description":"przestrze\u0144 kompleksowych rozwi\u0105za\u0144","potentialAction":[{"@type":"SearchAction","target":{"@type":"EntryPoint","urlTemplate":"https:\/\/dynaxo.pl\/en\/?s={search_term_string}"},"query-input":{"@type":"PropertyValueSpecification","valueRequired":true,"valueName":"search_term_string"}}],"inLanguage":"en-US"}]}},"_links":{"self":[{"href":"https:\/\/dynaxo.pl\/en\/wp-json\/wp\/v2\/pages\/5690","targetHints":{"allow":["GET"]}}],"collection":[{"href":"https:\/\/dynaxo.pl\/en\/wp-json\/wp\/v2\/pages"}],"about":[{"href":"https:\/\/dynaxo.pl\/en\/wp-json\/wp\/v2\/types\/page"}],"author":[{"embeddable":true,"href":"https:\/\/dynaxo.pl\/en\/wp-json\/wp\/v2\/users\/1"}],"replies":[{"embeddable":true,"href":"https:\/\/dynaxo.pl\/en\/wp-json\/wp\/v2\/comments?post=5690"}],"version-history":[{"count":2,"href":"https:\/\/dynaxo.pl\/en\/wp-json\/wp\/v2\/pages\/5690\/revisions"}],"predecessor-version":[{"id":5834,"href":"https:\/\/dynaxo.pl\/en\/wp-json\/wp\/v2\/pages\/5690\/revisions\/5834"}],"wp:attachment":[{"href":"https:\/\/dynaxo.pl\/en\/wp-json\/wp\/v2\/media?parent=5690"}],"curies":[{"name":"wp","href":"https:\/\/api.w.org\/{rel}","templated":true}]}}