{"id":5692,"date":"2015-05-27T19:40:42","date_gmt":"2015-05-27T19:40:42","guid":{"rendered":"https:\/\/dynaxo.pl\/ogloszenia\/"},"modified":"2024-04-11T08:52:21","modified_gmt":"2024-04-11T08:52:21","slug":"announcements","status":"publish","type":"page","link":"https:\/\/dynaxo.pl\/en\/announcements\/","title":{"rendered":"Announcements"},"content":{"rendered":"\n<figure class=\"wp-block-image size-full is-resized\"><a href=\"https:\/\/dynaxo.pl\/wp-content\/uploads\/2024\/04\/pl-dotacje.svg\"><img decoding=\"async\" src=\"https:\/\/dynaxo.pl\/wp-content\/uploads\/2024\/04\/pl-dotacje.svg\" alt=\"\" class=\"wp-image-6301\" style=\"width:458px;height:auto\"\/><\/a><\/figure>\n\n\n\n<div style=\"height:31px\" aria-hidden=\"true\" class=\"wp-block-spacer\"><\/div>\n\n\n\n<p><strong>DYNAXO Sp. z o. o. <\/strong>implements a project co-financed by the Ministry of Development and Technology as part of &#8220;Implementation of industry promotional projects supporting exports&#8221;.<\/p>\n\n\n\n<p><strong>Brief description of the project:<\/strong><br>By participating in the international fair &#8220;Intertraffic 2024&#8221;, we want to increase the recognition of our product brand in the metal segment for the mobile sector. The Intertraffic fair in Amsterdam is an ideal event to promote our offer, which will enable establishing contacts with potential customers visiting the event and will allow us to become a link in this a very dynamically developing market.<\/p>\n\n\n\n<p><strong>Planned project effects:<\/strong><br>Thanks to participation in the Intertraffic fair, the company:<\/p>\n\n\n\n<ul class=\"wp-block-list\">\n<li>acquire new potential recipients\/customers,<\/li>\n\n\n\n<li>expand the database of business contacts,<\/li>\n\n\n\n<li>will enter the mobility market, which is developing dynamically,<\/li>\n\n\n\n<li>will increase competitiveness and strengthen its position on both domestic and foreign markets.<\/li>\n<\/ul>\n\n\n\n<div style=\"height:100px\" aria-hidden=\"true\" class=\"wp-block-spacer\"><\/div>\n\n\n\n<figure class=\"wp-block-image size-full\"><img loading=\"lazy\" decoding=\"async\" width=\"204\" height=\"100\" src=\"https:\/\/dynaxo.pl\/wp-content\/uploads\/2024\/02\/pl.png\" alt=\"\" class=\"wp-image-5577\" srcset=\"https:\/\/dynaxo.pl\/wp-content\/uploads\/2024\/02\/pl.png 204w, https:\/\/dynaxo.pl\/wp-content\/uploads\/2024\/02\/pl-40x20.png 40w\" sizes=\"auto, (max-width: 204px) 100vw, 204px\" \/><\/figure>\n\n\n\n<div style=\"height:31px\" aria-hidden=\"true\" class=\"wp-block-spacer\"><\/div>\n\n\n\n<p><strong>DYNAXO Sp. z o.o. <\/strong>is carrying out a project subsidised from the Social Insurance Fund<\/p>\n\n\n\n<p><strong>Programme type:\u2028<\/strong><br>Subsidy program for contributors in the context of accident prevention<\/p>\n\n\n\n<p><strong>Project name:<\/strong><br>IMPROVEMENT OF OHS CONDITIONS ONSITE WITH PURCHASE OF DUST EXTRACTION SYSTEMS AND A FORKLIFT<\/p>\n\n\n\n<p><strong>Subsidy value: PLN 124 824.54\u2028<br>Total project value: PLN 200 041.18<\/strong><\/p>\n\n\n\n<p><strong>Brief project profile:\u2028<\/strong><br>The project aims to improve the safety and protect the health of employees with investments involving:<\/p>\n\n\n\n<ul class=\"wp-block-list\">\n<li>purchase of an electric forklift to considerably limit and sometimes eliminate the demand for manual handling tasks straining the musculoskeletal system \u2013 including the spine \u2013 to improve the working conditions in scope of lifting and carrying activity.<\/li>\n\n\n\n<li>purchase of dust extraction systems for the grinding table and milling plotter to improve the working conditions for employees by considerably reducing the dust generated during metal polishing and milling of insulation fittings.<\/li>\n<\/ul>\n\n\n\n<p><strong>Agreement signed on the date of:<\/strong><br>January 2024<\/p>\n\n\n\n<div style=\"height:100px\" aria-hidden=\"true\" class=\"wp-block-spacer\"><\/div>\n\n\n\n<figure class=\"wp-block-image\"><img loading=\"lazy\" decoding=\"async\" width=\"459\" height=\"100\" src=\"https:\/\/dynaxo.pl\/wp-content\/uploads\/2015\/05\/logo.png\" alt=\"\" class=\"wp-image-1328\" srcset=\"https:\/\/dynaxo.pl\/wp-content\/uploads\/2015\/05\/logo.png 459w, https:\/\/dynaxo.pl\/wp-content\/uploads\/2015\/05\/logo-300x65.png 300w, https:\/\/dynaxo.pl\/wp-content\/uploads\/2015\/05\/logo-40x9.png 40w, https:\/\/dynaxo.pl\/wp-content\/uploads\/2015\/05\/logo-230x50.png 230w\" sizes=\"auto, (max-width: 459px) 100vw, 459px\" \/><\/figure>\n\n\n\n<p><strong>DYNAXO Sp. z&nbsp;o.o.<\/strong> is currently developing the project \u201cImplementing the technology and launching production of a new line of innovative 2nd generation gas ceramic hobs\u201d, partially financed from European Funds as part of the Smart Growth Operational Programme 2014-2020, sub-activity 3.2.2. Loans for technological innovations.<\/p>\n\n\n\n<p><strong>Aims of the project:<\/strong><\/p>\n\n\n\n<p>The main goal of the project is to improve DYNAXO\u2019s position in terms of innovation and technology in order to increase the company\u2019s competitivity on the national and global markets, which will further strengthen our position and help us build a lasting competitive advantage.<\/p>\n\n\n\n<p><strong>Planned effects of the project<\/strong><br>Thanks to this project the company will:<\/p>\n\n\n\n<ul class=\"wp-block-list\">\n<li>become more innovative, as well as make the Polish economy more innovative;<\/li>\n\n\n\n<li>develop technologically through implementing a production technology that is innovative on a global scale;<\/li>\n\n\n\n<li>become more competitive on the national and global markets;<\/li>\n\n\n\n<li>build a lasting competitive advantage;<\/li>\n\n\n\n<li>improve research and development methods and possibilities;<\/li>\n\n\n\n<li>create new jobs.<\/li>\n<\/ul>\n\n\n\n<p><strong>Total cost of the project: 4.973.500,00 PLN<br>European Funds contribution: 1.740.725,00 PLN<\/strong><\/p>\n","protected":false},"excerpt":{"rendered":"<p>DYNAXO Sp. z o. o. implements a project co-financed by the Ministry of Development and Technology as part of &#8220;Implementation of industry promotional projects supporting exports&#8221;. Brief description of the project:By participating in the international fair &#8220;Intertraffic 2024&#8221;, we want to increase the recognition of our product brand in the metal segment for the mobile sector. The Intertraffic fair in Amsterdam is an ideal event [&hellip;]<\/p>\n","protected":false},"author":3,"featured_media":0,"parent":0,"menu_order":94,"comment_status":"closed","ping_status":"closed","template":"","meta":{"_acf_changed":false,"inline_featured_image":false,"_monsterinsights_skip_tracking":false,"_monsterinsights_sitenote_active":false,"_monsterinsights_sitenote_note":"","_monsterinsights_sitenote_category":0,"footnotes":"","_links_to":"","_links_to_target":""},"class_list":["post-5692","page","type-page","status-publish","hentry"],"acf":[],"yoast_head":"<!-- This site is optimized with the Yoast SEO plugin v27.2 - https:\/\/yoast.com\/product\/yoast-seo-wordpress\/ -->\n<title>Announcements - Dynaxo<\/title>\n<meta name=\"description\" content=\"Zapraszamy do zapoznania si\u0119 z og\u0142oszeniami publikowanymi przez nasz\u0105 firm\u0119.\" \/>\n<meta name=\"robots\" content=\"index, follow, max-snippet:-1, max-image-preview:large, max-video-preview:-1\" \/>\n<link rel=\"canonical\" href=\"https:\/\/dynaxo.pl\/en\/announcements\/\" \/>\n<meta property=\"og:locale\" content=\"en_US\" \/>\n<meta property=\"og:type\" content=\"article\" \/>\n<meta property=\"og:title\" content=\"Announcements - Dynaxo\" \/>\n<meta property=\"og:description\" content=\"Zapraszamy do zapoznania si\u0119 z og\u0142oszeniami publikowanymi przez nasz\u0105 firm\u0119.\" \/>\n<meta property=\"og:url\" content=\"https:\/\/dynaxo.pl\/en\/announcements\/\" \/>\n<meta property=\"og:site_name\" content=\"Dynaxo\" \/>\n<meta property=\"article:modified_time\" content=\"2024-04-11T08:52:21+00:00\" \/>\n<meta property=\"og:image\" content=\"https:\/\/dynaxo.pl\/wp-content\/uploads\/2024\/04\/pl-dotacje.svg\" \/>\n<meta name=\"twitter:label1\" content=\"Est. reading time\" \/>\n\t<meta name=\"twitter:data1\" content=\"4 minutes\" \/>\n<script type=\"application\/ld+json\" class=\"yoast-schema-graph\">{\"@context\":\"https:\/\/schema.org\",\"@graph\":[{\"@type\":\"WebPage\",\"@id\":\"https:\/\/dynaxo.pl\/en\/announcements\/\",\"url\":\"https:\/\/dynaxo.pl\/en\/announcements\/\",\"name\":\"Announcements - Dynaxo\",\"isPartOf\":{\"@id\":\"https:\/\/dynaxo.pl\/en\/#website\"},\"primaryImageOfPage\":{\"@id\":\"https:\/\/dynaxo.pl\/en\/announcements\/#primaryimage\"},\"image\":{\"@id\":\"https:\/\/dynaxo.pl\/en\/announcements\/#primaryimage\"},\"thumbnailUrl\":\"https:\/\/dynaxo.pl\/wp-content\/uploads\/2024\/04\/pl-dotacje.svg\",\"datePublished\":\"2015-05-27T19:40:42+00:00\",\"dateModified\":\"2024-04-11T08:52:21+00:00\",\"description\":\"Zapraszamy do zapoznania si\u0119 z og\u0142oszeniami publikowanymi przez nasz\u0105 firm\u0119.\",\"breadcrumb\":{\"@id\":\"https:\/\/dynaxo.pl\/en\/announcements\/#breadcrumb\"},\"inLanguage\":\"en-US\",\"potentialAction\":[{\"@type\":\"ReadAction\",\"target\":[\"https:\/\/dynaxo.pl\/en\/announcements\/\"]}]},{\"@type\":\"ImageObject\",\"inLanguage\":\"en-US\",\"@id\":\"https:\/\/dynaxo.pl\/en\/announcements\/#primaryimage\",\"url\":\"https:\/\/dynaxo.pl\/wp-content\/uploads\/2024\/04\/pl-dotacje.svg\",\"contentUrl\":\"https:\/\/dynaxo.pl\/wp-content\/uploads\/2024\/04\/pl-dotacje.svg\"},{\"@type\":\"BreadcrumbList\",\"@id\":\"https:\/\/dynaxo.pl\/en\/announcements\/#breadcrumb\",\"itemListElement\":[{\"@type\":\"ListItem\",\"position\":1,\"name\":\"Start\",\"item\":\"https:\/\/dynaxo.pl\/en\/\"},{\"@type\":\"ListItem\",\"position\":2,\"name\":\"Announcements\"}]},{\"@type\":\"WebSite\",\"@id\":\"https:\/\/dynaxo.pl\/en\/#website\",\"url\":\"https:\/\/dynaxo.pl\/en\/\",\"name\":\"Dynaxo\",\"description\":\"przestrze\u0144 kompleksowych rozwi\u0105za\u0144\",\"potentialAction\":[{\"@type\":\"SearchAction\",\"target\":{\"@type\":\"EntryPoint\",\"urlTemplate\":\"https:\/\/dynaxo.pl\/en\/?s={search_term_string}\"},\"query-input\":{\"@type\":\"PropertyValueSpecification\",\"valueRequired\":true,\"valueName\":\"search_term_string\"}}],\"inLanguage\":\"en-US\"}]}<\/script>\n<!-- \/ Yoast SEO plugin. -->","yoast_head_json":{"title":"Announcements - Dynaxo","description":"Zapraszamy do zapoznania si\u0119 z og\u0142oszeniami publikowanymi przez nasz\u0105 firm\u0119.","robots":{"index":"index","follow":"follow","max-snippet":"max-snippet:-1","max-image-preview":"max-image-preview:large","max-video-preview":"max-video-preview:-1"},"canonical":"https:\/\/dynaxo.pl\/en\/announcements\/","og_locale":"en_US","og_type":"article","og_title":"Announcements - Dynaxo","og_description":"Zapraszamy do zapoznania si\u0119 z og\u0142oszeniami publikowanymi przez nasz\u0105 firm\u0119.","og_url":"https:\/\/dynaxo.pl\/en\/announcements\/","og_site_name":"Dynaxo","article_modified_time":"2024-04-11T08:52:21+00:00","og_image":[{"url":"https:\/\/dynaxo.pl\/wp-content\/uploads\/2024\/04\/pl-dotacje.svg","type":"","width":"","height":""}],"twitter_misc":{"Est. reading time":"4 minutes"},"schema":{"@context":"https:\/\/schema.org","@graph":[{"@type":"WebPage","@id":"https:\/\/dynaxo.pl\/en\/announcements\/","url":"https:\/\/dynaxo.pl\/en\/announcements\/","name":"Announcements - Dynaxo","isPartOf":{"@id":"https:\/\/dynaxo.pl\/en\/#website"},"primaryImageOfPage":{"@id":"https:\/\/dynaxo.pl\/en\/announcements\/#primaryimage"},"image":{"@id":"https:\/\/dynaxo.pl\/en\/announcements\/#primaryimage"},"thumbnailUrl":"https:\/\/dynaxo.pl\/wp-content\/uploads\/2024\/04\/pl-dotacje.svg","datePublished":"2015-05-27T19:40:42+00:00","dateModified":"2024-04-11T08:52:21+00:00","description":"Zapraszamy do zapoznania si\u0119 z og\u0142oszeniami publikowanymi przez nasz\u0105 firm\u0119.","breadcrumb":{"@id":"https:\/\/dynaxo.pl\/en\/announcements\/#breadcrumb"},"inLanguage":"en-US","potentialAction":[{"@type":"ReadAction","target":["https:\/\/dynaxo.pl\/en\/announcements\/"]}]},{"@type":"ImageObject","inLanguage":"en-US","@id":"https:\/\/dynaxo.pl\/en\/announcements\/#primaryimage","url":"https:\/\/dynaxo.pl\/wp-content\/uploads\/2024\/04\/pl-dotacje.svg","contentUrl":"https:\/\/dynaxo.pl\/wp-content\/uploads\/2024\/04\/pl-dotacje.svg"},{"@type":"BreadcrumbList","@id":"https:\/\/dynaxo.pl\/en\/announcements\/#breadcrumb","itemListElement":[{"@type":"ListItem","position":1,"name":"Start","item":"https:\/\/dynaxo.pl\/en\/"},{"@type":"ListItem","position":2,"name":"Announcements"}]},{"@type":"WebSite","@id":"https:\/\/dynaxo.pl\/en\/#website","url":"https:\/\/dynaxo.pl\/en\/","name":"Dynaxo","description":"przestrze\u0144 kompleksowych rozwi\u0105za\u0144","potentialAction":[{"@type":"SearchAction","target":{"@type":"EntryPoint","urlTemplate":"https:\/\/dynaxo.pl\/en\/?s={search_term_string}"},"query-input":{"@type":"PropertyValueSpecification","valueRequired":true,"valueName":"search_term_string"}}],"inLanguage":"en-US"}]}},"_links":{"self":[{"href":"https:\/\/dynaxo.pl\/en\/wp-json\/wp\/v2\/pages\/5692","targetHints":{"allow":["GET"]}}],"collection":[{"href":"https:\/\/dynaxo.pl\/en\/wp-json\/wp\/v2\/pages"}],"about":[{"href":"https:\/\/dynaxo.pl\/en\/wp-json\/wp\/v2\/types\/page"}],"author":[{"embeddable":true,"href":"https:\/\/dynaxo.pl\/en\/wp-json\/wp\/v2\/users\/3"}],"replies":[{"embeddable":true,"href":"https:\/\/dynaxo.pl\/en\/wp-json\/wp\/v2\/comments?post=5692"}],"version-history":[{"count":8,"href":"https:\/\/dynaxo.pl\/en\/wp-json\/wp\/v2\/pages\/5692\/revisions"}],"predecessor-version":[{"id":6318,"href":"https:\/\/dynaxo.pl\/en\/wp-json\/wp\/v2\/pages\/5692\/revisions\/6318"}],"wp:attachment":[{"href":"https:\/\/dynaxo.pl\/en\/wp-json\/wp\/v2\/media?parent=5692"}],"curies":[{"name":"wp","href":"https:\/\/api.w.org\/{rel}","templated":true}]}}