{"id":5695,"date":"2015-04-10T09:42:29","date_gmt":"2015-04-10T09:42:29","guid":{"rendered":"https:\/\/dynaxo.pl\/zespol\/"},"modified":"2024-04-04T13:42:52","modified_gmt":"2024-04-04T13:42:52","slug":"team","status":"publish","type":"page","link":"https:\/\/dynaxo.pl\/en\/team\/","title":{"rendered":"Team"},"content":{"rendered":"","protected":false},"excerpt":{"rendered":"","protected":false},"author":1,"featured_media":0,"parent":0,"menu_order":97,"comment_status":"closed","ping_status":"closed","template":"","meta":{"_acf_changed":false,"inline_featured_image":false,"_monsterinsights_skip_tracking":false,"_monsterinsights_sitenote_active":false,"_monsterinsights_sitenote_note":"","_monsterinsights_sitenote_category":0,"footnotes":"","_links_to":"","_links_to_target":""},"class_list":["post-5695","page","type-page","status-publish","hentry"],"acf":[],"yoast_head":"<!-- This site is optimized with the Yoast SEO plugin v27.2 - https:\/\/yoast.com\/product\/yoast-seo-wordpress\/ -->\n<title>Team - Dynaxo<\/title>\n<meta name=\"description\" content=\"Nasz zesp\u00f3\u0142 tworzy wykwalifikowana kadra specjalist\u00f3w odpowiedzialnych za jako\u015b\u0107 oferowanych produkt\u00f3w i us\u0142ug oraz za precyzyjny system zarz\u0105dzania.\" \/>\n<meta name=\"robots\" content=\"index, follow, max-snippet:-1, max-image-preview:large, max-video-preview:-1\" \/>\n<link rel=\"canonical\" href=\"https:\/\/dynaxo.pl\/en\/team\/\" \/>\n<meta property=\"og:locale\" content=\"en_US\" \/>\n<meta property=\"og:type\" content=\"article\" \/>\n<meta property=\"og:title\" content=\"Team - Dynaxo\" \/>\n<meta property=\"og:description\" content=\"Nasz zesp\u00f3\u0142 tworzy wykwalifikowana kadra specjalist\u00f3w odpowiedzialnych za jako\u015b\u0107 oferowanych produkt\u00f3w i us\u0142ug oraz za precyzyjny system zarz\u0105dzania.\" \/>\n<meta property=\"og:url\" content=\"https:\/\/dynaxo.pl\/en\/team\/\" \/>\n<meta property=\"og:site_name\" content=\"Dynaxo\" \/>\n<meta property=\"article:modified_time\" content=\"2024-04-04T13:42:52+00:00\" \/>\n<script type=\"application\/ld+json\" class=\"yoast-schema-graph\">{\"@context\":\"https:\/\/schema.org\",\"@graph\":[{\"@type\":\"WebPage\",\"@id\":\"https:\/\/dynaxo.pl\/en\/team\/\",\"url\":\"https:\/\/dynaxo.pl\/en\/team\/\",\"name\":\"Team - Dynaxo\",\"isPartOf\":{\"@id\":\"https:\/\/dynaxo.pl\/en\/#website\"},\"datePublished\":\"2015-04-10T09:42:29+00:00\",\"dateModified\":\"2024-04-04T13:42:52+00:00\",\"description\":\"Nasz zesp\u00f3\u0142 tworzy wykwalifikowana kadra specjalist\u00f3w odpowiedzialnych za jako\u015b\u0107 oferowanych produkt\u00f3w i us\u0142ug oraz za precyzyjny system zarz\u0105dzania.\",\"breadcrumb\":{\"@id\":\"https:\/\/dynaxo.pl\/en\/team\/#breadcrumb\"},\"inLanguage\":\"en-US\",\"potentialAction\":[{\"@type\":\"ReadAction\",\"target\":[\"https:\/\/dynaxo.pl\/en\/team\/\"]}]},{\"@type\":\"BreadcrumbList\",\"@id\":\"https:\/\/dynaxo.pl\/en\/team\/#breadcrumb\",\"itemListElement\":[{\"@type\":\"ListItem\",\"position\":1,\"name\":\"Start\",\"item\":\"https:\/\/dynaxo.pl\/en\/\"},{\"@type\":\"ListItem\",\"position\":2,\"name\":\"About us\",\"item\":\"https:\/\/dynaxo.pl\/en\/about-us\/\"},{\"@type\":\"ListItem\",\"position\":3,\"name\":\"Team\"}]},{\"@type\":\"WebSite\",\"@id\":\"https:\/\/dynaxo.pl\/en\/#website\",\"url\":\"https:\/\/dynaxo.pl\/en\/\",\"name\":\"Dynaxo\",\"description\":\"przestrze\u0144 kompleksowych rozwi\u0105za\u0144\",\"potentialAction\":[{\"@type\":\"SearchAction\",\"target\":{\"@type\":\"EntryPoint\",\"urlTemplate\":\"https:\/\/dynaxo.pl\/en\/?s={search_term_string}\"},\"query-input\":{\"@type\":\"PropertyValueSpecification\",\"valueRequired\":true,\"valueName\":\"search_term_string\"}}],\"inLanguage\":\"en-US\"}]}<\/script>\n<!-- \/ Yoast SEO plugin. -->","yoast_head_json":{"title":"Team - Dynaxo","description":"Nasz zesp\u00f3\u0142 tworzy wykwalifikowana kadra specjalist\u00f3w odpowiedzialnych za jako\u015b\u0107 oferowanych produkt\u00f3w i us\u0142ug oraz za precyzyjny system zarz\u0105dzania.","robots":{"index":"index","follow":"follow","max-snippet":"max-snippet:-1","max-image-preview":"max-image-preview:large","max-video-preview":"max-video-preview:-1"},"canonical":"https:\/\/dynaxo.pl\/en\/team\/","og_locale":"en_US","og_type":"article","og_title":"Team - Dynaxo","og_description":"Nasz zesp\u00f3\u0142 tworzy wykwalifikowana kadra specjalist\u00f3w odpowiedzialnych za jako\u015b\u0107 oferowanych produkt\u00f3w i us\u0142ug oraz za precyzyjny system zarz\u0105dzania.","og_url":"https:\/\/dynaxo.pl\/en\/team\/","og_site_name":"Dynaxo","article_modified_time":"2024-04-04T13:42:52+00:00","schema":{"@context":"https:\/\/schema.org","@graph":[{"@type":"WebPage","@id":"https:\/\/dynaxo.pl\/en\/team\/","url":"https:\/\/dynaxo.pl\/en\/team\/","name":"Team - Dynaxo","isPartOf":{"@id":"https:\/\/dynaxo.pl\/en\/#website"},"datePublished":"2015-04-10T09:42:29+00:00","dateModified":"2024-04-04T13:42:52+00:00","description":"Nasz zesp\u00f3\u0142 tworzy wykwalifikowana kadra specjalist\u00f3w odpowiedzialnych za jako\u015b\u0107 oferowanych produkt\u00f3w i us\u0142ug oraz za precyzyjny system zarz\u0105dzania.","breadcrumb":{"@id":"https:\/\/dynaxo.pl\/en\/team\/#breadcrumb"},"inLanguage":"en-US","potentialAction":[{"@type":"ReadAction","target":["https:\/\/dynaxo.pl\/en\/team\/"]}]},{"@type":"BreadcrumbList","@id":"https:\/\/dynaxo.pl\/en\/team\/#breadcrumb","itemListElement":[{"@type":"ListItem","position":1,"name":"Start","item":"https:\/\/dynaxo.pl\/en\/"},{"@type":"ListItem","position":2,"name":"About us","item":"https:\/\/dynaxo.pl\/en\/about-us\/"},{"@type":"ListItem","position":3,"name":"Team"}]},{"@type":"WebSite","@id":"https:\/\/dynaxo.pl\/en\/#website","url":"https:\/\/dynaxo.pl\/en\/","name":"Dynaxo","description":"przestrze\u0144 kompleksowych rozwi\u0105za\u0144","potentialAction":[{"@type":"SearchAction","target":{"@type":"EntryPoint","urlTemplate":"https:\/\/dynaxo.pl\/en\/?s={search_term_string}"},"query-input":{"@type":"PropertyValueSpecification","valueRequired":true,"valueName":"search_term_string"}}],"inLanguage":"en-US"}]}},"_links":{"self":[{"href":"https:\/\/dynaxo.pl\/en\/wp-json\/wp\/v2\/pages\/5695","targetHints":{"allow":["GET"]}}],"collection":[{"href":"https:\/\/dynaxo.pl\/en\/wp-json\/wp\/v2\/pages"}],"about":[{"href":"https:\/\/dynaxo.pl\/en\/wp-json\/wp\/v2\/types\/page"}],"author":[{"embeddable":true,"href":"https:\/\/dynaxo.pl\/en\/wp-json\/wp\/v2\/users\/1"}],"replies":[{"embeddable":true,"href":"https:\/\/dynaxo.pl\/en\/wp-json\/wp\/v2\/comments?post=5695"}],"version-history":[{"count":5,"href":"https:\/\/dynaxo.pl\/en\/wp-json\/wp\/v2\/pages\/5695\/revisions"}],"predecessor-version":[{"id":5944,"href":"https:\/\/dynaxo.pl\/en\/wp-json\/wp\/v2\/pages\/5695\/revisions\/5944"}],"wp:attachment":[{"href":"https:\/\/dynaxo.pl\/en\/wp-json\/wp\/v2\/media?parent=5695"}],"curies":[{"name":"wp","href":"https:\/\/api.w.org\/{rel}","templated":true}]}}