{"id":5710,"date":"2019-10-24T10:39:42","date_gmt":"2019-10-24T10:39:42","guid":{"rendered":"https:\/\/dynaxo.pl\/wykrawanie-blach\/"},"modified":"2024-04-08T09:24:13","modified_gmt":"2024-04-08T09:24:13","slug":"turret-punching","status":"publish","type":"page","link":"https:\/\/dynaxo.pl\/en\/technology\/turret-punching\/","title":{"rendered":"Turret punching"},"content":{"rendered":"\n<p>Our company also provides sheet metal punching services on innovative turret punches. Thanks to the automatic revolving tool station technology, we can ensure high quality and considerable flexibility as well as combine punching, forming, and threading services.<\/p>\n\n\n\n<p>Our technical support department will help you choose the best laser cutting or punching solution according to the complexity and shape of the detail and series size.<\/p>\n\n\n\n<ol class=\"wp-block-list\">\n<li>LVD Verona 1225<\/li>\n<\/ol>\n\n\n\n<ul class=\"wp-block-list\">\n<li>CNC control<\/li>\n\n\n\n<li>maximum punching thickness: 6 mm<\/li>\n\n\n\n<li>maximum sheet format: 1250 x 2500 mm<\/li>\n<\/ul>\n\n\n\n<ol class=\"wp-block-list\" start=\"2\">\n<li>PRIMA POWER Punch Genius PG1225<\/li>\n<\/ol>\n\n\n\n<ul class=\"wp-block-list\">\n<li>CNC control, servo-electric punch drive with pressure of 300 kN<\/li>\n\n\n\n<li>maximum punching thickness: 8 mm<\/li>\n\n\n\n<li>maximum sheet format: 1250 x 2500 mm<\/li>\n<\/ul>\n","protected":false},"excerpt":{"rendered":"<p>Our company also provides sheet metal punching services on innovative turret punches. Thanks to the automatic revolving tool station technology, we can ensure high quality and considerable flexibility as well as combine punching, forming, and threading services.<\/p>\n","protected":false},"author":1,"featured_media":5513,"parent":5744,"menu_order":30,"comment_status":"closed","ping_status":"closed","template":"","meta":{"_acf_changed":false,"inline_featured_image":false,"_monsterinsights_skip_tracking":false,"_monsterinsights_sitenote_active":false,"_monsterinsights_sitenote_note":"","_monsterinsights_sitenote_category":0,"footnotes":"","_links_to":"","_links_to_target":""},"class_list":["post-5710","page","type-page","status-publish","has-post-thumbnail","hentry"],"acf":[],"yoast_head":"<!-- This site is optimized with the Yoast SEO plugin v27.2 - https:\/\/yoast.com\/product\/yoast-seo-wordpress\/ -->\n<title>Turret punching - Dynaxo<\/title>\n<meta name=\"description\" content=\"W naszym parku maszynowym wykonujemy r\u00f3wnie\u017c profesjonalne wykrawanie i t\u0142oczenie blach na prasach mimo\u015brodowych o nacisku od 16 do 160 ton. Pozwalaj\u0105 nam one na wykonywanie nawet bardzo skomplikowanych operacji na ma\u0142ych detalach, jak i wi\u0119kszych elementach. Dodatkowo, posiadamy no\u017cyce gilotynowe, kt\u00f3re umo\u017cliwiaj\u0105 wykrawanie blach o d\u0142ugo\u015bci do 3 m i grubo\u015bci do 3 mm.\" \/>\n<meta name=\"robots\" content=\"index, follow, max-snippet:-1, max-image-preview:large, max-video-preview:-1\" \/>\n<link rel=\"canonical\" href=\"https:\/\/dynaxo.pl\/en\/technology\/turret-punching\/\" \/>\n<meta property=\"og:locale\" content=\"en_US\" \/>\n<meta property=\"og:type\" content=\"article\" \/>\n<meta property=\"og:title\" content=\"Turret punching - Dynaxo\" \/>\n<meta property=\"og:description\" content=\"W naszym parku maszynowym wykonujemy r\u00f3wnie\u017c profesjonalne wykrawanie i t\u0142oczenie blach na prasach mimo\u015brodowych o nacisku od 16 do 160 ton. Pozwalaj\u0105 nam one na wykonywanie nawet bardzo skomplikowanych operacji na ma\u0142ych detalach, jak i wi\u0119kszych elementach. Dodatkowo, posiadamy no\u017cyce gilotynowe, kt\u00f3re umo\u017cliwiaj\u0105 wykrawanie blach o d\u0142ugo\u015bci do 3 m i grubo\u015bci do 3 mm.\" \/>\n<meta property=\"og:url\" content=\"https:\/\/dynaxo.pl\/en\/technology\/turret-punching\/\" \/>\n<meta property=\"og:site_name\" content=\"Dynaxo\" \/>\n<meta property=\"article:modified_time\" content=\"2024-04-08T09:24:13+00:00\" \/>\n<meta property=\"og:image\" content=\"https:\/\/dynaxo.pl\/wp-content\/uploads\/2024\/01\/wykrawanie-na-prasach-scaled.jpg\" \/>\n\t<meta property=\"og:image:width\" content=\"2560\" \/>\n\t<meta property=\"og:image:height\" content=\"1719\" \/>\n\t<meta property=\"og:image:type\" content=\"image\/jpeg\" \/>\n<meta name=\"twitter:label1\" content=\"Est. reading time\" \/>\n\t<meta name=\"twitter:data1\" content=\"1 minute\" \/>\n<script type=\"application\/ld+json\" class=\"yoast-schema-graph\">{\"@context\":\"https:\/\/schema.org\",\"@graph\":[{\"@type\":\"WebPage\",\"@id\":\"https:\/\/dynaxo.pl\/en\/technology\/turret-punching\/\",\"url\":\"https:\/\/dynaxo.pl\/en\/technology\/turret-punching\/\",\"name\":\"Turret punching - Dynaxo\",\"isPartOf\":{\"@id\":\"https:\/\/dynaxo.pl\/en\/#website\"},\"primaryImageOfPage\":{\"@id\":\"https:\/\/dynaxo.pl\/en\/technology\/turret-punching\/#primaryimage\"},\"image\":{\"@id\":\"https:\/\/dynaxo.pl\/en\/technology\/turret-punching\/#primaryimage\"},\"thumbnailUrl\":\"https:\/\/dynaxo.pl\/wp-content\/uploads\/2024\/01\/wykrawanie-na-prasach-scaled.jpg\",\"datePublished\":\"2019-10-24T10:39:42+00:00\",\"dateModified\":\"2024-04-08T09:24:13+00:00\",\"description\":\"W naszym parku maszynowym wykonujemy r\u00f3wnie\u017c profesjonalne wykrawanie i t\u0142oczenie blach na prasach mimo\u015brodowych o nacisku od 16 do 160 ton. Pozwalaj\u0105 nam one na wykonywanie nawet bardzo skomplikowanych operacji na ma\u0142ych detalach, jak i wi\u0119kszych elementach. Dodatkowo, posiadamy no\u017cyce gilotynowe, kt\u00f3re umo\u017cliwiaj\u0105 wykrawanie blach o d\u0142ugo\u015bci do 3 m i grubo\u015bci do 3 mm.\",\"breadcrumb\":{\"@id\":\"https:\/\/dynaxo.pl\/en\/technology\/turret-punching\/#breadcrumb\"},\"inLanguage\":\"en-US\",\"potentialAction\":[{\"@type\":\"ReadAction\",\"target\":[\"https:\/\/dynaxo.pl\/en\/technology\/turret-punching\/\"]}]},{\"@type\":\"ImageObject\",\"inLanguage\":\"en-US\",\"@id\":\"https:\/\/dynaxo.pl\/en\/technology\/turret-punching\/#primaryimage\",\"url\":\"https:\/\/dynaxo.pl\/wp-content\/uploads\/2024\/01\/wykrawanie-na-prasach-scaled.jpg\",\"contentUrl\":\"https:\/\/dynaxo.pl\/wp-content\/uploads\/2024\/01\/wykrawanie-na-prasach-scaled.jpg\",\"width\":2560,\"height\":1719},{\"@type\":\"BreadcrumbList\",\"@id\":\"https:\/\/dynaxo.pl\/en\/technology\/turret-punching\/#breadcrumb\",\"itemListElement\":[{\"@type\":\"ListItem\",\"position\":1,\"name\":\"Start\",\"item\":\"https:\/\/dynaxo.pl\/en\/\"},{\"@type\":\"ListItem\",\"position\":2,\"name\":\"Technology\",\"item\":\"https:\/\/dynaxo.pl\/en\/technology\/\"},{\"@type\":\"ListItem\",\"position\":3,\"name\":\"Turret punching\"}]},{\"@type\":\"WebSite\",\"@id\":\"https:\/\/dynaxo.pl\/en\/#website\",\"url\":\"https:\/\/dynaxo.pl\/en\/\",\"name\":\"Dynaxo\",\"description\":\"przestrze\u0144 kompleksowych rozwi\u0105za\u0144\",\"potentialAction\":[{\"@type\":\"SearchAction\",\"target\":{\"@type\":\"EntryPoint\",\"urlTemplate\":\"https:\/\/dynaxo.pl\/en\/?s={search_term_string}\"},\"query-input\":{\"@type\":\"PropertyValueSpecification\",\"valueRequired\":true,\"valueName\":\"search_term_string\"}}],\"inLanguage\":\"en-US\"}]}<\/script>\n<!-- \/ Yoast SEO plugin. -->","yoast_head_json":{"title":"Turret punching - Dynaxo","description":"W naszym parku maszynowym wykonujemy r\u00f3wnie\u017c profesjonalne wykrawanie i t\u0142oczenie blach na prasach mimo\u015brodowych o nacisku od 16 do 160 ton. Pozwalaj\u0105 nam one na wykonywanie nawet bardzo skomplikowanych operacji na ma\u0142ych detalach, jak i wi\u0119kszych elementach. Dodatkowo, posiadamy no\u017cyce gilotynowe, kt\u00f3re umo\u017cliwiaj\u0105 wykrawanie blach o d\u0142ugo\u015bci do 3 m i grubo\u015bci do 3 mm.","robots":{"index":"index","follow":"follow","max-snippet":"max-snippet:-1","max-image-preview":"max-image-preview:large","max-video-preview":"max-video-preview:-1"},"canonical":"https:\/\/dynaxo.pl\/en\/technology\/turret-punching\/","og_locale":"en_US","og_type":"article","og_title":"Turret punching - Dynaxo","og_description":"W naszym parku maszynowym wykonujemy r\u00f3wnie\u017c profesjonalne wykrawanie i t\u0142oczenie blach na prasach mimo\u015brodowych o nacisku od 16 do 160 ton. Pozwalaj\u0105 nam one na wykonywanie nawet bardzo skomplikowanych operacji na ma\u0142ych detalach, jak i wi\u0119kszych elementach. Dodatkowo, posiadamy no\u017cyce gilotynowe, kt\u00f3re umo\u017cliwiaj\u0105 wykrawanie blach o d\u0142ugo\u015bci do 3 m i grubo\u015bci do 3 mm.","og_url":"https:\/\/dynaxo.pl\/en\/technology\/turret-punching\/","og_site_name":"Dynaxo","article_modified_time":"2024-04-08T09:24:13+00:00","og_image":[{"width":2560,"height":1719,"url":"https:\/\/dynaxo.pl\/wp-content\/uploads\/2024\/01\/wykrawanie-na-prasach-scaled.jpg","type":"image\/jpeg"}],"twitter_misc":{"Est. reading time":"1 minute"},"schema":{"@context":"https:\/\/schema.org","@graph":[{"@type":"WebPage","@id":"https:\/\/dynaxo.pl\/en\/technology\/turret-punching\/","url":"https:\/\/dynaxo.pl\/en\/technology\/turret-punching\/","name":"Turret punching - Dynaxo","isPartOf":{"@id":"https:\/\/dynaxo.pl\/en\/#website"},"primaryImageOfPage":{"@id":"https:\/\/dynaxo.pl\/en\/technology\/turret-punching\/#primaryimage"},"image":{"@id":"https:\/\/dynaxo.pl\/en\/technology\/turret-punching\/#primaryimage"},"thumbnailUrl":"https:\/\/dynaxo.pl\/wp-content\/uploads\/2024\/01\/wykrawanie-na-prasach-scaled.jpg","datePublished":"2019-10-24T10:39:42+00:00","dateModified":"2024-04-08T09:24:13+00:00","description":"W naszym parku maszynowym wykonujemy r\u00f3wnie\u017c profesjonalne wykrawanie i t\u0142oczenie blach na prasach mimo\u015brodowych o nacisku od 16 do 160 ton. Pozwalaj\u0105 nam one na wykonywanie nawet bardzo skomplikowanych operacji na ma\u0142ych detalach, jak i wi\u0119kszych elementach. Dodatkowo, posiadamy no\u017cyce gilotynowe, kt\u00f3re umo\u017cliwiaj\u0105 wykrawanie blach o d\u0142ugo\u015bci do 3 m i grubo\u015bci do 3 mm.","breadcrumb":{"@id":"https:\/\/dynaxo.pl\/en\/technology\/turret-punching\/#breadcrumb"},"inLanguage":"en-US","potentialAction":[{"@type":"ReadAction","target":["https:\/\/dynaxo.pl\/en\/technology\/turret-punching\/"]}]},{"@type":"ImageObject","inLanguage":"en-US","@id":"https:\/\/dynaxo.pl\/en\/technology\/turret-punching\/#primaryimage","url":"https:\/\/dynaxo.pl\/wp-content\/uploads\/2024\/01\/wykrawanie-na-prasach-scaled.jpg","contentUrl":"https:\/\/dynaxo.pl\/wp-content\/uploads\/2024\/01\/wykrawanie-na-prasach-scaled.jpg","width":2560,"height":1719},{"@type":"BreadcrumbList","@id":"https:\/\/dynaxo.pl\/en\/technology\/turret-punching\/#breadcrumb","itemListElement":[{"@type":"ListItem","position":1,"name":"Start","item":"https:\/\/dynaxo.pl\/en\/"},{"@type":"ListItem","position":2,"name":"Technology","item":"https:\/\/dynaxo.pl\/en\/technology\/"},{"@type":"ListItem","position":3,"name":"Turret punching"}]},{"@type":"WebSite","@id":"https:\/\/dynaxo.pl\/en\/#website","url":"https:\/\/dynaxo.pl\/en\/","name":"Dynaxo","description":"przestrze\u0144 kompleksowych rozwi\u0105za\u0144","potentialAction":[{"@type":"SearchAction","target":{"@type":"EntryPoint","urlTemplate":"https:\/\/dynaxo.pl\/en\/?s={search_term_string}"},"query-input":{"@type":"PropertyValueSpecification","valueRequired":true,"valueName":"search_term_string"}}],"inLanguage":"en-US"}]}},"_links":{"self":[{"href":"https:\/\/dynaxo.pl\/en\/wp-json\/wp\/v2\/pages\/5710","targetHints":{"allow":["GET"]}}],"collection":[{"href":"https:\/\/dynaxo.pl\/en\/wp-json\/wp\/v2\/pages"}],"about":[{"href":"https:\/\/dynaxo.pl\/en\/wp-json\/wp\/v2\/types\/page"}],"author":[{"embeddable":true,"href":"https:\/\/dynaxo.pl\/en\/wp-json\/wp\/v2\/users\/1"}],"replies":[{"embeddable":true,"href":"https:\/\/dynaxo.pl\/en\/wp-json\/wp\/v2\/comments?post=5710"}],"version-history":[{"count":4,"href":"https:\/\/dynaxo.pl\/en\/wp-json\/wp\/v2\/pages\/5710\/revisions"}],"predecessor-version":[{"id":5965,"href":"https:\/\/dynaxo.pl\/en\/wp-json\/wp\/v2\/pages\/5710\/revisions\/5965"}],"up":[{"embeddable":true,"href":"https:\/\/dynaxo.pl\/en\/wp-json\/wp\/v2\/pages\/5744"}],"wp:featuredmedia":[{"embeddable":true,"href":"https:\/\/dynaxo.pl\/en\/wp-json\/wp\/v2\/media\/5513"}],"wp:attachment":[{"href":"https:\/\/dynaxo.pl\/en\/wp-json\/wp\/v2\/media?parent=5710"}],"curies":[{"name":"wp","href":"https:\/\/api.w.org\/{rel}","templated":true}]}}