{"id":5715,"date":"2021-12-02T08:24:00","date_gmt":"2021-12-02T08:24:00","guid":{"rendered":"https:\/\/dynaxo.pl\/wykrawanie-tloczenie-i-giecie-na-prasach-mimosrodowych-i-hydraulicznych\/"},"modified":"2024-04-05T14:50:12","modified_gmt":"2024-04-05T14:50:12","slug":"punching-pressing-and-bending-with-eccentric-and-hydraulic-presses","status":"publish","type":"page","link":"https:\/\/dynaxo.pl\/en\/technology\/punching-pressing-and-bending-with-eccentric-and-hydraulic-presses\/","title":{"rendered":"Punching, pressing, and bending with eccentric and hydraulic presses"},"content":{"rendered":"\n<p>We also offer sheet metal pressing and punching with eccentric and hydraulic presses, which are capable of performing even the most complicated serial operations on small and large elements. This technology involves dedicated tools, which assigns the required shape to the detail and preserves the dimensions and tolerances established in the client\u2019s documentation. This process is supervised by our technical department from designing all the way to the launch of serial production<\/p>\n\n\n\n<p>We use the following presses:<\/p>\n\n\n\n<ol class=\"wp-block-list\">\n<li>HYDROLIKSAN hydraulic press<\/li>\n<\/ol>\n\n\n\n<ul class=\"wp-block-list\">\n<li>pressure: 100 tonnes<\/li>\n\n\n\n<li>working area: 800\u00d7750 mm<\/li>\n<\/ul>\n\n\n\n<ol class=\"wp-block-list\" start=\"2\">\n<li>Eccentric presses<\/li>\n<\/ol>\n\n\n\n<ul class=\"wp-block-list\">\n<li>pressure: 40-100 tonnes<\/li>\n\n\n\n<li>table sizes: from 350\u00d7500 mm to 640\u00d7100 mm<\/li>\n\n\n\n<li>we have 4 stations<\/li>\n<\/ul>\n","protected":false},"excerpt":{"rendered":"<p>We also offer sheet metal pressing and punching with eccentric and hydraulic presses, which are capable of performing even the most complicated serial operations on small and large elements. This technology involves dedicated equipment, which assigns the required shape to the detail and preserves the dimensions and tolerances established in the client\u2019s documentation. This process is supervised by our technical department from designing all the way to the launch of serial production.<\/p>\n","protected":false},"author":6,"featured_media":5892,"parent":5744,"menu_order":38,"comment_status":"closed","ping_status":"closed","template":"","meta":{"_acf_changed":false,"inline_featured_image":false,"_monsterinsights_skip_tracking":false,"_monsterinsights_sitenote_active":false,"_monsterinsights_sitenote_note":"","_monsterinsights_sitenote_category":0,"footnotes":"","_links_to":"","_links_to_target":""},"class_list":["post-5715","page","type-page","status-publish","has-post-thumbnail","hentry"],"acf":[],"yoast_head":"<!-- This site is optimized with the Yoast SEO plugin v27.2 - https:\/\/yoast.com\/product\/yoast-seo-wordpress\/ -->\n<title>Punching, pressing, and bending with eccentric and hydraulic presses - Pozna\u0144 Dynaxo<\/title>\n<meta name=\"description\" content=\"W zale\u017cno\u015bci od indywidualnych potrzeb i oczekiwa\u0144 inwestora mo\u017cemy podda\u0107 obr\u00f3bce zar\u00f3wno pojedyncze profile, jak i zrealizowa\u0107 zam\u00f3wienie wysokonak\u0142adowe.\" \/>\n<meta name=\"robots\" content=\"index, follow, max-snippet:-1, max-image-preview:large, max-video-preview:-1\" \/>\n<link rel=\"canonical\" href=\"https:\/\/dynaxo.pl\/en\/technology\/punching-pressing-and-bending-with-eccentric-and-hydraulic-presses\/\" \/>\n<meta property=\"og:locale\" content=\"en_US\" \/>\n<meta property=\"og:type\" content=\"article\" \/>\n<meta property=\"og:title\" content=\"Punching, pressing, and bending with eccentric and hydraulic presses - Pozna\u0144 Dynaxo\" \/>\n<meta property=\"og:description\" content=\"W zale\u017cno\u015bci od indywidualnych potrzeb i oczekiwa\u0144 inwestora mo\u017cemy podda\u0107 obr\u00f3bce zar\u00f3wno pojedyncze profile, jak i zrealizowa\u0107 zam\u00f3wienie wysokonak\u0142adowe.\" \/>\n<meta property=\"og:url\" content=\"https:\/\/dynaxo.pl\/en\/technology\/punching-pressing-and-bending-with-eccentric-and-hydraulic-presses\/\" \/>\n<meta property=\"og:site_name\" content=\"Dynaxo\" \/>\n<meta property=\"article:modified_time\" content=\"2024-04-05T14:50:12+00:00\" \/>\n<meta property=\"og:image\" content=\"https:\/\/dynaxo.pl\/wp-content\/uploads\/2024\/04\/pozostale-uslugi.webp\" \/>\n\t<meta property=\"og:image:width\" content=\"2560\" \/>\n\t<meta property=\"og:image:height\" content=\"1920\" \/>\n\t<meta property=\"og:image:type\" content=\"image\/webp\" \/>\n<meta name=\"twitter:label1\" content=\"Est. reading time\" \/>\n\t<meta name=\"twitter:data1\" content=\"1 minute\" \/>\n<script type=\"application\/ld+json\" class=\"yoast-schema-graph\">{\"@context\":\"https:\/\/schema.org\",\"@graph\":[{\"@type\":\"WebPage\",\"@id\":\"https:\/\/dynaxo.pl\/en\/technology\/punching-pressing-and-bending-with-eccentric-and-hydraulic-presses\/\",\"url\":\"https:\/\/dynaxo.pl\/en\/technology\/punching-pressing-and-bending-with-eccentric-and-hydraulic-presses\/\",\"name\":\"Punching, pressing, and bending with eccentric and hydraulic presses - Pozna\u0144 Dynaxo\",\"isPartOf\":{\"@id\":\"https:\/\/dynaxo.pl\/en\/#website\"},\"primaryImageOfPage\":{\"@id\":\"https:\/\/dynaxo.pl\/en\/technology\/punching-pressing-and-bending-with-eccentric-and-hydraulic-presses\/#primaryimage\"},\"image\":{\"@id\":\"https:\/\/dynaxo.pl\/en\/technology\/punching-pressing-and-bending-with-eccentric-and-hydraulic-presses\/#primaryimage\"},\"thumbnailUrl\":\"https:\/\/dynaxo.pl\/wp-content\/uploads\/2024\/04\/pozostale-uslugi.webp\",\"datePublished\":\"2021-12-02T08:24:00+00:00\",\"dateModified\":\"2024-04-05T14:50:12+00:00\",\"description\":\"W zale\u017cno\u015bci od indywidualnych potrzeb i oczekiwa\u0144 inwestora mo\u017cemy podda\u0107 obr\u00f3bce zar\u00f3wno pojedyncze profile, jak i zrealizowa\u0107 zam\u00f3wienie wysokonak\u0142adowe.\",\"breadcrumb\":{\"@id\":\"https:\/\/dynaxo.pl\/en\/technology\/punching-pressing-and-bending-with-eccentric-and-hydraulic-presses\/#breadcrumb\"},\"inLanguage\":\"en-US\",\"potentialAction\":[{\"@type\":\"ReadAction\",\"target\":[\"https:\/\/dynaxo.pl\/en\/technology\/punching-pressing-and-bending-with-eccentric-and-hydraulic-presses\/\"]}]},{\"@type\":\"ImageObject\",\"inLanguage\":\"en-US\",\"@id\":\"https:\/\/dynaxo.pl\/en\/technology\/punching-pressing-and-bending-with-eccentric-and-hydraulic-presses\/#primaryimage\",\"url\":\"https:\/\/dynaxo.pl\/wp-content\/uploads\/2024\/04\/pozostale-uslugi.webp\",\"contentUrl\":\"https:\/\/dynaxo.pl\/wp-content\/uploads\/2024\/04\/pozostale-uslugi.webp\",\"width\":2560,\"height\":1920},{\"@type\":\"BreadcrumbList\",\"@id\":\"https:\/\/dynaxo.pl\/en\/technology\/punching-pressing-and-bending-with-eccentric-and-hydraulic-presses\/#breadcrumb\",\"itemListElement\":[{\"@type\":\"ListItem\",\"position\":1,\"name\":\"Start\",\"item\":\"https:\/\/dynaxo.pl\/en\/\"},{\"@type\":\"ListItem\",\"position\":2,\"name\":\"Technology\",\"item\":\"https:\/\/dynaxo.pl\/en\/technology\/\"},{\"@type\":\"ListItem\",\"position\":3,\"name\":\"Punching, pressing, and bending with eccentric and hydraulic presses\"}]},{\"@type\":\"WebSite\",\"@id\":\"https:\/\/dynaxo.pl\/en\/#website\",\"url\":\"https:\/\/dynaxo.pl\/en\/\",\"name\":\"Dynaxo\",\"description\":\"przestrze\u0144 kompleksowych rozwi\u0105za\u0144\",\"potentialAction\":[{\"@type\":\"SearchAction\",\"target\":{\"@type\":\"EntryPoint\",\"urlTemplate\":\"https:\/\/dynaxo.pl\/en\/?s={search_term_string}\"},\"query-input\":{\"@type\":\"PropertyValueSpecification\",\"valueRequired\":true,\"valueName\":\"search_term_string\"}}],\"inLanguage\":\"en-US\"}]}<\/script>\n<!-- \/ Yoast SEO plugin. -->","yoast_head_json":{"title":"Punching, pressing, and bending with eccentric and hydraulic presses - Pozna\u0144 Dynaxo","description":"W zale\u017cno\u015bci od indywidualnych potrzeb i oczekiwa\u0144 inwestora mo\u017cemy podda\u0107 obr\u00f3bce zar\u00f3wno pojedyncze profile, jak i zrealizowa\u0107 zam\u00f3wienie wysokonak\u0142adowe.","robots":{"index":"index","follow":"follow","max-snippet":"max-snippet:-1","max-image-preview":"max-image-preview:large","max-video-preview":"max-video-preview:-1"},"canonical":"https:\/\/dynaxo.pl\/en\/technology\/punching-pressing-and-bending-with-eccentric-and-hydraulic-presses\/","og_locale":"en_US","og_type":"article","og_title":"Punching, pressing, and bending with eccentric and hydraulic presses - Pozna\u0144 Dynaxo","og_description":"W zale\u017cno\u015bci od indywidualnych potrzeb i oczekiwa\u0144 inwestora mo\u017cemy podda\u0107 obr\u00f3bce zar\u00f3wno pojedyncze profile, jak i zrealizowa\u0107 zam\u00f3wienie wysokonak\u0142adowe.","og_url":"https:\/\/dynaxo.pl\/en\/technology\/punching-pressing-and-bending-with-eccentric-and-hydraulic-presses\/","og_site_name":"Dynaxo","article_modified_time":"2024-04-05T14:50:12+00:00","og_image":[{"width":2560,"height":1920,"url":"https:\/\/dynaxo.pl\/wp-content\/uploads\/2024\/04\/pozostale-uslugi.webp","type":"image\/webp"}],"twitter_misc":{"Est. reading time":"1 minute"},"schema":{"@context":"https:\/\/schema.org","@graph":[{"@type":"WebPage","@id":"https:\/\/dynaxo.pl\/en\/technology\/punching-pressing-and-bending-with-eccentric-and-hydraulic-presses\/","url":"https:\/\/dynaxo.pl\/en\/technology\/punching-pressing-and-bending-with-eccentric-and-hydraulic-presses\/","name":"Punching, pressing, and bending with eccentric and hydraulic presses - Pozna\u0144 Dynaxo","isPartOf":{"@id":"https:\/\/dynaxo.pl\/en\/#website"},"primaryImageOfPage":{"@id":"https:\/\/dynaxo.pl\/en\/technology\/punching-pressing-and-bending-with-eccentric-and-hydraulic-presses\/#primaryimage"},"image":{"@id":"https:\/\/dynaxo.pl\/en\/technology\/punching-pressing-and-bending-with-eccentric-and-hydraulic-presses\/#primaryimage"},"thumbnailUrl":"https:\/\/dynaxo.pl\/wp-content\/uploads\/2024\/04\/pozostale-uslugi.webp","datePublished":"2021-12-02T08:24:00+00:00","dateModified":"2024-04-05T14:50:12+00:00","description":"W zale\u017cno\u015bci od indywidualnych potrzeb i oczekiwa\u0144 inwestora mo\u017cemy podda\u0107 obr\u00f3bce zar\u00f3wno pojedyncze profile, jak i zrealizowa\u0107 zam\u00f3wienie wysokonak\u0142adowe.","breadcrumb":{"@id":"https:\/\/dynaxo.pl\/en\/technology\/punching-pressing-and-bending-with-eccentric-and-hydraulic-presses\/#breadcrumb"},"inLanguage":"en-US","potentialAction":[{"@type":"ReadAction","target":["https:\/\/dynaxo.pl\/en\/technology\/punching-pressing-and-bending-with-eccentric-and-hydraulic-presses\/"]}]},{"@type":"ImageObject","inLanguage":"en-US","@id":"https:\/\/dynaxo.pl\/en\/technology\/punching-pressing-and-bending-with-eccentric-and-hydraulic-presses\/#primaryimage","url":"https:\/\/dynaxo.pl\/wp-content\/uploads\/2024\/04\/pozostale-uslugi.webp","contentUrl":"https:\/\/dynaxo.pl\/wp-content\/uploads\/2024\/04\/pozostale-uslugi.webp","width":2560,"height":1920},{"@type":"BreadcrumbList","@id":"https:\/\/dynaxo.pl\/en\/technology\/punching-pressing-and-bending-with-eccentric-and-hydraulic-presses\/#breadcrumb","itemListElement":[{"@type":"ListItem","position":1,"name":"Start","item":"https:\/\/dynaxo.pl\/en\/"},{"@type":"ListItem","position":2,"name":"Technology","item":"https:\/\/dynaxo.pl\/en\/technology\/"},{"@type":"ListItem","position":3,"name":"Punching, pressing, and bending with eccentric and hydraulic presses"}]},{"@type":"WebSite","@id":"https:\/\/dynaxo.pl\/en\/#website","url":"https:\/\/dynaxo.pl\/en\/","name":"Dynaxo","description":"przestrze\u0144 kompleksowych rozwi\u0105za\u0144","potentialAction":[{"@type":"SearchAction","target":{"@type":"EntryPoint","urlTemplate":"https:\/\/dynaxo.pl\/en\/?s={search_term_string}"},"query-input":{"@type":"PropertyValueSpecification","valueRequired":true,"valueName":"search_term_string"}}],"inLanguage":"en-US"}]}},"_links":{"self":[{"href":"https:\/\/dynaxo.pl\/en\/wp-json\/wp\/v2\/pages\/5715","targetHints":{"allow":["GET"]}}],"collection":[{"href":"https:\/\/dynaxo.pl\/en\/wp-json\/wp\/v2\/pages"}],"about":[{"href":"https:\/\/dynaxo.pl\/en\/wp-json\/wp\/v2\/types\/page"}],"author":[{"embeddable":true,"href":"https:\/\/dynaxo.pl\/en\/wp-json\/wp\/v2\/users\/6"}],"replies":[{"embeddable":true,"href":"https:\/\/dynaxo.pl\/en\/wp-json\/wp\/v2\/comments?post=5715"}],"version-history":[{"count":3,"href":"https:\/\/dynaxo.pl\/en\/wp-json\/wp\/v2\/pages\/5715\/revisions"}],"predecessor-version":[{"id":5958,"href":"https:\/\/dynaxo.pl\/en\/wp-json\/wp\/v2\/pages\/5715\/revisions\/5958"}],"up":[{"embeddable":true,"href":"https:\/\/dynaxo.pl\/en\/wp-json\/wp\/v2\/pages\/5744"}],"wp:featuredmedia":[{"embeddable":true,"href":"https:\/\/dynaxo.pl\/en\/wp-json\/wp\/v2\/media\/5892"}],"wp:attachment":[{"href":"https:\/\/dynaxo.pl\/en\/wp-json\/wp\/v2\/media?parent=5715"}],"curies":[{"name":"wp","href":"https:\/\/api.w.org\/{rel}","templated":true}]}}