{"id":5718,"date":"2019-10-24T10:42:11","date_gmt":"2019-10-24T10:42:11","guid":{"rendered":"https:\/\/dynaxo.pl\/pozostale-uslugi\/"},"modified":"2024-04-08T09:24:38","modified_gmt":"2024-04-08T09:24:38","slug":"additional-services","status":"publish","type":"page","link":"https:\/\/dynaxo.pl\/en\/technology\/additional-services\/","title":{"rendered":"Additional services\u2028\u2028"},"content":{"rendered":"\n<p>Our comprehensive offer aimed to fulfil all expectations of our clients also includes additional services such as the following:<\/p>\n\n\n\n<ul class=\"wp-block-list\">\n<li>finishing, polishing on COSTA MD4-CV 1150 wide belt deburring machine<\/li>\n\n\n\n<li>milling on AXYZ 4000 4.6 kW CNC plotter with working range of 1520 x 1220 x 250 mm<\/li>\n\n\n\n<li>profile cutting on Ergonomic Automat band saw<\/li>\n\n\n\n<li>assembly (rivets, nuts, mandrels, other joints) and pre-installation into finished components<\/li>\n\n\n\n<li>external services: electro and hot dip galvanizing, anodizing, chromium plating, screen printing<\/li>\n<\/ul>\n\n\n\n<p>We aim to understand the needs of our Clients and provide ready to use solutions. This is why we are continuously adding new comprehensive performance solutions to our machine park and technologies. We also share the knowledge and experience we have obtained over the years in scope of our support and explore the most optimal solutions.<\/p>\n","protected":false},"excerpt":{"rendered":"<p>We aim to understand the needs of our Clients and provide ready to use solutions. This is why we are continuously adding new comprehensive performance solutions to our machine park and technologies. <\/p>\n","protected":false},"author":1,"featured_media":5628,"parent":5744,"menu_order":55,"comment_status":"closed","ping_status":"closed","template":"","meta":{"_acf_changed":false,"inline_featured_image":false,"_monsterinsights_skip_tracking":false,"_monsterinsights_sitenote_active":false,"_monsterinsights_sitenote_note":"","_monsterinsights_sitenote_category":0,"footnotes":"","_links_to":"","_links_to_target":""},"class_list":["post-5718","page","type-page","status-publish","has-post-thumbnail","hentry"],"acf":[],"yoast_head":"<!-- This site is optimized with the Yoast SEO plugin v27.2 - https:\/\/yoast.com\/product\/yoast-seo-wordpress\/ -->\n<title>Additional services\u2028\u2028 - Dynaxo<\/title>\n<meta name=\"description\" content=\"Dzi\u0119ki naszemu rozwini\u0119temu zapleczu technologicznemu, mo\u017cemy poddawa\u0107 obr\u00f3bce profile. Przy pomocy pi\u0142y ta\u015bmowej dokonujemy wielkoseryjnych ci\u0119\u0107 zar\u00f3wno profili, jak i pe\u0142nych materia\u0142\u00f3w o maksymalnej \u015brednicy 250 mm.\u00a0 Pos\u0142ugujemy si\u0119 beztrzpieniow\u0105 gi\u0119tark\u0105 do rur i profili, pracuj\u0105c\u0105 w technologii owijania rury wok\u00f3\u0142 wzornika. W ten spos\u00f3b jeste\u015bmy w stanie wykonywa\u0107 gi\u0119cia o minimalnym promieniu 2 \u03a6 oraz maksymalnej grubo\u015bci \u015bcianki 3 mm i \u015brednicy gi\u0119tych rur wynosz\u0105cej 42 mm. Specjalizujemy si\u0119 r\u00f3wnie\u017c w precyzyjnym, niemal niewidocznym \u0142\u0105czeniu element\u00f3w.\" \/>\n<meta name=\"robots\" content=\"index, follow, max-snippet:-1, max-image-preview:large, max-video-preview:-1\" \/>\n<link rel=\"canonical\" href=\"https:\/\/dynaxo.pl\/en\/technology\/additional-services\/\" \/>\n<meta property=\"og:locale\" content=\"en_US\" \/>\n<meta property=\"og:type\" content=\"article\" \/>\n<meta property=\"og:title\" content=\"Additional services\u2028\u2028 - Dynaxo\" \/>\n<meta property=\"og:description\" content=\"Dzi\u0119ki naszemu rozwini\u0119temu zapleczu technologicznemu, mo\u017cemy poddawa\u0107 obr\u00f3bce profile. Przy pomocy pi\u0142y ta\u015bmowej dokonujemy wielkoseryjnych ci\u0119\u0107 zar\u00f3wno profili, jak i pe\u0142nych materia\u0142\u00f3w o maksymalnej \u015brednicy 250 mm.\u00a0 Pos\u0142ugujemy si\u0119 beztrzpieniow\u0105 gi\u0119tark\u0105 do rur i profili, pracuj\u0105c\u0105 w technologii owijania rury wok\u00f3\u0142 wzornika. W ten spos\u00f3b jeste\u015bmy w stanie wykonywa\u0107 gi\u0119cia o minimalnym promieniu 2 \u03a6 oraz maksymalnej grubo\u015bci \u015bcianki 3 mm i \u015brednicy gi\u0119tych rur wynosz\u0105cej 42 mm. Specjalizujemy si\u0119 r\u00f3wnie\u017c w precyzyjnym, niemal niewidocznym \u0142\u0105czeniu element\u00f3w.\" \/>\n<meta property=\"og:url\" content=\"https:\/\/dynaxo.pl\/en\/technology\/additional-services\/\" \/>\n<meta property=\"og:site_name\" content=\"Dynaxo\" \/>\n<meta property=\"article:modified_time\" content=\"2024-04-08T09:24:38+00:00\" \/>\n<meta property=\"og:image\" content=\"https:\/\/dynaxo.pl\/wp-content\/uploads\/2024\/02\/dsf8782-2-scaled.jpg\" \/>\n\t<meta property=\"og:image:width\" content=\"1920\" \/>\n\t<meta property=\"og:image:height\" content=\"2560\" \/>\n\t<meta property=\"og:image:type\" content=\"image\/jpeg\" \/>\n<meta name=\"twitter:label1\" content=\"Est. reading time\" \/>\n\t<meta name=\"twitter:data1\" content=\"2 minutes\" \/>\n<script type=\"application\/ld+json\" class=\"yoast-schema-graph\">{\"@context\":\"https:\/\/schema.org\",\"@graph\":[{\"@type\":\"WebPage\",\"@id\":\"https:\/\/dynaxo.pl\/en\/technology\/additional-services\/\",\"url\":\"https:\/\/dynaxo.pl\/en\/technology\/additional-services\/\",\"name\":\"Additional services\\u2028\\u2028 - Dynaxo\",\"isPartOf\":{\"@id\":\"https:\/\/dynaxo.pl\/en\/#website\"},\"primaryImageOfPage\":{\"@id\":\"https:\/\/dynaxo.pl\/en\/technology\/additional-services\/#primaryimage\"},\"image\":{\"@id\":\"https:\/\/dynaxo.pl\/en\/technology\/additional-services\/#primaryimage\"},\"thumbnailUrl\":\"https:\/\/dynaxo.pl\/wp-content\/uploads\/2024\/02\/dsf8782-2-scaled.jpg\",\"datePublished\":\"2019-10-24T10:42:11+00:00\",\"dateModified\":\"2024-04-08T09:24:38+00:00\",\"description\":\"Dzi\u0119ki naszemu rozwini\u0119temu zapleczu technologicznemu, mo\u017cemy poddawa\u0107 obr\u00f3bce profile. Przy pomocy pi\u0142y ta\u015bmowej dokonujemy wielkoseryjnych ci\u0119\u0107 zar\u00f3wno profili, jak i pe\u0142nych materia\u0142\u00f3w o maksymalnej \u015brednicy 250 mm.\u00a0 Pos\u0142ugujemy si\u0119 beztrzpieniow\u0105 gi\u0119tark\u0105 do rur i profili, pracuj\u0105c\u0105 w technologii owijania rury wok\u00f3\u0142 wzornika. W ten spos\u00f3b jeste\u015bmy w stanie wykonywa\u0107 gi\u0119cia o minimalnym promieniu 2 \u03a6 oraz maksymalnej grubo\u015bci \u015bcianki 3 mm i \u015brednicy gi\u0119tych rur wynosz\u0105cej 42 mm. Specjalizujemy si\u0119 r\u00f3wnie\u017c w precyzyjnym, niemal niewidocznym \u0142\u0105czeniu element\u00f3w.\",\"breadcrumb\":{\"@id\":\"https:\/\/dynaxo.pl\/en\/technology\/additional-services\/#breadcrumb\"},\"inLanguage\":\"en-US\",\"potentialAction\":[{\"@type\":\"ReadAction\",\"target\":[\"https:\/\/dynaxo.pl\/en\/technology\/additional-services\/\"]}]},{\"@type\":\"ImageObject\",\"inLanguage\":\"en-US\",\"@id\":\"https:\/\/dynaxo.pl\/en\/technology\/additional-services\/#primaryimage\",\"url\":\"https:\/\/dynaxo.pl\/wp-content\/uploads\/2024\/02\/dsf8782-2-scaled.jpg\",\"contentUrl\":\"https:\/\/dynaxo.pl\/wp-content\/uploads\/2024\/02\/dsf8782-2-scaled.jpg\",\"width\":1920,\"height\":2560},{\"@type\":\"BreadcrumbList\",\"@id\":\"https:\/\/dynaxo.pl\/en\/technology\/additional-services\/#breadcrumb\",\"itemListElement\":[{\"@type\":\"ListItem\",\"position\":1,\"name\":\"Start\",\"item\":\"https:\/\/dynaxo.pl\/en\/\"},{\"@type\":\"ListItem\",\"position\":2,\"name\":\"Technology\",\"item\":\"https:\/\/dynaxo.pl\/en\/technology\/\"},{\"@type\":\"ListItem\",\"position\":3,\"name\":\"Additional services\\u2028\\u2028\"}]},{\"@type\":\"WebSite\",\"@id\":\"https:\/\/dynaxo.pl\/en\/#website\",\"url\":\"https:\/\/dynaxo.pl\/en\/\",\"name\":\"Dynaxo\",\"description\":\"przestrze\u0144 kompleksowych rozwi\u0105za\u0144\",\"potentialAction\":[{\"@type\":\"SearchAction\",\"target\":{\"@type\":\"EntryPoint\",\"urlTemplate\":\"https:\/\/dynaxo.pl\/en\/?s={search_term_string}\"},\"query-input\":{\"@type\":\"PropertyValueSpecification\",\"valueRequired\":true,\"valueName\":\"search_term_string\"}}],\"inLanguage\":\"en-US\"}]}<\/script>\n<!-- \/ Yoast SEO plugin. -->","yoast_head_json":{"title":"Additional services\u2028\u2028 - Dynaxo","description":"Dzi\u0119ki naszemu rozwini\u0119temu zapleczu technologicznemu, mo\u017cemy poddawa\u0107 obr\u00f3bce profile. Przy pomocy pi\u0142y ta\u015bmowej dokonujemy wielkoseryjnych ci\u0119\u0107 zar\u00f3wno profili, jak i pe\u0142nych materia\u0142\u00f3w o maksymalnej \u015brednicy 250 mm.\u00a0 Pos\u0142ugujemy si\u0119 beztrzpieniow\u0105 gi\u0119tark\u0105 do rur i profili, pracuj\u0105c\u0105 w technologii owijania rury wok\u00f3\u0142 wzornika. W ten spos\u00f3b jeste\u015bmy w stanie wykonywa\u0107 gi\u0119cia o minimalnym promieniu 2 \u03a6 oraz maksymalnej grubo\u015bci \u015bcianki 3 mm i \u015brednicy gi\u0119tych rur wynosz\u0105cej 42 mm. Specjalizujemy si\u0119 r\u00f3wnie\u017c w precyzyjnym, niemal niewidocznym \u0142\u0105czeniu element\u00f3w.","robots":{"index":"index","follow":"follow","max-snippet":"max-snippet:-1","max-image-preview":"max-image-preview:large","max-video-preview":"max-video-preview:-1"},"canonical":"https:\/\/dynaxo.pl\/en\/technology\/additional-services\/","og_locale":"en_US","og_type":"article","og_title":"Additional services\u2028\u2028 - Dynaxo","og_description":"Dzi\u0119ki naszemu rozwini\u0119temu zapleczu technologicznemu, mo\u017cemy poddawa\u0107 obr\u00f3bce profile. Przy pomocy pi\u0142y ta\u015bmowej dokonujemy wielkoseryjnych ci\u0119\u0107 zar\u00f3wno profili, jak i pe\u0142nych materia\u0142\u00f3w o maksymalnej \u015brednicy 250 mm.\u00a0 Pos\u0142ugujemy si\u0119 beztrzpieniow\u0105 gi\u0119tark\u0105 do rur i profili, pracuj\u0105c\u0105 w technologii owijania rury wok\u00f3\u0142 wzornika. W ten spos\u00f3b jeste\u015bmy w stanie wykonywa\u0107 gi\u0119cia o minimalnym promieniu 2 \u03a6 oraz maksymalnej grubo\u015bci \u015bcianki 3 mm i \u015brednicy gi\u0119tych rur wynosz\u0105cej 42 mm. Specjalizujemy si\u0119 r\u00f3wnie\u017c w precyzyjnym, niemal niewidocznym \u0142\u0105czeniu element\u00f3w.","og_url":"https:\/\/dynaxo.pl\/en\/technology\/additional-services\/","og_site_name":"Dynaxo","article_modified_time":"2024-04-08T09:24:38+00:00","og_image":[{"width":1920,"height":2560,"url":"https:\/\/dynaxo.pl\/wp-content\/uploads\/2024\/02\/dsf8782-2-scaled.jpg","type":"image\/jpeg"}],"twitter_misc":{"Est. reading time":"2 minutes"},"schema":{"@context":"https:\/\/schema.org","@graph":[{"@type":"WebPage","@id":"https:\/\/dynaxo.pl\/en\/technology\/additional-services\/","url":"https:\/\/dynaxo.pl\/en\/technology\/additional-services\/","name":"Additional services\u2028\u2028 - Dynaxo","isPartOf":{"@id":"https:\/\/dynaxo.pl\/en\/#website"},"primaryImageOfPage":{"@id":"https:\/\/dynaxo.pl\/en\/technology\/additional-services\/#primaryimage"},"image":{"@id":"https:\/\/dynaxo.pl\/en\/technology\/additional-services\/#primaryimage"},"thumbnailUrl":"https:\/\/dynaxo.pl\/wp-content\/uploads\/2024\/02\/dsf8782-2-scaled.jpg","datePublished":"2019-10-24T10:42:11+00:00","dateModified":"2024-04-08T09:24:38+00:00","description":"Dzi\u0119ki naszemu rozwini\u0119temu zapleczu technologicznemu, mo\u017cemy poddawa\u0107 obr\u00f3bce profile. Przy pomocy pi\u0142y ta\u015bmowej dokonujemy wielkoseryjnych ci\u0119\u0107 zar\u00f3wno profili, jak i pe\u0142nych materia\u0142\u00f3w o maksymalnej \u015brednicy 250 mm.\u00a0 Pos\u0142ugujemy si\u0119 beztrzpieniow\u0105 gi\u0119tark\u0105 do rur i profili, pracuj\u0105c\u0105 w technologii owijania rury wok\u00f3\u0142 wzornika. W ten spos\u00f3b jeste\u015bmy w stanie wykonywa\u0107 gi\u0119cia o minimalnym promieniu 2 \u03a6 oraz maksymalnej grubo\u015bci \u015bcianki 3 mm i \u015brednicy gi\u0119tych rur wynosz\u0105cej 42 mm. Specjalizujemy si\u0119 r\u00f3wnie\u017c w precyzyjnym, niemal niewidocznym \u0142\u0105czeniu element\u00f3w.","breadcrumb":{"@id":"https:\/\/dynaxo.pl\/en\/technology\/additional-services\/#breadcrumb"},"inLanguage":"en-US","potentialAction":[{"@type":"ReadAction","target":["https:\/\/dynaxo.pl\/en\/technology\/additional-services\/"]}]},{"@type":"ImageObject","inLanguage":"en-US","@id":"https:\/\/dynaxo.pl\/en\/technology\/additional-services\/#primaryimage","url":"https:\/\/dynaxo.pl\/wp-content\/uploads\/2024\/02\/dsf8782-2-scaled.jpg","contentUrl":"https:\/\/dynaxo.pl\/wp-content\/uploads\/2024\/02\/dsf8782-2-scaled.jpg","width":1920,"height":2560},{"@type":"BreadcrumbList","@id":"https:\/\/dynaxo.pl\/en\/technology\/additional-services\/#breadcrumb","itemListElement":[{"@type":"ListItem","position":1,"name":"Start","item":"https:\/\/dynaxo.pl\/en\/"},{"@type":"ListItem","position":2,"name":"Technology","item":"https:\/\/dynaxo.pl\/en\/technology\/"},{"@type":"ListItem","position":3,"name":"Additional services\u2028\u2028"}]},{"@type":"WebSite","@id":"https:\/\/dynaxo.pl\/en\/#website","url":"https:\/\/dynaxo.pl\/en\/","name":"Dynaxo","description":"przestrze\u0144 kompleksowych rozwi\u0105za\u0144","potentialAction":[{"@type":"SearchAction","target":{"@type":"EntryPoint","urlTemplate":"https:\/\/dynaxo.pl\/en\/?s={search_term_string}"},"query-input":{"@type":"PropertyValueSpecification","valueRequired":true,"valueName":"search_term_string"}}],"inLanguage":"en-US"}]}},"_links":{"self":[{"href":"https:\/\/dynaxo.pl\/en\/wp-json\/wp\/v2\/pages\/5718","targetHints":{"allow":["GET"]}}],"collection":[{"href":"https:\/\/dynaxo.pl\/en\/wp-json\/wp\/v2\/pages"}],"about":[{"href":"https:\/\/dynaxo.pl\/en\/wp-json\/wp\/v2\/types\/page"}],"author":[{"embeddable":true,"href":"https:\/\/dynaxo.pl\/en\/wp-json\/wp\/v2\/users\/1"}],"replies":[{"embeddable":true,"href":"https:\/\/dynaxo.pl\/en\/wp-json\/wp\/v2\/comments?post=5718"}],"version-history":[{"count":4,"href":"https:\/\/dynaxo.pl\/en\/wp-json\/wp\/v2\/pages\/5718\/revisions"}],"predecessor-version":[{"id":5959,"href":"https:\/\/dynaxo.pl\/en\/wp-json\/wp\/v2\/pages\/5718\/revisions\/5959"}],"up":[{"embeddable":true,"href":"https:\/\/dynaxo.pl\/en\/wp-json\/wp\/v2\/pages\/5744"}],"wp:featuredmedia":[{"embeddable":true,"href":"https:\/\/dynaxo.pl\/en\/wp-json\/wp\/v2\/media\/5628"}],"wp:attachment":[{"href":"https:\/\/dynaxo.pl\/en\/wp-json\/wp\/v2\/media?parent=5718"}],"curies":[{"name":"wp","href":"https:\/\/api.w.org\/{rel}","templated":true}]}}