{"id":5720,"date":"2019-10-24T10:46:59","date_gmt":"2019-10-24T10:46:59","guid":{"rendered":"https:\/\/dynaxo.pl\/spawanie-szlifowanie-i-obrobka\/"},"modified":"2024-04-09T10:52:46","modified_gmt":"2024-04-09T10:52:46","slug":"welding-and-spot-welding","status":"publish","type":"page","link":"https:\/\/dynaxo.pl\/en\/technology\/welding-and-spot-welding\/","title":{"rendered":"Welding and spot welding"},"content":{"rendered":"\n<p>In order to continuously improve our metal processing work, we learned to specialise in TIG, MIG, and MAG welding. The first produces top quality seams in thin non-alloy and low-alloy steels, stainless steel, and other high-alloy steel and aluminium sheets. MIG and MAG are dedicated for thicker materials like metal sheets, sections, rods, pipes, and other construction materials.<\/p>\n\n\n\n<p>We currently have the following:<\/p>\n\n\n\n<ul class=\"wp-block-list\">\n<li>3 MIG\/MAG welding stations<\/li>\n\n\n\n<li>2 TIG welding stations<\/li>\n\n\n\n<li>2 spot welding stations<\/li>\n<\/ul>\n\n\n\n<p><br>In scope of our endless development, we also installed our first robotised welding station in early 2023<\/p>\n\n\n\n<ul class=\"wp-block-list\">\n<li>Fanuc ARC MATE 120iD\/12L<\/li>\n<\/ul>\n\n\n\n<p>We are open to all businesses looking for high quality seams and welding repeatability. Thanks to the new technology, we can offer high standards at optimised production costs.<\/p>\n\n\n\n<figure class=\"wp-block-video\"><video height=\"1080\" style=\"aspect-ratio: 1920 \/ 1080;\" width=\"1920\" autoplay loop muted src=\"https:\/\/dynaxo.pl\/wp-content\/uploads\/2024\/04\/dynaxo_short_2-en_1-1.mp4\" playsinline><\/video><\/figure>\n","protected":false},"excerpt":{"rendered":"<p>In order to continuously improve our metal processing work, we learned to specialise in TIG, MIG, and MAG welding. The first produces top quality seams in thin non-alloy and low-alloy steels, stainless steel, and other high-alloy steel and aluminium sheets. MIG and MAG are dedicated for thicker materials like metal sheets, sections, rods, pipes, and other construction materials.<\/p>\n","protected":false},"author":1,"featured_media":5452,"parent":5744,"menu_order":41,"comment_status":"closed","ping_status":"closed","template":"","meta":{"_acf_changed":false,"inline_featured_image":false,"_monsterinsights_skip_tracking":false,"_monsterinsights_sitenote_active":false,"_monsterinsights_sitenote_note":"","_monsterinsights_sitenote_category":0,"footnotes":"","_links_to":"","_links_to_target":""},"class_list":["post-5720","page","type-page","status-publish","has-post-thumbnail","hentry"],"acf":[],"yoast_head":"<!-- This site is optimized with the Yoast SEO plugin v27.2 - https:\/\/yoast.com\/product\/yoast-seo-wordpress\/ -->\n<title>Spawanie aluminium i stali nierdzewnej, TIG, MIG, MAG Pozna\u0144<\/title>\n<meta name=\"description\" content=\"Oferuj\u0105c spawanie aluminium oraz spawanie stali nierdzewnej dok\u0142adamy wszelkich stara\u0144, aby spawy by\u0142y mocne i estetyczne. Serdecznie zapraszamy!\" \/>\n<meta name=\"robots\" content=\"index, follow, max-snippet:-1, max-image-preview:large, max-video-preview:-1\" \/>\n<link rel=\"canonical\" href=\"https:\/\/dynaxo.pl\/en\/technology\/welding-and-spot-welding\/\" \/>\n<meta property=\"og:locale\" content=\"en_US\" \/>\n<meta property=\"og:type\" content=\"article\" \/>\n<meta property=\"og:title\" content=\"Spawanie aluminium i stali nierdzewnej, TIG, MIG, MAG Pozna\u0144\" \/>\n<meta property=\"og:description\" content=\"Oferuj\u0105c spawanie aluminium oraz spawanie stali nierdzewnej dok\u0142adamy wszelkich stara\u0144, aby spawy by\u0142y mocne i estetyczne. Serdecznie zapraszamy!\" \/>\n<meta property=\"og:url\" content=\"https:\/\/dynaxo.pl\/en\/technology\/welding-and-spot-welding\/\" \/>\n<meta property=\"og:site_name\" content=\"Dynaxo\" \/>\n<meta property=\"article:modified_time\" content=\"2024-04-09T10:52:46+00:00\" \/>\n<meta property=\"og:image\" content=\"https:\/\/dynaxo.pl\/wp-content\/uploads\/2024\/01\/spawanie-i-zgrzewanie.jpg\" \/>\n\t<meta property=\"og:image:width\" content=\"1890\" \/>\n\t<meta property=\"og:image:height\" content=\"1417\" \/>\n\t<meta property=\"og:image:type\" content=\"image\/jpeg\" \/>\n<meta name=\"twitter:label1\" content=\"Est. reading time\" \/>\n\t<meta name=\"twitter:data1\" content=\"1 minute\" \/>\n<script type=\"application\/ld+json\" class=\"yoast-schema-graph\">{\"@context\":\"https:\/\/schema.org\",\"@graph\":[{\"@type\":\"WebPage\",\"@id\":\"https:\/\/dynaxo.pl\/en\/technology\/welding-and-spot-welding\/\",\"url\":\"https:\/\/dynaxo.pl\/en\/technology\/welding-and-spot-welding\/\",\"name\":\"Spawanie aluminium i stali nierdzewnej, TIG, MIG, MAG Pozna\u0144\",\"isPartOf\":{\"@id\":\"https:\/\/dynaxo.pl\/en\/#website\"},\"primaryImageOfPage\":{\"@id\":\"https:\/\/dynaxo.pl\/en\/technology\/welding-and-spot-welding\/#primaryimage\"},\"image\":{\"@id\":\"https:\/\/dynaxo.pl\/en\/technology\/welding-and-spot-welding\/#primaryimage\"},\"thumbnailUrl\":\"https:\/\/dynaxo.pl\/wp-content\/uploads\/2024\/01\/spawanie-i-zgrzewanie.jpg\",\"datePublished\":\"2019-10-24T10:46:59+00:00\",\"dateModified\":\"2024-04-09T10:52:46+00:00\",\"description\":\"Oferuj\u0105c spawanie aluminium oraz spawanie stali nierdzewnej dok\u0142adamy wszelkich stara\u0144, aby spawy by\u0142y mocne i estetyczne. Serdecznie zapraszamy!\",\"breadcrumb\":{\"@id\":\"https:\/\/dynaxo.pl\/en\/technology\/welding-and-spot-welding\/#breadcrumb\"},\"inLanguage\":\"en-US\",\"potentialAction\":[{\"@type\":\"ReadAction\",\"target\":[\"https:\/\/dynaxo.pl\/en\/technology\/welding-and-spot-welding\/\"]}]},{\"@type\":\"ImageObject\",\"inLanguage\":\"en-US\",\"@id\":\"https:\/\/dynaxo.pl\/en\/technology\/welding-and-spot-welding\/#primaryimage\",\"url\":\"https:\/\/dynaxo.pl\/wp-content\/uploads\/2024\/01\/spawanie-i-zgrzewanie.jpg\",\"contentUrl\":\"https:\/\/dynaxo.pl\/wp-content\/uploads\/2024\/01\/spawanie-i-zgrzewanie.jpg\",\"width\":1890,\"height\":1417},{\"@type\":\"BreadcrumbList\",\"@id\":\"https:\/\/dynaxo.pl\/en\/technology\/welding-and-spot-welding\/#breadcrumb\",\"itemListElement\":[{\"@type\":\"ListItem\",\"position\":1,\"name\":\"Start\",\"item\":\"https:\/\/dynaxo.pl\/en\/\"},{\"@type\":\"ListItem\",\"position\":2,\"name\":\"Technology\",\"item\":\"https:\/\/dynaxo.pl\/en\/technology\/\"},{\"@type\":\"ListItem\",\"position\":3,\"name\":\"Welding and spot welding\"}]},{\"@type\":\"WebSite\",\"@id\":\"https:\/\/dynaxo.pl\/en\/#website\",\"url\":\"https:\/\/dynaxo.pl\/en\/\",\"name\":\"Dynaxo\",\"description\":\"przestrze\u0144 kompleksowych rozwi\u0105za\u0144\",\"potentialAction\":[{\"@type\":\"SearchAction\",\"target\":{\"@type\":\"EntryPoint\",\"urlTemplate\":\"https:\/\/dynaxo.pl\/en\/?s={search_term_string}\"},\"query-input\":{\"@type\":\"PropertyValueSpecification\",\"valueRequired\":true,\"valueName\":\"search_term_string\"}}],\"inLanguage\":\"en-US\"}]}<\/script>\n<!-- \/ Yoast SEO plugin. -->","yoast_head_json":{"title":"Spawanie aluminium i stali nierdzewnej, TIG, MIG, MAG Pozna\u0144","description":"Oferuj\u0105c spawanie aluminium oraz spawanie stali nierdzewnej dok\u0142adamy wszelkich stara\u0144, aby spawy by\u0142y mocne i estetyczne. Serdecznie zapraszamy!","robots":{"index":"index","follow":"follow","max-snippet":"max-snippet:-1","max-image-preview":"max-image-preview:large","max-video-preview":"max-video-preview:-1"},"canonical":"https:\/\/dynaxo.pl\/en\/technology\/welding-and-spot-welding\/","og_locale":"en_US","og_type":"article","og_title":"Spawanie aluminium i stali nierdzewnej, TIG, MIG, MAG Pozna\u0144","og_description":"Oferuj\u0105c spawanie aluminium oraz spawanie stali nierdzewnej dok\u0142adamy wszelkich stara\u0144, aby spawy by\u0142y mocne i estetyczne. Serdecznie zapraszamy!","og_url":"https:\/\/dynaxo.pl\/en\/technology\/welding-and-spot-welding\/","og_site_name":"Dynaxo","article_modified_time":"2024-04-09T10:52:46+00:00","og_image":[{"width":1890,"height":1417,"url":"https:\/\/dynaxo.pl\/wp-content\/uploads\/2024\/01\/spawanie-i-zgrzewanie.jpg","type":"image\/jpeg"}],"twitter_misc":{"Est. reading time":"1 minute"},"schema":{"@context":"https:\/\/schema.org","@graph":[{"@type":"WebPage","@id":"https:\/\/dynaxo.pl\/en\/technology\/welding-and-spot-welding\/","url":"https:\/\/dynaxo.pl\/en\/technology\/welding-and-spot-welding\/","name":"Spawanie aluminium i stali nierdzewnej, TIG, MIG, MAG Pozna\u0144","isPartOf":{"@id":"https:\/\/dynaxo.pl\/en\/#website"},"primaryImageOfPage":{"@id":"https:\/\/dynaxo.pl\/en\/technology\/welding-and-spot-welding\/#primaryimage"},"image":{"@id":"https:\/\/dynaxo.pl\/en\/technology\/welding-and-spot-welding\/#primaryimage"},"thumbnailUrl":"https:\/\/dynaxo.pl\/wp-content\/uploads\/2024\/01\/spawanie-i-zgrzewanie.jpg","datePublished":"2019-10-24T10:46:59+00:00","dateModified":"2024-04-09T10:52:46+00:00","description":"Oferuj\u0105c spawanie aluminium oraz spawanie stali nierdzewnej dok\u0142adamy wszelkich stara\u0144, aby spawy by\u0142y mocne i estetyczne. Serdecznie zapraszamy!","breadcrumb":{"@id":"https:\/\/dynaxo.pl\/en\/technology\/welding-and-spot-welding\/#breadcrumb"},"inLanguage":"en-US","potentialAction":[{"@type":"ReadAction","target":["https:\/\/dynaxo.pl\/en\/technology\/welding-and-spot-welding\/"]}]},{"@type":"ImageObject","inLanguage":"en-US","@id":"https:\/\/dynaxo.pl\/en\/technology\/welding-and-spot-welding\/#primaryimage","url":"https:\/\/dynaxo.pl\/wp-content\/uploads\/2024\/01\/spawanie-i-zgrzewanie.jpg","contentUrl":"https:\/\/dynaxo.pl\/wp-content\/uploads\/2024\/01\/spawanie-i-zgrzewanie.jpg","width":1890,"height":1417},{"@type":"BreadcrumbList","@id":"https:\/\/dynaxo.pl\/en\/technology\/welding-and-spot-welding\/#breadcrumb","itemListElement":[{"@type":"ListItem","position":1,"name":"Start","item":"https:\/\/dynaxo.pl\/en\/"},{"@type":"ListItem","position":2,"name":"Technology","item":"https:\/\/dynaxo.pl\/en\/technology\/"},{"@type":"ListItem","position":3,"name":"Welding and spot welding"}]},{"@type":"WebSite","@id":"https:\/\/dynaxo.pl\/en\/#website","url":"https:\/\/dynaxo.pl\/en\/","name":"Dynaxo","description":"przestrze\u0144 kompleksowych rozwi\u0105za\u0144","potentialAction":[{"@type":"SearchAction","target":{"@type":"EntryPoint","urlTemplate":"https:\/\/dynaxo.pl\/en\/?s={search_term_string}"},"query-input":{"@type":"PropertyValueSpecification","valueRequired":true,"valueName":"search_term_string"}}],"inLanguage":"en-US"}]}},"_links":{"self":[{"href":"https:\/\/dynaxo.pl\/en\/wp-json\/wp\/v2\/pages\/5720","targetHints":{"allow":["GET"]}}],"collection":[{"href":"https:\/\/dynaxo.pl\/en\/wp-json\/wp\/v2\/pages"}],"about":[{"href":"https:\/\/dynaxo.pl\/en\/wp-json\/wp\/v2\/types\/page"}],"author":[{"embeddable":true,"href":"https:\/\/dynaxo.pl\/en\/wp-json\/wp\/v2\/users\/1"}],"replies":[{"embeddable":true,"href":"https:\/\/dynaxo.pl\/en\/wp-json\/wp\/v2\/comments?post=5720"}],"version-history":[{"count":4,"href":"https:\/\/dynaxo.pl\/en\/wp-json\/wp\/v2\/pages\/5720\/revisions"}],"predecessor-version":[{"id":6227,"href":"https:\/\/dynaxo.pl\/en\/wp-json\/wp\/v2\/pages\/5720\/revisions\/6227"}],"up":[{"embeddable":true,"href":"https:\/\/dynaxo.pl\/en\/wp-json\/wp\/v2\/pages\/5744"}],"wp:featuredmedia":[{"embeddable":true,"href":"https:\/\/dynaxo.pl\/en\/wp-json\/wp\/v2\/media\/5452"}],"wp:attachment":[{"href":"https:\/\/dynaxo.pl\/en\/wp-json\/wp\/v2\/media?parent=5720"}],"curies":[{"name":"wp","href":"https:\/\/api.w.org\/{rel}","templated":true}]}}