{"id":5725,"date":"2019-10-24T10:45:19","date_gmt":"2019-10-24T10:45:19","guid":{"rendered":"https:\/\/dynaxo.pl\/bending-with-press-brakes-and-the-automatic-bending-unit\/"},"modified":"2024-04-09T13:18:23","modified_gmt":"2024-04-09T13:18:23","slug":"bending-on-press-brakes-and-the-automatic-panel-bender","status":"publish","type":"page","link":"https:\/\/dynaxo.pl\/en\/technology\/bending-on-press-brakes-and-the-automatic-panel-bender\/","title":{"rendered":"Bending on press brakes and the automatic panel bender"},"content":{"rendered":"\n<p>In scope of sheet metal forming, we also offer precise bending with innovative CNC press brakes, which are capable of bending metal sheets of various lengths with the highest precision.<\/p>\n\n\n\n<p>Thanks to the sheet metal forming process, we can offer various types of enclosures for a wide range of devices to our clients.<\/p>\n\n\n\n<p>Press brakes:<\/p>\n\n\n\n<ul class=\"wp-block-list\">\n<li>DYNA PRESS 24\/12 PLUS \u2013 pressure force: 24 tonnes \/ bending length: 1250 mm<\/li>\n\n\n\n<li>ITALTEC ISB 40\/20 \u2013 pressure force: 40 tonnes \/ bending length: 2000 mm<\/li>\n\n\n\n<li>LVD PPEB 170\/30 \u2013 pressure force: 170 tonnes \/ bending length: 3300 mm<\/li>\n\n\n\n<li>LVD PPEC-7 110\/30 \u2013 pressure force: 110 tonnes \/ bending length: 3300 mm<\/li>\n<\/ul>\n\n\n\n<p>We also have a new automatic and robotised bending centre, which ensures high quality, precision, and repeatable bending. This technology allows us to offer high performance and efficient operation to our clients. The panel bender offer measurable benefits, especially when it comes to complex products (enclosures) and big series.<\/p>\n\n\n\n<p>SALVAGNINI P4lean-2120<\/p>\n\n\n\n<ul class=\"wp-block-list\">\n<li>maximum bending length: 2180 mm<\/li>\n\n\n\n<li>maximum sheet thickness: steel 2.5 mm; stainless steel 2 mm; aluminium 3 mm<\/li>\n<\/ul>\n\n\n\n<figure class=\"wp-block-video\"><video height=\"1080\" style=\"aspect-ratio: 1920 \/ 1080;\" width=\"1920\" autoplay loop muted src=\"https:\/\/dynaxo.pl\/wp-content\/uploads\/2024\/04\/dynaxo_short_3-en_1-1.mp4\" playsinline><\/video><\/figure>\n","protected":false},"excerpt":{"rendered":"<p>In scope of sheet metal forming, we also offer precise bending with innovative CNC press brakes, which are capable of bending metal sheets of various lengths with the utmost precision.<\/p>\n","protected":false},"author":1,"featured_media":5895,"parent":5744,"menu_order":35,"comment_status":"closed","ping_status":"closed","template":"","meta":{"_acf_changed":false,"inline_featured_image":false,"_monsterinsights_skip_tracking":false,"_monsterinsights_sitenote_active":false,"_monsterinsights_sitenote_note":"","_monsterinsights_sitenote_category":0,"footnotes":"","_links_to":"","_links_to_target":""},"class_list":["post-5725","page","type-page","status-publish","has-post-thumbnail","hentry"],"acf":[],"yoast_head":"<!-- This site is optimized with the Yoast SEO plugin v27.2 - https:\/\/yoast.com\/product\/yoast-seo-wordpress\/ -->\n<title>Bending on press brakes and the automatic panel bender - Pozna\u0144 - t\u0142oczenie metali Dynaxo<\/title>\n<meta name=\"description\" content=\"Us\u0142ugi t\u0142oczenia metali i gi\u0119cia blach realizujemy na terenie miasta Pozna\u0144. Wsp\u00f3\u0142pracujemy w tym zakresie z klientami prywatnymi i odbiorami biznesowymi.\" \/>\n<meta name=\"robots\" content=\"index, follow, max-snippet:-1, max-image-preview:large, max-video-preview:-1\" \/>\n<link rel=\"canonical\" href=\"https:\/\/dynaxo.pl\/en\/technology\/bending-on-press-brakes-and-the-automatic-panel-bender\/\" \/>\n<meta property=\"og:locale\" content=\"en_US\" \/>\n<meta property=\"og:type\" content=\"article\" \/>\n<meta property=\"og:title\" content=\"Bending on press brakes and the automatic panel bender - Pozna\u0144 - t\u0142oczenie metali Dynaxo\" \/>\n<meta property=\"og:description\" content=\"Us\u0142ugi t\u0142oczenia metali i gi\u0119cia blach realizujemy na terenie miasta Pozna\u0144. Wsp\u00f3\u0142pracujemy w tym zakresie z klientami prywatnymi i odbiorami biznesowymi.\" \/>\n<meta property=\"og:url\" content=\"https:\/\/dynaxo.pl\/en\/technology\/bending-on-press-brakes-and-the-automatic-panel-bender\/\" \/>\n<meta property=\"og:site_name\" content=\"Dynaxo\" \/>\n<meta property=\"article:modified_time\" content=\"2024-04-09T13:18:23+00:00\" \/>\n<meta property=\"og:image\" content=\"https:\/\/dynaxo.pl\/wp-content\/uploads\/2024\/04\/giecie-blach-e1707312105572.webp\" \/>\n\t<meta property=\"og:image:width\" content=\"2560\" \/>\n\t<meta property=\"og:image:height\" content=\"1617\" \/>\n\t<meta property=\"og:image:type\" content=\"image\/webp\" \/>\n<meta name=\"twitter:label1\" content=\"Est. reading time\" \/>\n\t<meta name=\"twitter:data1\" content=\"2 minutes\" \/>\n<script type=\"application\/ld+json\" class=\"yoast-schema-graph\">{\"@context\":\"https:\/\/schema.org\",\"@graph\":[{\"@type\":\"WebPage\",\"@id\":\"https:\/\/dynaxo.pl\/en\/technology\/bending-on-press-brakes-and-the-automatic-panel-bender\/\",\"url\":\"https:\/\/dynaxo.pl\/en\/technology\/bending-on-press-brakes-and-the-automatic-panel-bender\/\",\"name\":\"Bending on press brakes and the automatic panel bender - Pozna\u0144 - t\u0142oczenie metali Dynaxo\",\"isPartOf\":{\"@id\":\"https:\/\/dynaxo.pl\/en\/#website\"},\"primaryImageOfPage\":{\"@id\":\"https:\/\/dynaxo.pl\/en\/technology\/bending-on-press-brakes-and-the-automatic-panel-bender\/#primaryimage\"},\"image\":{\"@id\":\"https:\/\/dynaxo.pl\/en\/technology\/bending-on-press-brakes-and-the-automatic-panel-bender\/#primaryimage\"},\"thumbnailUrl\":\"https:\/\/dynaxo.pl\/wp-content\/uploads\/2024\/04\/giecie-blach-e1707312105572.webp\",\"datePublished\":\"2019-10-24T10:45:19+00:00\",\"dateModified\":\"2024-04-09T13:18:23+00:00\",\"description\":\"Us\u0142ugi t\u0142oczenia metali i gi\u0119cia blach realizujemy na terenie miasta Pozna\u0144. Wsp\u00f3\u0142pracujemy w tym zakresie z klientami prywatnymi i odbiorami biznesowymi.\",\"breadcrumb\":{\"@id\":\"https:\/\/dynaxo.pl\/en\/technology\/bending-on-press-brakes-and-the-automatic-panel-bender\/#breadcrumb\"},\"inLanguage\":\"en-US\",\"potentialAction\":[{\"@type\":\"ReadAction\",\"target\":[\"https:\/\/dynaxo.pl\/en\/technology\/bending-on-press-brakes-and-the-automatic-panel-bender\/\"]}]},{\"@type\":\"ImageObject\",\"inLanguage\":\"en-US\",\"@id\":\"https:\/\/dynaxo.pl\/en\/technology\/bending-on-press-brakes-and-the-automatic-panel-bender\/#primaryimage\",\"url\":\"https:\/\/dynaxo.pl\/wp-content\/uploads\/2024\/04\/giecie-blach-e1707312105572.webp\",\"contentUrl\":\"https:\/\/dynaxo.pl\/wp-content\/uploads\/2024\/04\/giecie-blach-e1707312105572.webp\",\"width\":2560,\"height\":1617},{\"@type\":\"BreadcrumbList\",\"@id\":\"https:\/\/dynaxo.pl\/en\/technology\/bending-on-press-brakes-and-the-automatic-panel-bender\/#breadcrumb\",\"itemListElement\":[{\"@type\":\"ListItem\",\"position\":1,\"name\":\"Start\",\"item\":\"https:\/\/dynaxo.pl\/en\/\"},{\"@type\":\"ListItem\",\"position\":2,\"name\":\"Technology\",\"item\":\"https:\/\/dynaxo.pl\/en\/technology\/\"},{\"@type\":\"ListItem\",\"position\":3,\"name\":\"Bending on press brakes and the automatic panel bender\"}]},{\"@type\":\"WebSite\",\"@id\":\"https:\/\/dynaxo.pl\/en\/#website\",\"url\":\"https:\/\/dynaxo.pl\/en\/\",\"name\":\"Dynaxo\",\"description\":\"przestrze\u0144 kompleksowych rozwi\u0105za\u0144\",\"potentialAction\":[{\"@type\":\"SearchAction\",\"target\":{\"@type\":\"EntryPoint\",\"urlTemplate\":\"https:\/\/dynaxo.pl\/en\/?s={search_term_string}\"},\"query-input\":{\"@type\":\"PropertyValueSpecification\",\"valueRequired\":true,\"valueName\":\"search_term_string\"}}],\"inLanguage\":\"en-US\"}]}<\/script>\n<!-- \/ Yoast SEO plugin. -->","yoast_head_json":{"title":"Bending on press brakes and the automatic panel bender - Pozna\u0144 - t\u0142oczenie metali Dynaxo","description":"Us\u0142ugi t\u0142oczenia metali i gi\u0119cia blach realizujemy na terenie miasta Pozna\u0144. Wsp\u00f3\u0142pracujemy w tym zakresie z klientami prywatnymi i odbiorami biznesowymi.","robots":{"index":"index","follow":"follow","max-snippet":"max-snippet:-1","max-image-preview":"max-image-preview:large","max-video-preview":"max-video-preview:-1"},"canonical":"https:\/\/dynaxo.pl\/en\/technology\/bending-on-press-brakes-and-the-automatic-panel-bender\/","og_locale":"en_US","og_type":"article","og_title":"Bending on press brakes and the automatic panel bender - Pozna\u0144 - t\u0142oczenie metali Dynaxo","og_description":"Us\u0142ugi t\u0142oczenia metali i gi\u0119cia blach realizujemy na terenie miasta Pozna\u0144. Wsp\u00f3\u0142pracujemy w tym zakresie z klientami prywatnymi i odbiorami biznesowymi.","og_url":"https:\/\/dynaxo.pl\/en\/technology\/bending-on-press-brakes-and-the-automatic-panel-bender\/","og_site_name":"Dynaxo","article_modified_time":"2024-04-09T13:18:23+00:00","og_image":[{"width":2560,"height":1617,"url":"https:\/\/dynaxo.pl\/wp-content\/uploads\/2024\/04\/giecie-blach-e1707312105572.webp","type":"image\/webp"}],"twitter_misc":{"Est. reading time":"2 minutes"},"schema":{"@context":"https:\/\/schema.org","@graph":[{"@type":"WebPage","@id":"https:\/\/dynaxo.pl\/en\/technology\/bending-on-press-brakes-and-the-automatic-panel-bender\/","url":"https:\/\/dynaxo.pl\/en\/technology\/bending-on-press-brakes-and-the-automatic-panel-bender\/","name":"Bending on press brakes and the automatic panel bender - Pozna\u0144 - t\u0142oczenie metali Dynaxo","isPartOf":{"@id":"https:\/\/dynaxo.pl\/en\/#website"},"primaryImageOfPage":{"@id":"https:\/\/dynaxo.pl\/en\/technology\/bending-on-press-brakes-and-the-automatic-panel-bender\/#primaryimage"},"image":{"@id":"https:\/\/dynaxo.pl\/en\/technology\/bending-on-press-brakes-and-the-automatic-panel-bender\/#primaryimage"},"thumbnailUrl":"https:\/\/dynaxo.pl\/wp-content\/uploads\/2024\/04\/giecie-blach-e1707312105572.webp","datePublished":"2019-10-24T10:45:19+00:00","dateModified":"2024-04-09T13:18:23+00:00","description":"Us\u0142ugi t\u0142oczenia metali i gi\u0119cia blach realizujemy na terenie miasta Pozna\u0144. Wsp\u00f3\u0142pracujemy w tym zakresie z klientami prywatnymi i odbiorami biznesowymi.","breadcrumb":{"@id":"https:\/\/dynaxo.pl\/en\/technology\/bending-on-press-brakes-and-the-automatic-panel-bender\/#breadcrumb"},"inLanguage":"en-US","potentialAction":[{"@type":"ReadAction","target":["https:\/\/dynaxo.pl\/en\/technology\/bending-on-press-brakes-and-the-automatic-panel-bender\/"]}]},{"@type":"ImageObject","inLanguage":"en-US","@id":"https:\/\/dynaxo.pl\/en\/technology\/bending-on-press-brakes-and-the-automatic-panel-bender\/#primaryimage","url":"https:\/\/dynaxo.pl\/wp-content\/uploads\/2024\/04\/giecie-blach-e1707312105572.webp","contentUrl":"https:\/\/dynaxo.pl\/wp-content\/uploads\/2024\/04\/giecie-blach-e1707312105572.webp","width":2560,"height":1617},{"@type":"BreadcrumbList","@id":"https:\/\/dynaxo.pl\/en\/technology\/bending-on-press-brakes-and-the-automatic-panel-bender\/#breadcrumb","itemListElement":[{"@type":"ListItem","position":1,"name":"Start","item":"https:\/\/dynaxo.pl\/en\/"},{"@type":"ListItem","position":2,"name":"Technology","item":"https:\/\/dynaxo.pl\/en\/technology\/"},{"@type":"ListItem","position":3,"name":"Bending on press brakes and the automatic panel bender"}]},{"@type":"WebSite","@id":"https:\/\/dynaxo.pl\/en\/#website","url":"https:\/\/dynaxo.pl\/en\/","name":"Dynaxo","description":"przestrze\u0144 kompleksowych rozwi\u0105za\u0144","potentialAction":[{"@type":"SearchAction","target":{"@type":"EntryPoint","urlTemplate":"https:\/\/dynaxo.pl\/en\/?s={search_term_string}"},"query-input":{"@type":"PropertyValueSpecification","valueRequired":true,"valueName":"search_term_string"}}],"inLanguage":"en-US"}]}},"_links":{"self":[{"href":"https:\/\/dynaxo.pl\/en\/wp-json\/wp\/v2\/pages\/5725","targetHints":{"allow":["GET"]}}],"collection":[{"href":"https:\/\/dynaxo.pl\/en\/wp-json\/wp\/v2\/pages"}],"about":[{"href":"https:\/\/dynaxo.pl\/en\/wp-json\/wp\/v2\/types\/page"}],"author":[{"embeddable":true,"href":"https:\/\/dynaxo.pl\/en\/wp-json\/wp\/v2\/users\/1"}],"replies":[{"embeddable":true,"href":"https:\/\/dynaxo.pl\/en\/wp-json\/wp\/v2\/comments?post=5725"}],"version-history":[{"count":6,"href":"https:\/\/dynaxo.pl\/en\/wp-json\/wp\/v2\/pages\/5725\/revisions"}],"predecessor-version":[{"id":6263,"href":"https:\/\/dynaxo.pl\/en\/wp-json\/wp\/v2\/pages\/5725\/revisions\/6263"}],"up":[{"embeddable":true,"href":"https:\/\/dynaxo.pl\/en\/wp-json\/wp\/v2\/pages\/5744"}],"wp:featuredmedia":[{"embeddable":true,"href":"https:\/\/dynaxo.pl\/en\/wp-json\/wp\/v2\/media\/5895"}],"wp:attachment":[{"href":"https:\/\/dynaxo.pl\/en\/wp-json\/wp\/v2\/media?parent=5725"}],"curies":[{"name":"wp","href":"https:\/\/api.w.org\/{rel}","templated":true}]}}