{"id":5730,"date":"2019-10-24T10:37:56","date_gmt":"2019-10-24T10:37:56","guid":{"rendered":"https:\/\/dynaxo.pl\/malowanie-proszkowe\/"},"modified":"2024-04-09T10:54:29","modified_gmt":"2024-04-09T10:54:29","slug":"powder-coating","status":"publish","type":"page","link":"https:\/\/dynaxo.pl\/en\/technology\/powder-coating\/","title":{"rendered":"Powder coating"},"content":{"rendered":"\n<p>Our offer is complemented with our own powder coating shop. Thanks to the innovative equipment and experienced specialists, we can ensure the topmost service quality in this area.<br><\/p>\n\n\n\n<ul class=\"wp-block-list\">\n<li>electrostatic coating involving polyester, epoxy, and polyester-epoxy paints in RAL colours or as specified by the client<\/li>\n\n\n\n<li>innovative paint shop supporting elements of various sizes: 2000x1000x500 mm<\/li>\n\n\n\n<li>line service in cycle with full automatic painting parameter control<\/li>\n\n\n\n<li>chemical surface treatment for corrosion resistance up to 500 h in salt chamber test<\/li>\n\n\n\n<li>device and technology fulfilling strict environment protection requirements<\/li>\n<\/ul>\n\n\n\n<p><br>By being able to combine sheet metal forming and powder coating in one place, our Clients can save time and reduce production costs. This also helps fulfil projects effectively and comprehensively.<\/p>\n\n\n\n<p>Our goal is obviously to ensure high quality and resistance of the layer, but we also pay attention to the visual aspect and aesthetics of the coated components, because we realize how important they are to our Clients.<\/p>\n\n\n\n<figure class=\"wp-block-video\"><video height=\"1080\" style=\"aspect-ratio: 1920 \/ 1080;\" width=\"1920\" autoplay loop muted src=\"https:\/\/dynaxo.pl\/wp-content\/uploads\/2024\/04\/dynaxo_short_4-en_1-1.mp4\" playsinline><\/video><\/figure>\n","protected":false},"excerpt":{"rendered":"<p>Our offer is complemented with our own powder coating shop. Thanks to the innovative equipment and experienced specialists, we can ensure the topmost service quality in this area.<\/p>\n","protected":false},"author":1,"featured_media":5886,"parent":5744,"menu_order":43,"comment_status":"closed","ping_status":"closed","template":"","meta":{"_acf_changed":false,"inline_featured_image":false,"_monsterinsights_skip_tracking":false,"_monsterinsights_sitenote_active":false,"_monsterinsights_sitenote_note":"","_monsterinsights_sitenote_category":0,"footnotes":"","_links_to":"","_links_to_target":""},"class_list":["post-5730","page","type-page","status-publish","has-post-thumbnail","hentry"],"acf":[],"yoast_head":"<!-- This site is optimized with the Yoast SEO plugin v27.2 - https:\/\/yoast.com\/product\/yoast-seo-wordpress\/ -->\n<title>Powder coating. Lakiernia proszkowa w Poznaniu - cennik<\/title>\n<meta name=\"description\" content=\"Je\u015bli chcieliby Pa\u0144stwo z\u0142o\u017cy\u0107 zam\u00f3wienie, jednak maj\u0105 pytania lub w\u0105tpliwo\u015bci dotycz\u0105ce us\u0142ugi malowania proszkowego, zach\u0119camy do kontaktu z naszymi handlowcami.\" \/>\n<meta name=\"robots\" content=\"index, follow, max-snippet:-1, max-image-preview:large, max-video-preview:-1\" \/>\n<link rel=\"canonical\" href=\"https:\/\/dynaxo.pl\/en\/technology\/powder-coating\/\" \/>\n<meta property=\"og:locale\" content=\"en_US\" \/>\n<meta property=\"og:type\" content=\"article\" \/>\n<meta property=\"og:title\" content=\"Powder coating. Lakiernia proszkowa w Poznaniu - cennik\" \/>\n<meta property=\"og:description\" content=\"Je\u015bli chcieliby Pa\u0144stwo z\u0142o\u017cy\u0107 zam\u00f3wienie, jednak maj\u0105 pytania lub w\u0105tpliwo\u015bci dotycz\u0105ce us\u0142ugi malowania proszkowego, zach\u0119camy do kontaktu z naszymi handlowcami.\" \/>\n<meta property=\"og:url\" content=\"https:\/\/dynaxo.pl\/en\/technology\/powder-coating\/\" \/>\n<meta property=\"og:site_name\" content=\"Dynaxo\" \/>\n<meta property=\"article:modified_time\" content=\"2024-04-09T10:54:29+00:00\" \/>\n<meta property=\"og:image\" content=\"https:\/\/dynaxo.pl\/wp-content\/uploads\/2024\/04\/malowanie-proszkowe2.webp\" \/>\n\t<meta property=\"og:image:width\" content=\"1920\" \/>\n\t<meta property=\"og:image:height\" content=\"1675\" \/>\n\t<meta property=\"og:image:type\" content=\"image\/webp\" \/>\n<meta name=\"twitter:label1\" content=\"Est. reading time\" \/>\n\t<meta name=\"twitter:data1\" content=\"2 minutes\" \/>\n<script type=\"application\/ld+json\" class=\"yoast-schema-graph\">{\"@context\":\"https:\/\/schema.org\",\"@graph\":[{\"@type\":\"WebPage\",\"@id\":\"https:\/\/dynaxo.pl\/en\/technology\/powder-coating\/\",\"url\":\"https:\/\/dynaxo.pl\/en\/technology\/powder-coating\/\",\"name\":\"Powder coating. Lakiernia proszkowa w Poznaniu - cennik\",\"isPartOf\":{\"@id\":\"https:\/\/dynaxo.pl\/en\/#website\"},\"primaryImageOfPage\":{\"@id\":\"https:\/\/dynaxo.pl\/en\/technology\/powder-coating\/#primaryimage\"},\"image\":{\"@id\":\"https:\/\/dynaxo.pl\/en\/technology\/powder-coating\/#primaryimage\"},\"thumbnailUrl\":\"https:\/\/dynaxo.pl\/wp-content\/uploads\/2024\/04\/malowanie-proszkowe2.webp\",\"datePublished\":\"2019-10-24T10:37:56+00:00\",\"dateModified\":\"2024-04-09T10:54:29+00:00\",\"description\":\"Je\u015bli chcieliby Pa\u0144stwo z\u0142o\u017cy\u0107 zam\u00f3wienie, jednak maj\u0105 pytania lub w\u0105tpliwo\u015bci dotycz\u0105ce us\u0142ugi malowania proszkowego, zach\u0119camy do kontaktu z naszymi handlowcami.\",\"breadcrumb\":{\"@id\":\"https:\/\/dynaxo.pl\/en\/technology\/powder-coating\/#breadcrumb\"},\"inLanguage\":\"en-US\",\"potentialAction\":[{\"@type\":\"ReadAction\",\"target\":[\"https:\/\/dynaxo.pl\/en\/technology\/powder-coating\/\"]}]},{\"@type\":\"ImageObject\",\"inLanguage\":\"en-US\",\"@id\":\"https:\/\/dynaxo.pl\/en\/technology\/powder-coating\/#primaryimage\",\"url\":\"https:\/\/dynaxo.pl\/wp-content\/uploads\/2024\/04\/malowanie-proszkowe2.webp\",\"contentUrl\":\"https:\/\/dynaxo.pl\/wp-content\/uploads\/2024\/04\/malowanie-proszkowe2.webp\",\"width\":1920,\"height\":1675},{\"@type\":\"BreadcrumbList\",\"@id\":\"https:\/\/dynaxo.pl\/en\/technology\/powder-coating\/#breadcrumb\",\"itemListElement\":[{\"@type\":\"ListItem\",\"position\":1,\"name\":\"Start\",\"item\":\"https:\/\/dynaxo.pl\/en\/\"},{\"@type\":\"ListItem\",\"position\":2,\"name\":\"Technology\",\"item\":\"https:\/\/dynaxo.pl\/en\/technology\/\"},{\"@type\":\"ListItem\",\"position\":3,\"name\":\"Powder coating\"}]},{\"@type\":\"WebSite\",\"@id\":\"https:\/\/dynaxo.pl\/en\/#website\",\"url\":\"https:\/\/dynaxo.pl\/en\/\",\"name\":\"Dynaxo\",\"description\":\"przestrze\u0144 kompleksowych rozwi\u0105za\u0144\",\"potentialAction\":[{\"@type\":\"SearchAction\",\"target\":{\"@type\":\"EntryPoint\",\"urlTemplate\":\"https:\/\/dynaxo.pl\/en\/?s={search_term_string}\"},\"query-input\":{\"@type\":\"PropertyValueSpecification\",\"valueRequired\":true,\"valueName\":\"search_term_string\"}}],\"inLanguage\":\"en-US\"}]}<\/script>\n<!-- \/ Yoast SEO plugin. -->","yoast_head_json":{"title":"Powder coating. Lakiernia proszkowa w Poznaniu - cennik","description":"Je\u015bli chcieliby Pa\u0144stwo z\u0142o\u017cy\u0107 zam\u00f3wienie, jednak maj\u0105 pytania lub w\u0105tpliwo\u015bci dotycz\u0105ce us\u0142ugi malowania proszkowego, zach\u0119camy do kontaktu z naszymi handlowcami.","robots":{"index":"index","follow":"follow","max-snippet":"max-snippet:-1","max-image-preview":"max-image-preview:large","max-video-preview":"max-video-preview:-1"},"canonical":"https:\/\/dynaxo.pl\/en\/technology\/powder-coating\/","og_locale":"en_US","og_type":"article","og_title":"Powder coating. Lakiernia proszkowa w Poznaniu - cennik","og_description":"Je\u015bli chcieliby Pa\u0144stwo z\u0142o\u017cy\u0107 zam\u00f3wienie, jednak maj\u0105 pytania lub w\u0105tpliwo\u015bci dotycz\u0105ce us\u0142ugi malowania proszkowego, zach\u0119camy do kontaktu z naszymi handlowcami.","og_url":"https:\/\/dynaxo.pl\/en\/technology\/powder-coating\/","og_site_name":"Dynaxo","article_modified_time":"2024-04-09T10:54:29+00:00","og_image":[{"width":1920,"height":1675,"url":"https:\/\/dynaxo.pl\/wp-content\/uploads\/2024\/04\/malowanie-proszkowe2.webp","type":"image\/webp"}],"twitter_misc":{"Est. reading time":"2 minutes"},"schema":{"@context":"https:\/\/schema.org","@graph":[{"@type":"WebPage","@id":"https:\/\/dynaxo.pl\/en\/technology\/powder-coating\/","url":"https:\/\/dynaxo.pl\/en\/technology\/powder-coating\/","name":"Powder coating. Lakiernia proszkowa w Poznaniu - cennik","isPartOf":{"@id":"https:\/\/dynaxo.pl\/en\/#website"},"primaryImageOfPage":{"@id":"https:\/\/dynaxo.pl\/en\/technology\/powder-coating\/#primaryimage"},"image":{"@id":"https:\/\/dynaxo.pl\/en\/technology\/powder-coating\/#primaryimage"},"thumbnailUrl":"https:\/\/dynaxo.pl\/wp-content\/uploads\/2024\/04\/malowanie-proszkowe2.webp","datePublished":"2019-10-24T10:37:56+00:00","dateModified":"2024-04-09T10:54:29+00:00","description":"Je\u015bli chcieliby Pa\u0144stwo z\u0142o\u017cy\u0107 zam\u00f3wienie, jednak maj\u0105 pytania lub w\u0105tpliwo\u015bci dotycz\u0105ce us\u0142ugi malowania proszkowego, zach\u0119camy do kontaktu z naszymi handlowcami.","breadcrumb":{"@id":"https:\/\/dynaxo.pl\/en\/technology\/powder-coating\/#breadcrumb"},"inLanguage":"en-US","potentialAction":[{"@type":"ReadAction","target":["https:\/\/dynaxo.pl\/en\/technology\/powder-coating\/"]}]},{"@type":"ImageObject","inLanguage":"en-US","@id":"https:\/\/dynaxo.pl\/en\/technology\/powder-coating\/#primaryimage","url":"https:\/\/dynaxo.pl\/wp-content\/uploads\/2024\/04\/malowanie-proszkowe2.webp","contentUrl":"https:\/\/dynaxo.pl\/wp-content\/uploads\/2024\/04\/malowanie-proszkowe2.webp","width":1920,"height":1675},{"@type":"BreadcrumbList","@id":"https:\/\/dynaxo.pl\/en\/technology\/powder-coating\/#breadcrumb","itemListElement":[{"@type":"ListItem","position":1,"name":"Start","item":"https:\/\/dynaxo.pl\/en\/"},{"@type":"ListItem","position":2,"name":"Technology","item":"https:\/\/dynaxo.pl\/en\/technology\/"},{"@type":"ListItem","position":3,"name":"Powder coating"}]},{"@type":"WebSite","@id":"https:\/\/dynaxo.pl\/en\/#website","url":"https:\/\/dynaxo.pl\/en\/","name":"Dynaxo","description":"przestrze\u0144 kompleksowych rozwi\u0105za\u0144","potentialAction":[{"@type":"SearchAction","target":{"@type":"EntryPoint","urlTemplate":"https:\/\/dynaxo.pl\/en\/?s={search_term_string}"},"query-input":{"@type":"PropertyValueSpecification","valueRequired":true,"valueName":"search_term_string"}}],"inLanguage":"en-US"}]}},"_links":{"self":[{"href":"https:\/\/dynaxo.pl\/en\/wp-json\/wp\/v2\/pages\/5730","targetHints":{"allow":["GET"]}}],"collection":[{"href":"https:\/\/dynaxo.pl\/en\/wp-json\/wp\/v2\/pages"}],"about":[{"href":"https:\/\/dynaxo.pl\/en\/wp-json\/wp\/v2\/types\/page"}],"author":[{"embeddable":true,"href":"https:\/\/dynaxo.pl\/en\/wp-json\/wp\/v2\/users\/1"}],"replies":[{"embeddable":true,"href":"https:\/\/dynaxo.pl\/en\/wp-json\/wp\/v2\/comments?post=5730"}],"version-history":[{"count":3,"href":"https:\/\/dynaxo.pl\/en\/wp-json\/wp\/v2\/pages\/5730\/revisions"}],"predecessor-version":[{"id":6236,"href":"https:\/\/dynaxo.pl\/en\/wp-json\/wp\/v2\/pages\/5730\/revisions\/6236"}],"up":[{"embeddable":true,"href":"https:\/\/dynaxo.pl\/en\/wp-json\/wp\/v2\/pages\/5744"}],"wp:featuredmedia":[{"embeddable":true,"href":"https:\/\/dynaxo.pl\/en\/wp-json\/wp\/v2\/media\/5886"}],"wp:attachment":[{"href":"https:\/\/dynaxo.pl\/en\/wp-json\/wp\/v2\/media?parent=5730"}],"curies":[{"name":"wp","href":"https:\/\/api.w.org\/{rel}","templated":true}]}}