{"id":5734,"date":"2023-09-18T09:02:21","date_gmt":"2023-09-18T09:02:21","guid":{"rendered":"https:\/\/dynaxo.pl\/badania-i-rozwoj\/"},"modified":"2024-04-09T12:17:06","modified_gmt":"2024-04-09T12:17:06","slug":"research-and-development","status":"publish","type":"page","link":"https:\/\/dynaxo.pl\/en\/research-and-development\/","title":{"rendered":"Research and development"},"content":{"rendered":"","protected":false},"excerpt":{"rendered":"","protected":false},"author":1,"featured_media":0,"parent":0,"menu_order":92,"comment_status":"closed","ping_status":"closed","template":"","meta":{"_acf_changed":false,"inline_featured_image":false,"_monsterinsights_skip_tracking":false,"_monsterinsights_sitenote_active":false,"_monsterinsights_sitenote_note":"","_monsterinsights_sitenote_category":0,"footnotes":"","_links_to":"","_links_to_target":""},"class_list":["post-5734","page","type-page","status-publish","hentry"],"acf":[],"yoast_head":"<!-- This site is optimized with the Yoast SEO plugin v27.2 - https:\/\/yoast.com\/product\/yoast-seo-wordpress\/ -->\n<title>Research and development - Dynaxo<\/title>\n<meta name=\"description\" content=\"W Dynaxo stawiamy na dzia\u0142alno\u015b\u0107 badawczo-rozwojow\u0105. Nasz zesp\u00f3\u0142 tworzy wyspecjalizowana kadra projektant\u00f3w i technolog\u00f3w.\" \/>\n<meta name=\"robots\" content=\"index, follow, max-snippet:-1, max-image-preview:large, max-video-preview:-1\" \/>\n<link rel=\"canonical\" href=\"https:\/\/dynaxo.pl\/en\/research-and-development\/\" \/>\n<meta property=\"og:locale\" content=\"en_US\" \/>\n<meta property=\"og:type\" content=\"article\" \/>\n<meta property=\"og:title\" content=\"Research and development - Dynaxo\" \/>\n<meta property=\"og:description\" content=\"W Dynaxo stawiamy na dzia\u0142alno\u015b\u0107 badawczo-rozwojow\u0105. Nasz zesp\u00f3\u0142 tworzy wyspecjalizowana kadra projektant\u00f3w i technolog\u00f3w.\" \/>\n<meta property=\"og:url\" content=\"https:\/\/dynaxo.pl\/en\/research-and-development\/\" \/>\n<meta property=\"og:site_name\" content=\"Dynaxo\" \/>\n<meta property=\"article:modified_time\" content=\"2024-04-09T12:17:06+00:00\" \/>\n<script type=\"application\/ld+json\" class=\"yoast-schema-graph\">{\"@context\":\"https:\/\/schema.org\",\"@graph\":[{\"@type\":\"WebPage\",\"@id\":\"https:\/\/dynaxo.pl\/en\/research-and-development\/\",\"url\":\"https:\/\/dynaxo.pl\/en\/research-and-development\/\",\"name\":\"Research and development - Dynaxo\",\"isPartOf\":{\"@id\":\"https:\/\/dynaxo.pl\/en\/#website\"},\"datePublished\":\"2023-09-18T09:02:21+00:00\",\"dateModified\":\"2024-04-09T12:17:06+00:00\",\"description\":\"W Dynaxo stawiamy na dzia\u0142alno\u015b\u0107 badawczo-rozwojow\u0105. Nasz zesp\u00f3\u0142 tworzy wyspecjalizowana kadra projektant\u00f3w i technolog\u00f3w.\",\"breadcrumb\":{\"@id\":\"https:\/\/dynaxo.pl\/en\/research-and-development\/#breadcrumb\"},\"inLanguage\":\"en-US\",\"potentialAction\":[{\"@type\":\"ReadAction\",\"target\":[\"https:\/\/dynaxo.pl\/en\/research-and-development\/\"]}]},{\"@type\":\"BreadcrumbList\",\"@id\":\"https:\/\/dynaxo.pl\/en\/research-and-development\/#breadcrumb\",\"itemListElement\":[{\"@type\":\"ListItem\",\"position\":1,\"name\":\"Start\",\"item\":\"https:\/\/dynaxo.pl\/en\/\"},{\"@type\":\"ListItem\",\"position\":2,\"name\":\"Research and development\"}]},{\"@type\":\"WebSite\",\"@id\":\"https:\/\/dynaxo.pl\/en\/#website\",\"url\":\"https:\/\/dynaxo.pl\/en\/\",\"name\":\"Dynaxo\",\"description\":\"przestrze\u0144 kompleksowych rozwi\u0105za\u0144\",\"potentialAction\":[{\"@type\":\"SearchAction\",\"target\":{\"@type\":\"EntryPoint\",\"urlTemplate\":\"https:\/\/dynaxo.pl\/en\/?s={search_term_string}\"},\"query-input\":{\"@type\":\"PropertyValueSpecification\",\"valueRequired\":true,\"valueName\":\"search_term_string\"}}],\"inLanguage\":\"en-US\"}]}<\/script>\n<!-- \/ Yoast SEO plugin. -->","yoast_head_json":{"title":"Research and development - Dynaxo","description":"W Dynaxo stawiamy na dzia\u0142alno\u015b\u0107 badawczo-rozwojow\u0105. Nasz zesp\u00f3\u0142 tworzy wyspecjalizowana kadra projektant\u00f3w i technolog\u00f3w.","robots":{"index":"index","follow":"follow","max-snippet":"max-snippet:-1","max-image-preview":"max-image-preview:large","max-video-preview":"max-video-preview:-1"},"canonical":"https:\/\/dynaxo.pl\/en\/research-and-development\/","og_locale":"en_US","og_type":"article","og_title":"Research and development - Dynaxo","og_description":"W Dynaxo stawiamy na dzia\u0142alno\u015b\u0107 badawczo-rozwojow\u0105. Nasz zesp\u00f3\u0142 tworzy wyspecjalizowana kadra projektant\u00f3w i technolog\u00f3w.","og_url":"https:\/\/dynaxo.pl\/en\/research-and-development\/","og_site_name":"Dynaxo","article_modified_time":"2024-04-09T12:17:06+00:00","schema":{"@context":"https:\/\/schema.org","@graph":[{"@type":"WebPage","@id":"https:\/\/dynaxo.pl\/en\/research-and-development\/","url":"https:\/\/dynaxo.pl\/en\/research-and-development\/","name":"Research and development - Dynaxo","isPartOf":{"@id":"https:\/\/dynaxo.pl\/en\/#website"},"datePublished":"2023-09-18T09:02:21+00:00","dateModified":"2024-04-09T12:17:06+00:00","description":"W Dynaxo stawiamy na dzia\u0142alno\u015b\u0107 badawczo-rozwojow\u0105. Nasz zesp\u00f3\u0142 tworzy wyspecjalizowana kadra projektant\u00f3w i technolog\u00f3w.","breadcrumb":{"@id":"https:\/\/dynaxo.pl\/en\/research-and-development\/#breadcrumb"},"inLanguage":"en-US","potentialAction":[{"@type":"ReadAction","target":["https:\/\/dynaxo.pl\/en\/research-and-development\/"]}]},{"@type":"BreadcrumbList","@id":"https:\/\/dynaxo.pl\/en\/research-and-development\/#breadcrumb","itemListElement":[{"@type":"ListItem","position":1,"name":"Start","item":"https:\/\/dynaxo.pl\/en\/"},{"@type":"ListItem","position":2,"name":"Research and development"}]},{"@type":"WebSite","@id":"https:\/\/dynaxo.pl\/en\/#website","url":"https:\/\/dynaxo.pl\/en\/","name":"Dynaxo","description":"przestrze\u0144 kompleksowych rozwi\u0105za\u0144","potentialAction":[{"@type":"SearchAction","target":{"@type":"EntryPoint","urlTemplate":"https:\/\/dynaxo.pl\/en\/?s={search_term_string}"},"query-input":{"@type":"PropertyValueSpecification","valueRequired":true,"valueName":"search_term_string"}}],"inLanguage":"en-US"}]}},"_links":{"self":[{"href":"https:\/\/dynaxo.pl\/en\/wp-json\/wp\/v2\/pages\/5734","targetHints":{"allow":["GET"]}}],"collection":[{"href":"https:\/\/dynaxo.pl\/en\/wp-json\/wp\/v2\/pages"}],"about":[{"href":"https:\/\/dynaxo.pl\/en\/wp-json\/wp\/v2\/types\/page"}],"author":[{"embeddable":true,"href":"https:\/\/dynaxo.pl\/en\/wp-json\/wp\/v2\/users\/1"}],"replies":[{"embeddable":true,"href":"https:\/\/dynaxo.pl\/en\/wp-json\/wp\/v2\/comments?post=5734"}],"version-history":[{"count":4,"href":"https:\/\/dynaxo.pl\/en\/wp-json\/wp\/v2\/pages\/5734\/revisions"}],"predecessor-version":[{"id":6242,"href":"https:\/\/dynaxo.pl\/en\/wp-json\/wp\/v2\/pages\/5734\/revisions\/6242"}],"wp:attachment":[{"href":"https:\/\/dynaxo.pl\/en\/wp-json\/wp\/v2\/media?parent=5734"}],"curies":[{"name":"wp","href":"https:\/\/api.w.org\/{rel}","templated":true}]}}