{"id":5744,"date":"2015-04-10T13:08:43","date_gmt":"2015-04-10T13:08:43","guid":{"rendered":"https:\/\/dynaxo.pl\/technologia\/"},"modified":"2024-04-08T09:23:38","modified_gmt":"2024-04-08T09:23:38","slug":"technology","status":"publish","type":"page","link":"https:\/\/dynaxo.pl\/en\/technology\/","title":{"rendered":"Technology"},"content":{"rendered":"","protected":false},"excerpt":{"rendered":"","protected":false},"author":1,"featured_media":0,"parent":0,"menu_order":16,"comment_status":"closed","ping_status":"closed","template":"","meta":{"_acf_changed":false,"inline_featured_image":false,"_monsterinsights_skip_tracking":false,"_monsterinsights_sitenote_active":false,"_monsterinsights_sitenote_note":"","_monsterinsights_sitenote_category":0,"footnotes":"","_links_to":"","_links_to_target":""},"class_list":["post-5744","page","type-page","status-publish","hentry"],"acf":[],"yoast_head":"<!-- This site is optimized with the Yoast SEO plugin v27.2 - https:\/\/yoast.com\/product\/yoast-seo-wordpress\/ -->\n<title>Technology - Dynaxo<\/title>\n<meta name=\"description\" content=\"DLA NAS NIE MA RZECZY NIEMO\u017bLIWYCH! Stawiaj\u0105c sobie coraz wi\u0119ksze cele, niemal do perfekcji opanowali\u015bmy sztuk\u0119 projektowania i produkcji przemys\u0142owej. Zajmujemy si\u0119 szeroko poj\u0119t\u0105 obr\u00f3bk\u0105 metalu \u2013 w tej kwestii nie istniej\u0105 dla nas \u017cadne ograniczenia.\" \/>\n<meta name=\"robots\" content=\"index, follow, max-snippet:-1, max-image-preview:large, max-video-preview:-1\" \/>\n<link rel=\"canonical\" href=\"https:\/\/dynaxo.pl\/en\/technology\/\" \/>\n<meta property=\"og:locale\" content=\"en_US\" \/>\n<meta property=\"og:type\" content=\"article\" \/>\n<meta property=\"og:title\" content=\"Technology - Dynaxo\" \/>\n<meta property=\"og:description\" content=\"DLA NAS NIE MA RZECZY NIEMO\u017bLIWYCH! Stawiaj\u0105c sobie coraz wi\u0119ksze cele, niemal do perfekcji opanowali\u015bmy sztuk\u0119 projektowania i produkcji przemys\u0142owej. Zajmujemy si\u0119 szeroko poj\u0119t\u0105 obr\u00f3bk\u0105 metalu \u2013 w tej kwestii nie istniej\u0105 dla nas \u017cadne ograniczenia.\" \/>\n<meta property=\"og:url\" content=\"https:\/\/dynaxo.pl\/en\/technology\/\" \/>\n<meta property=\"og:site_name\" content=\"Dynaxo\" \/>\n<meta property=\"article:modified_time\" content=\"2024-04-08T09:23:38+00:00\" \/>\n<script type=\"application\/ld+json\" class=\"yoast-schema-graph\">{\"@context\":\"https:\/\/schema.org\",\"@graph\":[{\"@type\":\"WebPage\",\"@id\":\"https:\/\/dynaxo.pl\/en\/technology\/\",\"url\":\"https:\/\/dynaxo.pl\/en\/technology\/\",\"name\":\"Technology - Dynaxo\",\"isPartOf\":{\"@id\":\"https:\/\/dynaxo.pl\/en\/#website\"},\"datePublished\":\"2015-04-10T13:08:43+00:00\",\"dateModified\":\"2024-04-08T09:23:38+00:00\",\"description\":\"DLA NAS NIE MA RZECZY NIEMO\u017bLIWYCH! Stawiaj\u0105c sobie coraz wi\u0119ksze cele, niemal do perfekcji opanowali\u015bmy sztuk\u0119 projektowania i produkcji przemys\u0142owej. Zajmujemy si\u0119 szeroko poj\u0119t\u0105 obr\u00f3bk\u0105 metalu \u2013 w tej kwestii nie istniej\u0105 dla nas \u017cadne ograniczenia.\",\"breadcrumb\":{\"@id\":\"https:\/\/dynaxo.pl\/en\/technology\/#breadcrumb\"},\"inLanguage\":\"en-US\",\"potentialAction\":[{\"@type\":\"ReadAction\",\"target\":[\"https:\/\/dynaxo.pl\/en\/technology\/\"]}]},{\"@type\":\"BreadcrumbList\",\"@id\":\"https:\/\/dynaxo.pl\/en\/technology\/#breadcrumb\",\"itemListElement\":[{\"@type\":\"ListItem\",\"position\":1,\"name\":\"Start\",\"item\":\"https:\/\/dynaxo.pl\/en\/\"},{\"@type\":\"ListItem\",\"position\":2,\"name\":\"Technology\"}]},{\"@type\":\"WebSite\",\"@id\":\"https:\/\/dynaxo.pl\/en\/#website\",\"url\":\"https:\/\/dynaxo.pl\/en\/\",\"name\":\"Dynaxo\",\"description\":\"przestrze\u0144 kompleksowych rozwi\u0105za\u0144\",\"potentialAction\":[{\"@type\":\"SearchAction\",\"target\":{\"@type\":\"EntryPoint\",\"urlTemplate\":\"https:\/\/dynaxo.pl\/en\/?s={search_term_string}\"},\"query-input\":{\"@type\":\"PropertyValueSpecification\",\"valueRequired\":true,\"valueName\":\"search_term_string\"}}],\"inLanguage\":\"en-US\"}]}<\/script>\n<!-- \/ Yoast SEO plugin. -->","yoast_head_json":{"title":"Technology - Dynaxo","description":"DLA NAS NIE MA RZECZY NIEMO\u017bLIWYCH! Stawiaj\u0105c sobie coraz wi\u0119ksze cele, niemal do perfekcji opanowali\u015bmy sztuk\u0119 projektowania i produkcji przemys\u0142owej. Zajmujemy si\u0119 szeroko poj\u0119t\u0105 obr\u00f3bk\u0105 metalu \u2013 w tej kwestii nie istniej\u0105 dla nas \u017cadne ograniczenia.","robots":{"index":"index","follow":"follow","max-snippet":"max-snippet:-1","max-image-preview":"max-image-preview:large","max-video-preview":"max-video-preview:-1"},"canonical":"https:\/\/dynaxo.pl\/en\/technology\/","og_locale":"en_US","og_type":"article","og_title":"Technology - Dynaxo","og_description":"DLA NAS NIE MA RZECZY NIEMO\u017bLIWYCH! Stawiaj\u0105c sobie coraz wi\u0119ksze cele, niemal do perfekcji opanowali\u015bmy sztuk\u0119 projektowania i produkcji przemys\u0142owej. Zajmujemy si\u0119 szeroko poj\u0119t\u0105 obr\u00f3bk\u0105 metalu \u2013 w tej kwestii nie istniej\u0105 dla nas \u017cadne ograniczenia.","og_url":"https:\/\/dynaxo.pl\/en\/technology\/","og_site_name":"Dynaxo","article_modified_time":"2024-04-08T09:23:38+00:00","schema":{"@context":"https:\/\/schema.org","@graph":[{"@type":"WebPage","@id":"https:\/\/dynaxo.pl\/en\/technology\/","url":"https:\/\/dynaxo.pl\/en\/technology\/","name":"Technology - Dynaxo","isPartOf":{"@id":"https:\/\/dynaxo.pl\/en\/#website"},"datePublished":"2015-04-10T13:08:43+00:00","dateModified":"2024-04-08T09:23:38+00:00","description":"DLA NAS NIE MA RZECZY NIEMO\u017bLIWYCH! Stawiaj\u0105c sobie coraz wi\u0119ksze cele, niemal do perfekcji opanowali\u015bmy sztuk\u0119 projektowania i produkcji przemys\u0142owej. Zajmujemy si\u0119 szeroko poj\u0119t\u0105 obr\u00f3bk\u0105 metalu \u2013 w tej kwestii nie istniej\u0105 dla nas \u017cadne ograniczenia.","breadcrumb":{"@id":"https:\/\/dynaxo.pl\/en\/technology\/#breadcrumb"},"inLanguage":"en-US","potentialAction":[{"@type":"ReadAction","target":["https:\/\/dynaxo.pl\/en\/technology\/"]}]},{"@type":"BreadcrumbList","@id":"https:\/\/dynaxo.pl\/en\/technology\/#breadcrumb","itemListElement":[{"@type":"ListItem","position":1,"name":"Start","item":"https:\/\/dynaxo.pl\/en\/"},{"@type":"ListItem","position":2,"name":"Technology"}]},{"@type":"WebSite","@id":"https:\/\/dynaxo.pl\/en\/#website","url":"https:\/\/dynaxo.pl\/en\/","name":"Dynaxo","description":"przestrze\u0144 kompleksowych rozwi\u0105za\u0144","potentialAction":[{"@type":"SearchAction","target":{"@type":"EntryPoint","urlTemplate":"https:\/\/dynaxo.pl\/en\/?s={search_term_string}"},"query-input":{"@type":"PropertyValueSpecification","valueRequired":true,"valueName":"search_term_string"}}],"inLanguage":"en-US"}]}},"_links":{"self":[{"href":"https:\/\/dynaxo.pl\/en\/wp-json\/wp\/v2\/pages\/5744","targetHints":{"allow":["GET"]}}],"collection":[{"href":"https:\/\/dynaxo.pl\/en\/wp-json\/wp\/v2\/pages"}],"about":[{"href":"https:\/\/dynaxo.pl\/en\/wp-json\/wp\/v2\/types\/page"}],"author":[{"embeddable":true,"href":"https:\/\/dynaxo.pl\/en\/wp-json\/wp\/v2\/users\/1"}],"replies":[{"embeddable":true,"href":"https:\/\/dynaxo.pl\/en\/wp-json\/wp\/v2\/comments?post=5744"}],"version-history":[{"count":6,"href":"https:\/\/dynaxo.pl\/en\/wp-json\/wp\/v2\/pages\/5744\/revisions"}],"predecessor-version":[{"id":6034,"href":"https:\/\/dynaxo.pl\/en\/wp-json\/wp\/v2\/pages\/5744\/revisions\/6034"}],"wp:attachment":[{"href":"https:\/\/dynaxo.pl\/en\/wp-json\/wp\/v2\/media?parent=5744"}],"curies":[{"name":"wp","href":"https:\/\/api.w.org\/{rel}","templated":true}]}}