{"id":5747,"date":"2015-04-24T14:00:16","date_gmt":"2015-04-24T14:00:16","guid":{"rendered":"https:\/\/dynaxo.pl\/certyfikaty-i-patenty\/"},"modified":"2024-03-27T12:50:23","modified_gmt":"2024-03-27T12:50:23","slug":"certificates-and-patents","status":"publish","type":"page","link":"https:\/\/dynaxo.pl\/en\/about-us\/certificates-and-patents\/","title":{"rendered":"Certificates and patents"},"content":{"rendered":"","protected":false},"excerpt":{"rendered":"","protected":false},"author":1,"featured_media":0,"parent":5768,"menu_order":48,"comment_status":"closed","ping_status":"closed","template":"","meta":{"_acf_changed":false,"inline_featured_image":false,"_monsterinsights_skip_tracking":false,"_monsterinsights_sitenote_active":false,"_monsterinsights_sitenote_note":"","_monsterinsights_sitenote_category":0,"footnotes":"","_links_to":"","_links_to_target":""},"class_list":["post-5747","page","type-page","status-publish","hentry"],"acf":[],"yoast_head":"<!-- This site is optimized with the Yoast SEO plugin v27.2 - https:\/\/yoast.com\/product\/yoast-seo-wordpress\/ -->\n<title>Certificates and patents - Dynaxo<\/title>\n<meta name=\"description\" content=\"PROJEKTOWANIE I PRODUKCJA WYROB\u00d3W Z METALU \u2013 KOMPLEKSOWO I PERFEKCYJNIE. Zajmujemy si\u0119 szeroko poj\u0119t\u0105 obr\u00f3bk\u0105 metalu \u2013 w tej kwestii nie istniej\u0105 dla nas \u017cadne ograniczenia.\" \/>\n<meta name=\"robots\" content=\"index, follow, max-snippet:-1, max-image-preview:large, max-video-preview:-1\" \/>\n<link rel=\"canonical\" href=\"https:\/\/dynaxo.pl\/en\/about-us\/certificates-and-patents\/\" \/>\n<meta property=\"og:locale\" content=\"en_US\" \/>\n<meta property=\"og:type\" content=\"article\" \/>\n<meta property=\"og:title\" content=\"Certificates and patents - Dynaxo\" \/>\n<meta property=\"og:description\" content=\"PROJEKTOWANIE I PRODUKCJA WYROB\u00d3W Z METALU \u2013 KOMPLEKSOWO I PERFEKCYJNIE. Zajmujemy si\u0119 szeroko poj\u0119t\u0105 obr\u00f3bk\u0105 metalu \u2013 w tej kwestii nie istniej\u0105 dla nas \u017cadne ograniczenia.\" \/>\n<meta property=\"og:url\" content=\"https:\/\/dynaxo.pl\/en\/about-us\/certificates-and-patents\/\" \/>\n<meta property=\"og:site_name\" content=\"Dynaxo\" \/>\n<meta property=\"article:modified_time\" content=\"2024-03-27T12:50:23+00:00\" \/>\n<script type=\"application\/ld+json\" class=\"yoast-schema-graph\">{\"@context\":\"https:\/\/schema.org\",\"@graph\":[{\"@type\":\"WebPage\",\"@id\":\"https:\/\/dynaxo.pl\/en\/about-us\/certificates-and-patents\/\",\"url\":\"https:\/\/dynaxo.pl\/en\/about-us\/certificates-and-patents\/\",\"name\":\"Certificates and patents - Dynaxo\",\"isPartOf\":{\"@id\":\"https:\/\/dynaxo.pl\/en\/#website\"},\"datePublished\":\"2015-04-24T14:00:16+00:00\",\"dateModified\":\"2024-03-27T12:50:23+00:00\",\"description\":\"PROJEKTOWANIE I PRODUKCJA WYROB\u00d3W Z METALU \u2013 KOMPLEKSOWO I PERFEKCYJNIE. Zajmujemy si\u0119 szeroko poj\u0119t\u0105 obr\u00f3bk\u0105 metalu \u2013 w tej kwestii nie istniej\u0105 dla nas \u017cadne ograniczenia.\",\"breadcrumb\":{\"@id\":\"https:\/\/dynaxo.pl\/en\/about-us\/certificates-and-patents\/#breadcrumb\"},\"inLanguage\":\"en-US\",\"potentialAction\":[{\"@type\":\"ReadAction\",\"target\":[\"https:\/\/dynaxo.pl\/en\/about-us\/certificates-and-patents\/\"]}]},{\"@type\":\"BreadcrumbList\",\"@id\":\"https:\/\/dynaxo.pl\/en\/about-us\/certificates-and-patents\/#breadcrumb\",\"itemListElement\":[{\"@type\":\"ListItem\",\"position\":1,\"name\":\"Start\",\"item\":\"https:\/\/dynaxo.pl\/en\/\"},{\"@type\":\"ListItem\",\"position\":2,\"name\":\"Certificates and patents\"}]},{\"@type\":\"WebSite\",\"@id\":\"https:\/\/dynaxo.pl\/en\/#website\",\"url\":\"https:\/\/dynaxo.pl\/en\/\",\"name\":\"Dynaxo\",\"description\":\"przestrze\u0144 kompleksowych rozwi\u0105za\u0144\",\"potentialAction\":[{\"@type\":\"SearchAction\",\"target\":{\"@type\":\"EntryPoint\",\"urlTemplate\":\"https:\/\/dynaxo.pl\/en\/?s={search_term_string}\"},\"query-input\":{\"@type\":\"PropertyValueSpecification\",\"valueRequired\":true,\"valueName\":\"search_term_string\"}}],\"inLanguage\":\"en-US\"}]}<\/script>\n<!-- \/ Yoast SEO plugin. -->","yoast_head_json":{"title":"Certificates and patents - Dynaxo","description":"PROJEKTOWANIE I PRODUKCJA WYROB\u00d3W Z METALU \u2013 KOMPLEKSOWO I PERFEKCYJNIE. Zajmujemy si\u0119 szeroko poj\u0119t\u0105 obr\u00f3bk\u0105 metalu \u2013 w tej kwestii nie istniej\u0105 dla nas \u017cadne ograniczenia.","robots":{"index":"index","follow":"follow","max-snippet":"max-snippet:-1","max-image-preview":"max-image-preview:large","max-video-preview":"max-video-preview:-1"},"canonical":"https:\/\/dynaxo.pl\/en\/about-us\/certificates-and-patents\/","og_locale":"en_US","og_type":"article","og_title":"Certificates and patents - Dynaxo","og_description":"PROJEKTOWANIE I PRODUKCJA WYROB\u00d3W Z METALU \u2013 KOMPLEKSOWO I PERFEKCYJNIE. Zajmujemy si\u0119 szeroko poj\u0119t\u0105 obr\u00f3bk\u0105 metalu \u2013 w tej kwestii nie istniej\u0105 dla nas \u017cadne ograniczenia.","og_url":"https:\/\/dynaxo.pl\/en\/about-us\/certificates-and-patents\/","og_site_name":"Dynaxo","article_modified_time":"2024-03-27T12:50:23+00:00","schema":{"@context":"https:\/\/schema.org","@graph":[{"@type":"WebPage","@id":"https:\/\/dynaxo.pl\/en\/about-us\/certificates-and-patents\/","url":"https:\/\/dynaxo.pl\/en\/about-us\/certificates-and-patents\/","name":"Certificates and patents - Dynaxo","isPartOf":{"@id":"https:\/\/dynaxo.pl\/en\/#website"},"datePublished":"2015-04-24T14:00:16+00:00","dateModified":"2024-03-27T12:50:23+00:00","description":"PROJEKTOWANIE I PRODUKCJA WYROB\u00d3W Z METALU \u2013 KOMPLEKSOWO I PERFEKCYJNIE. Zajmujemy si\u0119 szeroko poj\u0119t\u0105 obr\u00f3bk\u0105 metalu \u2013 w tej kwestii nie istniej\u0105 dla nas \u017cadne ograniczenia.","breadcrumb":{"@id":"https:\/\/dynaxo.pl\/en\/about-us\/certificates-and-patents\/#breadcrumb"},"inLanguage":"en-US","potentialAction":[{"@type":"ReadAction","target":["https:\/\/dynaxo.pl\/en\/about-us\/certificates-and-patents\/"]}]},{"@type":"BreadcrumbList","@id":"https:\/\/dynaxo.pl\/en\/about-us\/certificates-and-patents\/#breadcrumb","itemListElement":[{"@type":"ListItem","position":1,"name":"Start","item":"https:\/\/dynaxo.pl\/en\/"},{"@type":"ListItem","position":2,"name":"Certificates and patents"}]},{"@type":"WebSite","@id":"https:\/\/dynaxo.pl\/en\/#website","url":"https:\/\/dynaxo.pl\/en\/","name":"Dynaxo","description":"przestrze\u0144 kompleksowych rozwi\u0105za\u0144","potentialAction":[{"@type":"SearchAction","target":{"@type":"EntryPoint","urlTemplate":"https:\/\/dynaxo.pl\/en\/?s={search_term_string}"},"query-input":{"@type":"PropertyValueSpecification","valueRequired":true,"valueName":"search_term_string"}}],"inLanguage":"en-US"}]}},"_links":{"self":[{"href":"https:\/\/dynaxo.pl\/en\/wp-json\/wp\/v2\/pages\/5747","targetHints":{"allow":["GET"]}}],"collection":[{"href":"https:\/\/dynaxo.pl\/en\/wp-json\/wp\/v2\/pages"}],"about":[{"href":"https:\/\/dynaxo.pl\/en\/wp-json\/wp\/v2\/types\/page"}],"author":[{"embeddable":true,"href":"https:\/\/dynaxo.pl\/en\/wp-json\/wp\/v2\/users\/1"}],"replies":[{"embeddable":true,"href":"https:\/\/dynaxo.pl\/en\/wp-json\/wp\/v2\/comments?post=5747"}],"version-history":[{"count":3,"href":"https:\/\/dynaxo.pl\/en\/wp-json\/wp\/v2\/pages\/5747\/revisions"}],"predecessor-version":[{"id":5752,"href":"https:\/\/dynaxo.pl\/en\/wp-json\/wp\/v2\/pages\/5747\/revisions\/5752"}],"up":[{"embeddable":true,"href":"https:\/\/dynaxo.pl\/en\/wp-json\/wp\/v2\/pages\/5768"}],"wp:attachment":[{"href":"https:\/\/dynaxo.pl\/en\/wp-json\/wp\/v2\/media?parent=5747"}],"curies":[{"name":"wp","href":"https:\/\/api.w.org\/{rel}","templated":true}]}}