{"id":5753,"date":"2015-04-14T08:32:00","date_gmt":"2015-04-14T08:32:00","guid":{"rendered":"https:\/\/dynaxo.pl\/our-mission-and-the-values\/"},"modified":"2024-03-27T12:51:42","modified_gmt":"2024-03-27T12:51:42","slug":"our-mission-and-the-values","status":"publish","type":"page","link":"https:\/\/dynaxo.pl\/en\/our-mission-and-the-values\/","title":{"rendered":"Our mission and the values"},"content":{"rendered":"","protected":false},"excerpt":{"rendered":"","protected":false},"author":1,"featured_media":0,"parent":0,"menu_order":70,"comment_status":"closed","ping_status":"closed","template":"","meta":{"_acf_changed":false,"inline_featured_image":false,"_monsterinsights_skip_tracking":false,"_monsterinsights_sitenote_active":false,"_monsterinsights_sitenote_note":"","_monsterinsights_sitenote_category":0,"footnotes":"","_links_to":"","_links_to_target":""},"class_list":["post-5753","page","type-page","status-publish","hentry"],"acf":[],"yoast_head":"<!-- This site is optimized with the Yoast SEO plugin v27.2 - https:\/\/yoast.com\/product\/yoast-seo-wordpress\/ -->\n<title>Our mission and the values - Dynaxo<\/title>\n<meta name=\"description\" content=\"Misja oraz warto\u015bci, kt\u00f3rymi kierujemy si\u0119 w ka\u017cdym przedsi\u0119wzi\u0119ciu firmy, to dla nas fundament DYNAXO. Inspiruj\u0105 nas w codziennej pracy oraz pozwalaj\u0105 wp\u0142ywa\u0107 na jako\u015b\u0107 \u015bwiadczonych us\u0142ug i produkt\u00f3w oraz podejmowane przez nas decyzje.\" \/>\n<meta name=\"robots\" content=\"index, follow, max-snippet:-1, max-image-preview:large, max-video-preview:-1\" \/>\n<link rel=\"canonical\" href=\"https:\/\/dynaxo.pl\/en\/our-mission-and-the-values\/\" \/>\n<meta property=\"og:locale\" content=\"en_US\" \/>\n<meta property=\"og:type\" content=\"article\" \/>\n<meta property=\"og:title\" content=\"Our mission and the values - Dynaxo\" \/>\n<meta property=\"og:description\" content=\"Misja oraz warto\u015bci, kt\u00f3rymi kierujemy si\u0119 w ka\u017cdym przedsi\u0119wzi\u0119ciu firmy, to dla nas fundament DYNAXO. Inspiruj\u0105 nas w codziennej pracy oraz pozwalaj\u0105 wp\u0142ywa\u0107 na jako\u015b\u0107 \u015bwiadczonych us\u0142ug i produkt\u00f3w oraz podejmowane przez nas decyzje.\" \/>\n<meta property=\"og:url\" content=\"https:\/\/dynaxo.pl\/en\/our-mission-and-the-values\/\" \/>\n<meta property=\"og:site_name\" content=\"Dynaxo\" \/>\n<meta property=\"article:modified_time\" content=\"2024-03-27T12:51:42+00:00\" \/>\n<script type=\"application\/ld+json\" class=\"yoast-schema-graph\">{\"@context\":\"https:\/\/schema.org\",\"@graph\":[{\"@type\":\"WebPage\",\"@id\":\"https:\/\/dynaxo.pl\/en\/our-mission-and-the-values\/\",\"url\":\"https:\/\/dynaxo.pl\/en\/our-mission-and-the-values\/\",\"name\":\"Our mission and the values - Dynaxo\",\"isPartOf\":{\"@id\":\"https:\/\/dynaxo.pl\/en\/#website\"},\"datePublished\":\"2015-04-14T08:32:00+00:00\",\"dateModified\":\"2024-03-27T12:51:42+00:00\",\"description\":\"Misja oraz warto\u015bci, kt\u00f3rymi kierujemy si\u0119 w ka\u017cdym przedsi\u0119wzi\u0119ciu firmy, to dla nas fundament DYNAXO. Inspiruj\u0105 nas w codziennej pracy oraz pozwalaj\u0105 wp\u0142ywa\u0107 na jako\u015b\u0107 \u015bwiadczonych us\u0142ug i produkt\u00f3w oraz podejmowane przez nas decyzje.\",\"breadcrumb\":{\"@id\":\"https:\/\/dynaxo.pl\/en\/our-mission-and-the-values\/#breadcrumb\"},\"inLanguage\":\"en-US\",\"potentialAction\":[{\"@type\":\"ReadAction\",\"target\":[\"https:\/\/dynaxo.pl\/en\/our-mission-and-the-values\/\"]}]},{\"@type\":\"BreadcrumbList\",\"@id\":\"https:\/\/dynaxo.pl\/en\/our-mission-and-the-values\/#breadcrumb\",\"itemListElement\":[{\"@type\":\"ListItem\",\"position\":1,\"name\":\"Start\",\"item\":\"https:\/\/dynaxo.pl\/en\/\"},{\"@type\":\"ListItem\",\"position\":2,\"name\":\"Our mission and the values\"}]},{\"@type\":\"WebSite\",\"@id\":\"https:\/\/dynaxo.pl\/en\/#website\",\"url\":\"https:\/\/dynaxo.pl\/en\/\",\"name\":\"Dynaxo\",\"description\":\"przestrze\u0144 kompleksowych rozwi\u0105za\u0144\",\"potentialAction\":[{\"@type\":\"SearchAction\",\"target\":{\"@type\":\"EntryPoint\",\"urlTemplate\":\"https:\/\/dynaxo.pl\/en\/?s={search_term_string}\"},\"query-input\":{\"@type\":\"PropertyValueSpecification\",\"valueRequired\":true,\"valueName\":\"search_term_string\"}}],\"inLanguage\":\"en-US\"}]}<\/script>\n<!-- \/ Yoast SEO plugin. -->","yoast_head_json":{"title":"Our mission and the values - Dynaxo","description":"Misja oraz warto\u015bci, kt\u00f3rymi kierujemy si\u0119 w ka\u017cdym przedsi\u0119wzi\u0119ciu firmy, to dla nas fundament DYNAXO. Inspiruj\u0105 nas w codziennej pracy oraz pozwalaj\u0105 wp\u0142ywa\u0107 na jako\u015b\u0107 \u015bwiadczonych us\u0142ug i produkt\u00f3w oraz podejmowane przez nas decyzje.","robots":{"index":"index","follow":"follow","max-snippet":"max-snippet:-1","max-image-preview":"max-image-preview:large","max-video-preview":"max-video-preview:-1"},"canonical":"https:\/\/dynaxo.pl\/en\/our-mission-and-the-values\/","og_locale":"en_US","og_type":"article","og_title":"Our mission and the values - Dynaxo","og_description":"Misja oraz warto\u015bci, kt\u00f3rymi kierujemy si\u0119 w ka\u017cdym przedsi\u0119wzi\u0119ciu firmy, to dla nas fundament DYNAXO. Inspiruj\u0105 nas w codziennej pracy oraz pozwalaj\u0105 wp\u0142ywa\u0107 na jako\u015b\u0107 \u015bwiadczonych us\u0142ug i produkt\u00f3w oraz podejmowane przez nas decyzje.","og_url":"https:\/\/dynaxo.pl\/en\/our-mission-and-the-values\/","og_site_name":"Dynaxo","article_modified_time":"2024-03-27T12:51:42+00:00","schema":{"@context":"https:\/\/schema.org","@graph":[{"@type":"WebPage","@id":"https:\/\/dynaxo.pl\/en\/our-mission-and-the-values\/","url":"https:\/\/dynaxo.pl\/en\/our-mission-and-the-values\/","name":"Our mission and the values - Dynaxo","isPartOf":{"@id":"https:\/\/dynaxo.pl\/en\/#website"},"datePublished":"2015-04-14T08:32:00+00:00","dateModified":"2024-03-27T12:51:42+00:00","description":"Misja oraz warto\u015bci, kt\u00f3rymi kierujemy si\u0119 w ka\u017cdym przedsi\u0119wzi\u0119ciu firmy, to dla nas fundament DYNAXO. Inspiruj\u0105 nas w codziennej pracy oraz pozwalaj\u0105 wp\u0142ywa\u0107 na jako\u015b\u0107 \u015bwiadczonych us\u0142ug i produkt\u00f3w oraz podejmowane przez nas decyzje.","breadcrumb":{"@id":"https:\/\/dynaxo.pl\/en\/our-mission-and-the-values\/#breadcrumb"},"inLanguage":"en-US","potentialAction":[{"@type":"ReadAction","target":["https:\/\/dynaxo.pl\/en\/our-mission-and-the-values\/"]}]},{"@type":"BreadcrumbList","@id":"https:\/\/dynaxo.pl\/en\/our-mission-and-the-values\/#breadcrumb","itemListElement":[{"@type":"ListItem","position":1,"name":"Start","item":"https:\/\/dynaxo.pl\/en\/"},{"@type":"ListItem","position":2,"name":"Our mission and the values"}]},{"@type":"WebSite","@id":"https:\/\/dynaxo.pl\/en\/#website","url":"https:\/\/dynaxo.pl\/en\/","name":"Dynaxo","description":"przestrze\u0144 kompleksowych rozwi\u0105za\u0144","potentialAction":[{"@type":"SearchAction","target":{"@type":"EntryPoint","urlTemplate":"https:\/\/dynaxo.pl\/en\/?s={search_term_string}"},"query-input":{"@type":"PropertyValueSpecification","valueRequired":true,"valueName":"search_term_string"}}],"inLanguage":"en-US"}]}},"_links":{"self":[{"href":"https:\/\/dynaxo.pl\/en\/wp-json\/wp\/v2\/pages\/5753","targetHints":{"allow":["GET"]}}],"collection":[{"href":"https:\/\/dynaxo.pl\/en\/wp-json\/wp\/v2\/pages"}],"about":[{"href":"https:\/\/dynaxo.pl\/en\/wp-json\/wp\/v2\/types\/page"}],"author":[{"embeddable":true,"href":"https:\/\/dynaxo.pl\/en\/wp-json\/wp\/v2\/users\/1"}],"replies":[{"embeddable":true,"href":"https:\/\/dynaxo.pl\/en\/wp-json\/wp\/v2\/comments?post=5753"}],"version-history":[{"count":2,"href":"https:\/\/dynaxo.pl\/en\/wp-json\/wp\/v2\/pages\/5753\/revisions"}],"predecessor-version":[{"id":5755,"href":"https:\/\/dynaxo.pl\/en\/wp-json\/wp\/v2\/pages\/5753\/revisions\/5755"}],"wp:attachment":[{"href":"https:\/\/dynaxo.pl\/en\/wp-json\/wp\/v2\/media?parent=5753"}],"curies":[{"name":"wp","href":"https:\/\/api.w.org\/{rel}","templated":true}]}}