{"id":5757,"date":"2015-05-27T17:05:10","date_gmt":"2015-05-27T17:05:10","guid":{"rendered":"https:\/\/dynaxo.pl\/informacje-prawne\/"},"modified":"2024-04-02T09:24:01","modified_gmt":"2024-04-02T09:24:01","slug":"legal-information","status":"publish","type":"page","link":"https:\/\/dynaxo.pl\/en\/about-us\/legal-information\/","title":{"rendered":"Legal information"},"content":{"rendered":"<p><strong>DYNAXO Sp. z o.o. | Popowo 2a, 64-510 Wronki<\/strong><br \/>\nDistrict Court in Poznan \u2013 Nowe Miasto and Wilda districts in Poznan<br \/>\n9th Commercial Division (Court Register)<br \/>\nShare capital 1 650 000 PLN (paid in full)<\/p>\n<p>KRS 0000163601 | REGON 570037527 | NIP: 763-001-64-20<\/p>\n<p><strong>Account number:<\/strong><br \/>\nBG\u017b S.A. Szamotu\u0142y Branch<br \/>\nPLN account: 36-20200045-1110000000916010<br \/>\nforeign currency account: 16-20300045-3110000000027760<\/p>\n<p>All copyrights and moral rights to any parts of the Website (text, images, layout, etc.) are reserved.<\/p>\n","protected":false},"excerpt":{"rendered":"<p>DYNAXO Sp. z o.o. | Popowo 2a, 64-510 Wronki District Court in Poznan \u2013 Nowe Miasto and Wilda districts in Poznan 9th Commercial Division (Court Register) Share capital 1 650 000 PLN (paid in full) KRS 0000163601 | REGON 570037527 | NIP: 763-001-64-20 Account number: BG\u017b S.A. Szamotu\u0142y Branch PLN account: 36-20200045-1110000000916010 foreign currency account: 16-20300045-3110000000027760 All copyrights and moral rights to any parts of [&hellip;]<\/p>\n","protected":false},"author":3,"featured_media":0,"parent":5768,"menu_order":67,"comment_status":"closed","ping_status":"closed","template":"","meta":{"_acf_changed":false,"inline_featured_image":false,"_monsterinsights_skip_tracking":false,"_monsterinsights_sitenote_active":false,"_monsterinsights_sitenote_note":"","_monsterinsights_sitenote_category":0,"footnotes":"","_links_to":"","_links_to_target":""},"class_list":["post-5757","page","type-page","status-publish","hentry"],"acf":[],"yoast_head":"<!-- This site is optimized with the Yoast SEO plugin v27.2 - https:\/\/yoast.com\/product\/yoast-seo-wordpress\/ -->\n<title>Legal information - Dynaxo<\/title>\n<meta name=\"description\" content=\"Do\u015bwiadczenie, pasja i innowacja \u2013 witamy w \u015bwiecie DYNAXO, dostawcy kompleksowych rozwi\u0105za\u0144 technologicznych z Wielkopolski, kt\u00f3ry od blisko 40 lat skutecznie dzia\u0142a w obszarach projektowania i produkcji wyrob\u00f3w metalowych oraz z powodzeniem zdobywa rynek AGD.\" \/>\n<meta name=\"robots\" content=\"index, follow, max-snippet:-1, max-image-preview:large, max-video-preview:-1\" \/>\n<link rel=\"canonical\" href=\"https:\/\/dynaxo.pl\/en\/about-us\/legal-information\/\" \/>\n<meta property=\"og:locale\" content=\"en_US\" \/>\n<meta property=\"og:type\" content=\"article\" \/>\n<meta property=\"og:title\" content=\"Legal information - Dynaxo\" \/>\n<meta property=\"og:description\" content=\"Do\u015bwiadczenie, pasja i innowacja \u2013 witamy w \u015bwiecie DYNAXO, dostawcy kompleksowych rozwi\u0105za\u0144 technologicznych z Wielkopolski, kt\u00f3ry od blisko 40 lat skutecznie dzia\u0142a w obszarach projektowania i produkcji wyrob\u00f3w metalowych oraz z powodzeniem zdobywa rynek AGD.\" \/>\n<meta property=\"og:url\" content=\"https:\/\/dynaxo.pl\/en\/about-us\/legal-information\/\" \/>\n<meta property=\"og:site_name\" content=\"Dynaxo\" \/>\n<meta property=\"article:modified_time\" content=\"2024-04-02T09:24:01+00:00\" \/>\n<meta name=\"twitter:label1\" content=\"Est. reading time\" \/>\n\t<meta name=\"twitter:data1\" content=\"1 minute\" \/>\n<script type=\"application\/ld+json\" class=\"yoast-schema-graph\">{\"@context\":\"https:\/\/schema.org\",\"@graph\":[{\"@type\":\"WebPage\",\"@id\":\"https:\/\/dynaxo.pl\/en\/about-us\/legal-information\/\",\"url\":\"https:\/\/dynaxo.pl\/en\/about-us\/legal-information\/\",\"name\":\"Legal information - Dynaxo\",\"isPartOf\":{\"@id\":\"https:\/\/dynaxo.pl\/en\/#website\"},\"datePublished\":\"2015-05-27T17:05:10+00:00\",\"dateModified\":\"2024-04-02T09:24:01+00:00\",\"description\":\"Do\u015bwiadczenie, pasja i innowacja \u2013 witamy w \u015bwiecie DYNAXO, dostawcy kompleksowych rozwi\u0105za\u0144 technologicznych z Wielkopolski, kt\u00f3ry od blisko 40 lat skutecznie dzia\u0142a w obszarach projektowania i produkcji wyrob\u00f3w metalowych oraz z powodzeniem zdobywa rynek AGD.\",\"breadcrumb\":{\"@id\":\"https:\/\/dynaxo.pl\/en\/about-us\/legal-information\/#breadcrumb\"},\"inLanguage\":\"en-US\",\"potentialAction\":[{\"@type\":\"ReadAction\",\"target\":[\"https:\/\/dynaxo.pl\/en\/about-us\/legal-information\/\"]}]},{\"@type\":\"BreadcrumbList\",\"@id\":\"https:\/\/dynaxo.pl\/en\/about-us\/legal-information\/#breadcrumb\",\"itemListElement\":[{\"@type\":\"ListItem\",\"position\":1,\"name\":\"Start\",\"item\":\"https:\/\/dynaxo.pl\/en\/\"},{\"@type\":\"ListItem\",\"position\":2,\"name\":\"About us\",\"item\":\"https:\/\/dynaxo.pl\/en\/about-us\/\"},{\"@type\":\"ListItem\",\"position\":3,\"name\":\"Legal information\"}]},{\"@type\":\"WebSite\",\"@id\":\"https:\/\/dynaxo.pl\/en\/#website\",\"url\":\"https:\/\/dynaxo.pl\/en\/\",\"name\":\"Dynaxo\",\"description\":\"przestrze\u0144 kompleksowych rozwi\u0105za\u0144\",\"potentialAction\":[{\"@type\":\"SearchAction\",\"target\":{\"@type\":\"EntryPoint\",\"urlTemplate\":\"https:\/\/dynaxo.pl\/en\/?s={search_term_string}\"},\"query-input\":{\"@type\":\"PropertyValueSpecification\",\"valueRequired\":true,\"valueName\":\"search_term_string\"}}],\"inLanguage\":\"en-US\"}]}<\/script>\n<!-- \/ Yoast SEO plugin. -->","yoast_head_json":{"title":"Legal information - Dynaxo","description":"Do\u015bwiadczenie, pasja i innowacja \u2013 witamy w \u015bwiecie DYNAXO, dostawcy kompleksowych rozwi\u0105za\u0144 technologicznych z Wielkopolski, kt\u00f3ry od blisko 40 lat skutecznie dzia\u0142a w obszarach projektowania i produkcji wyrob\u00f3w metalowych oraz z powodzeniem zdobywa rynek AGD.","robots":{"index":"index","follow":"follow","max-snippet":"max-snippet:-1","max-image-preview":"max-image-preview:large","max-video-preview":"max-video-preview:-1"},"canonical":"https:\/\/dynaxo.pl\/en\/about-us\/legal-information\/","og_locale":"en_US","og_type":"article","og_title":"Legal information - Dynaxo","og_description":"Do\u015bwiadczenie, pasja i innowacja \u2013 witamy w \u015bwiecie DYNAXO, dostawcy kompleksowych rozwi\u0105za\u0144 technologicznych z Wielkopolski, kt\u00f3ry od blisko 40 lat skutecznie dzia\u0142a w obszarach projektowania i produkcji wyrob\u00f3w metalowych oraz z powodzeniem zdobywa rynek AGD.","og_url":"https:\/\/dynaxo.pl\/en\/about-us\/legal-information\/","og_site_name":"Dynaxo","article_modified_time":"2024-04-02T09:24:01+00:00","twitter_misc":{"Est. reading time":"1 minute"},"schema":{"@context":"https:\/\/schema.org","@graph":[{"@type":"WebPage","@id":"https:\/\/dynaxo.pl\/en\/about-us\/legal-information\/","url":"https:\/\/dynaxo.pl\/en\/about-us\/legal-information\/","name":"Legal information - Dynaxo","isPartOf":{"@id":"https:\/\/dynaxo.pl\/en\/#website"},"datePublished":"2015-05-27T17:05:10+00:00","dateModified":"2024-04-02T09:24:01+00:00","description":"Do\u015bwiadczenie, pasja i innowacja \u2013 witamy w \u015bwiecie DYNAXO, dostawcy kompleksowych rozwi\u0105za\u0144 technologicznych z Wielkopolski, kt\u00f3ry od blisko 40 lat skutecznie dzia\u0142a w obszarach projektowania i produkcji wyrob\u00f3w metalowych oraz z powodzeniem zdobywa rynek AGD.","breadcrumb":{"@id":"https:\/\/dynaxo.pl\/en\/about-us\/legal-information\/#breadcrumb"},"inLanguage":"en-US","potentialAction":[{"@type":"ReadAction","target":["https:\/\/dynaxo.pl\/en\/about-us\/legal-information\/"]}]},{"@type":"BreadcrumbList","@id":"https:\/\/dynaxo.pl\/en\/about-us\/legal-information\/#breadcrumb","itemListElement":[{"@type":"ListItem","position":1,"name":"Start","item":"https:\/\/dynaxo.pl\/en\/"},{"@type":"ListItem","position":2,"name":"About us","item":"https:\/\/dynaxo.pl\/en\/about-us\/"},{"@type":"ListItem","position":3,"name":"Legal information"}]},{"@type":"WebSite","@id":"https:\/\/dynaxo.pl\/en\/#website","url":"https:\/\/dynaxo.pl\/en\/","name":"Dynaxo","description":"przestrze\u0144 kompleksowych rozwi\u0105za\u0144","potentialAction":[{"@type":"SearchAction","target":{"@type":"EntryPoint","urlTemplate":"https:\/\/dynaxo.pl\/en\/?s={search_term_string}"},"query-input":{"@type":"PropertyValueSpecification","valueRequired":true,"valueName":"search_term_string"}}],"inLanguage":"en-US"}]}},"_links":{"self":[{"href":"https:\/\/dynaxo.pl\/en\/wp-json\/wp\/v2\/pages\/5757","targetHints":{"allow":["GET"]}}],"collection":[{"href":"https:\/\/dynaxo.pl\/en\/wp-json\/wp\/v2\/pages"}],"about":[{"href":"https:\/\/dynaxo.pl\/en\/wp-json\/wp\/v2\/types\/page"}],"author":[{"embeddable":true,"href":"https:\/\/dynaxo.pl\/en\/wp-json\/wp\/v2\/users\/3"}],"replies":[{"embeddable":true,"href":"https:\/\/dynaxo.pl\/en\/wp-json\/wp\/v2\/comments?post=5757"}],"version-history":[{"count":2,"href":"https:\/\/dynaxo.pl\/en\/wp-json\/wp\/v2\/pages\/5757\/revisions"}],"predecessor-version":[{"id":5872,"href":"https:\/\/dynaxo.pl\/en\/wp-json\/wp\/v2\/pages\/5757\/revisions\/5872"}],"up":[{"embeddable":true,"href":"https:\/\/dynaxo.pl\/en\/wp-json\/wp\/v2\/pages\/5768"}],"wp:attachment":[{"href":"https:\/\/dynaxo.pl\/en\/wp-json\/wp\/v2\/media?parent=5757"}],"curies":[{"name":"wp","href":"https:\/\/api.w.org\/{rel}","templated":true}]}}