{"id":5766,"date":"2018-07-13T14:31:16","date_gmt":"2018-07-13T14:31:16","guid":{"rendered":"https:\/\/dynaxo.pl\/rodo\/"},"modified":"2024-04-04T13:46:44","modified_gmt":"2024-04-04T13:46:44","slug":"gdpr","status":"publish","type":"page","link":"https:\/\/dynaxo.pl\/en\/about-us\/gdpr\/","title":{"rendered":"GDPR"},"content":{"rendered":"","protected":false},"excerpt":{"rendered":"","protected":false},"author":1,"featured_media":0,"parent":5768,"menu_order":77,"comment_status":"closed","ping_status":"closed","template":"","meta":{"_acf_changed":false,"inline_featured_image":false,"_monsterinsights_skip_tracking":false,"_monsterinsights_sitenote_active":false,"_monsterinsights_sitenote_note":"","_monsterinsights_sitenote_category":0,"footnotes":"","_links_to":"","_links_to_target":""},"class_list":["post-5766","page","type-page","status-publish","hentry"],"acf":[],"yoast_head":"<!-- This site is optimized with the Yoast SEO plugin v27.2 - https:\/\/yoast.com\/product\/yoast-seo-wordpress\/ -->\n<title>GDPR - Dynaxo<\/title>\n<meta name=\"robots\" content=\"noindex, nofollow\" \/>\n<meta property=\"og:locale\" content=\"en_US\" \/>\n<meta property=\"og:type\" content=\"article\" \/>\n<meta property=\"og:title\" content=\"GDPR - Dynaxo\" \/>\n<meta property=\"og:url\" content=\"https:\/\/dynaxo.pl\/en\/about-us\/gdpr\/\" \/>\n<meta property=\"og:site_name\" content=\"Dynaxo\" \/>\n<meta property=\"article:modified_time\" content=\"2024-04-04T13:46:44+00:00\" \/>\n<script type=\"application\/ld+json\" class=\"yoast-schema-graph\">{\"@context\":\"https:\/\/schema.org\",\"@graph\":[{\"@type\":\"WebPage\",\"@id\":\"https:\/\/dynaxo.pl\/en\/about-us\/gdpr\/\",\"url\":\"https:\/\/dynaxo.pl\/en\/about-us\/gdpr\/\",\"name\":\"GDPR - Dynaxo\",\"isPartOf\":{\"@id\":\"https:\/\/dynaxo.pl\/en\/#website\"},\"datePublished\":\"2018-07-13T14:31:16+00:00\",\"dateModified\":\"2024-04-04T13:46:44+00:00\",\"breadcrumb\":{\"@id\":\"https:\/\/dynaxo.pl\/en\/about-us\/gdpr\/#breadcrumb\"},\"inLanguage\":\"en-US\",\"potentialAction\":[{\"@type\":\"ReadAction\",\"target\":[\"https:\/\/dynaxo.pl\/en\/about-us\/gdpr\/\"]}]},{\"@type\":\"BreadcrumbList\",\"@id\":\"https:\/\/dynaxo.pl\/en\/about-us\/gdpr\/#breadcrumb\",\"itemListElement\":[{\"@type\":\"ListItem\",\"position\":1,\"name\":\"Start\",\"item\":\"https:\/\/dynaxo.pl\/en\/\"},{\"@type\":\"ListItem\",\"position\":2,\"name\":\"About us\",\"item\":\"https:\/\/dynaxo.pl\/en\/about-us\/\"},{\"@type\":\"ListItem\",\"position\":3,\"name\":\"GDPR\"}]},{\"@type\":\"WebSite\",\"@id\":\"https:\/\/dynaxo.pl\/en\/#website\",\"url\":\"https:\/\/dynaxo.pl\/en\/\",\"name\":\"Dynaxo\",\"description\":\"przestrze\u0144 kompleksowych rozwi\u0105za\u0144\",\"potentialAction\":[{\"@type\":\"SearchAction\",\"target\":{\"@type\":\"EntryPoint\",\"urlTemplate\":\"https:\/\/dynaxo.pl\/en\/?s={search_term_string}\"},\"query-input\":{\"@type\":\"PropertyValueSpecification\",\"valueRequired\":true,\"valueName\":\"search_term_string\"}}],\"inLanguage\":\"en-US\"}]}<\/script>\n<!-- \/ Yoast SEO plugin. -->","yoast_head_json":{"title":"GDPR - Dynaxo","robots":{"index":"noindex","follow":"nofollow"},"og_locale":"en_US","og_type":"article","og_title":"GDPR - Dynaxo","og_url":"https:\/\/dynaxo.pl\/en\/about-us\/gdpr\/","og_site_name":"Dynaxo","article_modified_time":"2024-04-04T13:46:44+00:00","schema":{"@context":"https:\/\/schema.org","@graph":[{"@type":"WebPage","@id":"https:\/\/dynaxo.pl\/en\/about-us\/gdpr\/","url":"https:\/\/dynaxo.pl\/en\/about-us\/gdpr\/","name":"GDPR - Dynaxo","isPartOf":{"@id":"https:\/\/dynaxo.pl\/en\/#website"},"datePublished":"2018-07-13T14:31:16+00:00","dateModified":"2024-04-04T13:46:44+00:00","breadcrumb":{"@id":"https:\/\/dynaxo.pl\/en\/about-us\/gdpr\/#breadcrumb"},"inLanguage":"en-US","potentialAction":[{"@type":"ReadAction","target":["https:\/\/dynaxo.pl\/en\/about-us\/gdpr\/"]}]},{"@type":"BreadcrumbList","@id":"https:\/\/dynaxo.pl\/en\/about-us\/gdpr\/#breadcrumb","itemListElement":[{"@type":"ListItem","position":1,"name":"Start","item":"https:\/\/dynaxo.pl\/en\/"},{"@type":"ListItem","position":2,"name":"About us","item":"https:\/\/dynaxo.pl\/en\/about-us\/"},{"@type":"ListItem","position":3,"name":"GDPR"}]},{"@type":"WebSite","@id":"https:\/\/dynaxo.pl\/en\/#website","url":"https:\/\/dynaxo.pl\/en\/","name":"Dynaxo","description":"przestrze\u0144 kompleksowych rozwi\u0105za\u0144","potentialAction":[{"@type":"SearchAction","target":{"@type":"EntryPoint","urlTemplate":"https:\/\/dynaxo.pl\/en\/?s={search_term_string}"},"query-input":{"@type":"PropertyValueSpecification","valueRequired":true,"valueName":"search_term_string"}}],"inLanguage":"en-US"}]}},"_links":{"self":[{"href":"https:\/\/dynaxo.pl\/en\/wp-json\/wp\/v2\/pages\/5766","targetHints":{"allow":["GET"]}}],"collection":[{"href":"https:\/\/dynaxo.pl\/en\/wp-json\/wp\/v2\/pages"}],"about":[{"href":"https:\/\/dynaxo.pl\/en\/wp-json\/wp\/v2\/types\/page"}],"author":[{"embeddable":true,"href":"https:\/\/dynaxo.pl\/en\/wp-json\/wp\/v2\/users\/1"}],"replies":[{"embeddable":true,"href":"https:\/\/dynaxo.pl\/en\/wp-json\/wp\/v2\/comments?post=5766"}],"version-history":[{"count":4,"href":"https:\/\/dynaxo.pl\/en\/wp-json\/wp\/v2\/pages\/5766\/revisions"}],"predecessor-version":[{"id":5946,"href":"https:\/\/dynaxo.pl\/en\/wp-json\/wp\/v2\/pages\/5766\/revisions\/5946"}],"up":[{"embeddable":true,"href":"https:\/\/dynaxo.pl\/en\/wp-json\/wp\/v2\/pages\/5768"}],"wp:attachment":[{"href":"https:\/\/dynaxo.pl\/en\/wp-json\/wp\/v2\/media?parent=5766"}],"curies":[{"name":"wp","href":"https:\/\/api.w.org\/{rel}","templated":true}]}}